{"id":7184,"date":"2024-08-07T10:51:09","date_gmt":"2024-08-07T02:51:09","guid":{"rendered":"https:\/\/zojopackaging.com\/?post_type=product&#038;p=7184"},"modified":"2025-03-23T18:35:48","modified_gmt":"2025-03-23T10:35:48","slug":"custom-pizza-boxes","status":"publish","type":"product","link":"https:\/\/zojopackaging.com\/pt\/product\/custom-pizza-boxes\/","title":{"rendered":"Caixa de pizza impressa personalizada de alta qualidade Fornecimentos por atacado"},"content":{"rendered":"<h1>Caixa de pizza impressa personalizada de alta qualidade Fornecimentos por atacado<\/h1>\n<p>Somos um fabricante personalizado com anos de experi\u00eancia e um compromisso com a qualidade. As nossas instala\u00e7\u00f5es de \u00faltima gera\u00e7\u00e3o e os nossos processos de fabrico avan\u00e7ados garantem que cada caixa de pizza que produzimos cumpre os mais elevados padr\u00f5es.<\/p>\n<p>A nossa equipa de profissionais qualificados trabalha em estreita colabora\u00e7\u00e3o consigo durante todo o processo. Desde o conceito inicial de design at\u00e9 \u00e0 produ\u00e7\u00e3o final, prestamos aten\u00e7\u00e3o a todos os pormenores para garantir que as caixas para pizzas n\u00e3o s\u00f3 protegem as suas pizzas, como tamb\u00e9m melhoram a imagem da sua marca.<\/p>\n<p>Oferecemos uma vasta gama de materiais e op\u00e7\u00f5es de impress\u00e3o para criar caixas para piza que sejam funcionais e visualmente apelativas. Pode escolher entre materiais ecol\u00f3gicos para mostrar o seu compromisso com o ambiente ou selecionar revestimentos especiais para maior durabilidade.<\/p>\n<p>Com a nossa cadeia de abastecimento eficiente e servi\u00e7os de entrega fi\u00e1veis, pode contar connosco para manter a sua empresa a funcionar sem problemas.<\/p>\n<h1><strong>Especifica\u00e7\u00e3o<\/strong><\/h1>\n<div class=\"widget block block-static-block\">\n<div class=\"landing-page-section option-bottom\">\n<div class=\"custom-materials-tabs-content container container-adjustment\">\n<div class=\"custom-materials-tab-content active\">\n<div class=\"widget block block-static-block\">\n<div class=\"options-items\">\n<div class=\"flex-grid-row-option\">\n<div class=\"flex-grid-item-option\">\n<div class=\"material-box\">\n<div class=\"material-des\">\n<table width=\"1070\">\n<tbody>\n<tr>\n<td width=\"373\">Dimens\u00f5es<\/td>\n<td width=\"373\">Todos os tamanhos e formas personalizados<\/td>\n<\/tr>\n<tr>\n<td width=\"373\">MOQ<\/td>\n<td width=\"373\">500 unidades<\/td>\n<\/tr>\n<tr>\n<td width=\"373\">Tempo de amostragem<\/td>\n<td width=\"373\">\u00a03-5 dias<\/td>\n<\/tr>\n<tr>\n<td width=\"373\">Processo por defeito<\/td>\n<td width=\"373\">Corte e vinco, colagem, ranhura, perfura\u00e7\u00e3o<\/td>\n<\/tr>\n<tr>\n<td width=\"373\">Impress\u00e3o<\/td>\n<td width=\"373\">Cmyk, pms, sem impress\u00e3o<\/td>\n<\/tr>\n<tr>\n<td width=\"373\">Op\u00e7\u00e3o de material<\/td>\n<td width=\"373\">Papel de cart\u00e3o branco, papel revestido, papel art\u00edstico, papel kraft, cart\u00e3o marfim, cart\u00e3o duplex, papel especial, etc.<\/td>\n<\/tr>\n<tr>\n<td width=\"373\">Acabamento de superf\u00edcies<\/td>\n<td width=\"373\">Lamina\u00e7\u00e3o mate\/brilhante, grava\u00e7\u00e3o em relevo, grava\u00e7\u00e3o em relevo, estampagem em folha, etc.<\/td>\n<\/tr>\n<tr>\n<td width=\"373\">Utiliza\u00e7\u00e3o na ind\u00fastria<\/td>\n<td width=\"373\">cosm\u00e9ticos, perfumes, vestu\u00e1rio, j\u00f3ias, tabaco, alimentos, presentes, produtos de consumo di\u00e1rio,<\/td>\n<\/tr>\n<tr>\n<td width=\"373\">Controlo de qualidade<\/td>\n<td width=\"373\">Equipamento avan\u00e7ado e equipa QC experiente verificam rigorosamente o material, os produtos semi-acabados e acabados em cada etapa antes de<\/td>\n<\/tr>\n<tr>\n<td width=\"373\">Pre\u00e7o<\/td>\n<td width=\"373\">O pre\u00e7o final ser\u00e1 adaptado ao seu produto e \u00e0 quantidade de que necessita<\/td>\n<\/tr>\n<tr>\n<td width=\"373\">Tempo de rota\u00e7\u00e3o<\/td>\n<td width=\"373\">7-14 dias \u00fateis, com urg\u00eancia<\/td>\n<\/tr>\n<tr>\n<td width=\"373\">Papel em stock<\/td>\n<td width=\"373\">10pt a 28pt (60lb a 400lb) Kraft ecol\u00f3gico, cart\u00e3o canelado e-flute, cart\u00e3o bux, cartolina<\/td>\n<\/tr>\n<tr>\n<td width=\"373\">Formato da obra de arte<\/td>\n<td width=\"373\">JPG, PDF, AI, CDR, EPS, GIF....<\/td>\n<\/tr>\n<tr>\n<td width=\"373\">Acess\u00f3rios<\/td>\n<td width=\"373\">\u00cdman, fita, forma EVA, tabuleiro de pl\u00e1stico, esponja, janela PVC\/PET\/PP,...<\/td>\n<\/tr>\n<tr>\n<td width=\"373\">Prazo de pagamento<\/td>\n<td width=\"373\">T\/T, Western Union, Paypal, dep\u00f3sito 30% e saldo 70% antes do envio.<\/td>\n<\/tr>\n<\/tbody>\n<\/table>\n<\/div>\n<\/div>\n<\/div>\n<\/div>\n<\/div>\n<\/div>\n<\/div>\n<\/div>\n<\/div>\n<\/div>","protected":false},"excerpt":{"rendered":"<p>Caixas de pizza impressas personalizadas por grosso. Qualidade superior, materiais duradouros e a melhor impress\u00e3o. Baixos m\u00ednimos dispon\u00edveis. Crie a sua caixa perfeita hoje mesmo!<\/p>","protected":false},"featured_media":7181,"template":"","meta":[],"product_brand":[],"product_cat":[30,422,430],"product_tag":[496,495,497],"class_list":{"0":"post-7184","1":"product","2":"type-product","3":"status-publish","4":"has-post-thumbnail","6":"product_cat-by-industry","7":"product_cat-custom-gourmet-boxes-by-industry","8":"product_cat-folding-cartons","9":"product_tag-custom-printed-pizza-box","10":"product_tag-pizza-box-wholesale","11":"product_tag-top-quality-pizza-box","13":"first","14":"instock","15":"shipping-taxable","16":"product-type-simple"},"_links":{"self":[{"href":"https:\/\/zojopackaging.com\/pt\/wp-json\/wp\/v2\/product\/7184","targetHints":{"allow":["GET"]}}],"collection":[{"href":"https:\/\/zojopackaging.com\/pt\/wp-json\/wp\/v2\/product"}],"about":[{"href":"https:\/\/zojopackaging.com\/pt\/wp-json\/wp\/v2\/types\/product"}],"version-history":[{"count":2,"href":"https:\/\/zojopackaging.com\/pt\/wp-json\/wp\/v2\/product\/7184\/revisions"}],"predecessor-version":[{"id":8073,"href":"https:\/\/zojopackaging.com\/pt\/wp-json\/wp\/v2\/product\/7184\/revisions\/8073"}],"wp:featuredmedia":[{"embeddable":true,"href":"https:\/\/zojopackaging.com\/pt\/wp-json\/wp\/v2\/media\/7181"}],"wp:attachment":[{"href":"https:\/\/zojopackaging.com\/pt\/wp-json\/wp\/v2\/media?parent=7184"}],"wp:term":[{"taxonomy":"product_brand","embeddable":true,"href":"https:\/\/zojopackaging.com\/pt\/wp-json\/wp\/v2\/product_brand?post=7184"},{"taxonomy":"product_cat","embeddable":true,"href":"https:\/\/zojopackaging.com\/pt\/wp-json\/wp\/v2\/product_cat?post=7184"},{"taxonomy":"product_tag","embeddable":true,"href":"https:\/\/zojopackaging.com\/pt\/wp-json\/wp\/v2\/product_tag?post=7184"}],"curies":[{"name":"wp","href":"https:\/\/api.w.org\/{rel}","templated":true}]}}