{"id":7195,"date":"2024-08-09T09:08:27","date_gmt":"2024-08-09T01:08:27","guid":{"rendered":"https:\/\/zojopackaging.com\/?post_type=product&#038;p=7195"},"modified":"2025-03-23T18:24:33","modified_gmt":"2025-03-23T10:24:33","slug":"custom-premium-rose-gift-box","status":"publish","type":"product","link":"https:\/\/zojopackaging.com\/pt\/product\/custom-premium-rose-gift-box\/","title":{"rendered":"Caixa de embalagem para presente de j\u00f3ias de flores personalizada de luxo por atacado"},"content":{"rendered":"<h2 dir=\"ltr\">Caixas de oferta convenientes - Embalagem de oferta levada ao pr\u00f3ximo n\u00edvel<\/h2>\n<p dir=\"ltr\">Em nossas caixas de embalagem, somos especializados em fornecer caixas de presente convenientes personalizadas por atacado a pre\u00e7os baratos por atacado. Temos uma cole\u00e7\u00e3o diversificada de caixas de presente personalizadas, incluindo caixas de padaria, caixas CBD e muito mais. Voc\u00ea tem o luxo de escolher entre uma variedade t\u00e3o incr\u00edvel de caixas de embalagem de qualidade. N\u00f3s garantimos que voc\u00ea crie uma impress\u00e3o com seus presentes para seus clientes e entes queridos. Podemos criar caixas de presente convenientes perfeitamente personalizadas, atendendo \u00e0s suas necessidades. Explore a nossa cole\u00e7\u00e3o de caixas de oferta convenientes e escolha o estilo, design e cor desejados!<\/p>\n<h2 dir=\"ltr\">Estilos exclusivos de embalagens de oferta convenientes nas nossas caixas de embalagem<\/h2>\n<p dir=\"ltr\">Na Zojoprint Packaging Boxes temos uma magn\u00edfica cole\u00e7\u00e3o de caixas de presente personalizadas. Navegue para verificar a nossa sele\u00e7\u00e3o, e ela nunca acaba. Temos uma gama exclusiva de caixas de presente convenientes com tampas, caixas de presente personalizadas com janelas e muito mais. Mais importante ainda, nunca estamos privados de ideias. Fale com os nossos especialistas e determine os seus requisitos para que eles criem caixas de embalagem para presentes personalizadas.<\/p>\n<h2 dir=\"ltr\">Caixas de presente personalizadas, dur\u00e1veis e convenientes, amigas do ambiente!<\/h2>\n<p dir=\"ltr\">As nossas embalagens para presentes personalizadas s\u00e3o bastante ecol\u00f3gicas. Utilizamos materiais de qualidade superior para criar as suas\u00a0<a href=\"https:\/\/www.instantcustomboxes.com\/custom-gift-boxes\/\" target=\"_blank\" rel=\"noopener\"><strong>caixas de oferta personalizadas<\/strong><\/a>\u00a0para garantir a sua durabilidade. Al\u00e9m disso, para manter os seus artigos seguros e embalados em seguran\u00e7a, criamos caixas de embalagem amigas do ambiente. Al\u00e9m disso, n\u00e3o comprometemos a qualidade!<\/p>\n<h2 dir=\"ltr\">Apoio gratuito ao design gr\u00e1fico<\/h2>\n<p dir=\"ltr\">Utilizamos as mais recentes t\u00e9cnicas de design gr\u00e1fico para criar caixas de oferta convenientes impressas por medida! Dispomos das melhores m\u00e1quinas e de designers experientes para criar designs perfeitos para as suas embalagens para presentes personalizadas. Mais importante ainda, oferecemos apoio gratuito ao n\u00edvel do design gr\u00e1fico, respeitando as suas especifica\u00e7\u00f5es de design.<\/p>\n<h2 dir=\"ltr\">Damos as boas-vindas \u00e0s suas ideias de embalagens para presentes convenientes e personalizadas<\/h2>\n<p dir=\"ltr\">N\u00f3s ouvimos os nossos clientes! Sim, na Zojoprint Packaging Boxes, gostamos de satisfazer as suas necessidades de embalagem personalizada. Pode determinar as suas especifica\u00e7\u00f5es ou sugerir quaisquer ideias de design ou estilo. Os nossos profissionais especializados podem criar caixas de presente convenientes e perfeitamente personalizadas para satisfazer as suas necessidades de embalagem.<\/p>\n<h2 dir=\"ltr\">Caixas de oferta convenientes por grosso com desconto 50%<\/h2>\n<p dir=\"ltr\">N\u00e3o h\u00e1 encargos com matrizes e placas! Obter\u00e1 as suas caixas de oferta convenientes por atacado a pre\u00e7os com desconto. N\u00e3o s\u00f3 os nossos pre\u00e7os s\u00e3o os mais baixos do mercado, como tamb\u00e9m oferecemos descontos. Ao comprar as nossas caixas de presente personalizadas a granel, ter\u00e1 um\u00a0<strong>desconto maci\u00e7o de 50%<\/strong>.<\/p>\n<h2 dir=\"ltr\">Envio gratuito a um ritmo r\u00e1pido!<\/h2>\n<p dir=\"ltr\">Na Zojoprint Packaging Boxes, fazemos duas promessas cruciais quando se trata de envio. Em primeiro lugar, garantimos o envio gratuito e cumprimos a nossa promessa.  Em segundo lugar, fornecemos um envio r\u00e1pido para que as suas caixas de presente convenientes sejam enviadas para os seus endere\u00e7os rapidamente, sem qualquer atraso necess\u00e1rio!<\/p>\n<h2 dir=\"ltr\">Como contactar-nos?<\/h2>\n<p dir=\"ltr\">Ent\u00e3o, vamos l\u00e1 come\u00e7ar. Ligue-nos para +<a href=\"tel:+86%200755%2027398291\"><span class=\"elementor-icon-list-text\">86 15017910372<\/span><\/a> ou envie-nos um e-mail para\u00a0 <a href=\"mailto:info@zojoprint.com\"><span class=\"elementor-icon-list-text\">info@zojoprint.com <\/span><\/a>ou vickio@zojoprint.com para efetuar a sua encomenda. Al\u00e9m disso, fale com os nossos especialistas para qualquer informa\u00e7\u00e3o ou consulta, teremos todo o gosto em ouvir as suas necessidades!<\/p>\n<h2 class=\"yikes-custom-woo-tab-title yikes-custom-woo-tab-title-specifications\">Especifica\u00e7\u00f5es<\/h2>\n<table border=\"0\" width=\"1012\" cellspacing=\"0\" cellpadding=\"0\">\n<tbody>\n<tr>\n<td class=\"et3\" width=\"506\" height=\"22\">Dimens\u00f5es<\/td>\n<td class=\"et3\" width=\"506\">Todos os tamanhos e formas personalizados<\/td>\n<\/tr>\n<tr>\n<td class=\"et3\" height=\"22\">Quantidade m\u00ednima<\/td>\n<td class=\"et3\">500 caixas (op\u00e7\u00e3o de amostra \u00e0 prova de fogo dispon\u00edvel)<\/td>\n<\/tr>\n<tr>\n<td class=\"et3\" height=\"22\">Processo por defeito<\/td>\n<td class=\"et3\">Corte e vinco, colagem, ranhura, perfura\u00e7\u00e3o<\/td>\n<\/tr>\n<tr>\n<td class=\"et3\" height=\"22\">Impress\u00e3o<\/td>\n<td class=\"et3\">Cmyk, pms, sem impress\u00e3o<\/td>\n<\/tr>\n<tr>\n<td class=\"et3\" height=\"22\">Op\u00e7\u00e3o de material<\/td>\n<td class=\"et3\">Papel de cart\u00e3o branco, papel revestido, papel art\u00edstico, papel kraft, cart\u00e3o marfim, cart\u00e3o duplex, papel especial, etc.<\/td>\n<\/tr>\n<tr>\n<td class=\"et3\" height=\"23\">Acabamento de superf\u00edcies<\/td>\n<td class=\"et4\" width=\"506\">Lamina\u00e7\u00e3o mate\/brilhante, grava\u00e7\u00e3o em relevo, grava\u00e7\u00e3o em relevo, estampagem em folha, etc.<\/td>\n<\/tr>\n<tr>\n<td class=\"et4\" width=\"506\" height=\"23\">Utiliza\u00e7\u00e3o na ind\u00fastria<\/td>\n<td class=\"et4\" width=\"506\">cosm\u00e9ticos, perfumes, vestu\u00e1rio, j\u00f3ias, tabaco, alimentos, presentes, produtos de consumo di\u00e1rio,<\/td>\n<\/tr>\n<tr>\n<td class=\"et4\" width=\"506\" height=\"46\">Controlo de qualidade<\/td>\n<td class=\"et4\" width=\"506\">Equipamento avan\u00e7ado e equipa QC experiente verificam rigorosamente o material, os produtos semi-acabados e acabados em cada etapa antes de<\/td>\n<\/tr>\n<tr>\n<td class=\"et4\" width=\"506\" height=\"46\">Pre\u00e7o<\/td>\n<td class=\"et4\" width=\"506\">O pre\u00e7o final ser\u00e1 adaptado ao seu produto e \u00e0 quantidade de que necessita<\/td>\n<\/tr>\n<tr>\n<td class=\"et3\" height=\"22\">Tempo de rota\u00e7\u00e3o<\/td>\n<td class=\"et3\">7-14 dias \u00fateis, com urg\u00eancia<\/td>\n<\/tr>\n<tr>\n<td class=\"et3\" height=\"22\">Papel em stock<\/td>\n<td class=\"et3\">10pt a 28pt (60lb a 400lb) Kraft ecol\u00f3gico, cart\u00e3o canelado e-flute, cart\u00e3o bux, cartolina<\/td>\n<\/tr>\n<tr>\n<td class=\"et3\" height=\"22\">Prova<\/td>\n<td class=\"et3\">Vista plana, maqueta 3d, amostragem f\u00edsica (a pedido)<\/td>\n<\/tr>\n<\/tbody>\n<\/table>","protected":false},"excerpt":{"rendered":"<p>Caixa de j\u00f3ias personalizada, papel especial preto mate, textura fina. Fornecimento direto da f\u00e1brica na China, cota\u00e7\u00e3o gratuita\/amostra\/inspe\u00e7\u00e3o de design, entrega r\u00e1pida de amostras em 3 dias!<\/p>","protected":false},"featured_media":7196,"template":"","meta":[],"product_brand":[],"product_cat":[30,415,31,426],"product_tag":[492,493,494],"class_list":{"0":"post-7195","1":"product","2":"type-product","3":"status-publish","4":"has-post-thumbnail","6":"product_cat-by-industry","7":"product_cat-custom-jewelry-boxes-by-industry","8":"product_cat-paper-box-style","9":"product_cat-paper-drawer-boxes","10":"product_tag-flower-jewelry-packaging-box","11":"product_tag-jewelry-gift-packaging","12":"product_tag-jewelry-packaging-wholesale","14":"first","15":"instock","16":"shipping-taxable","17":"product-type-simple"},"_links":{"self":[{"href":"https:\/\/zojopackaging.com\/pt\/wp-json\/wp\/v2\/product\/7195","targetHints":{"allow":["GET"]}}],"collection":[{"href":"https:\/\/zojopackaging.com\/pt\/wp-json\/wp\/v2\/product"}],"about":[{"href":"https:\/\/zojopackaging.com\/pt\/wp-json\/wp\/v2\/types\/product"}],"version-history":[{"count":3,"href":"https:\/\/zojopackaging.com\/pt\/wp-json\/wp\/v2\/product\/7195\/revisions"}],"predecessor-version":[{"id":8071,"href":"https:\/\/zojopackaging.com\/pt\/wp-json\/wp\/v2\/product\/7195\/revisions\/8071"}],"wp:featuredmedia":[{"embeddable":true,"href":"https:\/\/zojopackaging.com\/pt\/wp-json\/wp\/v2\/media\/7196"}],"wp:attachment":[{"href":"https:\/\/zojopackaging.com\/pt\/wp-json\/wp\/v2\/media?parent=7195"}],"wp:term":[{"taxonomy":"product_brand","embeddable":true,"href":"https:\/\/zojopackaging.com\/pt\/wp-json\/wp\/v2\/product_brand?post=7195"},{"taxonomy":"product_cat","embeddable":true,"href":"https:\/\/zojopackaging.com\/pt\/wp-json\/wp\/v2\/product_cat?post=7195"},{"taxonomy":"product_tag","embeddable":true,"href":"https:\/\/zojopackaging.com\/pt\/wp-json\/wp\/v2\/product_tag?post=7195"}],"curies":[{"name":"wp","href":"https:\/\/api.w.org\/{rel}","templated":true}]}}