{"id":7268,"date":"2024-08-17T11:16:19","date_gmt":"2024-08-17T03:16:19","guid":{"rendered":"https:\/\/zojopackaging.com\/?post_type=product&#038;p=7268"},"modified":"2025-03-23T17:52:49","modified_gmt":"2025-03-23T09:52:49","slug":"custom-underwear-paper-boxes","status":"publish","type":"product","link":"https:\/\/zojopackaging.com\/pt\/product\/custom-underwear-paper-boxes\/","title":{"rendered":"Caixas de embalagem de cuecas impressas personalizadas por atacado"},"content":{"rendered":"<h1>Caixas de embalagem de cuecas impressas personalizadas por atacado<\/h1>\n<p>As caixas de embalagem de cuecas com impress\u00e3o personalizada oferecem uma forma \u00fanica e personalizada de apresentar a roupa interior como presente. Estas caixas podem ser personalizadas com uma variedade de designs, cores e acabamentos para corresponder \u00e0s prefer\u00eancias do destinat\u00e1rio ou \u00e0 ocasi\u00e3o. Quer esteja a oferecer roupa interior como prenda de anivers\u00e1rio, prenda do Dia dos Namorados ou apenas uma surpresa, estas caixas d\u00e3o um toque especial que tornar\u00e1 a prenda ainda mais memor\u00e1vel. As caixas s\u00e3o feitas de materiais duradouros que protegem a roupa interior e a mant\u00eam com o seu melhor aspeto. Com as caixas de oferta personalizadas para roupa interior, pode oferecer um presente pr\u00e1tico e confort\u00e1vel, acrescentando um toque pessoal e elegante.<\/p>\n<ul class=\"product-descript fn-clear\">\n<li><strong>Material principal<\/strong>: Cart\u00e3o de 1-2 mm, cart\u00e3o marfim, cart\u00e3o branco com fundo cinzento + Papel de arte, papel complexo de prote\u00e7\u00e3o ambiental, papel Kraft, papel sem madeira, papel de tipo especial<\/li>\n<li><strong>Tamanho<\/strong>De acordo com os requisitos espec\u00edficos do cliente.<\/li>\n<li><strong>Impress\u00e3o<\/strong>: Cores Pantone e o processo comum de 4 cores (CMYK) ou 1C 100% Cobertura de tinta+Logotipo<\/li>\n<li><strong>Obras de arte<\/strong>: as obras de arte concebidas pelo cliente s\u00e3o bem-vindas, tamb\u00e9m podemos conceber obras de arte que sigam os seus coment\u00e1rios<\/li>\n<li><strong>Formato do log\u00f3tipo\/artefacto<\/strong>: 300DPI; PDF, AI, Corel Draw, etc<\/li>\n<li><strong>Elimina\u00e7\u00e3o \u00e0 superf\u00edcie<\/strong>Lamina\u00e7\u00e3o brilhante, lamina\u00e7\u00e3o mate, verniz, esmalte parcial, revestimento UV, bronzeamento, impress\u00e3o, relevo, UV pontual<\/li>\n<li>Embalagem em caixa de cart\u00e3o ondulado com o dessecante, controlo do peso inferior a 20 kg, ou personalizado<\/li>\n<li>Usado para roupa interior, roupa de biqu\u00edni, fantasias de PVC, suti\u00e3s e cuecas, roupa de clube sexy, corpetes e espartilhos, meias, luvas, cachecol, gravata...<\/li>\n<li><strong>Quantidade normal de encomenda pequena<\/strong>:2000pcs por estilo\/tamanho\/artesanato. (Consult\u00e1vel)<\/li>\n<li><strong>Prazo de execu\u00e7\u00e3o<\/strong>Tempo de amostragem: 10 dias e tempo de produto: 15-25 dias depois de confirmar tudo, com base na sua quantidade<\/li>\n<\/ul>\n<p>Acima \u00e9 um produto de grupo de\u00a0<strong>caixas de oferta de roupa interior<\/strong>.<\/p>\n<p>Podemos criar v\u00e1rias caixas de oferta r\u00edgidas para roupa interior.<\/p>\n<p>Os servi\u00e7os OEM tamb\u00e9m podem ser fornecidos para satisfazer as necessidades de v\u00e1rios clientes.<\/p>\n<p>Se precisar de mais ajuda, n\u00e3o hesite em contactar-nos.<\/p>\n<p>&nbsp;<\/p>","protected":false},"excerpt":{"rendered":"<p>Personaliza\u00e7\u00e3o direta por fabricantes chineses, v\u00e1rios tamanhos para se adaptarem a todos os tipos de vestu\u00e1rio, desempenho de alto custo, amostras gr\u00e1tis e servi\u00e7os de design.<\/p>","protected":false},"featured_media":7514,"template":"","meta":[],"product_brand":[],"product_cat":[30,414,430],"product_tag":[490,491,489],"class_list":{"0":"post-7268","1":"product","2":"type-product","3":"status-publish","4":"has-post-thumbnail","6":"product_cat-by-industry","7":"product_cat-custom-apparel-boxes","8":"product_cat-folding-cartons","9":"product_tag-custom-underwear-panty-packaging","10":"product_tag-underwear-packaging-wholesale","11":"product_tag-underwear-panty-packaging","13":"first","14":"instock","15":"shipping-taxable","16":"product-type-simple"},"_links":{"self":[{"href":"https:\/\/zojopackaging.com\/pt\/wp-json\/wp\/v2\/product\/7268","targetHints":{"allow":["GET"]}}],"collection":[{"href":"https:\/\/zojopackaging.com\/pt\/wp-json\/wp\/v2\/product"}],"about":[{"href":"https:\/\/zojopackaging.com\/pt\/wp-json\/wp\/v2\/types\/product"}],"version-history":[{"count":3,"href":"https:\/\/zojopackaging.com\/pt\/wp-json\/wp\/v2\/product\/7268\/revisions"}],"predecessor-version":[{"id":8069,"href":"https:\/\/zojopackaging.com\/pt\/wp-json\/wp\/v2\/product\/7268\/revisions\/8069"}],"wp:featuredmedia":[{"embeddable":true,"href":"https:\/\/zojopackaging.com\/pt\/wp-json\/wp\/v2\/media\/7514"}],"wp:attachment":[{"href":"https:\/\/zojopackaging.com\/pt\/wp-json\/wp\/v2\/media?parent=7268"}],"wp:term":[{"taxonomy":"product_brand","embeddable":true,"href":"https:\/\/zojopackaging.com\/pt\/wp-json\/wp\/v2\/product_brand?post=7268"},{"taxonomy":"product_cat","embeddable":true,"href":"https:\/\/zojopackaging.com\/pt\/wp-json\/wp\/v2\/product_cat?post=7268"},{"taxonomy":"product_tag","embeddable":true,"href":"https:\/\/zojopackaging.com\/pt\/wp-json\/wp\/v2\/product_tag?post=7268"}],"curies":[{"name":"wp","href":"https:\/\/api.w.org\/{rel}","templated":true}]}}