{"id":7376,"date":"2024-08-23T10:53:32","date_gmt":"2024-08-23T02:53:32","guid":{"rendered":"https:\/\/zojopackaging.com\/?post_type=product&#038;p=7376"},"modified":"2025-03-24T18:42:09","modified_gmt":"2025-03-24T10:42:09","slug":"custom-cbd-tincture-boxes","status":"publish","type":"product","link":"https:\/\/zojopackaging.com\/pt\/product\/custom-cbd-tincture-boxes\/","title":{"rendered":"Armaz\u00e9m de embalagens de CBD de can\u00e1bis impressas personalizadas com a marca"},"content":{"rendered":"<h1>Armaz\u00e9m de embalagens de CBD de can\u00e1bis impressas personalizadas com a marca<\/h1>\n<p>As caixas de tintura de CBD personalizadas s\u00e3o consideradas uma das solu\u00e7\u00f5es de embalagem mais vers\u00e1teis na ind\u00fastria da can\u00e1bis. \u00c9 por causa de sua prote\u00e7\u00e3o extremamente eficaz que eles s\u00e3o capazes de manter e proteger a qualidade do produto. Juntamente com a prote\u00e7\u00e3o, tamb\u00e9m v\u00eam em v\u00e1rias formas e designs que podem melhorar a apresenta\u00e7\u00e3o dos seus produtos.<\/p>\n<h3>Experi\u00eancia no fabrico de servi\u00e7os com <a href=\"https:\/\/zojopackaging.com\/pt\/categoria-produto\/custom-e-cigarette-box\/\">Caixas de tintura de CBD personalizadas<\/a><\/h3>\n<p>Para tornar as embalagens dos seus produtos apelativas, permitindo-lhe incorporar o seu log\u00f3tipo, as cores da sua marca e elementos de design para influenciar as decis\u00f5es de compra dos consumidores, as suas caixas personalizadas podem ser concebidas para se destacarem nas prateleiras e atra\u00edrem a aten\u00e7\u00e3o, construindo assim o reconhecimento e a fidelidade \u00e0 marca<\/p>\n<h3><strong>Caixas de tintura de CBD personalizadas com impress\u00f5es e desenhos exclusivos<\/strong><\/h3>\n<p>Ou seja <a href=\"https:\/\/zojoprint.en.alibaba.com\/productgrouplist-941131925\/Child_Resistant_Packaging_Box.html\" target=\"_blank\" rel=\"noopener\">Embalagem de CBD<\/a> ajudam os fabricantes de produtos CBD a enviar os produtos aos clientes de forma segura. Utilizamos material de embalagem de alta qualidade na produ\u00e7\u00e3o destas caixas de tintura de CBD que garantem a seguran\u00e7a dos produtos medicinais embalados no seu interior. Pode pedir-nos para imprimir os detalhes necess\u00e1rios (ingredientes, melhor antes, como usar, etc.) nas caixas com a sua marca ou log\u00f3tipo espec\u00edfico que torna o seu nome bem conhecido no mercado. Estas embalagens de tintura de CBD impressas por medida podem fazer com que uma marca de CBD rec\u00e9m-lan\u00e7ada mere\u00e7a ser notada por potenciais compradores.<\/p>\n<h3><strong>Caixas de CBD personalizadas e econ\u00f3micas por atacado<\/strong><\/h3>\n<p>As caixas de tintura de CBD personalizadas s\u00e3o consideradas uma solu\u00e7\u00e3o de embalagem acess\u00edvel e personalizada na ind\u00fastria da can\u00e1bis. A embalagem permite que os comerciantes concebam caixas de embalagem \u00fanicas de acordo com a imagem da marca e as carater\u00edsticas do produto, incluindo o tamanho, a forma, a cor e o material, etc. N\u00e3o s\u00f3 protege o produto, como tamb\u00e9m melhora a imagem da marca e o apelo do mercado. As caixas de tintura de CBD personalizadas por atacado podem reduzir os custos unit\u00e1rios.<\/p>\n<h3>Melhores artesanatos Escolha para caixas de tintura de CBD personalizadas<\/h3>\n<p>Folheado a ouro\/prata, UV pontual, revestimento aquoso, lamina\u00e7\u00e3o mate\/brilhante, vidros para janelas, corte e vinco e muito mais. Basta indicar aos nossos designers o desenho pretendido ou pedir-lhes que d\u00eaem uma ideia \u00fanica gratuitamente. N\u00e3o cobramos por estes complementos adicionais, caso pretenda aplic\u00e1-los.<\/p>\n<p>Pretende um or\u00e7amento personalizado gratuito? Fale connosco agora. Pode tamb\u00e9m contactar-nos atrav\u00e9s do nosso e-mail ou n\u00famero de telefone. Desfrute de nossos servi\u00e7os de qualidade e descontos em uma compra por atacado sem frete gr\u00e1tis nos EUA e Canad\u00e1.<\/p>\n<div class=\"product-specification-details sp-details-sec active full spec-title-details\">\n<h1><strong>Especifica\u00e7\u00e3o<\/strong><\/h1>\n<div class=\"widget block block-static-block\">\n<div class=\"landing-page-section option-bottom\">\n<div class=\"custom-materials-tabs-content container container-adjustment\">\n<div class=\"custom-materials-tab-content active\">\n<div class=\"widget block block-static-block\">\n<div class=\"options-items\">\n<div class=\"flex-grid-row-option\">\n<div class=\"flex-grid-item-option\">\n<div class=\"material-box\">\n<div class=\"material-des\">\n<table width=\"1070\">\n<tbody>\n<tr>\n<td width=\"373\">Dimens\u00f5es<\/td>\n<td width=\"373\">Todos os tamanhos e formas personalizados<\/td>\n<\/tr>\n<tr>\n<td width=\"373\">MOQ<\/td>\n<td width=\"373\">500 pcs (suporte amostra verificar a qualidade\uff09<\/td>\n<\/tr>\n<tr>\n<td width=\"373\">Tempo de amostragem<\/td>\n<td width=\"373\">3-5 dias \u00fateis<\/td>\n<\/tr>\n<tr>\n<td width=\"373\">Processo por defeito<\/td>\n<td width=\"373\">Corte e vinco, colagem, ranhura, perfura\u00e7\u00e3o<\/td>\n<\/tr>\n<tr>\n<td width=\"373\">Impress\u00e3o<\/td>\n<td width=\"373\">Cmyk, pms, sem impress\u00e3o<\/td>\n<\/tr>\n<tr>\n<td width=\"373\">Op\u00e7\u00e3o de material<\/td>\n<td width=\"373\">Papel de cart\u00e3o branco, papel revestido, papel art\u00edstico, papel kraft, cart\u00e3o marfim, cart\u00e3o duplex, papel especial, etc.<\/td>\n<\/tr>\n<tr>\n<td width=\"373\">Acabamento de superf\u00edcies<\/td>\n<td width=\"373\">Lamina\u00e7\u00e3o mate\/brilhante, grava\u00e7\u00e3o em relevo, grava\u00e7\u00e3o em relevo, estampagem em folha, etc.<\/td>\n<\/tr>\n<tr>\n<td width=\"373\">Utiliza\u00e7\u00e3o na ind\u00fastria<\/td>\n<td width=\"373\">cosm\u00e9ticos, perfumes, vestu\u00e1rio, j\u00f3ias, tabaco, alimentos, presentes, produtos de consumo di\u00e1rio,<\/td>\n<\/tr>\n<tr>\n<td width=\"373\">Controlo de qualidade<\/td>\n<td width=\"373\">Equipamento avan\u00e7ado e equipa QC experiente verificam rigorosamente o material, os produtos semi-acabados e acabados em cada etapa antes de<\/td>\n<\/tr>\n<tr>\n<td width=\"373\">Pre\u00e7o<\/td>\n<td width=\"373\">O pre\u00e7o final ser\u00e1 adaptado ao seu produto e \u00e0 quantidade de que necessita<\/td>\n<\/tr>\n<tr>\n<td width=\"373\">Tempo de rota\u00e7\u00e3o<\/td>\n<td width=\"373\">7-14 dias \u00fateis<\/td>\n<\/tr>\n<tr>\n<td width=\"373\">Papel em stock<\/td>\n<td width=\"373\">10pt a 28pt (60lb a 400lb) Kraft ecol\u00f3gico, cart\u00e3o canelado e-flute, cart\u00e3o bux, cartolina<\/td>\n<\/tr>\n<tr>\n<td width=\"373\">Formato da obra de arte<\/td>\n<td width=\"373\">JPG, PDF, AI, CDR, EPS, GIF....<\/td>\n<\/tr>\n<tr>\n<td width=\"373\">Acess\u00f3rios<\/td>\n<td width=\"373\">\u00cdman, fita, forma EVA, tabuleiro de pl\u00e1stico, esponja, janela PVC\/PET\/PP,...<\/td>\n<\/tr>\n<tr>\n<td width=\"373\">Prazo de pagamento<\/td>\n<td width=\"373\">T\/T, Western Union, Paypal, dep\u00f3sito 30% e saldo 70% antes do envio.<\/td>\n<\/tr>\n<\/tbody>\n<\/table>\n<\/div>\n<\/div>\n<\/div>\n<\/div>\n<\/div>\n<\/div>\n<\/div>\n<\/div>\n<\/div>\n<\/div>\n<\/div>","protected":false},"excerpt":{"rendered":"<ul>\n<li>MOQ: 500 pe\u00e7as<\/li>\n<li>Tempo de entrega: 7-14 dias \u00fateis, Rush<\/li>\n<li>Dimens\u00e3o (di\u00e2metro x altura) \u00e0 medida<\/li>\n<li>Impress\u00e3o personalizada<\/li>\n<li>Amigo do ambiente, recicl\u00e1vel e sem pl\u00e1stico<\/li>\n<li>Pre\u00e7o\uff1aO pre\u00e7o final ser\u00e1 adaptado ao seu produto e \u00e0 quantidade que necessita<\/li>\n<\/ul>","protected":false},"featured_media":7382,"template":"","meta":[],"product_brand":[],"product_cat":[31,30,420,430],"product_tag":[587,588,589],"class_list":{"0":"post-7376","1":"product","2":"type-product","3":"status-publish","4":"has-post-thumbnail","6":"product_cat-paper-box-style","7":"product_cat-by-industry","8":"product_cat-custom-cannabis-boxes","9":"product_cat-folding-cartons","10":"product_tag-cannabis-cbd-packaging","11":"product_tag-cbd-packaging-warehouse","12":"product_tag-custom-cannabis-packaging","14":"first","15":"instock","16":"shipping-taxable","17":"product-type-simple"},"_links":{"self":[{"href":"https:\/\/zojopackaging.com\/pt\/wp-json\/wp\/v2\/product\/7376","targetHints":{"allow":["GET"]}}],"collection":[{"href":"https:\/\/zojopackaging.com\/pt\/wp-json\/wp\/v2\/product"}],"about":[{"href":"https:\/\/zojopackaging.com\/pt\/wp-json\/wp\/v2\/types\/product"}],"version-history":[{"count":3,"href":"https:\/\/zojopackaging.com\/pt\/wp-json\/wp\/v2\/product\/7376\/revisions"}],"predecessor-version":[{"id":8117,"href":"https:\/\/zojopackaging.com\/pt\/wp-json\/wp\/v2\/product\/7376\/revisions\/8117"}],"wp:featuredmedia":[{"embeddable":true,"href":"https:\/\/zojopackaging.com\/pt\/wp-json\/wp\/v2\/media\/7382"}],"wp:attachment":[{"href":"https:\/\/zojopackaging.com\/pt\/wp-json\/wp\/v2\/media?parent=7376"}],"wp:term":[{"taxonomy":"product_brand","embeddable":true,"href":"https:\/\/zojopackaging.com\/pt\/wp-json\/wp\/v2\/product_brand?post=7376"},{"taxonomy":"product_cat","embeddable":true,"href":"https:\/\/zojopackaging.com\/pt\/wp-json\/wp\/v2\/product_cat?post=7376"},{"taxonomy":"product_tag","embeddable":true,"href":"https:\/\/zojopackaging.com\/pt\/wp-json\/wp\/v2\/product_tag?post=7376"}],"curies":[{"name":"wp","href":"https:\/\/api.w.org\/{rel}","templated":true}]}}