{"id":7864,"date":"2025-03-22T15:36:49","date_gmt":"2025-03-22T07:36:49","guid":{"rendered":"https:\/\/zojopackaging.com\/?post_type=product&#038;p=7864"},"modified":"2025-03-22T21:55:19","modified_gmt":"2025-03-22T13:55:19","slug":"premium-quality-custom-perfume-gift-box-from-china-factory","status":"publish","type":"product","link":"https:\/\/zojopackaging.com\/pt\/product\/premium-quality-custom-perfume-gift-box-from-china-factory\/","title":{"rendered":"Caixa para oferta de perfume personalizada de qualidade superior da f\u00e1brica na China"},"content":{"rendered":"<p>No mundo dos perfumes de luxo, a apresenta\u00e7\u00e3o \u00e9 tudo. A primeira impress\u00e3o que o seu perfume causa \u00e9 frequentemente atrav\u00e9s da sua embalagem, preparando o palco para a experi\u00eancia sensorial que se segue. \u00c9 por isso que nos dedic\u00e1mos a criar caixas de perfume personalizadas que s\u00e3o t\u00e3o requintadas e memor\u00e1veis como as fragr\u00e2ncias que cont\u00eam. Diretamente da nossa f\u00e1brica de \u00faltima gera\u00e7\u00e3o na China, oferecemos uma solu\u00e7\u00e3o de embalagem concebida para elevar a sua marca e cativar os seus clientes.<\/p>\n<p>Imagine uma caixa fabricada em cart\u00e3o de qualidade superior e texturado, cuja superf\u00edcie \u00e9 um prazer ao toque. Imagine o seu log\u00f3tipo elegantemente gravado em relevo, com as cores perfeitamente adaptadas \u00e0 identidade da sua marca. No interior, uma inser\u00e7\u00e3o de espuma EVA de formato preciso aconchega o seu precioso frasco de perfume, assegurando que chega em seguran\u00e7a e \u00e9 apresentado de forma elegante. Esta n\u00e3o \u00e9 apenas uma caixa; \u00e9 uma extens\u00e3o da sua marca, uma representa\u00e7\u00e3o tang\u00edvel do seu compromisso com a qualidade e o luxo.<\/p>\n<p>Compreendemos que cada fragr\u00e2ncia \u00e9 \u00fanica, e a sua embalagem tamb\u00e9m o deve ser. \u00c9 por isso que oferecemos uma personaliza\u00e7\u00e3o total, permitindo-lhe controlar todos os detalhes, desde as dimens\u00f5es e materiais at\u00e9 \u00e0 impress\u00e3o e toques finais. A nossa equipa experiente trabalhar\u00e1 em estreita colabora\u00e7\u00e3o consigo, fornecendo orienta\u00e7\u00e3o e apoio especializados ao longo de todo o processo. Estamos empenhados em fornecer n\u00e3o s\u00f3 embalagens excepcionais, mas tamb\u00e9m uma qualidade fi\u00e1vel e um servi\u00e7o ao cliente sem paralelo. Desde o conceito inicial at\u00e9 \u00e0 entrega final, esfor\u00e7amo-nos por exceder as suas expectativas e construir uma parceria duradoura. Deixe-nos ajud\u00e1-lo a criar uma experi\u00eancia de embalagem que reflicta verdadeiramente a arte e a eleg\u00e2ncia dos seus perfumes.<\/p>","protected":false},"excerpt":{"rendered":"<p class=\"ng-star-inserted\"><span class=\"ng-star-inserted\">Caixa de perfume elegante! Fecho magn\u00e9tico, personaliza\u00e7\u00e3o total. Fabricada em cart\u00e3o texturado, garante a sua durabilidade. A inser\u00e7\u00e3o de espuma EVA protetora mant\u00e9m a sua fragr\u00e2ncia segura.<\/span><\/p>","protected":false},"featured_media":7853,"template":"","meta":[],"product_brand":[],"product_cat":[31,30,417,424],"product_tag":[329,436,342],"class_list":{"0":"post-7864","1":"product","2":"type-product","3":"status-publish","4":"has-post-thumbnail","6":"product_cat-paper-box-style","7":"product_cat-by-industry","8":"product_cat-custom-perfume-boxes-by-industry","9":"product_cat-magnetic-closure-boxes","10":"product_tag-custom-perfume-box","11":"product_tag-gift-box-factory","12":"product_tag-perfume-gift-box","14":"first","15":"instock","16":"shipping-taxable","17":"product-type-simple"},"_links":{"self":[{"href":"https:\/\/zojopackaging.com\/pt\/wp-json\/wp\/v2\/product\/7864","targetHints":{"allow":["GET"]}}],"collection":[{"href":"https:\/\/zojopackaging.com\/pt\/wp-json\/wp\/v2\/product"}],"about":[{"href":"https:\/\/zojopackaging.com\/pt\/wp-json\/wp\/v2\/types\/product"}],"version-history":[{"count":2,"href":"https:\/\/zojopackaging.com\/pt\/wp-json\/wp\/v2\/product\/7864\/revisions"}],"predecessor-version":[{"id":7979,"href":"https:\/\/zojopackaging.com\/pt\/wp-json\/wp\/v2\/product\/7864\/revisions\/7979"}],"wp:featuredmedia":[{"embeddable":true,"href":"https:\/\/zojopackaging.com\/pt\/wp-json\/wp\/v2\/media\/7853"}],"wp:attachment":[{"href":"https:\/\/zojopackaging.com\/pt\/wp-json\/wp\/v2\/media?parent=7864"}],"wp:term":[{"taxonomy":"product_brand","embeddable":true,"href":"https:\/\/zojopackaging.com\/pt\/wp-json\/wp\/v2\/product_brand?post=7864"},{"taxonomy":"product_cat","embeddable":true,"href":"https:\/\/zojopackaging.com\/pt\/wp-json\/wp\/v2\/product_cat?post=7864"},{"taxonomy":"product_tag","embeddable":true,"href":"https:\/\/zojopackaging.com\/pt\/wp-json\/wp\/v2\/product_tag?post=7864"}],"curies":[{"name":"wp","href":"https:\/\/api.w.org\/{rel}","templated":true}]}}