{"id":7887,"date":"2025-03-22T16:36:30","date_gmt":"2025-03-22T08:36:30","guid":{"rendered":"https:\/\/zojopackaging.com\/?post_type=product&#038;p=7887"},"modified":"2025-03-22T21:50:19","modified_gmt":"2025-03-22T13:50:19","slug":"luxury-10ml-perfume-set-gift-box-form-china-manufacaturer","status":"publish","type":"product","link":"https:\/\/zojopackaging.com\/pt\/product\/luxury-10ml-perfume-set-gift-box-form-china-manufacaturer\/","title":{"rendered":"Conjunto de Perfumes de Luxo 10ml Caixa de Presente da China Fabricante"},"content":{"rendered":"<p>Personaliza\u00e7\u00e3o ilimitada, real\u00e7ando a personalidade: Sabemos bem que cada marca tem a sua pr\u00f3pria personalidade e hist\u00f3ria \u00fanicas. Por isso, fornecemos servi\u00e7os de personaliza\u00e7\u00e3o ilimitados, desde o tamanho, a forma, a cor, o padr\u00e3o, o artesanato, tudo pode ser personalizado de acordo com as suas necessidades, para garantir que a sua embalagem e a imagem da marca s\u00e3o perfeitamente compat\u00edveis.<br \/>\nMaterial de papel art\u00edstico revestido C2S, cores vivas: Utilizamos papel art\u00edstico revestido C2S de alta qualidade, com uma superf\u00edcie lisa e brilhante e um excelente efeito de impress\u00e3o, que pode apresentar na perfei\u00e7\u00e3o o seu conceito de design. Combinado com a tecnologia de impress\u00e3o CMYK, a reprodu\u00e7\u00e3o de cores \u00e9 elevada, a imagem \u00e9 clara e delicada, tornando a sua embalagem visualmente mais impactante.<br \/>\nForro em EVA, cuidado perfeito: Utilizamos um forro EVA de alta qualidade, que \u00e9 macio e el\u00e1stico, e pode proteger eficazmente as suas amostras de perfume e evitar colis\u00f5es e fric\u00e7\u00e3o durante o transporte. A forma do forro pode ser personalizada de acordo com o tamanho do seu produto para garantir um ajuste perfeito e uma coloca\u00e7\u00e3o est\u00e1vel.<br \/>\nF\u00e1brica chinesa, garantia de qualidade: Temos uma f\u00e1brica chinesa experiente, equipada com equipamento e tecnologia de produ\u00e7\u00e3o avan\u00e7ados, e controlamos rigorosamente todas as liga\u00e7\u00f5es de produ\u00e7\u00e3o para garantir uma qualidade de produto est\u00e1vel e fi\u00e1vel. Desde a aquisi\u00e7\u00e3o de mat\u00e9rias-primas at\u00e9 \u00e0 inspe\u00e7\u00e3o do produto acabado, procuramos a excel\u00eancia e fornecemos-lhe produtos fi\u00e1veis e de alta qualidade.<br \/>\nEntrega atempada, coopera\u00e7\u00e3o eficiente: Estamos bem cientes da import\u00e2ncia do tempo para o mercado. Por isso, prometemos entregar a tempo para garantir que os seus produtos podem ser lan\u00e7ados como planeado e aproveitar a oportunidade de mercado. O nosso processo de produ\u00e7\u00e3o eficiente e a nossa equipa de log\u00edstica profissional fornecem-lhe servi\u00e7os de entrega seguros e convenientes.<br \/>\nEfeito de maquete 3D, o que v\u00ea \u00e9 o que obt\u00e9m: Fornecemos um servi\u00e7o de efeito de maquete 3D, para que possa visualizar claramente o efeito final da caixa de embalagem antes da produ\u00e7\u00e3o. Pode observar cuidadosamente de todos os \u00e2ngulos e ajustar conforme necess\u00e1rio para garantir que a caixa de embalagem corresponde perfeitamente \u00e0s suas expectativas.<br \/>\nCertificado FSC, escolha amiga do ambiente: O papel que utilizamos \u00e9 certificado pelo FSC, o que significa que os nossos produtos prov\u00eam de florestas geridas de forma sustent\u00e1vel e cumprem as normas ambientais. Ao escolher os nossos produtos, n\u00e3o s\u00f3 estar\u00e1 a melhorar a imagem da sua marca, como tamb\u00e9m a contribuir para a prote\u00e7\u00e3o do planeta.<\/p>\n<p>Detalhes do produto:<\/p>\n<p>Material: papel de arte revestido C2S de alta qualidade<br \/>\nImpress\u00e3o: Impress\u00e3o CMYK<br \/>\nForro: Forro em EVA personalizado<br \/>\nProcesso: Op\u00e7\u00e3o de estampagem a quente, UV pontual, lamina\u00e7\u00e3o e outros processos de tratamento de superf\u00edcie<br \/>\nCertifica\u00e7\u00e3o: Certificado FSC<\/p>\n<p>Carater\u00edsticas:<br \/>\nFecho magn\u00e9tico para abrir e fechar, pr\u00e1tico e bonito<br \/>\nEstrutura est\u00e1vel, forte prote\u00e7\u00e3o<br \/>\nTamanho, forma, cor e padr\u00e3o personaliz\u00e1veis<br \/>\nSuporte ao efeito de maquete 3D<\/p>\n<p>Cen\u00e1rios aplic\u00e1veis:<\/p>\n<p>Lan\u00e7amento de um novo produto de uma marca de perfume<br \/>\nConjunto de oferta de perfume<br \/>\nPromo\u00e7\u00e3o de amostras de perfume<br \/>\nEmbalagem para venda a retalho de perfumes topo de gama<\/p>\n<p>Raz\u00f5es para nos escolher:<\/p>\n<p>Servi\u00e7o de personaliza\u00e7\u00e3o profissional: Temos uma equipa de design profissional e uma equipa de produ\u00e7\u00e3o, que podem fornecer-lhe uma gama completa de servi\u00e7os personalizados, desde o design \u00e0 produ\u00e7\u00e3o, sem preocupa\u00e7\u00f5es durante todo o processo.<br \/>\nExcelente garantia de qualidade: Controlamos rigorosamente todas as liga\u00e7\u00f5es de produ\u00e7\u00e3o para garantir uma qualidade est\u00e1vel e fi\u00e1vel do produto, para que possa utiliz\u00e1-lo com confian\u00e7a.<br \/>\nAmigo do ambiente e sustent\u00e1vel: Utilizamos papel com certifica\u00e7\u00e3o FSC, apoiamos a gest\u00e3o sustent\u00e1vel das florestas e contribu\u00edmos para a prote\u00e7\u00e3o do planeta.<br \/>\nEntrega eficiente e atempada: Dispomos de um processo de produ\u00e7\u00e3o eficiente e de uma equipa de log\u00edstica profissional para garantir que a sua encomenda pode ser entregue a tempo.<br \/>\nPre\u00e7o competitivo: Dispomos de um sistema completo de cadeia de abastecimento e de um sistema de controlo de custos, que lhe pode proporcionar pre\u00e7os competitivos e um desempenho de custos mais elevado.<\/p>","protected":false},"excerpt":{"rendered":"<p>Caixa magn\u00e9tica para amostras de perfume, impress\u00e3o CMYK em papel revestido, personaliza\u00e7\u00e3o ilimitada, com forro em EVA. Requintada e segura, crie o seu pr\u00f3prio estilo de fragr\u00e2ncia<\/p>","protected":false},"featured_media":7888,"template":"","meta":[],"product_brand":[],"product_cat":[31,30,417,424],"product_tag":[438,333,439],"class_list":{"0":"post-7887","1":"product","2":"type-product","3":"status-publish","4":"has-post-thumbnail","6":"product_cat-paper-box-style","7":"product_cat-by-industry","8":"product_cat-custom-perfume-boxes-by-industry","9":"product_cat-magnetic-closure-boxes","10":"product_tag-10ml-perfume-set-gift-box","11":"product_tag-luxury-perfume-box","12":"product_tag-perfume-box-manufacaturer","14":"first","15":"instock","16":"shipping-taxable","17":"product-type-simple"},"_links":{"self":[{"href":"https:\/\/zojopackaging.com\/pt\/wp-json\/wp\/v2\/product\/7887","targetHints":{"allow":["GET"]}}],"collection":[{"href":"https:\/\/zojopackaging.com\/pt\/wp-json\/wp\/v2\/product"}],"about":[{"href":"https:\/\/zojopackaging.com\/pt\/wp-json\/wp\/v2\/types\/product"}],"version-history":[{"count":2,"href":"https:\/\/zojopackaging.com\/pt\/wp-json\/wp\/v2\/product\/7887\/revisions"}],"predecessor-version":[{"id":7977,"href":"https:\/\/zojopackaging.com\/pt\/wp-json\/wp\/v2\/product\/7887\/revisions\/7977"}],"wp:featuredmedia":[{"embeddable":true,"href":"https:\/\/zojopackaging.com\/pt\/wp-json\/wp\/v2\/media\/7888"}],"wp:attachment":[{"href":"https:\/\/zojopackaging.com\/pt\/wp-json\/wp\/v2\/media?parent=7887"}],"wp:term":[{"taxonomy":"product_brand","embeddable":true,"href":"https:\/\/zojopackaging.com\/pt\/wp-json\/wp\/v2\/product_brand?post=7887"},{"taxonomy":"product_cat","embeddable":true,"href":"https:\/\/zojopackaging.com\/pt\/wp-json\/wp\/v2\/product_cat?post=7887"},{"taxonomy":"product_tag","embeddable":true,"href":"https:\/\/zojopackaging.com\/pt\/wp-json\/wp\/v2\/product_tag?post=7887"}],"curies":[{"name":"wp","href":"https:\/\/api.w.org\/{rel}","templated":true}]}}