{"id":7895,"date":"2025-03-22T16:55:29","date_gmt":"2025-03-22T08:55:29","guid":{"rendered":"https:\/\/zojopackaging.com\/?post_type=product&#038;p=7895"},"modified":"2025-03-22T21:46:34","modified_gmt":"2025-03-22T13:46:34","slug":"custom-cosmetic-collapsible-rigid-gift-boxes-from-wholesale","status":"publish","type":"product","link":"https:\/\/zojopackaging.com\/pt\/product\/custom-cosmetic-collapsible-rigid-gift-boxes-from-wholesale\/","title":{"rendered":"Caixas de oferta r\u00edgidas dobr\u00e1veis para cosm\u00e9ticos personalizadas por atacado"},"content":{"rendered":"<p>Possibilidades ilimitadas, personalizadas \u00e0 vontade: Fornecemos servi\u00e7os de personaliza\u00e7\u00e3o ilimitados, tamanho, forma, cor, padr\u00e3o, tudo pode ser personalizado de acordo com as suas necessidades. Quer seja simples e moderno, ou luxuoso e elegante, podemos criar uma embalagem \u00fanica para si que corresponda perfeitamente \u00e0 imagem da sua marca.<br \/>\nMaterial de papel art\u00edstico revestido C2S, cores vivas: Utilizamos papel art\u00edstico revestido C2S de alta qualidade, com uma superf\u00edcie suave e delicada e um excelente efeito de impress\u00e3o. Combinado com a tecnologia de impress\u00e3o CMYK, a reprodu\u00e7\u00e3o de cores \u00e9 elevada e a imagem \u00e9 clara e viva, tornando a sua embalagem mais impactante visualmente e atraindo efetivamente a aten\u00e7\u00e3o dos consumidores.<\/p>\n<p>Caixas de oferta dobr\u00e1veis, poupam espa\u00e7o: As caixas de oferta dobr\u00e1veis s\u00e3o concebidas de forma inteligente, com um amplo espa\u00e7o depois de desdobradas para acomodar v\u00e1rios cosm\u00e9ticos. Depois de dobradas, t\u00eam um tamanho pequeno, s\u00e3o f\u00e1ceis de transportar e armazenar, e poupam efetivamente nos custos.<br \/>\nAmostras gr\u00e1tis, experi\u00eancia tranquila: Para que possa compreender a qualidade dos nossos produtos e servi\u00e7os de forma mais intuitiva, fornecemos servi\u00e7os de amostras gr\u00e1tis. Pode experimentar os nossos materiais, artesanato e design pessoalmente para garantir que a caixa de embalagem corresponde perfeitamente \u00e0s suas expectativas.<br \/>\nFornecedores chineses, vantagens em termos de custos: Somos um fornecedor profissional chin\u00eas com um sistema de produ\u00e7\u00e3o completo e um sistema de cadeia de fornecimento, que pode fornecer-lhe pre\u00e7os competitivos, permitindo-lhe poupar custos enquanto desfruta de produtos de alta qualidade.<br \/>\nControlo de qualidade rigoroso, garantia de qualidade: Cri\u00e1mos um sistema de controlo de qualidade completo. Desde a aquisi\u00e7\u00e3o de mat\u00e9rias-primas at\u00e9 \u00e0 inspe\u00e7\u00e3o do produto acabado, cada liga\u00e7\u00e3o \u00e9 rigorosamente controlada para garantir uma qualidade est\u00e1vel e fi\u00e1vel do produto, para que possa utiliz\u00e1-lo com confian\u00e7a.<br \/>\nEntrega atempada, coopera\u00e7\u00e3o eficiente: Estamos bem cientes da import\u00e2ncia do tempo. Por isso, prometemos entregar a tempo para garantir que a sua encomenda possa ser conclu\u00edda a tempo e n\u00e3o atrase o seu plano de vendas.<br \/>\nEfeito de maquete 3D, pr\u00e9-visualiza\u00e7\u00e3o do futuro: Fornecemos um servi\u00e7o de efeito de maquete 3D, para que possa visualizar claramente o efeito final da caixa de embalagem antes da produ\u00e7\u00e3o. Pode observar cuidadosamente de todos os \u00e2ngulos e fazer os ajustes necess\u00e1rios para garantir que a caixa de embalagem corresponde perfeitamente \u00e0s suas expectativas.<br \/>\nCertifica\u00e7\u00e3o FSC, escolha amiga do ambiente: O papel que utilizamos tem certifica\u00e7\u00e3o FSC, o que significa que os nossos produtos prov\u00eam de florestas geridas de forma sustent\u00e1vel e cumprem as normas ambientais. A escolha dos nossos produtos pode n\u00e3o s\u00f3 melhorar a imagem da sua marca, mas tamb\u00e9m contribuir para a prote\u00e7\u00e3o do planeta.<\/p>\n<p>Detalhes do produto:<\/p>\n<p>Material: Papel de arte revestido C2S de alta qualidade<br \/>\nImpress\u00e3o: Impress\u00e3o CMYK<br \/>\nEstrutura: Caixas de oferta dobr\u00e1veis<br \/>\nProcesso: Op\u00e7\u00e3o de estampagem a quente, UV pontual, lamina\u00e7\u00e3o e outros processos de acabamento<br \/>\nCertifica\u00e7\u00e3o: Certifica\u00e7\u00e3o FSC<\/p>\n<p>Carater\u00edsticas:<br \/>\nDobr\u00e1vel, economiza espa\u00e7o<br \/>\nEstrutura est\u00e1vel, forte capacidade de suporte de carga<br \/>\nTamanho, forma, cor e padr\u00e3o personaliz\u00e1veis<br \/>\nSuporte ao efeito de maquete 3D<\/p>\n<p>Cen\u00e1rios aplic\u00e1veis:<\/p>\n<p>Embalagem de caixa de presente para cosm\u00e9ticos<br \/>\nEmbalagem de conjuntos de cosm\u00e9ticos<br \/>\nEmbalagem promocional de cosm\u00e9ticos<br \/>\nEmbalagens para venda a retalho de cosm\u00e9ticos<\/p>\n<p>Raz\u00f5es para nos escolher:<\/p>\n<p>Servi\u00e7o de personaliza\u00e7\u00e3o profissional: Temos uma equipa de design profissional e uma equipa de produ\u00e7\u00e3o, que podem fornecer-lhe uma gama completa de servi\u00e7os personalizados, desde o design \u00e0 produ\u00e7\u00e3o, sem preocupa\u00e7\u00f5es durante todo o processo.<br \/>\nExcelente garantia de qualidade: Controlamos rigorosamente todas as liga\u00e7\u00f5es de produ\u00e7\u00e3o para garantir uma qualidade est\u00e1vel e fi\u00e1vel do produto, para que possa utiliz\u00e1-lo com confian\u00e7a.<br \/>\nAmigo do ambiente e sustent\u00e1vel: Utilizamos papel com certifica\u00e7\u00e3o FSC, apoiamos a gest\u00e3o sustent\u00e1vel das florestas e contribu\u00edmos para a prote\u00e7\u00e3o do planeta.<br \/>\nEntrega eficiente e atempada: Dispomos de um processo de produ\u00e7\u00e3o eficiente e de uma equipa de log\u00edstica profissional para garantir que a sua encomenda pode ser entregue a tempo.<br \/>\nPre\u00e7os competitivos: Dispomos de um sistema completo de cadeia de abastecimento e de um sistema de controlo de custos, que lhe pode proporcionar pre\u00e7os competitivos e um melhor desempenho em termos de custos.<\/p>","protected":false},"excerpt":{"rendered":"<p>Caixas dobr\u00e1veis para cosm\u00e9ticos personalizadas, impress\u00e3o CMYK em papel revestido, cores vivas, tamanhos e designs personalizados ilimitados, crie a sua pr\u00f3pria imagem de marca!<\/p>","protected":false},"featured_media":7896,"template":"","meta":[],"product_brand":[],"product_cat":[31,30,427,390],"product_tag":[440,441,278],"class_list":{"0":"post-7895","1":"product","2":"type-product","3":"status-publish","4":"has-post-thumbnail","6":"product_cat-paper-box-style","7":"product_cat-by-industry","8":"product_cat-collapsible-gift-boxes","9":"product_cat-custom-cosmetics-boxes","10":"product_tag-cosmetic-collapsible-rigid-gift-boxes","11":"product_tag-cosmetic-gift-boxes-wholesale","12":"product_tag-custom-cosmetic-boxes","14":"first","15":"instock","16":"shipping-taxable","17":"product-type-simple"},"_links":{"self":[{"href":"https:\/\/zojopackaging.com\/pt\/wp-json\/wp\/v2\/product\/7895","targetHints":{"allow":["GET"]}}],"collection":[{"href":"https:\/\/zojopackaging.com\/pt\/wp-json\/wp\/v2\/product"}],"about":[{"href":"https:\/\/zojopackaging.com\/pt\/wp-json\/wp\/v2\/types\/product"}],"version-history":[{"count":2,"href":"https:\/\/zojopackaging.com\/pt\/wp-json\/wp\/v2\/product\/7895\/revisions"}],"predecessor-version":[{"id":7976,"href":"https:\/\/zojopackaging.com\/pt\/wp-json\/wp\/v2\/product\/7895\/revisions\/7976"}],"wp:featuredmedia":[{"embeddable":true,"href":"https:\/\/zojopackaging.com\/pt\/wp-json\/wp\/v2\/media\/7896"}],"wp:attachment":[{"href":"https:\/\/zojopackaging.com\/pt\/wp-json\/wp\/v2\/media?parent=7895"}],"wp:term":[{"taxonomy":"product_brand","embeddable":true,"href":"https:\/\/zojopackaging.com\/pt\/wp-json\/wp\/v2\/product_brand?post=7895"},{"taxonomy":"product_cat","embeddable":true,"href":"https:\/\/zojopackaging.com\/pt\/wp-json\/wp\/v2\/product_cat?post=7895"},{"taxonomy":"product_tag","embeddable":true,"href":"https:\/\/zojopackaging.com\/pt\/wp-json\/wp\/v2\/product_tag?post=7895"}],"curies":[{"name":"wp","href":"https:\/\/api.w.org\/{rel}","templated":true}]}}