{"id":7903,"date":"2025-03-22T17:07:06","date_gmt":"2025-03-22T09:07:06","guid":{"rendered":"https:\/\/zojopackaging.com\/?post_type=product&#038;p=7903"},"modified":"2025-03-22T21:41:45","modified_gmt":"2025-03-22T13:41:45","slug":"custom-essential-oil-packaging-boxes-wholesale-in-china","status":"publish","type":"product","link":"https:\/\/zojopackaging.com\/pt\/product\/custom-essential-oil-packaging-boxes-wholesale-in-china\/","title":{"rendered":"Caixas de embalagem de \u00f3leo essencial personalizadas por atacado na China"},"content":{"rendered":"<p>Personalize a sua caixa como desejar: Oferecemos uma vasta gama de op\u00e7\u00f5es de caixas personalizadas, incluindo caixas com tampa e base, caixas tipo concha, caixas de papel para gavetas, caixas com fecho magn\u00e9tico, etc., para satisfazer as suas necessidades de diferentes estilos e fun\u00e7\u00f5es. Se tiver um conceito de design \u00fanico, podemos tamb\u00e9m adapt\u00e1-lo e criar um tipo de caixa \u00fanico.<br \/>\nConcebidas especificamente para a cosm\u00e9tica: As nossas caixas de embalagem s\u00e3o concebidas especificamente para cosm\u00e9ticos, tendo plenamente em conta as carater\u00edsticas do produto e os h\u00e1bitos de utiliza\u00e7\u00e3o dos consumidores. Quer se trate de batom, base, sombra de olhos ou produtos de cuidados da pele, podemos fornecer-lhe solu\u00e7\u00f5es de embalagem perfeitas para proteger o produto e aumentar o seu valor.<br \/>\nPossibilidades ilimitadas, personaliza\u00e7\u00e3o ilimitada: Fornecemos servi\u00e7os de personaliza\u00e7\u00e3o verdadeiramente ilimitados, tamanho, cor, padr\u00e3o, material, tudo pode ser personalizado de acordo com as suas necessidades. Pode dar largas \u00e0 sua criatividade e criar uma embalagem de marca \u00fanica.<br \/>\nMaterial em cart\u00e3o, cores vivas: Utilizamos material de cart\u00e3o de alta qualidade com uma superf\u00edcie suave e delicada e um excelente efeito de impress\u00e3o. Em combina\u00e7\u00e3o com a tecnologia de impress\u00e3o CMYK, a reprodu\u00e7\u00e3o de cores \u00e9 elevada e a imagem \u00e9 clara e viva, tornando a sua embalagem mais impactante visualmente e atraindo efetivamente a aten\u00e7\u00e3o dos consumidores.<br \/>\nTecnologia de estampagem a quente em folha de ouro, embelezamento luxuoso: Utilizamos a requintada tecnologia de folha de alum\u00ednio dourada para estampar a folha de metal na superf\u00edcie da embalagem, apresentando um brilho e uma textura deslumbrantes. A folha de alum\u00ednio dourada para estampagem a quente pode ser aplicada a log\u00f3tipos, textos, padr\u00f5es, etc., melhorando instantaneamente a qualidade e o luxo da embalagem, tornando o seu produto mais atrativo.<br \/>\nAmostras gr\u00e1tis, experi\u00eancia pessoal: Para que possa ter uma compreens\u00e3o mais intuitiva da qualidade e do trabalho artesanal dos nossos produtos, fornecemos servi\u00e7os de amostras gratuitas. Pode experimentar os nossos materiais, acabamentos e design pessoalmente para garantir que a caixa de embalagem corresponde perfeitamente \u00e0s suas expectativas.<br \/>\nF\u00e1brica de origem na China, vantagem de pre\u00e7o: Somos a f\u00e1brica de origem na China, com um sistema de produ\u00e7\u00e3o completo e um sistema de cadeia de fornecimento, que pode fornecer-lhe pre\u00e7os muito competitivos, permitindo-lhe poupar custos enquanto desfruta de produtos de alta qualidade.<br \/>\nControlo de qualidade rigoroso, excel\u00eancia: Estabelecemos um sistema de controlo de qualidade rigoroso. Desde a aquisi\u00e7\u00e3o de mat\u00e9rias-primas at\u00e9 \u00e0 inspe\u00e7\u00e3o do produto acabado, cada liga\u00e7\u00e3o \u00e9 rigorosamente controlada para garantir que a qualidade do produto \u00e9 est\u00e1vel e fi\u00e1vel, para que possa utiliz\u00e1-lo com confian\u00e7a.<br \/>\nEntrega atempada, eficaz e r\u00e1pida: Estamos bem cientes da import\u00e2ncia do tempo. Por isso, prometemos entregar a tempo para garantir que a sua encomenda possa ser conclu\u00edda a tempo e n\u00e3o atrase o seu plano de vendas.<br \/>\nEfeito de maquete 3D, pr\u00e9-visualiza\u00e7\u00e3o do futuro: Fornecemos um servi\u00e7o de efeito de maquete 3D, para que possa visualizar claramente o efeito final da caixa de embalagem antes da produ\u00e7\u00e3o. Pode observar cuidadosamente de todos os \u00e2ngulos e fazer os ajustes necess\u00e1rios para garantir que a caixa de embalagem corresponde perfeitamente \u00e0s suas expectativas.<br \/>\nCertifica\u00e7\u00e3o FSC e ISO, compromisso com a prote\u00e7\u00e3o ambiental e a qualidade: Os nossos produtos passaram a certifica\u00e7\u00e3o FSC e a certifica\u00e7\u00e3o ISO, o que representa o nosso compromisso com a prote\u00e7\u00e3o ambiental e a responsabilidade social, bem como requisitos rigorosos para a qualidade do produto e o sistema de gest\u00e3o.<br \/>\nProdu\u00e7\u00e3o totalmente automatizada, eficiente e est\u00e1vel: Utilizamos equipamento de produ\u00e7\u00e3o totalmente automatizado para alcan\u00e7ar um processo de produ\u00e7\u00e3o eficiente e est\u00e1vel, melhorar significativamente a efici\u00eancia da produ\u00e7\u00e3o e a qualidade do produto, e garantir que a sua encomenda pode ser conclu\u00edda rapidamente e com elevada qualidade.<\/p>\n<p>Especifica\u00e7\u00f5es do produto:<\/p>\n<p>Material: cart\u00e3o de alta qualidade<br \/>\nImpress\u00e3o: Impress\u00e3o CMYK<br \/>\nProcesso: folha de ouro opcional com estampagem a quente, UV pontual, lamina\u00e7\u00e3o, grava\u00e7\u00e3o em relevo e outros processos de acabamento<br \/>\nCertifica\u00e7\u00e3o: Certifica\u00e7\u00e3o FSC, certifica\u00e7\u00e3o ISO<br \/>\nCarater\u00edsticas:<br \/>\nEst\u00e1 dispon\u00edvel uma variedade de tipos de caixas personalizadas<br \/>\nConcebida especificamente para cosm\u00e9ticos<br \/>\nTecnologia de folha dourada de estampagem a quente para melhorar a textura<br \/>\nProdu\u00e7\u00e3o totalmente automatizada, eficiente e est\u00e1vel<br \/>\nSuporte ao efeito de maquete 3D<\/p>\n<p>Cen\u00e1rios aplic\u00e1veis:<\/p>\n<p>Embalagem de caixa de oferta de cosm\u00e9ticos topo de gama<br \/>\nEmbalagem de conjuntos de cosm\u00e9ticos<br \/>\nLan\u00e7amento de novos produtos cosm\u00e9ticos<br \/>\nEmbalagens para venda a retalho de cosm\u00e9ticos<\/p>\n<p>Raz\u00f5es para nos escolher:<\/p>\n<p>Servi\u00e7o de personaliza\u00e7\u00e3o profissional: Temos uma equipa de design profissional e uma equipa de produ\u00e7\u00e3o, que podem fornecer-lhe uma gama completa de servi\u00e7os personalizados, desde o design \u00e0 produ\u00e7\u00e3o, sem preocupa\u00e7\u00f5es durante todo o processo.<br \/>\nExcelente garantia de qualidade: Controlamos rigorosamente todas as liga\u00e7\u00f5es de produ\u00e7\u00e3o para garantir que a qualidade do produto \u00e9 est\u00e1vel e fi\u00e1vel, para que possa utiliz\u00e1-lo com confian\u00e7a.<br \/>\nVantagem \u00f3bvia em termos de pre\u00e7o: Somos a f\u00e1brica de origem e podemos fornecer-lhe o pre\u00e7o mais competitivo, permitindo-lhe obter um desempenho de custo mais elevado.<br \/>\nEntrega eficiente e atempada: Dispomos de um processo de produ\u00e7\u00e3o eficiente e de uma equipa de log\u00edstica profissional para garantir que a sua encomenda pode ser entregue a tempo.<br \/>\nAmigo do ambiente e sustent\u00e1vel: Utilizamos papel com certifica\u00e7\u00e3o FSC para apoiar a gest\u00e3o sustent\u00e1vel das florestas e contribuir para a prote\u00e7\u00e3o do planeta.<\/p>\n<p>Contacte-nos agora para solicitar uma amostra gr\u00e1tis e personalizar as suas embalagens de cosm\u00e9ticos exclusivas!<\/p>","protected":false},"excerpt":{"rendered":"<p>Personalize caixas de cosm\u00e9ticos, desenhe como quiser! Tecnologia de estampagem a quente de papel revestido, mostrando luxo. Est\u00e3o dispon\u00edveis v\u00e1rios tipos de caixas para criar embalagens de marca exclusivas<\/p>","protected":false},"featured_media":7905,"template":"","meta":[],"product_brand":[],"product_cat":[31,30,390,424],"product_tag":[442,444,443],"class_list":{"0":"post-7903","1":"product","2":"type-product","3":"status-publish","4":"has-post-thumbnail","6":"product_cat-paper-box-style","7":"product_cat-by-industry","8":"product_cat-custom-cosmetics-boxes","9":"product_cat-magnetic-closure-boxes","10":"product_tag-custom-essential-oil-boxes","11":"product_tag-custom-essential-oil-boxes-wholesale","12":"product_tag-essential-oil-packaging-boxes","14":"first","15":"instock","16":"shipping-taxable","17":"product-type-simple"},"_links":{"self":[{"href":"https:\/\/zojopackaging.com\/pt\/wp-json\/wp\/v2\/product\/7903","targetHints":{"allow":["GET"]}}],"collection":[{"href":"https:\/\/zojopackaging.com\/pt\/wp-json\/wp\/v2\/product"}],"about":[{"href":"https:\/\/zojopackaging.com\/pt\/wp-json\/wp\/v2\/types\/product"}],"version-history":[{"count":2,"href":"https:\/\/zojopackaging.com\/pt\/wp-json\/wp\/v2\/product\/7903\/revisions"}],"predecessor-version":[{"id":7975,"href":"https:\/\/zojopackaging.com\/pt\/wp-json\/wp\/v2\/product\/7903\/revisions\/7975"}],"wp:featuredmedia":[{"embeddable":true,"href":"https:\/\/zojopackaging.com\/pt\/wp-json\/wp\/v2\/media\/7905"}],"wp:attachment":[{"href":"https:\/\/zojopackaging.com\/pt\/wp-json\/wp\/v2\/media?parent=7903"}],"wp:term":[{"taxonomy":"product_brand","embeddable":true,"href":"https:\/\/zojopackaging.com\/pt\/wp-json\/wp\/v2\/product_brand?post=7903"},{"taxonomy":"product_cat","embeddable":true,"href":"https:\/\/zojopackaging.com\/pt\/wp-json\/wp\/v2\/product_cat?post=7903"},{"taxonomy":"product_tag","embeddable":true,"href":"https:\/\/zojopackaging.com\/pt\/wp-json\/wp\/v2\/product_tag?post=7903"}],"curies":[{"name":"wp","href":"https:\/\/api.w.org\/{rel}","templated":true}]}}