{"id":7921,"date":"2025-03-22T17:35:04","date_gmt":"2025-03-22T09:35:04","guid":{"rendered":"https:\/\/zojopackaging.com\/?post_type=product&#038;p=7921"},"modified":"2025-03-22T21:35:43","modified_gmt":"2025-03-22T13:35:43","slug":"gourmet-premium-chocolate-gift-boxes-from-china-manufactur","status":"publish","type":"product","link":"https:\/\/zojopackaging.com\/pt\/product\/gourmet-premium-chocolate-gift-boxes-from-china-manufactur\/","title":{"rendered":"Caixas de presente de chocolate premium gourmet da China Fabricante"},"content":{"rendered":"<p>Caixas cl\u00e1ssicas com fecho magn\u00e9tico, c\u00f3modas e elegantes: A caixa de fecho magn\u00e9tico tem um design cl\u00e1ssico e atmosf\u00e9rico, e \u00e9 f\u00e1cil de abrir e fechar, acrescentando um sentido elegante de ritual aos seus produtos de chocolate.<br \/>\nProte\u00e7\u00e3o doce, exclusiva para o chocolate: As nossas caixas de embalagem s\u00e3o concebidas especificamente para o chocolate, tendo plenamente em conta a sensibilidade do chocolate \u00e0 temperatura, humidade e luz. A sele\u00e7\u00e3o do material e a conce\u00e7\u00e3o estrutural foram concebidas para proporcionar a melhor prote\u00e7\u00e3o ao seu chocolate e garantir o seu delicioso sabor.<br \/>\nMova-se como quiser, personaliza\u00e7\u00e3o ilimitada: Fornecemos servi\u00e7os de personaliza\u00e7\u00e3o verdadeiramente ilimitados, e tudo, desde o tamanho, forma, cor e padr\u00e3o, pode ser personalizado de acordo com as suas necessidades. Pode dar largas \u00e0 sua criatividade e criar uma embalagem \u00fanica e exclusiva para a sua marca.<br \/>\nApresenta\u00e7\u00e3o deslumbrante, material em cart\u00e3o: Utilizamos material de cart\u00e3o de alta qualidade com uma superf\u00edcie suave e delicada e um excelente efeito de impress\u00e3o. Em combina\u00e7\u00e3o com a tecnologia de impress\u00e3o CMYK, a reprodu\u00e7\u00e3o de cores \u00e9 elevada e a imagem \u00e9 clara e viva, tornando a sua embalagem mais impactante visualmente e atraindo efetivamente a aten\u00e7\u00e3o dos consumidores.<br \/>\nForro de pl\u00e1stico seguro e higi\u00e9nico: Utilizamos um revestimento de pl\u00e1stico de qualidade alimentar, que \u00e9 seguro e higi\u00e9nico, n\u00e3o t\u00f3xico e inodoro, pode entrar em contacto direto com o chocolate, evitar a contamina\u00e7\u00e3o e garantir a seguran\u00e7a alimentar. A forma do forro pode ser personalizada de acordo com a forma do chocolate para garantir que o chocolate \u00e9 colocado com firmeza e n\u00e3o \u00e9 facilmente danificado.<br \/>\nAmostras gr\u00e1tis, experi\u00eancia pessoal: Para que possa ter uma compreens\u00e3o mais intuitiva da qualidade e do trabalho artesanal dos nossos produtos, fornecemos servi\u00e7os de amostras gr\u00e1tis. Pode experimentar os nossos materiais, artesanato e design pessoalmente para garantir que a caixa de embalagem corresponde perfeitamente \u00e0s suas expectativas.<br \/>\nF\u00e1brica de origem na China, pre\u00e7o mais baixo: Somos a f\u00e1brica de origem na China, com um sistema de produ\u00e7\u00e3o completo e um sistema de cadeia de fornecimento, que pode fornecer-lhe o pre\u00e7o mais baixo, permitindo-lhe poupar custos enquanto desfruta de produtos de alta qualidade.<br \/>\nControlo de qualidade rigoroso, excel\u00eancia: Estabelecemos um sistema de controlo de qualidade rigoroso. Desde a aquisi\u00e7\u00e3o de mat\u00e9rias-primas at\u00e9 \u00e0 inspe\u00e7\u00e3o do produto acabado, cada liga\u00e7\u00e3o \u00e9 rigorosamente controlada para garantir que a qualidade do produto \u00e9 est\u00e1vel e fi\u00e1vel, para que possa utiliz\u00e1-lo com confian\u00e7a.<br \/>\nEfeito de maquete 3D, pr\u00e9-visualiza\u00e7\u00e3o do futuro: Fornecemos um servi\u00e7o de efeito de maquete 3D, para que possa visualizar claramente o efeito final da caixa de embalagem antes da produ\u00e7\u00e3o. Pode observar cuidadosamente de todos os \u00e2ngulos e ajustar conforme necess\u00e1rio para garantir que a caixa de embalagem corresponde perfeitamente \u00e0s suas expectativas.<br \/>\nCertifica\u00e7\u00e3o FSC e ISO, prote\u00e7\u00e3o ambiental e compromisso de qualidade: Os nossos produtos passaram a certifica\u00e7\u00e3o FSC e a certifica\u00e7\u00e3o ISO, o que representa o nosso compromisso com a prote\u00e7\u00e3o ambiental e a responsabilidade social, bem como requisitos rigorosos para a qualidade do produto e o sistema de gest\u00e3o.<br \/>\nProdu\u00e7\u00e3o totalmente automatizada, eficiente e est\u00e1vel: Utilizamos equipamento de produ\u00e7\u00e3o totalmente automatizado para alcan\u00e7ar um processo de produ\u00e7\u00e3o eficiente e est\u00e1vel, melhorando consideravelmente a efici\u00eancia da produ\u00e7\u00e3o e a qualidade do produto, garantindo que a sua encomenda pode ser conclu\u00edda rapidamente e com elevada qualidade.<br \/>\nEntrega r\u00e1pida de amostras em 3 dias, resposta eficiente: Prometemos entregar rapidamente amostras em 3 dias, permitindo-lhe confirmar rapidamente o plano de design, encurtar o ciclo de produ\u00e7\u00e3o e aproveitar a oportunidade de mercado.<br \/>\nDesign gratuito, orienta\u00e7\u00e3o profissional: Prestamos servi\u00e7os de design gratuitos e os designers profissionais ir\u00e3o criar solu\u00e7\u00f5es de embalagem \u00e0 sua medida. Pode apresentar as suas ideias e necessidades, e n\u00f3s fornecer-lhe-emos orienta\u00e7\u00e3o e sugest\u00f5es profissionais para o ajudar a criar uma embalagem de marca \u00fanica.<\/p>\n<p>Especifica\u00e7\u00f5es do produto:<\/p>\n<p>Material: cart\u00e3o de alta qualidade<br \/>\nImpress\u00e3o: Impress\u00e3o CMYK<br \/>\nTipo de caixa: caixa com fecho magn\u00e9tico<br \/>\nCertifica\u00e7\u00e3o: Certifica\u00e7\u00e3o FSC, certifica\u00e7\u00e3o ISO<br \/>\nCarater\u00edsticas:<br \/>\nDesign com fecho magn\u00e9tico, pr\u00e1tico e elegante<br \/>\nForro de pl\u00e1stico de qualidade alimentar, seguro e higi\u00e9nico<br \/>\nPersonaliza\u00e7\u00e3o da marca, estilo exclusivo<br \/>\nProdu\u00e7\u00e3o totalmente automatizada, eficiente e est\u00e1vel<br \/>\nAmostra r\u00e1pida de 3 dias, resposta eficaz<br \/>\nPrestar um servi\u00e7o de conce\u00e7\u00e3o gratuito<br \/>\nSuporte para visualiza\u00e7\u00e3o de efeitos 3D<\/p>\n<p>Cen\u00e1rios aplic\u00e1veis:<\/p>\n<p>Embalagem de caixa de presente de chocolate topo de gama<br \/>\nPromo\u00e7\u00e3o da marca de chocolate<br \/>\nEmbalagem de chocolate para prendas de Natal<br \/>\nEmbalagens para venda a retalho de chocolate<\/p>\n<p>Raz\u00f5es para nos escolher:<\/p>\n<p>Servi\u00e7o de personaliza\u00e7\u00e3o profissional: Temos uma equipa de design profissional e uma equipa de produ\u00e7\u00e3o, que podem fornecer-lhe uma gama completa de servi\u00e7os personalizados, desde o design \u00e0 produ\u00e7\u00e3o, sem preocupa\u00e7\u00f5es durante todo o processo.<br \/>\nExcelente garantia de qualidade: Controlamos rigorosamente todas as liga\u00e7\u00f5es de produ\u00e7\u00e3o para garantir uma qualidade est\u00e1vel e fi\u00e1vel do produto, para que possa utiliz\u00e1-lo com confian\u00e7a.<br \/>\nVantagem \u00f3bvia em termos de pre\u00e7o: Somos a f\u00e1brica de origem e podemos fornecer-lhe o pre\u00e7o mais competitivo, para que possa obter um desempenho de custo mais elevado.<br \/>\nEntrega eficiente e atempada: Dispomos de um processo de produ\u00e7\u00e3o eficiente e de uma equipa de log\u00edstica profissional para garantir que a sua encomenda pode ser entregue a tempo.<br \/>\nAmostra r\u00e1pida em 3 dias: Prometemos produzir rapidamente amostras em 3 dias, para que possa confirmar rapidamente o plano de design.<br \/>\nServi\u00e7o de conce\u00e7\u00e3o gratuito: Fornecemos servi\u00e7os de conce\u00e7\u00e3o gratuitos e solu\u00e7\u00f5es de embalagem \u00e0 medida para si.<br \/>\nAmigo do ambiente e sustent\u00e1vel: Utilizamos papel com certifica\u00e7\u00e3o FSC, apoiamos a gest\u00e3o sustent\u00e1vel das florestas e contribu\u00edmos para a prote\u00e7\u00e3o do planeta.<\/p>","protected":false},"excerpt":{"rendered":"<p>Caixa magn\u00e9tica de chocolate personalizada, impressa em papel revestido, forrada com tabuleiro de pl\u00e1stico, segura e higi\u00e9nica. Personaliza\u00e7\u00e3o ilimitada do tamanho e do log\u00f3tipo da marca para criar embalagens de doces exclusivas<\/p>","protected":false},"featured_media":7922,"template":"","meta":[],"product_brand":[],"product_cat":[31,30,422,424],"product_tag":[450,448,449],"class_list":{"0":"post-7921","1":"product","2":"type-product","3":"status-publish","4":"has-post-thumbnail","6":"product_cat-paper-box-style","7":"product_cat-by-industry","8":"product_cat-custom-gourmet-boxes-by-industry","9":"product_cat-magnetic-closure-boxes","10":"product_tag-chocolate-gift-boxes-manufactur","11":"product_tag-gourmet-chocolate-gift-boxes","12":"product_tag-premium-chocolate-gift-boxes","14":"first","15":"instock","16":"shipping-taxable","17":"product-type-simple"},"_links":{"self":[{"href":"https:\/\/zojopackaging.com\/pt\/wp-json\/wp\/v2\/product\/7921","targetHints":{"allow":["GET"]}}],"collection":[{"href":"https:\/\/zojopackaging.com\/pt\/wp-json\/wp\/v2\/product"}],"about":[{"href":"https:\/\/zojopackaging.com\/pt\/wp-json\/wp\/v2\/types\/product"}],"version-history":[{"count":2,"href":"https:\/\/zojopackaging.com\/pt\/wp-json\/wp\/v2\/product\/7921\/revisions"}],"predecessor-version":[{"id":7974,"href":"https:\/\/zojopackaging.com\/pt\/wp-json\/wp\/v2\/product\/7921\/revisions\/7974"}],"wp:featuredmedia":[{"embeddable":true,"href":"https:\/\/zojopackaging.com\/pt\/wp-json\/wp\/v2\/media\/7922"}],"wp:attachment":[{"href":"https:\/\/zojopackaging.com\/pt\/wp-json\/wp\/v2\/media?parent=7921"}],"wp:term":[{"taxonomy":"product_brand","embeddable":true,"href":"https:\/\/zojopackaging.com\/pt\/wp-json\/wp\/v2\/product_brand?post=7921"},{"taxonomy":"product_cat","embeddable":true,"href":"https:\/\/zojopackaging.com\/pt\/wp-json\/wp\/v2\/product_cat?post=7921"},{"taxonomy":"product_tag","embeddable":true,"href":"https:\/\/zojopackaging.com\/pt\/wp-json\/wp\/v2\/product_tag?post=7921"}],"curies":[{"name":"wp","href":"https:\/\/api.w.org\/{rel}","templated":true}]}}