{"id":7929,"date":"2025-03-22T17:53:26","date_gmt":"2025-03-22T09:53:26","guid":{"rendered":"https:\/\/zojopackaging.com\/?post_type=product&#038;p=7929"},"modified":"2025-03-22T21:30:37","modified_gmt":"2025-03-22T13:30:37","slug":"high-quality-custom-printed-essential-oil-boxes-distributors","status":"publish","type":"product","link":"https:\/\/zojopackaging.com\/pt\/product\/high-quality-custom-printed-essential-oil-boxes-distributors\/","title":{"rendered":"Distribuidores de caixas de \u00f3leos essenciais com impress\u00e3o personalizada de alta qualidade"},"content":{"rendered":"<p>Escolha cl\u00e1ssica, tampa e base: A tampa e a base t\u00eam uma estrutura est\u00e1vel, s\u00e3o f\u00e1ceis de abrir e fechar e s\u00e3o cl\u00e1ssicas e elegantes. \u00c9 a escolha ideal para embalagens de \u00f3leos essenciais para cuidados da pele de gama alta. A sensa\u00e7\u00e3o de ritual ao abrir a embalagem faz com que os consumidores sintam a busca m\u00e1xima da marca pelos pormenores.<\/p>\n<p>Exclusivas para \u00f3leos essenciais, cuidado total: As nossas caixas de embalagem s\u00e3o concebidas especificamente para \u00f3leos essenciais de cuidados da pele, tendo em considera\u00e7\u00e3o a sensibilidade dos \u00f3leos essenciais \u00e0 luz, \u00e0 temperatura e ao ar. Tanto a sele\u00e7\u00e3o do material como a conce\u00e7\u00e3o estrutural foram concebidas para proporcionar a melhor prote\u00e7\u00e3o aos seus \u00f3leos essenciais, de modo a garantir que os seus ingredientes activos n\u00e3o s\u00e3o afectados.<br \/>\nPossibilidades ilimitadas, personaliza\u00e7\u00e3o ilimitada: Fornecemos servi\u00e7os de personaliza\u00e7\u00e3o verdadeiramente ilimitados, tamanho, forma, cor, padr\u00e3o, tudo pode ser personalizado de acordo com as suas necessidades. Pode dar largas \u00e0 sua criatividade e criar uma embalagem \u00fanica e exclusiva para a sua marca.<br \/>\nToque luxuoso, material de papel especial: Utilizamos uma variedade de materiais de papel especiais, como o papel t\u00e1til, o papel perolado, o papel art\u00edstico, etc., com texturas ricas e texturas delicadas, conferindo \u00e0 caixa de embalagem uma experi\u00eancia visual e t\u00e1til \u00fanica, real\u00e7ando o posicionamento de topo de gama da marca.<br \/>\nCores vivas, impress\u00e3o CMYK: Utilizamos tecnologia avan\u00e7ada de impress\u00e3o CMYK, com elevada reprodu\u00e7\u00e3o de cores e imagens claras e vivas, que podem apresentar perfeitamente o seu conceito de design e tornar a sua embalagem mais atractiva.<br \/>\nAmostras gr\u00e1tis, experi\u00eancia pessoal: Para que possa compreender a qualidade dos nossos produtos e servi\u00e7os de forma mais intuitiva, fornecemos servi\u00e7os de amostras gr\u00e1tis. Pode experimentar os nossos materiais, artesanato e design pessoalmente para garantir que a caixa de embalagem corresponde perfeitamente \u00e0s suas expectativas.<br \/>\nFornecedor de fonte da China, pre\u00e7o mais baixo: Somos um fornecedor de origem chinesa com um sistema de produ\u00e7\u00e3o completo e um sistema de cadeia de fornecimento, que pode fornecer-lhe o pre\u00e7o mais baixo, permitindo-lhe desfrutar de produtos de alta qualidade, poupando custos.<br \/>\nControlo de qualidade rigoroso, excel\u00eancia: Estabelecemos um sistema de controlo de qualidade rigoroso. Desde a aquisi\u00e7\u00e3o de mat\u00e9rias-primas at\u00e9 \u00e0 inspe\u00e7\u00e3o do produto acabado, cada liga\u00e7\u00e3o \u00e9 rigorosamente controlada para garantir uma qualidade est\u00e1vel e fi\u00e1vel do produto, para que possa utiliz\u00e1-lo com confian\u00e7a.<br \/>\nCertifica\u00e7\u00e3o FSC e ISO, prote\u00e7\u00e3o ambiental e compromisso de qualidade: Os nossos produtos passaram a certifica\u00e7\u00e3o FSC e a certifica\u00e7\u00e3o ISO, o que representa o nosso compromisso com a prote\u00e7\u00e3o ambiental e a responsabilidade social, bem como requisitos rigorosos para a qualidade do produto e o sistema de gest\u00e3o.<br \/>\nDesign gratuito, orienta\u00e7\u00e3o profissional: Prestamos servi\u00e7os de design gratuitos e os designers profissionais ir\u00e3o criar solu\u00e7\u00f5es de embalagem \u00e0 sua medida. Pode apresentar as suas ideias e necessidades, e n\u00f3s fornecer-lhe-emos orienta\u00e7\u00e3o e sugest\u00f5es profissionais para o ajudar a criar uma embalagem de marca \u00fanica.<br \/>\nEspecialista em solu\u00e7\u00f5es de embalagem: N\u00e3o s\u00f3 produzimos caixas de embalagem, como tamb\u00e9m somos excelentes em sugest\u00f5es de solu\u00e7\u00f5es de embalagem. Com base num profundo conhecimento da ind\u00fastria de cuidados da pele e de produtos de \u00f3leos essenciais, podemos fornecer aos seus produtos uma gama completa de solu\u00e7\u00f5es de embalagem, desde a sele\u00e7\u00e3o de materiais, conce\u00e7\u00e3o estrutural at\u00e9 \u00e0 correspond\u00eancia de processos para aumentar o valor global do produto.<\/p>\n<p>Especifica\u00e7\u00f5es do produto:<\/p>\n<p>Material: Est\u00e1 dispon\u00edvel uma variedade de pap\u00e9is especiais<br \/>\nImpress\u00e3o: Impress\u00e3o a quatro cores CMYK<br \/>\nTipo de caixa: Caixa com tampa superior e inferior<br \/>\nCertifica\u00e7\u00e3o: Certifica\u00e7\u00e3o FSC, certifica\u00e7\u00e3o ISO<br \/>\nCarater\u00edsticas:<br \/>\nDesign da tampa superior e inferior, ambiente cl\u00e1ssico<br \/>\nEst\u00e1 dispon\u00edvel uma variedade de pap\u00e9is especiais, com uma textura luxuosa<br \/>\nPersonaliza\u00e7\u00e3o da marca, estilo exclusivo<br \/>\nO servi\u00e7o de conce\u00e7\u00e3o \u00e9 gratuito<br \/>\nBom em sugest\u00f5es de solu\u00e7\u00f5es de embalagem<\/p>\n<p>Cen\u00e1rios aplic\u00e1veis:<\/p>\n<p>Embalagem de caixa de oferta de \u00f3leo essencial para cuidados da pele de alta qualidade<br \/>\nPromo\u00e7\u00e3o da imagem de marca dos \u00f3leos essenciais<br \/>\nEmbalagens de \u00f3leos essenciais para prendas de Natal<br \/>\nEmbalagens para venda a retalho de \u00f3leos essenciais<\/p>\n<p>Raz\u00f5es para nos escolher:<\/p>\n<p>Servi\u00e7o de personaliza\u00e7\u00e3o profissional: Temos uma equipa de design profissional e uma equipa de produ\u00e7\u00e3o, que podem fornecer-lhe uma gama completa de servi\u00e7os de personaliza\u00e7\u00e3o, desde o design \u00e0 produ\u00e7\u00e3o, sem preocupa\u00e7\u00f5es durante todo o processo.<br \/>\nExcelente garantia de qualidade: Controlamos rigorosamente todas as liga\u00e7\u00f5es de produ\u00e7\u00e3o para garantir uma qualidade est\u00e1vel e fi\u00e1vel do produto, para que possa utiliz\u00e1-lo com confian\u00e7a.<br \/>\nVantagem \u00f3bvia em termos de pre\u00e7o: Somos o fornecedor de origem e podemos fornecer-lhe o pre\u00e7o mais competitivo, para que possa obter um desempenho de custo mais elevado.<br \/>\nServi\u00e7o de conce\u00e7\u00e3o gratuito: Fornecemos um servi\u00e7o de conce\u00e7\u00e3o gratuito e solu\u00e7\u00f5es de embalagem \u00e0 medida para si.<br \/>\nEspecialista em solu\u00e7\u00f5es de embalagem: Somos bons em sugest\u00f5es de solu\u00e7\u00f5es de embalagem e fornecemos uma gama completa de solu\u00e7\u00f5es de embalagem para os seus produtos.<br \/>\nAmigo do ambiente e sustent\u00e1vel: Utilizamos papel com certifica\u00e7\u00e3o FSC, apoiamos a gest\u00e3o sustent\u00e1vel das florestas e contribu\u00edmos para a prote\u00e7\u00e3o do planeta.<\/p>","protected":false},"excerpt":{"rendered":"<p>Caixa de \u00f3leo essencial para cuidados da pele com tampa, impress\u00e3o CMYK em papel especial, textura delicada. Tamanhos e desenhos personalizados ilimitados para criar embalagens exclusivas de alta qualidade<\/p>","protected":false},"featured_media":7933,"template":"","meta":[],"product_brand":[],"product_cat":[31,30,390,425],"product_tag":[452,453,451],"class_list":{"0":"post-7929","1":"product","2":"type-product","3":"status-publish","4":"has-post-thumbnail","6":"product_cat-paper-box-style","7":"product_cat-by-industry","8":"product_cat-custom-cosmetics-boxes","9":"product_cat-lid-and-base-gift-box","10":"product_tag-custom-printed-essential-oil-boxes","11":"product_tag-essential-oil-boxes-distributors","12":"product_tag-high-quality-essential-oil-boxes","14":"first","15":"instock","16":"shipping-taxable","17":"product-type-simple"},"_links":{"self":[{"href":"https:\/\/zojopackaging.com\/pt\/wp-json\/wp\/v2\/product\/7929","targetHints":{"allow":["GET"]}}],"collection":[{"href":"https:\/\/zojopackaging.com\/pt\/wp-json\/wp\/v2\/product"}],"about":[{"href":"https:\/\/zojopackaging.com\/pt\/wp-json\/wp\/v2\/types\/product"}],"version-history":[{"count":2,"href":"https:\/\/zojopackaging.com\/pt\/wp-json\/wp\/v2\/product\/7929\/revisions"}],"predecessor-version":[{"id":7973,"href":"https:\/\/zojopackaging.com\/pt\/wp-json\/wp\/v2\/product\/7929\/revisions\/7973"}],"wp:featuredmedia":[{"embeddable":true,"href":"https:\/\/zojopackaging.com\/pt\/wp-json\/wp\/v2\/media\/7933"}],"wp:attachment":[{"href":"https:\/\/zojopackaging.com\/pt\/wp-json\/wp\/v2\/media?parent=7929"}],"wp:term":[{"taxonomy":"product_brand","embeddable":true,"href":"https:\/\/zojopackaging.com\/pt\/wp-json\/wp\/v2\/product_brand?post=7929"},{"taxonomy":"product_cat","embeddable":true,"href":"https:\/\/zojopackaging.com\/pt\/wp-json\/wp\/v2\/product_cat?post=7929"},{"taxonomy":"product_tag","embeddable":true,"href":"https:\/\/zojopackaging.com\/pt\/wp-json\/wp\/v2\/product_tag?post=7929"}],"curies":[{"name":"wp","href":"https:\/\/api.w.org\/{rel}","templated":true}]}}