{"id":7937,"date":"2025-03-22T18:06:03","date_gmt":"2025-03-22T10:06:03","guid":{"rendered":"https:\/\/zojopackaging.com\/?post_type=product&#038;p=7937"},"modified":"2025-03-22T21:27:23","modified_gmt":"2025-03-22T13:27:23","slug":"customized-logo-hair-straightener-packaging-boxes-wholesale","status":"publish","type":"product","link":"https:\/\/zojopackaging.com\/pt\/product\/customized-logo-hair-straightener-packaging-boxes-wholesale\/","title":{"rendered":"Caixas de embalagem de alisadores de cabelo com log\u00f3tipo personalizado por atacado"},"content":{"rendered":"<p>Suc\u00e7\u00e3o cl\u00e1ssica com fecho magn\u00e9tico, c\u00f3moda e elegante: A caixa de suc\u00e7\u00e3o com fecho magn\u00e9tico tem um design cl\u00e1ssico e atmosf\u00e9rico, e \u00e9 f\u00e1cil de abrir e fechar, acrescentando um sentido elegante de ritual aos seus produtos alisadores de cabelo e melhorando a experi\u00eancia do utilizador.<\/p>\n<p>Personaliza\u00e7\u00e3o exclusiva, cuidado total: As nossas caixas de embalagem s\u00e3o concebidas especificamente para alisadores de cabelo, tendo em considera\u00e7\u00e3o a forma, o tamanho e as necessidades de prote\u00e7\u00e3o do produto. A estrutura interna pode ser personalizada de acordo com o seu produto para garantir que o alisador de cabelo \u00e9 colocado com firmeza e evitar colis\u00f5es e fric\u00e7\u00f5es durante o transporte.<\/p>\n<p>Possibilidades ilimitadas, personaliza\u00e7\u00e3o ilimitada: Fornecemos servi\u00e7os de personaliza\u00e7\u00e3o verdadeiramente ilimitados, e tudo, desde o tamanho, forma, cor e padr\u00e3o, pode ser personalizado de acordo com as suas necessidades. Pode dar largas \u00e0 sua criatividade e criar uma embalagem \u00fanica e exclusiva para a sua marca.<\/p>\n<p>Apresenta\u00e7\u00e3o deslumbrante, material em cart\u00e3o: Utilizamos material de cart\u00e3o de alta qualidade com uma superf\u00edcie suave e delicada e um excelente efeito de impress\u00e3o. Em combina\u00e7\u00e3o com a tecnologia de impress\u00e3o CMYK, a reprodu\u00e7\u00e3o de cores \u00e9 elevada e a imagem \u00e9 clara e viva, tornando a sua embalagem mais impactante visualmente e atraindo efetivamente a aten\u00e7\u00e3o dos consumidores.<\/p>\n<p>Amostras gr\u00e1tis, experi\u00eancia pessoal: Para que possa ter uma compreens\u00e3o mais intuitiva da qualidade dos nossos produtos e servi\u00e7os, fornecemos servi\u00e7os de amostras gr\u00e1tis. Pode experimentar os nossos materiais, acabamentos e design pessoalmente para garantir que a caixa de embalagem corresponde perfeitamente \u00e0s suas expectativas.<\/p>\n<p>Fornecedor de fonte da China, pre\u00e7o mais baixo: Somos um fornecedor de origem chinesa, com um sistema de produ\u00e7\u00e3o completo e um sistema de cadeia de fornecimento, que pode fornecer-lhe o pre\u00e7o mais baixo, para que possa poupar custos enquanto desfruta de produtos de alta qualidade.<\/p>\n<p>Controlo de qualidade rigoroso, excel\u00eancia: Estabelecemos um sistema de controlo de qualidade rigoroso, desde a aquisi\u00e7\u00e3o de mat\u00e9rias-primas at\u00e9 \u00e0 inspe\u00e7\u00e3o do produto acabado, todas as liga\u00e7\u00f5es s\u00e3o rigorosamente controladas para garantir uma qualidade est\u00e1vel e fi\u00e1vel do produto, para que possa utiliz\u00e1-lo com confian\u00e7a.<\/p>\n<p>Certifica\u00e7\u00e3o FSC e ISO, prote\u00e7\u00e3o ambiental e compromisso de qualidade: Os nossos produtos passaram a certifica\u00e7\u00e3o FSC e a certifica\u00e7\u00e3o ISO, o que representa o nosso compromisso com a prote\u00e7\u00e3o ambiental e a responsabilidade social, bem como requisitos rigorosos para a qualidade do produto e o sistema de gest\u00e3o.<\/p>\n<p>Design gratuito, orienta\u00e7\u00e3o profissional: Prestamos servi\u00e7os de design gratuitos e os designers profissionais ir\u00e3o criar solu\u00e7\u00f5es de embalagem \u00e0 sua medida. Pode apresentar as suas ideias e necessidades, e n\u00f3s fornecer-lhe-emos orienta\u00e7\u00e3o e sugest\u00f5es profissionais para o ajudar a criar uma embalagem de marca \u00fanica.<\/p>\n<p>Or\u00e7amento gratuito no prazo de 10 minutos: Prometemos fornecer um or\u00e7amento gratuito no prazo de 10 minutos ap\u00f3s a rece\u00e7\u00e3o do seu pedido, para que possa compreender rapidamente o custo e tomar decis\u00f5es eficientes.<\/p>\n<p>Entrega mais r\u00e1pida: Dispomos de um processo de produ\u00e7\u00e3o eficiente e de uma equipa de log\u00edstica profissional, que lhe pode proporcionar a entrega mais r\u00e1pida, garantindo que a sua encomenda pode ser conclu\u00edda a tempo sem atrasar o seu plano de vendas.<br \/>\n24\/7 online: Disponibilizamos um servi\u00e7o de apoio ao cliente online 24 horas por dia, 7 dias por semana, para responder \u00e0s suas perguntas em qualquer altura e prestar-lhe apoio atempado e profissional.<\/p>\n<p>Especifica\u00e7\u00f5es do produto:<\/p>\n<p>Material: cart\u00e3o de alta qualidade<br \/>\nImpress\u00e3o: Impress\u00e3o CMYK<br \/>\nTipo de caixa: caixa com fecho magn\u00e9tico<br \/>\nCertifica\u00e7\u00e3o: Certifica\u00e7\u00e3o FSC, certifica\u00e7\u00e3o ISO<br \/>\nCarater\u00edsticas:<br \/>\nDesign com fecho magn\u00e9tico, pr\u00e1tico e elegante<br \/>\nConcebida especificamente para os alisadores de cabelo, oferece uma forte prote\u00e7\u00e3o<br \/>\nPersonaliza\u00e7\u00e3o da marca, estilo exclusivo<br \/>\nOr\u00e7amento gratuito em 10 minutos, resposta r\u00e1pida<br \/>\nServi\u00e7o de conce\u00e7\u00e3o gratuito<br \/>\nEntrega mais r\u00e1pida para satisfazer as suas necessidades urgentes<br \/>\nServi\u00e7o em linha 7\/24 horas<\/p>\n<p>Cen\u00e1rios aplic\u00e1veis:<\/p>\n<p>Embalagem de caixa de oferta de alisador de cabelo topo de gama<br \/>\nPromo\u00e7\u00e3o da imagem de marca dos alisadores de cabelo<br \/>\nEmbalagem a retalho de alisadores de cabelo<br \/>\nEmbalagem promocional de alisadores de cabelo<\/p>\n<p>Raz\u00f5es para nos escolher:<\/p>\n<p>Servi\u00e7o de personaliza\u00e7\u00e3o profissional: Temos uma equipa de design profissional e uma equipa de produ\u00e7\u00e3o, que podem fornecer-lhe uma gama completa de servi\u00e7os de personaliza\u00e7\u00e3o, desde o design \u00e0 produ\u00e7\u00e3o, sem preocupa\u00e7\u00f5es durante todo o processo.<br \/>\nExcelente garantia de qualidade: Controlamos rigorosamente todas as liga\u00e7\u00f5es de produ\u00e7\u00e3o para garantir uma qualidade est\u00e1vel e fi\u00e1vel do produto, para que possa utiliz\u00e1-lo com confian\u00e7a.<br \/>\nVantagem \u00f3bvia em termos de pre\u00e7o: Somos o fornecedor de origem e podemos fornecer-lhe o pre\u00e7o mais competitivo, para que possa obter um desempenho de custo mais elevado.<br \/>\nEntrega eficiente e atempada: Dispomos de um processo de produ\u00e7\u00e3o eficiente e de uma equipa de log\u00edstica profissional para garantir que a sua encomenda pode ser entregue a tempo.<br \/>\nServi\u00e7o de conce\u00e7\u00e3o gratuito: Prestamos servi\u00e7os de conce\u00e7\u00e3o gratuitos para criar solu\u00e7\u00f5es de embalagem \u00e0 sua medida.<br \/>\nResposta r\u00e1pida: Fornecemos or\u00e7amentos gratuitos em 10 minutos e um servi\u00e7o de apoio ao cliente online 24 horas por dia, 7 dias por semana, para que possa obter apoio em qualquer altura e em qualquer lugar.<br \/>\nAmigo do ambiente e sustent\u00e1vel: Utilizamos papel com certifica\u00e7\u00e3o FSC, apoiamos a gest\u00e3o sustent\u00e1vel das florestas e contribu\u00edmos para a prote\u00e7\u00e3o do planeta.<\/p>","protected":false},"excerpt":{"rendered":"<p>Caixa magn\u00e9tica para alisador de cabelo personalizada, impress\u00e3o CMYK em papel revestido, cores vivas. Personaliza\u00e7\u00e3o ilimitada de tamanho e design, crie embalagens de marca exclusivas para proteger os seus produtos!<\/p>","protected":false},"featured_media":7942,"template":"","meta":[],"product_brand":[],"product_cat":[31,30,413,424],"product_tag":[454,456,455],"class_list":{"0":"post-7937","1":"product","2":"type-product","3":"status-publish","4":"has-post-thumbnail","6":"product_cat-paper-box-style","7":"product_cat-by-industry","8":"product_cat-consumer-electronics-boxes","9":"product_cat-magnetic-closure-boxes","10":"product_tag-customized-hair-straightener-packaging-boxes","11":"product_tag-hair-straightener-boxes","12":"product_tag-hair-straightener-packaging-boxes-wholesale","14":"first","15":"instock","16":"shipping-taxable","17":"product-type-simple"},"_links":{"self":[{"href":"https:\/\/zojopackaging.com\/pt\/wp-json\/wp\/v2\/product\/7937","targetHints":{"allow":["GET"]}}],"collection":[{"href":"https:\/\/zojopackaging.com\/pt\/wp-json\/wp\/v2\/product"}],"about":[{"href":"https:\/\/zojopackaging.com\/pt\/wp-json\/wp\/v2\/types\/product"}],"version-history":[{"count":2,"href":"https:\/\/zojopackaging.com\/pt\/wp-json\/wp\/v2\/product\/7937\/revisions"}],"predecessor-version":[{"id":7972,"href":"https:\/\/zojopackaging.com\/pt\/wp-json\/wp\/v2\/product\/7937\/revisions\/7972"}],"wp:featuredmedia":[{"embeddable":true,"href":"https:\/\/zojopackaging.com\/pt\/wp-json\/wp\/v2\/media\/7942"}],"wp:attachment":[{"href":"https:\/\/zojopackaging.com\/pt\/wp-json\/wp\/v2\/media?parent=7937"}],"wp:term":[{"taxonomy":"product_brand","embeddable":true,"href":"https:\/\/zojopackaging.com\/pt\/wp-json\/wp\/v2\/product_brand?post=7937"},{"taxonomy":"product_cat","embeddable":true,"href":"https:\/\/zojopackaging.com\/pt\/wp-json\/wp\/v2\/product_cat?post=7937"},{"taxonomy":"product_tag","embeddable":true,"href":"https:\/\/zojopackaging.com\/pt\/wp-json\/wp\/v2\/product_tag?post=7937"}],"curies":[{"name":"wp","href":"https:\/\/api.w.org\/{rel}","templated":true}]}}