{"id":7946,"date":"2025-03-22T18:19:55","date_gmt":"2025-03-22T10:19:55","guid":{"rendered":"https:\/\/zojopackaging.com\/?post_type=product&#038;p=7946"},"modified":"2025-03-22T21:21:54","modified_gmt":"2025-03-22T13:21:54","slug":"featured-custom-wine-spirits-packaging-gift-box-wholesale","status":"publish","type":"product","link":"https:\/\/zojopackaging.com\/pt\/product\/featured-custom-wine-spirits-packaging-gift-box-wholesale\/","title":{"rendered":"Caixa de oferta personalizada para embalagem de bebidas espirituosas de vinho por atacado"},"content":{"rendered":"<p>Caixas com fecho magn\u00e9tico cl\u00e1ssico, experi\u00eancia nobre: A caixa de fecho magn\u00e9tico tem um design cl\u00e1ssico e elegante, e \u00e9 f\u00e1cil de abrir e fechar, acrescentando um sentido nobre de ritual aos seus produtos vin\u00edcolas e melhorando a experi\u00eancia do utilizador. O som do \"clique\" do fecho magn\u00e9tico simboliza o in\u00edcio de uma maravilhosa viagem de degusta\u00e7\u00e3o.<\/p>\n<p>Exclusivas para vinhos finos, feitas \u00e0 medida: As nossas caixas de embalagem s\u00e3o concebidas para v\u00e1rios tipos de vinhos, como vinho, bebidas espirituosas e vinho tinto, tendo plenamente em considera\u00e7\u00e3o a forma, o tamanho e as necessidades de prote\u00e7\u00e3o das diferentes garrafas de vinho. A estrutura interna pode ser personalizada de acordo com o seu produto, para garantir que a garrafa de vinho \u00e9 colocada com firmeza e evitar colis\u00f5es e fric\u00e7\u00f5es durante o transporte.<\/p>\n<p>Possibilidades ilimitadas, personaliza\u00e7\u00e3o ilimitada: Fornecemos servi\u00e7os de personaliza\u00e7\u00e3o verdadeiramente ilimitados, e tudo pode ser personalizado de acordo com as suas necessidades em termos de tamanho, forma, cor e padr\u00e3o. Pode dar largas \u00e0 sua criatividade para criar uma embalagem \u00fanica e exclusiva da marca e real\u00e7ar a personalidade da sua marca.<\/p>\n<p>Apresenta\u00e7\u00e3o deslumbrante, material de papel de arte revestido C2S: Utilizamos papel art\u00edstico revestido C2S de alta qualidade, com uma superf\u00edcie suave e delicada e um excelente efeito de impress\u00e3o. Combinado com a tecnologia de impress\u00e3o CMYK, a reprodu\u00e7\u00e3o de cores \u00e9 elevada e a imagem \u00e9 clara e viva, tornando a sua embalagem mais impactante visualmente e atraindo efetivamente a aten\u00e7\u00e3o dos consumidores.<\/p>\n<p>Embelezamento luxuoso, tecnologia de folha de prata para estampagem a quente: Utilizamos a requintada tecnologia de folha de prata para estampagem a quente de folha met\u00e1lica prateada na superf\u00edcie da embalagem, apresentando um brilho e uma textura deslumbrantes. A folha de prata para estampagem a quente pode ser aplicada a log\u00f3tipos de marcas, nomes de produtos, padr\u00f5es decorativos, etc., melhorando instantaneamente a qualidade e o luxo da embalagem e real\u00e7ando a nobreza da marca.<\/p>\n<p>Amostras gr\u00e1tis, experi\u00eancia pessoal: A fim de lhe dar uma compreens\u00e3o mais intuitiva da qualidade dos nossos produtos e servi\u00e7os, fornecemos servi\u00e7os de amostras gratuitas. Pode experimentar os nossos materiais, acabamentos e design pessoalmente para garantir que a caixa de embalagem corresponde perfeitamente \u00e0s suas expectativas.<\/p>\n<p>Fornecedor de fonte na China, pre\u00e7o mais baixo: Somos um fornecedor de origem na China com um sistema de produ\u00e7\u00e3o completo e um sistema de cadeia de fornecimento, que pode fornecer-lhe o pre\u00e7o mais baixo, permitindo-lhe poupar custos enquanto desfruta de produtos de alta qualidade.<\/p>\n<p>Controlo de qualidade rigoroso, excel\u00eancia: Estabelecemos um sistema de controlo de qualidade rigoroso. Desde a aquisi\u00e7\u00e3o de mat\u00e9rias-primas at\u00e9 \u00e0 inspe\u00e7\u00e3o do produto acabado, cada liga\u00e7\u00e3o \u00e9 rigorosamente controlada para garantir que a qualidade do produto \u00e9 est\u00e1vel e fi\u00e1vel, para que possa utiliz\u00e1-lo com confian\u00e7a.<\/p>\n<p>Certifica\u00e7\u00e3o FSC e ISO, prote\u00e7\u00e3o ambiental e compromisso de qualidade: Os nossos produtos passaram a certifica\u00e7\u00e3o FSC e a certifica\u00e7\u00e3o ISO, o que representa o nosso compromisso com a prote\u00e7\u00e3o ambiental e a responsabilidade social, bem como requisitos rigorosos para a qualidade do produto e o sistema de gest\u00e3o.<\/p>\n<p>Design gratuito, orienta\u00e7\u00e3o profissional: Prestamos servi\u00e7os de design gratuitos e os designers profissionais ir\u00e3o criar solu\u00e7\u00f5es de embalagem \u00e0 sua medida. Pode apresentar as suas ideias e necessidades, e n\u00f3s fornecer-lhe-emos orienta\u00e7\u00e3o e sugest\u00f5es profissionais para o ajudar a criar uma embalagem de marca \u00fanica.<\/p>\n<p>Or\u00e7amento gratuito no prazo de 10 minutos: Prometemos fornecer um or\u00e7amento gratuito no prazo de 10 minutos ap\u00f3s a rece\u00e7\u00e3o do seu pedido, para que possa compreender rapidamente o custo e tomar decis\u00f5es eficientes.<br \/>\nEntrega mais r\u00e1pida: Dispomos de um processo de produ\u00e7\u00e3o eficiente e de uma equipa de log\u00edstica profissional, que lhe pode proporcionar a entrega mais r\u00e1pida, garantindo que a sua encomenda pode ser conclu\u00edda a tempo sem atrasar o seu plano de vendas.<\/p>\n<p>Amostragem r\u00e1pida em 2 dias, aproveite a oportunidade de mercado: A amostragem expedita demora apenas 2 dias, permitindo-lhe obter rapidamente amostras f\u00edsicas e acelerar o ritmo de lan\u00e7amento do produto.<\/p>\n<p>Especifica\u00e7\u00f5es do produto:<\/p>\n<p>Material: cart\u00e3o de alta qualidade<br \/>\nImpress\u00e3o: Impress\u00e3o a quatro cores CMYK<br \/>\nTecnologia: folha de prata para estampagem a quente<br \/>\nTipo de caixa: caixa com fecho magn\u00e9tico<br \/>\nCertifica\u00e7\u00e3o: Certifica\u00e7\u00e3o FSC, certifica\u00e7\u00e3o ISO<br \/>\nCarater\u00edsticas:<br \/>\nDesign com fecho magn\u00e9tico, nobre e elegante<br \/>\nConcebida para o vinho, prote\u00e7\u00e3o forte<br \/>\nTecnologia de folha de prata de estampagem a quente, textura luxuosa<br \/>\nPersonaliza\u00e7\u00e3o da marca, estilo exclusivo<br \/>\nOr\u00e7amento gratuito em 10 minutos, resposta r\u00e1pida<br \/>\nServi\u00e7o de conce\u00e7\u00e3o gratuito<br \/>\nEntrega mais r\u00e1pida para satisfazer as suas necessidades urgentes<br \/>\nAmostra de jejum de 2 dias<\/p>\n<p>Cen\u00e1rios aplic\u00e1veis:<\/p>\n<p>Embalagem de caixa de oferta de vinho topo de gama<br \/>\nForte promo\u00e7\u00e3o da imagem da marca de bebidas alco\u00f3licas<br \/>\nEmbalagens para venda a retalho de vinho tinto, vinho estrangeiro, vinho branco e outros produtos alco\u00f3licos<br \/>\nEmbalagem de vinho para prendas de Natal<\/p>\n<p>Raz\u00f5es para nos escolher:<\/p>\n<p>Servi\u00e7o de personaliza\u00e7\u00e3o profissional: Temos uma equipa de design profissional e uma equipa de produ\u00e7\u00e3o, que podem fornecer-lhe uma gama completa de servi\u00e7os personalizados, desde o design \u00e0 produ\u00e7\u00e3o, sem preocupa\u00e7\u00f5es durante todo o processo.<br \/>\nExcelente garantia de qualidade: Controlamos rigorosamente todas as liga\u00e7\u00f5es de produ\u00e7\u00e3o para garantir uma qualidade est\u00e1vel e fi\u00e1vel do produto, para que possa utiliz\u00e1-lo com confian\u00e7a.<br \/>\nVantagem \u00f3bvia em termos de pre\u00e7o: Somos o fornecedor de origem e podemos fornecer-lhe o pre\u00e7o mais competitivo, para que possa obter um desempenho de custo mais elevado.<br \/>\nEntrega eficiente e atempada: Dispomos de um processo de produ\u00e7\u00e3o eficiente e de uma equipa de log\u00edstica profissional para garantir que a sua encomenda pode ser entregue a tempo.<br \/>\nServi\u00e7o de conce\u00e7\u00e3o gratuito: Fornecemos servi\u00e7os de conce\u00e7\u00e3o gratuitos e solu\u00e7\u00f5es de embalagem \u00e0 medida para si.<br \/>\nResposta r\u00e1pida: Fornecemos or\u00e7amentos gratuitos no prazo de 10 minutos e amostras r\u00e1pidas no prazo de 2 dias, para que possa usufruir de servi\u00e7os eficientes e convenientes.<br \/>\nAmigo do ambiente e sustent\u00e1vel: Utilizamos papel com certifica\u00e7\u00e3o FSC, apoiamos a gest\u00e3o sustent\u00e1vel das florestas e contribu\u00edmos para a prote\u00e7\u00e3o do planeta.<\/p>","protected":false},"excerpt":{"rendered":"<p>Caixa magn\u00e9tica para oferta de vinho personalizada, papel revestido com tecnologia de prata quente, textura luxuosa. Tamanhos e desenhos personalizados ilimitados, adequados para vinho, bebidas espirituosas, vinho tinto, etc., para criar embalagens de marca exclusivas!<\/p>","protected":false},"featured_media":7950,"template":"","meta":[],"product_brand":[],"product_cat":[31,30,419,424],"product_tag":[459,457,458],"class_list":{"0":"post-7946","1":"product","2":"type-product","3":"status-publish","4":"has-post-thumbnail","6":"product_cat-paper-box-style","7":"product_cat-by-industry","8":"product_cat-custom-wines-spirits-boxes","9":"product_cat-magnetic-closure-boxes","10":"product_tag-custom-wine-spirits-box-wholesale","11":"product_tag-featured-custom-wine-spirits-box","12":"product_tag-wine-spirits-packaging-gift-box","14":"first","15":"instock","16":"shipping-taxable","17":"product-type-simple"},"_links":{"self":[{"href":"https:\/\/zojopackaging.com\/pt\/wp-json\/wp\/v2\/product\/7946","targetHints":{"allow":["GET"]}}],"collection":[{"href":"https:\/\/zojopackaging.com\/pt\/wp-json\/wp\/v2\/product"}],"about":[{"href":"https:\/\/zojopackaging.com\/pt\/wp-json\/wp\/v2\/types\/product"}],"version-history":[{"count":3,"href":"https:\/\/zojopackaging.com\/pt\/wp-json\/wp\/v2\/product\/7946\/revisions"}],"predecessor-version":[{"id":7971,"href":"https:\/\/zojopackaging.com\/pt\/wp-json\/wp\/v2\/product\/7946\/revisions\/7971"}],"wp:featuredmedia":[{"embeddable":true,"href":"https:\/\/zojopackaging.com\/pt\/wp-json\/wp\/v2\/media\/7950"}],"wp:attachment":[{"href":"https:\/\/zojopackaging.com\/pt\/wp-json\/wp\/v2\/media?parent=7946"}],"wp:term":[{"taxonomy":"product_brand","embeddable":true,"href":"https:\/\/zojopackaging.com\/pt\/wp-json\/wp\/v2\/product_brand?post=7946"},{"taxonomy":"product_cat","embeddable":true,"href":"https:\/\/zojopackaging.com\/pt\/wp-json\/wp\/v2\/product_cat?post=7946"},{"taxonomy":"product_tag","embeddable":true,"href":"https:\/\/zojopackaging.com\/pt\/wp-json\/wp\/v2\/product_tag?post=7946"}],"curies":[{"name":"wp","href":"https:\/\/api.w.org\/{rel}","templated":true}]}}