{"id":7954,"date":"2025-03-22T18:30:43","date_gmt":"2025-03-22T10:30:43","guid":{"rendered":"https:\/\/zojopackaging.com\/?post_type=product&#038;p=7954"},"modified":"2025-03-22T21:02:22","modified_gmt":"2025-03-22T13:02:22","slug":"custom-cosmetic-skincare-shipping-mailer-boxes-wholesale","status":"publish","type":"product","link":"https:\/\/zojopackaging.com\/pt\/product\/custom-cosmetic-skincare-shipping-mailer-boxes-wholesale\/","title":{"rendered":"Caixas de correio para envio de produtos cosm\u00e9ticos personalizados por atacado"},"content":{"rendered":"<p>Robusta e dur\u00e1vel, estrutura da caixa de correio: A caixa de correio \u00e9 feita de cart\u00e3o canelado, com uma estrutura est\u00e1vel, resist\u00eancia \u00e0 compress\u00e3o e ao choque, que pode proteger eficazmente os cosm\u00e9ticos, produtos de cuidados da pele, \u00f3leos essenciais, cremes e outros produtos de compress\u00e3o, colis\u00e3o e danos durante o transporte.<\/p>\n<p>Feitas \u00e0 medida e amplamente aplic\u00e1veis: As nossas caixas de correio s\u00e3o concebidas para cosm\u00e9ticos, produtos de cuidados da pele, \u00f3leos essenciais, cremes e outros produtos, e podem ser infinitamente personalizadas de acordo com o tamanho e a forma dos seus produtos, para garantir que os produtos s\u00e3o colocados com firmeza e evitar a agita\u00e7\u00e3o e a fric\u00e7\u00e3o.<\/p>\n<p>Personaliza\u00e7\u00e3o personalizada e exclusiva da marca: Prestamos servi\u00e7os de personaliza\u00e7\u00e3o da marca. Pode imprimir o log\u00f3tipo da sua marca, slogan, informa\u00e7\u00f5es sobre o produto, etc. na caixa de embalagem para criar uma embalagem \u00fanica e exclusiva da marca e aumentar o reconhecimento da marca.<\/p>\n<p>Material amigo do ambiente, o cart\u00e3o canelado: Utilizamos cart\u00e3o canelado de alta qualidade, que \u00e9 amigo do ambiente e recicl\u00e1vel, em conformidade com o conceito de desenvolvimento sustent\u00e1vel. O cart\u00e3o canelado tem boas propriedades de amortecimento, pode absorver eficazmente o impacto e proteger os seus produtos.<\/p>\n<p>Amostras gr\u00e1tis, experi\u00eancia pessoal: Para que possa ter uma compreens\u00e3o mais intuitiva da qualidade dos nossos produtos e servi\u00e7os, fornecemos servi\u00e7os de amostras gr\u00e1tis. Pode experimentar os nossos materiais, acabamentos e design pessoalmente para garantir que a caixa de embalagem corresponde perfeitamente \u00e0s suas expectativas.<\/p>\n<p>Fornecedor de fonte da China, pre\u00e7o mais baixo: Somos um fornecedor de origem chinesa, com um sistema de produ\u00e7\u00e3o completo e um sistema de cadeia de fornecimento, que pode fornecer-lhe o pre\u00e7o mais baixo, para que possa poupar custos enquanto desfruta de produtos de alta qualidade.<\/p>\n<p>Controlo de qualidade rigoroso, excel\u00eancia: Estabelecemos um sistema de controlo de qualidade rigoroso, desde a aquisi\u00e7\u00e3o de mat\u00e9rias-primas at\u00e9 \u00e0 inspe\u00e7\u00e3o do produto acabado, todas as liga\u00e7\u00f5es s\u00e3o rigorosamente controladas para garantir uma qualidade est\u00e1vel e fi\u00e1vel do produto, para que possa utiliz\u00e1-lo com confian\u00e7a.<\/p>\n<p>Certifica\u00e7\u00e3o FSC e ISO, prote\u00e7\u00e3o ambiental e compromisso de qualidade: Os nossos produtos passaram a certifica\u00e7\u00e3o FSC e a certifica\u00e7\u00e3o ISO, o que representa o nosso compromisso com a prote\u00e7\u00e3o ambiental e a responsabilidade social, bem como requisitos rigorosos para a qualidade do produto e o sistema de gest\u00e3o.<\/p>\n<p>Design gratuito, orienta\u00e7\u00e3o profissional: Prestamos servi\u00e7os de design gratuitos e os designers profissionais ir\u00e3o criar solu\u00e7\u00f5es de embalagem \u00e0 sua medida. Pode apresentar as suas ideias e necessidades, e n\u00f3s fornecer-lhe-emos orienta\u00e7\u00e3o e sugest\u00f5es profissionais para o ajudar a criar uma embalagem de marca \u00fanica.<\/p>\n<p>Entrega mais r\u00e1pida, resposta eficiente: Dispomos de um processo de produ\u00e7\u00e3o eficiente e de uma equipa de log\u00edstica profissional, que lhe pode proporcionar a entrega mais r\u00e1pida, garantindo que a sua encomenda pode ser conclu\u00edda a tempo sem atrasar o seu plano de vendas.<\/p>\n<p>Produ\u00e7\u00e3o r\u00e1pida de amostras em 2 dias, aproveite a oportunidade de mercado: Prometemos produzir amostras rapidamente em 2 dias, para que possa confirmar rapidamente o plano de design, encurtar o ciclo de produ\u00e7\u00e3o e aproveitar a oportunidade de mercado.<\/p>\n<p>Entrega nacional, c\u00f3moda e sem preocupa\u00e7\u00f5es: Fornecemos servi\u00e7os de entrega a n\u00edvel nacional. Independentemente do local onde se encontre, podemos entregar os seus produtos em seguran\u00e7a, para que possa desfrutar de uma experi\u00eancia de compra c\u00f3moda e sem preocupa\u00e7\u00f5es.<\/p>\n<p>Especifica\u00e7\u00f5es do produto:<\/p>\n<p>Material: cart\u00e3o canelado de alta qualidade<br \/>\nImpress\u00e3o: Personaliz\u00e1vel<br \/>\nTipo de caixa: caixa de avi\u00e3o<br \/>\nCertifica\u00e7\u00e3o: Certifica\u00e7\u00e3o FSC, certifica\u00e7\u00e3o ISO<\/p>\n<p>Carater\u00edsticas:<br \/>\nEstrutura da caixa de correio para envio, robusta e duradoura<br \/>\nConcebida especificamente para cosm\u00e9ticos e produtos de cuidados da pele<br \/>\nPersonaliza\u00e7\u00e3o da marca, estilo exclusivo<br \/>\nO servi\u00e7o de conce\u00e7\u00e3o \u00e9 gratuito<br \/>\nProdu\u00e7\u00e3o r\u00e1pida de amostras em 2 dias<br \/>\nEntrega nacional<\/p>\n<p>Cen\u00e1rios aplic\u00e1veis:<\/p>\n<p>Embalagem de transporte para com\u00e9rcio eletr\u00f3nico de cosm\u00e9ticos<br \/>\nEmbalagem para venda online de produtos de cuidados da pele<br \/>\nProte\u00e7\u00e3o do transporte de \u00f3leos essenciais, cremes e outros produtos<br \/>\nPromo\u00e7\u00e3o da imagem de marca<\/p>\n<p>Raz\u00f5es para nos escolher:<\/p>\n<p>Servi\u00e7o de personaliza\u00e7\u00e3o profissional: Temos uma equipa de design profissional e uma equipa de produ\u00e7\u00e3o, que podem fornecer-lhe uma gama completa de servi\u00e7os personalizados, desde o design \u00e0 produ\u00e7\u00e3o, sem preocupa\u00e7\u00f5es durante todo o processo.<br \/>\nExcelente garantia de qualidade: Controlamos rigorosamente todas as liga\u00e7\u00f5es de produ\u00e7\u00e3o para garantir uma qualidade est\u00e1vel e fi\u00e1vel do produto, para que possa utiliz\u00e1-lo com confian\u00e7a.<br \/>\nVantagem \u00f3bvia em termos de pre\u00e7o: Somos o fornecedor de origem e podemos fornecer-lhe o pre\u00e7o mais competitivo, para que possa obter um desempenho de custo mais elevado.<br \/>\nEntrega eficiente e atempada: Dispomos de um processo de produ\u00e7\u00e3o eficiente e de uma equipa de log\u00edstica profissional para garantir que a sua encomenda pode ser entregue a tempo.<br \/>\nServi\u00e7o de conce\u00e7\u00e3o gratuito: Fornecemos servi\u00e7os de conce\u00e7\u00e3o gratuitos e solu\u00e7\u00f5es de embalagem \u00e0 medida para si.<br \/>\nResposta r\u00e1pida: Prometemos produzir rapidamente amostras e entregar em todo o pa\u00eds no prazo de 2 dias, para que possa experimentar servi\u00e7os eficientes e convenientes.<br \/>\nAmigo do ambiente e sustent\u00e1vel: Utilizamos papel com certifica\u00e7\u00e3o FSC, apoiamos a gest\u00e3o sustent\u00e1vel das florestas e contribu\u00edmos para a prote\u00e7\u00e3o do planeta.<\/p>","protected":false},"excerpt":{"rendered":"<p>Caixas de avi\u00e3o personalizadas para cosm\u00e9ticos\/cuidados de pele, em papel canelado, seguras e \u00e0 prova de choque. Personaliza\u00e7\u00e3o ilimitada de tamanhos e log\u00f3tipos de marcas, adequadas para \u00f3leos essenciais e cremes, para criar embalagens de transporte de marcas exclusivas.<\/p>","protected":false},"featured_media":7956,"template":"","meta":[],"product_brand":[],"product_cat":[31,30,390,433],"product_tag":[462,460,461],"class_list":{"0":"post-7954","1":"product","2":"type-product","3":"status-publish","4":"has-post-thumbnail","6":"product_cat-paper-box-style","7":"product_cat-by-industry","8":"product_cat-custom-cosmetics-boxes","9":"product_cat-shipping-mailer-boxes","10":"product_tag-cosmetic-skincare-boxes-wholesale","11":"product_tag-custom-cosmetic-shipping-boxes","12":"product_tag-skincare-mailer-boxes","14":"first","15":"instock","16":"shipping-taxable","17":"product-type-simple"},"_links":{"self":[{"href":"https:\/\/zojopackaging.com\/pt\/wp-json\/wp\/v2\/product\/7954","targetHints":{"allow":["GET"]}}],"collection":[{"href":"https:\/\/zojopackaging.com\/pt\/wp-json\/wp\/v2\/product"}],"about":[{"href":"https:\/\/zojopackaging.com\/pt\/wp-json\/wp\/v2\/types\/product"}],"version-history":[{"count":2,"href":"https:\/\/zojopackaging.com\/pt\/wp-json\/wp\/v2\/product\/7954\/revisions"}],"predecessor-version":[{"id":7969,"href":"https:\/\/zojopackaging.com\/pt\/wp-json\/wp\/v2\/product\/7954\/revisions\/7969"}],"wp:featuredmedia":[{"embeddable":true,"href":"https:\/\/zojopackaging.com\/pt\/wp-json\/wp\/v2\/media\/7956"}],"wp:attachment":[{"href":"https:\/\/zojopackaging.com\/pt\/wp-json\/wp\/v2\/media?parent=7954"}],"wp:term":[{"taxonomy":"product_brand","embeddable":true,"href":"https:\/\/zojopackaging.com\/pt\/wp-json\/wp\/v2\/product_brand?post=7954"},{"taxonomy":"product_cat","embeddable":true,"href":"https:\/\/zojopackaging.com\/pt\/wp-json\/wp\/v2\/product_cat?post=7954"},{"taxonomy":"product_tag","embeddable":true,"href":"https:\/\/zojopackaging.com\/pt\/wp-json\/wp\/v2\/product_tag?post=7954"}],"curies":[{"name":"wp","href":"https:\/\/api.w.org\/{rel}","templated":true}]}}