{"id":7981,"date":"2025-03-23T09:24:28","date_gmt":"2025-03-23T01:24:28","guid":{"rendered":"https:\/\/zojopackaging.com\/?post_type=product&#038;p=7981"},"modified":"2025-03-23T11:24:09","modified_gmt":"2025-03-23T03:24:09","slug":"premium-custom-rigid-candle-gift-packaging-box-manufacturer","status":"publish","type":"product","link":"https:\/\/zojopackaging.com\/pt\/product\/premium-custom-rigid-candle-gift-packaging-box-manufacturer\/","title":{"rendered":"Caixa de embalagem de vela r\u00edgida para presente personalizada Premium Fabricante"},"content":{"rendered":"<h2 id=\"-customized-solution-for-high-end-lid-candle-packaging-box-chinese-quality-global-trust-\"><strong>Solu\u00e7\u00e3o personalizada para caixa de embalagem de velas com tampa e base - Qualidade chinesa, confian\u00e7a global<\/strong><\/h2>\n<h3 id=\"1-product-core-professional-lid-box\">1. N\u00facleo do produto: caixa profissional com tampa e base<\/h3>\n<p>Concebida para a ind\u00fastria de velas, a caixa com tampa e base \u00e9 fabricada em papel revestido de alta resist\u00eancia (250-400g), tendo em conta a textura elegante e a durabilidade. Os processos de superf\u00edcie como o padr\u00e3o de pele de carneiro e a pel\u00edcula t\u00e1til s\u00e3o opcionais, apresentando perfeitamente o log\u00f3tipo da marca e o design art\u00edstico. <a href=\"https:\/\/zojopackaging.com\/pt\/produto\/custom-printing-luxury-candle-packaging-gift-boxes-wholesale\/\">https:\/\/zojoprint.en.alibaba.com\/<\/a><\/p>\n<h3 id=\"2-unlimited-customization-empowering-brand-uniqueness\">2. Personaliza\u00e7\u00e3o ilimitada, refor\u00e7ando a singularidade da marca<\/h3>\n<ul>\n<li><strong>Liberdade criativa<\/strong>: Desde o tamanho, estrutura at\u00e9 ao efeito de impress\u00e3o (UV\/estampagem a quente\/embossing), suporta um design profundamente personalizado;<\/li>\n<li><strong>Garantia t\u00e9cnica<\/strong>: Equipado com equipamento avan\u00e7ado, como a m\u00e1quina de seis cores Heidelberg e a impressora UV, para conseguir um restauro de alta precis\u00e3o de padr\u00f5es complexos; <a href=\"https:\/\/zojopackaging.com\/pt\/produto\/custom-printing-luxury-candle-packaging-gift-boxes-wholesale\/\">https:\/\/zojopackaging.com\/<\/a><\/li>\n<li><strong>Certifica\u00e7\u00e3o<\/strong>: Certifica\u00e7\u00e3o florestal FSC (ecol\u00f3gica e rastre\u00e1vel) e sistema de gest\u00e3o da qualidade ISO para garantir a conformidade da exporta\u00e7\u00e3o.<\/li>\n<\/ul>\n<h3 id=\"3-one-stop-export-service-competitive\">3. Servi\u00e7o de exporta\u00e7\u00e3o de balc\u00e3o \u00fanico, competitivo<\/h3>\n<p>Como um exportador de embalagens de alta qualidade na China, n\u00f3s fornecemos: \u2705\u00a0<strong>Arranque a custo zero<\/strong>: desenho gratuito + prova 3D + or\u00e7amento instant\u00e2neo, reduzindo o limiar de coopera\u00e7\u00e3o; \u2705\u00a0<strong>Sistema de pre\u00e7os transparente<\/strong>: a produ\u00e7\u00e3o em grande escala reduz os custos, e o pre\u00e7o de produtos similares \u00e9 15%-20% inferior ao do mercado; \u2705\u00a0<strong>Controlo de qualidade de links completos<\/strong>: desde o teste de mat\u00e9ria-prima at\u00e9 a amostragem do produto acabado, a taxa de defeito \u00e9 estritamente controlada para &lt;0.3%; \u2705\u00a0<strong>Entrega eficiente<\/strong>7-12 dias de expedi\u00e7\u00e3o extremamente r\u00e1pida, apoiando a log\u00edstica global DDP\/DDU. <a href=\"https:\/\/zojopackaging.com\/pt\/\">zojopackaging.com<\/a><\/p>\n<hr \/>\n<h3 id=\"4-why-choose-us-\">4. Porqu\u00ea escolher-nos?<\/h3>\n<ul>\n<li><strong>Caso de refer\u00eancia do sector<\/strong>: Fornecer embalagens para mais de 50 marcas de fragr\u00e2ncias em todo o mundo, incluindo\u00a0<strong>Dongguan Tinbo Packing<\/strong>As populares latas de metal e caixas de papel a condizer;<\/li>\n<li><strong>Garantia de risco por tentativa e erro<\/strong>: Entrega gratuita de amostras f\u00edsicas, apoio a encomendas de pequenos lotes (encomenda m\u00ednima de 500 unidades);<\/li>\n<li><strong>Servi\u00e7o de valor acrescentado<\/strong>: Fornecer sugest\u00f5es de otimiza\u00e7\u00e3o da estrutura da embalagem para o ajudar a reduzir a taxa de perdas no transporte.<\/li>\n<\/ul>","protected":false},"excerpt":{"rendered":"<p>Caixa para velas com tampa e base, papel art\u00edstico revestido C2S de 157 g + cart\u00e3o r\u00edgido cinzento de 1200 g, impress\u00e3o CMYK + lamina\u00e7\u00e3o mate, personaliza\u00e7\u00e3o ilimitada. F\u00e1brica de origem chinesa, garantia de qualidade.<\/p>","protected":false},"featured_media":7983,"template":"","meta":[],"product_brand":[],"product_cat":[31,30,416,425],"product_tag":[465,464,463],"class_list":{"0":"post-7981","1":"product","2":"type-product","3":"status-publish","4":"has-post-thumbnail","6":"product_cat-paper-box-style","7":"product_cat-by-industry","8":"product_cat-custom-candle-boxes","9":"product_cat-lid-and-base-gift-box","10":"product_tag-candle-gift-packaging-box-manufacturer","11":"product_tag-custom-rigid-candle-gift-packaging-box","12":"product_tag-premium-rigid-candle-gift-box","14":"first","15":"instock","16":"shipping-taxable","17":"product-type-simple"},"_links":{"self":[{"href":"https:\/\/zojopackaging.com\/pt\/wp-json\/wp\/v2\/product\/7981","targetHints":{"allow":["GET"]}}],"collection":[{"href":"https:\/\/zojopackaging.com\/pt\/wp-json\/wp\/v2\/product"}],"about":[{"href":"https:\/\/zojopackaging.com\/pt\/wp-json\/wp\/v2\/types\/product"}],"version-history":[{"count":2,"href":"https:\/\/zojopackaging.com\/pt\/wp-json\/wp\/v2\/product\/7981\/revisions"}],"predecessor-version":[{"id":8016,"href":"https:\/\/zojopackaging.com\/pt\/wp-json\/wp\/v2\/product\/7981\/revisions\/8016"}],"wp:featuredmedia":[{"embeddable":true,"href":"https:\/\/zojopackaging.com\/pt\/wp-json\/wp\/v2\/media\/7983"}],"wp:attachment":[{"href":"https:\/\/zojopackaging.com\/pt\/wp-json\/wp\/v2\/media?parent=7981"}],"wp:term":[{"taxonomy":"product_brand","embeddable":true,"href":"https:\/\/zojopackaging.com\/pt\/wp-json\/wp\/v2\/product_brand?post=7981"},{"taxonomy":"product_cat","embeddable":true,"href":"https:\/\/zojopackaging.com\/pt\/wp-json\/wp\/v2\/product_cat?post=7981"},{"taxonomy":"product_tag","embeddable":true,"href":"https:\/\/zojopackaging.com\/pt\/wp-json\/wp\/v2\/product_tag?post=7981"}],"curies":[{"name":"wp","href":"https:\/\/api.w.org\/{rel}","templated":true}]}}