{"id":7989,"date":"2025-03-23T09:59:02","date_gmt":"2025-03-23T01:59:02","guid":{"rendered":"https:\/\/zojopackaging.com\/?post_type=product&#038;p=7989"},"modified":"2025-03-23T10:28:33","modified_gmt":"2025-03-23T02:28:33","slug":"luxury-premium-chocolate-gift-boxes-from-china-distributor","status":"publish","type":"product","link":"https:\/\/zojopackaging.com\/pt\/product\/luxury-premium-chocolate-gift-boxes-from-china-distributor\/","title":{"rendered":"Caixas de presente de chocolate premium de luxo do distribuidor da China"},"content":{"rendered":"<h2 id=\"-chocolate-box-with-lid-and-top-cover-unlimited-customization-of-high-end-packaging-solutions-\"><strong>Caixa de chocolate com tampa e tampa de base - personaliza\u00e7\u00e3o ilimitada de solu\u00e7\u00f5es de embalagem topo de gama<\/strong><\/h2>\n<p><strong>1. Vis\u00e3o geral do produto<\/strong>\u00a0A caixa com tampa e tampa superior \u00e9 um modelo cl\u00e1ssico de embalagem topo de gama com uma estrutura de tampa superior e inferior. \u00c9 f\u00e1cil de abrir e fechar e tem uma veda\u00e7\u00e3o forte. \u00c9 perfeitamente adequada para produtos como\u00a0<strong>chocolate<\/strong>A sua apar\u00eancia elegante e o seu car\u00e1cter pr\u00e1tico podem conferir um valor \u00fanico \u00e0 marca e melhorar a experi\u00eancia de desembalagem. O seu aspeto elegante e o seu car\u00e1cter pr\u00e1tico podem conferir um valor \u00fanico \u00e0 marca e melhorar a experi\u00eancia de unboxing do consumidor.<\/p>\n<p><strong>2. Vantagens principais<\/strong><\/p>\n<ul>\n<li><strong>Excelente material<\/strong>: Feito de alta qualidade\u00a0<strong>material de papel revestido<\/strong>A impress\u00e3o \u00e9 feita a partir de uma superf\u00edcie lisa e delicada e com uma reprodu\u00e7\u00e3o de cores extremamente elevada. Pode imprimir padr\u00f5es complexos ou tecnologia de estampagem a quente para mostrar a textura de alta qualidade da marca.<\/li>\n<li><strong>Personaliza\u00e7\u00e3o ilimitada<\/strong>: Suporta o processo completo de personaliza\u00e7\u00e3o do tamanho, forma, impress\u00e3o e estrutura do forro para satisfazer as necessidades personalizadas da marca.\u00a0<a href=\"https:\/\/zojoprint.en.alibaba.com\" target=\"_blank\" rel=\"noopener\">Para casos de coopera\u00e7\u00e3o, consultar o servi\u00e7o ODM de <\/a><a href=\"https:\/\/zojoprint.en.alibaba.com\/?spm=a2700.29482153.0.0.f2a871d2PoWaDJ\" target=\"_blank\" rel=\"noopener\">Vis\u00e3o geral da empresa - Shenzhen Zojoprint Co., Ltd.<\/a>.<\/li>\n<li><strong>Certifica\u00e7\u00e3o ambiental<\/strong>: Aprovado\u00a0<strong>Certifica\u00e7\u00e3o florestal FSC<\/strong>\u00a0para garantir a sustentabilidade da origem do papel; obtido\u00a0<strong>Certifica\u00e7\u00e3o do sistema de gest\u00e3o da qualidade ISO<\/strong>\u00a0para garantir a conformidade de todo o processo de produ\u00e7\u00e3o.<\/li>\n<\/ul>\n<p><strong>3. Destaques do servi\u00e7o<\/strong><\/p>\n<ul>\n<li><strong>Vantagens dos fornecedores de origem chineses<\/strong>: Como fabricante direto, eliminamos o intermedi\u00e1rio, fornecemos o\u00a0<strong>pre\u00e7o mais razo\u00e1vel<\/strong>\u00a0(poupando 30%+ custos em rela\u00e7\u00e3o \u00e0s embalagens importadas), e responder rapidamente \u00e0 procura.\u00a0<a href=\"https:\/\/zojoprint.en.alibaba.com\/\" target=\"_blank\" rel=\"noopener\">Consultar https:\/\/zojoprint.en.alibaba.com\/ <\/a>\u00a0para servi\u00e7os personalizados num s\u00f3 local.<\/li>\n<li><strong>Controlo de qualidade rigoroso<\/strong>: Adotar um processo de inspe\u00e7\u00e3o de qualidade de tr\u00eas n\u00edveis - triagem de mat\u00e9rias-primas, teste de produtos semi-acabados e inspe\u00e7\u00e3o completa de produtos acabados para garantir que a taxa de qualifica\u00e7\u00e3o de envio \u00e9 &gt;99%.<\/li>\n<li><strong>Entrega r\u00e1pida<\/strong>:\u00a0<strong>As amostras est\u00e3o dispon\u00edveis no prazo de 3 dias<\/strong>A aplica\u00e7\u00e3o de amostras gratuitas \u00e9 suportada para ajudar os clientes a tomar decis\u00f5es eficientes.\u00a0<a href=\"https:\/\/zojoprint.en.alibaba.com\/\" target=\"_blank\" rel=\"noopener\">https:\/\/zojoprint.en.alibaba.com\/ <\/a>.<\/li>\n<\/ul>\n<p><strong>4. Cen\u00e1rios de aplica\u00e7\u00e3o<\/strong><\/p>\n<ul>\n<li>Caixas de oferta de chocolate (por exemplo, desenhos tem\u00e1ticos de casamentos e festas)<\/li>\n<li>Alimentos de alta qualidade (trufas, bolachas, etc.)<\/li>\n<li>Cosm\u00e9ticos e artigos de luxo (perfumes, j\u00f3ias, etc.)\u00a0<em>(Inspira\u00e7\u00e3o nos diversos casos de embalagens de <a href=\"https:\/\/zojopackaging.com\/pt\/\">https:\/\/zojopackaging.com\/<\/a>)<\/em><\/li>\n<\/ul>\n<hr \/>\n<p><strong>5. Porqu\u00ea escolher-nos?<\/strong><\/p>\n<ul>\n<li><strong>Pre\u00e7os transparentes<\/strong>: O or\u00e7amento inclui todo o processo de conce\u00e7\u00e3o, prova e produ\u00e7\u00e3o, sem taxas ocultas.<\/li>\n<li><strong>Servi\u00e7os de alta qualidade<\/strong>: Consultores exclusivos 1 a 1, apoio completo desde a an\u00e1lise da procura at\u00e9 ao acompanhamento log\u00edstico.<\/li>\n<li><strong>Garantia de lote<\/strong>: Apoio a encomendas experimentais de pequenos lotes at\u00e9 \u00e0 produ\u00e7\u00e3o em massa ao n\u00edvel de um milh\u00e3o, satisfazendo de forma flex\u00edvel as necessidades da marca.<\/li>\n<\/ul>\n<p><strong>Agir agora!\u00a0<\/strong>\u2b07\ufe0f\u00a0<a href=\"https:\/\/zojopackaging.com\/pt\/contact-us\/\"><strong>Contactar-nos<\/strong><\/a>\u00a0para obter amostras gr\u00e1tis e or\u00e7amentos exclusivos, e iniciar a jornada de atualiza\u00e7\u00e3o da embalagem da sua marca! \ud83d\udce6\u2728<\/p>","protected":false},"excerpt":{"rendered":"<p>Caixa de chocolate com tampa e base, personalizada pela f\u00e1brica de origem! Papel revestido + impress\u00e3o CMYK, tamanho e design ilimitados, cria\u00e7\u00e3o de embalagens exclusivas<\/p>","protected":false},"featured_media":7990,"template":"","meta":[],"product_brand":[],"product_cat":[31,30,422,425],"product_tag":[467,466,449],"class_list":{"0":"post-7989","1":"product","2":"type-product","3":"status-publish","4":"has-post-thumbnail","6":"product_cat-paper-box-style","7":"product_cat-by-industry","8":"product_cat-custom-gourmet-boxes-by-industry","9":"product_cat-lid-and-base-gift-box","10":"product_tag-chocolate-boxes-distributor","11":"product_tag-luxury-chocolate-gift-boxes","12":"product_tag-premium-chocolate-gift-boxes","14":"first","15":"instock","16":"shipping-taxable","17":"product-type-simple"},"_links":{"self":[{"href":"https:\/\/zojopackaging.com\/pt\/wp-json\/wp\/v2\/product\/7989","targetHints":{"allow":["GET"]}}],"collection":[{"href":"https:\/\/zojopackaging.com\/pt\/wp-json\/wp\/v2\/product"}],"about":[{"href":"https:\/\/zojopackaging.com\/pt\/wp-json\/wp\/v2\/types\/product"}],"version-history":[{"count":1,"href":"https:\/\/zojopackaging.com\/pt\/wp-json\/wp\/v2\/product\/7989\/revisions"}],"predecessor-version":[{"id":7996,"href":"https:\/\/zojopackaging.com\/pt\/wp-json\/wp\/v2\/product\/7989\/revisions\/7996"}],"wp:featuredmedia":[{"embeddable":true,"href":"https:\/\/zojopackaging.com\/pt\/wp-json\/wp\/v2\/media\/7990"}],"wp:attachment":[{"href":"https:\/\/zojopackaging.com\/pt\/wp-json\/wp\/v2\/media?parent=7989"}],"wp:term":[{"taxonomy":"product_brand","embeddable":true,"href":"https:\/\/zojopackaging.com\/pt\/wp-json\/wp\/v2\/product_brand?post=7989"},{"taxonomy":"product_cat","embeddable":true,"href":"https:\/\/zojopackaging.com\/pt\/wp-json\/wp\/v2\/product_cat?post=7989"},{"taxonomy":"product_tag","embeddable":true,"href":"https:\/\/zojopackaging.com\/pt\/wp-json\/wp\/v2\/product_tag?post=7989"}],"curies":[{"name":"wp","href":"https:\/\/api.w.org\/{rel}","templated":true}]}}