{"id":8006,"date":"2025-03-23T10:48:38","date_gmt":"2025-03-23T02:48:38","guid":{"rendered":"https:\/\/zojopackaging.com\/?post_type=product&#038;p=8006"},"modified":"2025-03-23T11:16:01","modified_gmt":"2025-03-23T03:16:01","slug":"high-quality-custom-hat-packaging-boxes-wholesale-branding","status":"publish","type":"product","link":"https:\/\/zojopackaging.com\/pt\/product\/high-quality-custom-hat-packaging-boxes-wholesale-branding\/","title":{"rendered":"Caixas de embalagem de chap\u00e9us personalizadas de alta qualidade com marca por atacado"},"content":{"rendered":"<h2 id=\"-core-advantages-of-the-product-\"><strong>Principais vantagens do produto<\/strong><\/h2>\n<ol>\n<li><strong>caixa com fecho magn\u00e9tico + design de pega port\u00e1til<\/strong><\/li>\n<li>A tampa tem uma folha magn\u00e9tica incorporada, que abre e fecha silenciosamente e sem problemas, e est\u00e1 equipada com uma pega firme. \u00c9 adequada para\u00a0<strong>chap\u00e9us, roupas<\/strong>\u00a0e outros produtos de luxo leves, que s\u00e3o simultaneamente bonitos e f\u00e1ceis de transportar.<\/li>\n<li>Adequado para cen\u00e1rios de retalho em linha e fora de linha para melhorar a sensa\u00e7\u00e3o de qualidade do produto.<\/li>\n<li><strong>Op\u00e7\u00f5es de personaliza\u00e7\u00e3o ilimitadas<\/strong><\/li>\n<li><strong>Tamanho, forma, processo de impress\u00e3o<\/strong>\u00a0Livre escolha, suporte de estampagem a quente\/UV\/embossing e outros processos para satisfazer as necessidades personalizadas da marca.<\/li>\n<li>Fabricado em papel revestido, com pel\u00edcula mate\/brilhante na superf\u00edcie, tem uma textura delicada e \u00e9 resistente ao desgaste, apresentando na perfei\u00e7\u00e3o o design VI da marca.<\/li>\n<li><strong>A certifica\u00e7\u00e3o autorizada garante a qualidade<\/strong><\/li>\n<li>Com\u00a0<strong>Certifica\u00e7\u00e3o florestal FSC<\/strong>\u00a0e\u00a0<strong>Certifica\u00e7\u00e3o do sistema de gest\u00e3o da qualidade ISO<\/strong>Os materiais s\u00e3o amigos do ambiente e recicl\u00e1veis, e o processo de produ\u00e7\u00e3o segue rigorosamente as normas globais.<\/li>\n<li>Das mat\u00e9rias-primas aos produtos acabados,\u00a0<strong>100% inspe\u00e7\u00e3o completa<\/strong> \u00e9 implementado para garantir zero defeitos em cada liga\u00e7\u00e3o.<\/li>\n<\/ol>\n<h2 id=\"-service-commitment-\"><strong>Compromisso de servi\u00e7o<\/strong><\/h2>\n<ul>\n<li><strong>Or\u00e7amento e conce\u00e7\u00e3o gratuitos<\/strong>: A equipa de design exclusiva fornece renderiza\u00e7\u00f5es em 3D e responde rapidamente \u00e0s necessidades de modifica\u00e7\u00e3o.<\/li>\n<li><strong>O pre\u00e7o mais competitivo<\/strong>: Com o apoio da produ\u00e7\u00e3o em grande escala e da cadeia de abastecimento local, a cota\u00e7\u00e3o \u00e9 transparente e n\u00e3o h\u00e1 custos ocultos.<\/li>\n<li><strong>Experi\u00eancia de amostra gr\u00e1tis<\/strong>: Em primeiro lugar, verificar a qualidade e, em seguida, efetuar encomendas por lotes para reduzir o risco de coopera\u00e7\u00e3o.<\/li>\n<li><strong>Entrega rel\u00e2mpago<\/strong>: As encomendas normais s\u00e3o enviadas no prazo de\u00a0<strong>15 dias<\/strong>, e as encomendas aceleradas s\u00e3o entregues em at\u00e9 7 dias, apoiando a log\u00edstica global \uff08<a href=\"https:\/\/zojopackaging.com\/pt\/\">https:\/\/zojopackaging.com\/<\/a>).<\/li>\n<\/ul>\n<p><strong>Agir agora e come\u00e7ar a cooperar!\u00a0<\/strong>\ud83d\udce9\u00a0<strong>Submeter as suas necessidades<\/strong>\u00a0\u2192\u00a0<strong>Obter solu\u00e7\u00f5es exclusivas + amostras gratuitas<\/strong>\u00a0\u2192\u00a0<strong>Produ\u00e7\u00e3o em massa ap\u00f3s verifica\u00e7\u00e3o da qualidade<\/strong> \u26a0\ufe0f confian\u00e7a do mundo -- Fornecemos com sucesso solu\u00e7\u00f5es de embalagem para muitas marcas internacionais e estamos ansiosos por nos tornarmos o seu parceiro a longo prazo!<\/p>\n<hr \/>\n<p><strong>Porqu\u00ea escolher-nos?\u00a0<\/strong>\u2705\u00a0<strong>Rica experi\u00eancia de exporta\u00e7\u00e3o<\/strong>: Exportado para mais de 30 pa\u00edses, incluindo Europa, Am\u00e9rica, Jap\u00e3o e Coreia do Sul, familiarizado com os padr\u00f5es de embalagem de v\u00e1rios pa\u00edses. \u2705\u00a0<strong>Tecnologia + servi\u00e7o dupla garantia<\/strong>: Equipa de design de 20 pessoas + linha de produ\u00e7\u00e3o totalmente automatizada, efici\u00eancia e criatividade. \u2705\u00a0<strong>Compromisso ambiental<\/strong>: Utilizar materiais de papel renov\u00e1veis para ajudar as marcas a implementar objectivos de desenvolvimento sustent\u00e1vel.<\/p>","protected":false},"excerpt":{"rendered":"<p>Caixa de oferta com pega de fecho magn\u00e9tico adequada para chap\u00e9us\/roupas, material de papel de arte revestido C2S suporta personaliza\u00e7\u00e3o ilimitada, exportador chin\u00eas certificado ISO\/SGS<\/p>","protected":false},"featured_media":8007,"template":"","meta":[],"product_brand":[],"product_cat":[31,30,427,414],"product_tag":[471,472,473],"class_list":{"0":"post-8006","1":"product","2":"type-product","3":"status-publish","4":"has-post-thumbnail","6":"product_cat-paper-box-style","7":"product_cat-by-industry","8":"product_cat-collapsible-gift-boxes","9":"product_cat-custom-apparel-boxes","10":"product_tag-custom-hat-packaging","11":"product_tag-hat-packaging-boxes","12":"product_tag-hat-packaging-wholesale","14":"first","15":"instock","16":"shipping-taxable","17":"product-type-simple"},"_links":{"self":[{"href":"https:\/\/zojopackaging.com\/pt\/wp-json\/wp\/v2\/product\/8006","targetHints":{"allow":["GET"]}}],"collection":[{"href":"https:\/\/zojopackaging.com\/pt\/wp-json\/wp\/v2\/product"}],"about":[{"href":"https:\/\/zojopackaging.com\/pt\/wp-json\/wp\/v2\/types\/product"}],"version-history":[{"count":1,"href":"https:\/\/zojopackaging.com\/pt\/wp-json\/wp\/v2\/product\/8006\/revisions"}],"predecessor-version":[{"id":8013,"href":"https:\/\/zojopackaging.com\/pt\/wp-json\/wp\/v2\/product\/8006\/revisions\/8013"}],"wp:featuredmedia":[{"embeddable":true,"href":"https:\/\/zojopackaging.com\/pt\/wp-json\/wp\/v2\/media\/8007"}],"wp:attachment":[{"href":"https:\/\/zojopackaging.com\/pt\/wp-json\/wp\/v2\/media?parent=8006"}],"wp:term":[{"taxonomy":"product_brand","embeddable":true,"href":"https:\/\/zojopackaging.com\/pt\/wp-json\/wp\/v2\/product_brand?post=8006"},{"taxonomy":"product_cat","embeddable":true,"href":"https:\/\/zojopackaging.com\/pt\/wp-json\/wp\/v2\/product_cat?post=8006"},{"taxonomy":"product_tag","embeddable":true,"href":"https:\/\/zojopackaging.com\/pt\/wp-json\/wp\/v2\/product_tag?post=8006"}],"curies":[{"name":"wp","href":"https:\/\/api.w.org\/{rel}","templated":true}]}}