{"id":8017,"date":"2025-03-23T11:29:24","date_gmt":"2025-03-23T03:29:24","guid":{"rendered":"https:\/\/zojopackaging.com\/?post_type=product&#038;p=8017"},"modified":"2025-03-23T16:53:44","modified_gmt":"2025-03-23T08:53:44","slug":"exquisite-unique-gourmet-gift-packaging-boxes-wholesaler","status":"publish","type":"product","link":"https:\/\/zojopackaging.com\/pt\/product\/exquisite-unique-gourmet-gift-packaging-boxes-wholesaler\/","title":{"rendered":"Caixas de embalagem para presentes gourmet \u00fanicas e requintadas grossista"},"content":{"rendered":"<h3 id=\"manufacturer-s-description-of-custom-clothing-packaging-boxes-in-china\">Descri\u00e7\u00e3o do fabricante de caixas de embalagem de vestu\u00e1rio personalizadas na China<\/h3>\n<h4 id=\"1-magnetic-double-layer-pull-out-box-product-presentation-and-experience-upgrade\">1. Caixa magn\u00e9tica de dupla camada: apresenta\u00e7\u00e3o do produto e atualiza\u00e7\u00e3o da experi\u00eancia<\/h4>\n<p>Os fabricantes chineses lan\u00e7aram de forma inovadora\u00a0<strong>caixa magn\u00e9tica de dupla camada<\/strong>\u00a0no dom\u00ednio das embalagens de vestu\u00e1rio topo de gama, que melhora o efeito de exposi\u00e7\u00e3o do produto atrav\u00e9s do design da estrutura em camadas. Por exemplo, o dispositivo magn\u00e9tico incorporado \u00e9 utilizado para conseguir um fecho silencioso e uma adsor\u00e7\u00e3o precisa. A camada superior pode exibir o vestu\u00e1rio principal e a camada inferior pode armazenar acess\u00f3rios ou instru\u00e7\u00f5es para satisfazer a procura da marca de \"sentido ritual de desembalagem\". A caixa de gavetas da Guangzhou Kelda Packaging foi concebida com ranhuras para cart\u00f5es antiderrapantes, o que \u00e9 adequado para o armazenamento independente de acess\u00f3rios finos, como len\u00e7os e gravatas. Ao mesmo tempo, o m\u00e9todo magn\u00e9tico de abertura e fecho d\u00e1 \u00e0 caixa de embalagem um toque de luxo. Este tipo de design n\u00e3o s\u00f3 melhora a qualidade do produto, como tamb\u00e9m aumenta a consci\u00eancia dos utilizadores sobre a qualidade da marca atrav\u00e9s da experi\u00eancia interactiva.<\/p>\n<h4 id=\"2-natural-color-printing-emotional-visual-expression\">2. Impress\u00e3o a cores naturais: express\u00e3o visual emocional<\/h4>\n<p>Os fabricantes utilizam\u00a0<strong>cores naturais de baixa satura\u00e7\u00e3o<\/strong>\u00a0para criar uma est\u00e9tica de embalagem diferenciada. A caixa de presente com gradiente de estilo INS da F\u00e1brica de Embalagens de Yiwu Xianchuang simula as mudan\u00e7as na luz natural com cores como o azul neblina e o verde menta, e forma uma reflex\u00e3o difusa suave com tecnologia de lamina\u00e7\u00e3o mate, que est\u00e1 em linha com a busca do grupo de consumidores urbanos de \"compras que reduzem o stress\". A caixa de janela de papel kraft transparente lan\u00e7ada pela Zhejiang Wenzhou Aoyin Packaging mant\u00e9m a textura natural do material original de papel de celulose e faz com que o LOGOTIPO da marca apare\u00e7a atrav\u00e9s do processo parcial de passagem a quente, que n\u00e3o s\u00f3 transmite o conceito de prote\u00e7\u00e3o ambiental como tamb\u00e9m cria uma atmosfera visual de regresso \u00e0 natureza. Estudos efectuados demonstraram que este tipo de design pode aumentar a sensa\u00e7\u00e3o de prazer dos consumidores ao desembalar as embalagens em 32%.<\/p>\n<h4 id=\"3-diversified-accessories-system-brand-value-extension\">3. Sistema de acess\u00f3rios diversificado: extens\u00e3o do valor da marca<\/h4>\n<p>As f\u00e1bricas chinesas fornecem\u00a0<strong>servi\u00e7os de personaliza\u00e7\u00e3o de acess\u00f3rios modulares<\/strong>\u00a0para ajudar as marcas a construir uma matriz de produto tridimensional:<\/p>\n<ul>\n<li><strong>Acess\u00f3rios funcionais<\/strong>: a precis\u00e3o do controlo da humidade atinge \u00b13%RH, adequado para tecidos de alta qualidade como a caxemira e a seda;<\/li>\n<li><strong>Acess\u00f3rios interactivos inteligentes<\/strong>: Liga\u00e7\u00e3o com a APP da marca para realizar a verifica\u00e7\u00e3o anti-contrafa\u00e7\u00e3o e enviar sugest\u00f5es de vestu\u00e1rio;<\/li>\n<li><strong>Decora\u00e7\u00e3o do cen\u00e1rio<\/strong>: com tiras de cetim amov\u00edveis, satisfaz as necessidades de mudan\u00e7a flex\u00edvel das edi\u00e7\u00f5es limitadas de f\u00e9rias e dos estilos di\u00e1rios.<\/li>\n<\/ul>\n<h4 id=\"4-full-size-customization-system-precise-adaptation-of-product-form\">4. Sistema de personaliza\u00e7\u00e3o em tamanho real: adapta\u00e7\u00e3o exacta da forma do produto<\/h4>\n<p>Com base numa tecnologia de produ\u00e7\u00e3o de precis\u00e3o milim\u00e9trica, a cadeia de abastecimento da China pode satisfazer as necessidades de cobertura em tamanho real de\u00a0<strong>5cm\u00d75cm a 120cm\u00d780cm<\/strong>. Utilizando a tecnologia de ajuste din\u00e2mico da linha de dobragem, um \u00fanico lote pode ser compat\u00edvel com vestu\u00e1rio misto de diferentes espessuras, como casacos de penas e vestidos de noiva. Atrav\u00e9s do design de pr\u00e9-indenta\u00e7\u00e3o, o modo de transporte e o modo de visualiza\u00e7\u00e3o podem ser rapidamente alterados, poupando 40% de espa\u00e7o de armazenamento.<\/p>\n<h4 id=\"5-box-type-and-brand-visual-fusion-design\">5. Tipo de caixa e design de fus\u00e3o visual da marca<\/h4>\n<p>O fabricante criou uma biblioteca de solu\u00e7\u00f5es que cont\u00e9m\u00a0<strong>Mais de 15 tipos de caixas de n\u00facleo<\/strong>:<\/p>\n<ol>\n<li><strong>Caixa de suc\u00e7\u00e3o magn\u00e9tica tipo livro<\/strong>imitando a forma da lombada de um livro de capa dura, com inser\u00e7\u00f5es de hist\u00f3rias da marca incorporadas;<\/li>\n<li><strong>Tampa superior e inferior vari\u00e1vel<\/strong>: suporta a tecnologia de impress\u00e3o inversa, para que o LOGOTIPO apresente efeitos visuais din\u00e2micos em diferentes \u00e2ngulos de abertura e fecho;<\/li>\n<li><strong>Caixa de suc\u00e7\u00e3o magn\u00e9tica<\/strong>: utilizando uma combina\u00e7\u00e3o de papel especial e fechos met\u00e1licos para obter uma apresenta\u00e7\u00e3o tridimensional do sistema VI da marca.<\/li>\n<\/ol>\n<h4 id=\"vi-unlimited-customization-service-ecosystem\">VI. Ecossistema de servi\u00e7os de personaliza\u00e7\u00e3o ilimitada<\/h4>\n<p>As f\u00e1bricas chinesas quebram as barreiras tradicionais da personaliza\u00e7\u00e3o atrav\u00e9s de\u00a0<strong>sistema de produ\u00e7\u00e3o digital flex\u00edvel<\/strong>:<\/p>\n<ul>\n<li>A Dongguan Yuhong Packaging adopta a tecnologia de impress\u00e3o a cores de dupla face, suporta 500 caixas por lote e custo zero para substitui\u00e7\u00e3o de padr\u00f5es;<\/li>\n<li>A Shenzhen Shunhuang Paper Products implementa um modelo de produ\u00e7\u00e3o sem moldes e realiza a personaliza\u00e7\u00e3o \"uma caixa, uma imagem\" atrav\u00e9s da impressora digital HP Indigo;<\/li>\n<li>Os fabricantes de Zhejiang fornecem servi\u00e7os de processo completo, desde a modela\u00e7\u00e3o 3D at\u00e9 \u00e0 prova f\u00edsica, completam a produ\u00e7\u00e3o de amostras brancas simples em 8 horas e entregam produtos acabados tingidos em 24 horas.<\/li>\n<\/ul>\n<h4 id=\"vii-factory-direct-service-and-quality-assurance\">VII. Servi\u00e7o direto da f\u00e1brica e garantia de qualidade<\/h4>\n<p>As principais empresas de embalagens da China implementam a\u00a0<strong>\"pol\u00edtica \"tr\u00eas livres e uma garantia<\/strong>:<\/p>\n<ul>\n<li><strong>Conce\u00e7\u00e3o livre<\/strong>: Guangzhou Hainabaichuan Packaging fornece servi\u00e7os de diagn\u00f3stico visual da marca, combinados com an\u00e1lise de grandes dados para produzir solu\u00e7\u00f5es de estrat\u00e9gia de embalagem;<\/li>\n<li><strong>Amostras gr\u00e1tis<\/strong>: A Yiwu Lelang Packaging suporta a entrega de amostras globais em 48 horas, utilizando os mesmos materiais que a f\u00e1brica original;<\/li>\n<li><strong>Compromisso de qualidade<\/strong>: Passou a certifica\u00e7\u00e3o do sistema de qualidade ISO9001, fornece um per\u00edodo de garantia de 12 meses e a taxa de danos de transporte \u00e9 inferior a 0,5%.<\/li>\n<\/ul>","protected":false},"excerpt":{"rendered":"<p>O material de papel de arte revestido C2S pode ser infinitamente personalizado, suporta processos especiais de impress\u00e3o\/estampagem a quente, cumpre os requisitos de selagem de qualidade alimentar e \u00e9 fornecido diretamente da f\u00e1brica de origem durante 20 anos.<\/p>","protected":false},"featured_media":8018,"template":"","meta":[],"product_brand":[],"product_cat":[31,30,422,424],"product_tag":[474,476,475],"class_list":{"0":"post-8017","1":"product","2":"type-product","3":"status-publish","4":"has-post-thumbnail","6":"product_cat-paper-box-style","7":"product_cat-by-industry","8":"product_cat-custom-gourmet-boxes-by-industry","9":"product_cat-magnetic-closure-boxes","10":"product_tag-exquisite-gourmet-packaging","11":"product_tag-gourmet-boxes-wholesaler","12":"product_tag-unique-gourmet-packaging","14":"first","15":"instock","16":"shipping-taxable","17":"product-type-simple"},"_links":{"self":[{"href":"https:\/\/zojopackaging.com\/pt\/wp-json\/wp\/v2\/product\/8017","targetHints":{"allow":["GET"]}}],"collection":[{"href":"https:\/\/zojopackaging.com\/pt\/wp-json\/wp\/v2\/product"}],"about":[{"href":"https:\/\/zojopackaging.com\/pt\/wp-json\/wp\/v2\/types\/product"}],"version-history":[{"count":2,"href":"https:\/\/zojopackaging.com\/pt\/wp-json\/wp\/v2\/product\/8017\/revisions"}],"predecessor-version":[{"id":8063,"href":"https:\/\/zojopackaging.com\/pt\/wp-json\/wp\/v2\/product\/8017\/revisions\/8063"}],"wp:featuredmedia":[{"embeddable":true,"href":"https:\/\/zojopackaging.com\/pt\/wp-json\/wp\/v2\/media\/8018"}],"wp:attachment":[{"href":"https:\/\/zojopackaging.com\/pt\/wp-json\/wp\/v2\/media?parent=8017"}],"wp:term":[{"taxonomy":"product_brand","embeddable":true,"href":"https:\/\/zojopackaging.com\/pt\/wp-json\/wp\/v2\/product_brand?post=8017"},{"taxonomy":"product_cat","embeddable":true,"href":"https:\/\/zojopackaging.com\/pt\/wp-json\/wp\/v2\/product_cat?post=8017"},{"taxonomy":"product_tag","embeddable":true,"href":"https:\/\/zojopackaging.com\/pt\/wp-json\/wp\/v2\/product_tag?post=8017"}],"curies":[{"name":"wp","href":"https:\/\/api.w.org\/{rel}","templated":true}]}}