{"id":8027,"date":"2025-03-23T11:47:13","date_gmt":"2025-03-23T03:47:13","guid":{"rendered":"https:\/\/zojopackaging.com\/?post_type=product&#038;p=8027"},"modified":"2025-03-23T16:34:14","modified_gmt":"2025-03-23T08:34:14","slug":"custom-clothing-packaging-apparel-boxes-china-manufacturer","status":"publish","type":"product","link":"https:\/\/zojopackaging.com\/pt\/product\/custom-clothing-packaging-apparel-boxes-china-manufacturer\/","title":{"rendered":"Caixas de vestu\u00e1rio personalizadas para embalagens de vestu\u00e1rio Fabricante na China"},"content":{"rendered":"<h3 id=\"customized-clothing-packaging-box-chinese-manufacturer-description\">Caixa de embalagem de roupa personalizada Descri\u00e7\u00e3o do fabricante chin\u00eas<\/h3>\n<h4 id=\"1-double-sided-color-printing-professional-visual-shaping\">1. Impress\u00e3o a cores em frente e verso: forma visual profissional<\/h4>\n<p>Os fabricantes chineses utilizam amplamente\u00a0<strong>tecnologia de impress\u00e3o a cores de dupla face<\/strong>\u00a0na personaliza\u00e7\u00e3o de caixas de embalagem de vestu\u00e1rio, apresentando log\u00f3tipos de marcas, padr\u00f5es ou cores gradientes atrav\u00e9s de tecnologia de impress\u00e3o de alta precis\u00e3o. N\u00e3o s\u00f3 melhora o reconhecimento do produto, como tamb\u00e9m refor\u00e7a a unidade visual da marca atrav\u00e9s da sobreposi\u00e7\u00e3o de cores. A impress\u00e3o frente e verso combinada com a tecnologia de lamina\u00e7\u00e3o mate\/brilhante faz com que a caixa de embalagem apresente uma textura delicada sob diferentes ambientes de luz, satisfazendo as necessidades duplas de profissionalismo e sofistica\u00e7\u00e3o das marcas de vestu\u00e1rio topo de gama.<\/p>\n<h4 id=\"2-macron-color-system-emotional-design-language\">2. Sistema de cores Macron: linguagem de design emocional<\/h4>\n<p>Acompanhando a tend\u00eancia de consumo jovem, os fabricantes incorporam\u00a0<strong>sistema de cores Macron suave<\/strong>\u00a0no design de embalagens. Por exemplo: a caixa de oferta estilo Qixi gradient INS utiliza azul p\u00f3 de baixa satura\u00e7\u00e3o, roxo claro e outros tons para criar um efeito visual sonhador, que satisfaz as exig\u00eancias das marcas de vestu\u00e1rio feminino para cenas de consumo emocional. Atrav\u00e9s de servi\u00e7os de correspond\u00eancia de cores personalizados, o sistema de cores Macron \u00e9 combinado com o sistema VI da marca, que n\u00e3o s\u00f3 transmite um tom de marca descontra\u00eddo e agrad\u00e1vel, como tamb\u00e9m melhora a sensa\u00e7\u00e3o de ritual do utilizador na experi\u00eancia de unboxing atrav\u00e9s da psicologia das cores.<\/p>\n<h4 id=\"3-magnetic-box-structure-high-end-interactive-experience-upgrade\">3. Estrutura da caixa magn\u00e9tica: atualiza\u00e7\u00e3o da experi\u00eancia interactiva topo de gama<\/h4>\n<p><strong>Design magn\u00e9tico de abertura e fecho<\/strong>\u00a0tornou-se uma das principais tecnologias para melhorar a sensa\u00e7\u00e3o de valor da embalagem. A caixa de oferta com \u00edman dobr\u00e1vel utiliza fivelas magn\u00e9ticas incorporadas para conseguir um fecho silencioso. A sua for\u00e7a de adsor\u00e7\u00e3o precisa n\u00e3o s\u00f3 garante a seguran\u00e7a do transporte, como tamb\u00e9m proporciona um feedback t\u00e1til de alta qualidade atrav\u00e9s da sensa\u00e7\u00e3o de amortecimento ao abrir e fechar. A flip box magn\u00e9tica combina fivelas met\u00e1licas e materiais de papel especiais para melhorar a compreens\u00e3o dos utilizadores sobre o n\u00edvel de qualidade artesanal da marca com um design interativo de \"um toque para abrir\". Este tipo de design \u00e9 especialmente adequado para linhas de produtos como vestu\u00e1rio de luxo leve e fatos personalizados que precisam de enfatizar o sentido de ritual.<\/p>\n<h4 id=\"4-high-strength-material-safety-and-environmental-protection-are-equally-important\">4. Material de alta resist\u00eancia: a seguran\u00e7a e a prote\u00e7\u00e3o do ambiente s\u00e3o igualmente importantes<\/h4>\n<p>Os fabricantes utilizam geralmente uma estrutura composta de\u00a0<strong>Cart\u00e3o cinzento de 1200 GSM + papel revestido de 157 GSM<\/strong>. A caixa de papel kraft de cor original tem uma capacidade de suporte de carga de \u226550kg atrav\u00e9s do forro de placa cinza, que pode efetivamente resistir \u00e0 extrus\u00e3o log\u00edstica. A caixa de presente com uma tampa superior e inferior adiciona um revestimento ecol\u00f3gico \u00e0 base de \u00e1gua na superf\u00edcie do papel revestido, que n\u00e3o s\u00f3 garante a satura\u00e7\u00e3o da cor da impress\u00e3o, mas tamb\u00e9m cumpre a norma REACH da UE, levando em conta a durabilidade e a sustentabilidade. Esta combina\u00e7\u00e3o de materiais faz com que a taxa de quebra da caixa de embalagem seja inferior a 0,3% no teste de queda, excedendo largamente a m\u00e9dia da ind\u00fastria.<\/p>\n<h4 id=\"5-full-size-customization-accurately-adapt-to-product-form\">5. Personaliza\u00e7\u00e3o em tamanho real: Adapta-se com precis\u00e3o \u00e0 forma do produto<\/h4>\n<p>A cadeia de abastecimento da China fornece\u00a0<strong>personaliza\u00e7\u00e3o de tamanho com precis\u00e3o milim\u00e9trica<\/strong>\u00a0servi\u00e7os. Por exemplo: a sua caixa de embalagem de vestu\u00e1rio suporta uma cobertura em tamanho real de 5cm\u00d75cm a 120cm\u00d780cm, e o erro de especifica\u00e7\u00f5es especiais \u00e9 controlado dentro de \u00b10,5mm. Para vestu\u00e1rio irregular (como vestidos de noiva e casacos de penas), a estrutura da caixa ajust\u00e1vel permite o ajuste din\u00e2mico da profundidade da caixa atrav\u00e9s do design da linha de dobragem, e um \u00fanico lote pode ser compat\u00edvel com 3-5 espessuras diferentes de necessidades mistas de vestu\u00e1rio.<\/p>\n<h4 id=\"vi-multiple-box-type-system-brand-differentiation-carrier\">6. Sistema de tipo de caixa m\u00faltipla: Suporte de diferencia\u00e7\u00e3o de marcas<\/h4>\n<p>Os fabricantes criaram uma biblioteca de solu\u00e7\u00f5es que abrange mais de 10 tipos de caixas tradicionais:<\/p>\n<ol>\n<li><strong>Caixa de gavetas<\/strong>: Adequado para guardar em camadas acess\u00f3rios como len\u00e7os e gravatas, com ranhuras para cart\u00f5es antiderrapantes no interior;<\/li>\n<li><strong>Caixa de suc\u00e7\u00e3o magn\u00e9tica tipo livro<\/strong>: Imitando o design da lombada de um livro de capa dura, adequado para embalagens de hist\u00f3rias de marcas de design;<\/li>\n<li><strong>Caixa de avi\u00e3o amov\u00edvel<\/strong>: A pr\u00e9-impress\u00e3o \u00e9 utilizada para conseguir uma convers\u00e3o r\u00e1pida do tipo de caixa entre o modo de transporte e o modo de exposi\u00e7\u00e3o.<\/li>\n<\/ol>\n<h4 id=\"vii-functional-inner-tray-product-protection-is-upgraded\">7. Tabuleiro interior funcional: A prote\u00e7\u00e3o do produto \u00e9 melhorada<\/h4>\n<p>Desenvolver sistemas especiais de tabuleiros interiores para diferentes categorias de vestu\u00e1rio:<\/p>\n<ul>\n<li><strong>Forro \u00e0 prova de humidade<\/strong>: \u00c9 utilizado tecido n\u00e3o tecido revestido a PE de qualidade alimentar, e a precis\u00e3o do controlo da humidade atinge \u00b13%RH, o que \u00e9 adequado para tecidos delicados como a caxemira e a seda;<\/li>\n<li><strong>Suporte amov\u00edvel<\/strong>: O suporte tridimensional em material PP permite a arruma\u00e7\u00e3o de fatos e vestidos sem rugas;<\/li>\n<li><strong>Tabuleiro interior com sensor inteligente<\/strong>: Chip RFID incorporado, ligado \u00e0 APP da marca para realizar a verifica\u00e7\u00e3o anti-contrafa\u00e7\u00e3o e a sugest\u00e3o de vestu\u00e1rio.<\/li>\n<\/ul>","protected":false},"excerpt":{"rendered":"<p>A caixa para vestu\u00e1rio com fecho magn\u00e9tico \u00e9 adequada para todos os tipos de vestu\u00e1rio. \u00c9 feita de papel de arte revestido C2S e suporta desenhos personalizados ilimitados. \u00c9 produzida em f\u00e1bricas chinesas com garantia de qualidade.<\/p>","protected":false},"featured_media":8030,"template":"","meta":[],"product_brand":[],"product_cat":[31,30,414,424],"product_tag":[478,479,477],"class_list":{"0":"post-8027","1":"product","2":"type-product","3":"status-publish","4":"has-post-thumbnail","6":"product_cat-paper-box-style","7":"product_cat-by-industry","8":"product_cat-custom-apparel-boxes","9":"product_cat-magnetic-closure-boxes","10":"product_tag-apparel-boxes-manufacturer","11":"product_tag-apparel-packaging-china","12":"product_tag-custom-clothing-packaging","14":"first","15":"instock","16":"shipping-taxable","17":"product-type-simple"},"_links":{"self":[{"href":"https:\/\/zojopackaging.com\/pt\/wp-json\/wp\/v2\/product\/8027","targetHints":{"allow":["GET"]}}],"collection":[{"href":"https:\/\/zojopackaging.com\/pt\/wp-json\/wp\/v2\/product"}],"about":[{"href":"https:\/\/zojopackaging.com\/pt\/wp-json\/wp\/v2\/types\/product"}],"version-history":[{"count":3,"href":"https:\/\/zojopackaging.com\/pt\/wp-json\/wp\/v2\/product\/8027\/revisions"}],"predecessor-version":[{"id":8062,"href":"https:\/\/zojopackaging.com\/pt\/wp-json\/wp\/v2\/product\/8027\/revisions\/8062"}],"wp:featuredmedia":[{"embeddable":true,"href":"https:\/\/zojopackaging.com\/pt\/wp-json\/wp\/v2\/media\/8030"}],"wp:attachment":[{"href":"https:\/\/zojopackaging.com\/pt\/wp-json\/wp\/v2\/media?parent=8027"}],"wp:term":[{"taxonomy":"product_brand","embeddable":true,"href":"https:\/\/zojopackaging.com\/pt\/wp-json\/wp\/v2\/product_brand?post=8027"},{"taxonomy":"product_cat","embeddable":true,"href":"https:\/\/zojopackaging.com\/pt\/wp-json\/wp\/v2\/product_cat?post=8027"},{"taxonomy":"product_tag","embeddable":true,"href":"https:\/\/zojopackaging.com\/pt\/wp-json\/wp\/v2\/product_tag?post=8027"}],"curies":[{"name":"wp","href":"https:\/\/api.w.org\/{rel}","templated":true}]}}