{"id":8035,"date":"2025-03-23T12:14:07","date_gmt":"2025-03-23T04:14:07","guid":{"rendered":"https:\/\/zojopackaging.com\/?post_type=product&#038;p=8035"},"modified":"2025-03-23T16:14:54","modified_gmt":"2025-03-23T08:14:54","slug":"luxury-design-apparel-shirts-clothes-bikini-boxes-wholesale","status":"publish","type":"product","link":"https:\/\/zojopackaging.com\/pt\/product\/luxury-design-apparel-shirts-clothes-bikini-boxes-wholesale\/","title":{"rendered":"Design de luxo Camisas de vestu\u00e1rio Roupas de biqu\u00edni Caixas de biqu\u00edni por atacado"},"content":{"rendered":"<h2 id=\"-fsc-environmentally-friendly-foldable-magnetic-window-packaging-box-special-solution-for-high-end-clothing-shirts-bikinis-wholesale-\"><strong>Caixa de embalagem com janela magn\u00e9tica dobr\u00e1vel e amiga do ambiente FSC<\/strong><\/h2>\n<h3 id=\"-material-and-environmental-certification-the-unity-of-quality-and-responsibility-\"><strong>1. Certifica\u00e7\u00e3o material e ambiental: a unidade da qualidade e da responsabilidade<\/strong><\/h3>\n<ol>\n<li><strong>Cart\u00e3o cinzento 1200GSM + papel revestido FSC 157GSM<\/strong><\/li>\n<li><strong>Cart\u00e3o cinzento de alta densidade<\/strong>A estrutura de suporte de carga: capacidade de carga de 3 kg, resist\u00eancia \u00e0 compress\u00e3o e \u00e0 deforma\u00e7\u00e3o, ideal para a prote\u00e7\u00e3o do transporte de vestu\u00e1rio de grandes dimens\u00f5es (como casacos e vestidos).<\/li>\n<li><strong>Papel revestido ecol\u00f3gico FSC<\/strong>pel\u00edcula mate\/brilhante na superf\u00edcie, \u00e0 prova de \u00e1gua e de \u00f3leo, certifica\u00e7\u00e3o REACH da UE, 100% recicl\u00e1vel e degrad\u00e1vel, satisfazendo as necessidades de desenvolvimento sustent\u00e1vel das marcas mundiais.<\/li>\n<\/ol>\n<h3 id=\"-box-design-minimalist-and-practical-cost-reduction-and-efficiency-improvement-\"><strong>2. conce\u00e7\u00e3o da caixa: minimalista e pr\u00e1tica, redu\u00e7\u00e3o de custos e melhoria da efici\u00eancia<\/strong><\/h3>\n<ol>\n<li><strong>Caixa dobr\u00e1vel em forma de livro + interrutor magn\u00e9tico<\/strong><\/li>\n<li>A espessura ap\u00f3s a dobragem \u00e9 de apenas 2,5 cm, o volume de transporte \u00e9 reduzido em 70% e o custo do frete \u00e9 reduzido em 50%; o design do fecho magn\u00e9tico \u00e9 silencioso e suave para abrir e fechar, e n\u00e3o se deforma ap\u00f3s utiliza\u00e7\u00e3o repetida.<\/li>\n<li><strong>Janela transparente (PVC\/PET opcional)<\/strong>: A posi\u00e7\u00e3o e a forma da janela podem ser personalizadas a pedido, e os detalhes da roupa (como o estilo do biqu\u00edni, o tecido da camisola) podem ser apresentados intuitivamente, reduzindo a taxa de consulta do cliente em 30%+.<\/li>\n<li><strong>Tecnologia de superf\u00edcie m\u00ednima<\/strong><\/li>\n<li>Sem impress\u00e3o complexa, apenas coberta com pel\u00edcula mate\/brilhante amiga do ambiente, toque delicado e anti-risco de impress\u00e3o digital, adaptada ao conceito de design \"menos \u00e9 mais\" dos bens de luxo, reduzindo os custos de processamento em 15%.<\/li>\n<\/ol>\n<h3 id=\"-customized-service-flexible-adaptation-to-all-categories-of-clothing-\"><strong>3. Servi\u00e7o personalizado: adapta\u00e7\u00e3o flex\u00edvel a todas as categorias de vestu\u00e1rio<\/strong><\/h3>\n<ol>\n<li><strong>Tamanho livremente definido: <\/strong>Suporta o ajustamento dimensional completo do comprimento, largura e altura da caixa (5-80 cm), e o forro pode ser equipado com ranhuras EVA, suportes de flocagem ou fivelas suspensas para fixar com precis\u00e3o pe\u00e7as facilmente deformadas, como golas de camisas e al\u00e7as de biqu\u00ednis.<\/li>\n<li><strong>Liga\u00e7\u00e3o de resposta r\u00e1pida<\/strong>\u00a0<strong>Cota\u00e7\u00e3o inteligente de 10 minutos<\/strong>: Envie os requisitos de tamanho\/janela em linha e o sistema de IA ir\u00e1 gerar folhas de or\u00e7amento e renderiza\u00e7\u00f5es em 3D em tempo real sem verifica\u00e7\u00e3o manual.<\/li>\n<li><strong>Inspe\u00e7\u00e3o de qualidade de amostra gr\u00e1tis de 3 dias<\/strong>: A prova inclui o relat\u00f3rio de teste de material da SGS, suporta 5 modifica\u00e7\u00f5es de pormenor e garante zero erros na produ\u00e7\u00e3o em massa.<\/li>\n<\/ol>\n<h3 id=\"-global-delivery-guarantee-efficient-access-to-end-customers-\"><strong>4. Garantia de entrega global: acesso eficiente aos clientes finais<\/strong><\/h3>\n<ol>\n<li><strong><strong>5-7 dias \u00fateis de entrega expresso global<\/strong><\/strong>Cooperar com gigantes da log\u00edstica como a DHL e a FedEx, 5 dias para os Estados Unidos\/Europa, 3 dias para o Sudeste Asi\u00e1tico e apoiar a entrega direta a partir dos armaz\u00e9ns Amazon FBA.<\/li>\n<li><strong><strong>Vantagem em termos de custos das encomendas por lotes<\/strong><\/strong>Quantidade m\u00ednima de encomenda de 1.000 unidades, pre\u00e7o unit\u00e1rio t\u00e3o baixo quanto\u00a0<strong>$0.89\/pe\u00e7a<\/strong> (incluindo a log\u00edstica global porta-a-porta), apoio MOQ 500 pe\u00e7as ordem experimental.<\/li>\n<\/ol>\n<h3 id=\"-application-scenarios-and-benefits-\"><strong>5. Cen\u00e1rios de aplica\u00e7\u00e3o e benef\u00edcios<\/strong><\/h3>\n<p>\u2705\u00a0<strong>Marcas de vestu\u00e1rio topo de gama<\/strong>: O design das montras aumenta a atratividade da exposi\u00e7\u00e3o na loja e a textura mate da pel\u00edcula refor\u00e7a o tom da marca.<br \/>\n\u2705\u00a0<strong>Com\u00e9rcio eletr\u00f3nico transfronteiri\u00e7o<\/strong>: As embalagens planas reduzem a taxa de danos log\u00edsticos e os 5-7 dias de entrega aceleram a rota\u00e7\u00e3o dos stocks.<br \/>\n\u2705\u00a0<strong>Personaliza\u00e7\u00e3o da caixa de presente de Natal<\/strong>: Adequada para a edi\u00e7\u00e3o limitada de Natal\/Dia dos Namorados, a caixa de suc\u00e7\u00e3o magn\u00e9tica pode ser reutilizada como caixa de arruma\u00e7\u00e3o para aumentar a ader\u00eancia do cliente.<\/p>\n<p><strong>Processo de coopera\u00e7\u00e3o<\/strong><\/p>\n<ol>\n<li><strong>Conce\u00e7\u00e3o em linha<\/strong> \u21922.\u00a0<strong>Cota\u00e7\u00e3o de 10 minutos<\/strong>\u00a0\u2192 3.\u00a0<strong>Confirma\u00e7\u00e3o da amostra em 3 dias<\/strong>\u00a0\u2192 4.\u00a0<strong>Produ\u00e7\u00e3o em massa<\/strong>\u00a0\u2192 5.\u00a0<strong>Entrega global<\/strong><\/li>\n<\/ol>\n<p><strong>Porqu\u00ea escolher-nos?<\/strong><\/p>\n<ul>\n<li><strong>F\u00e1brica de origem chinesa<\/strong>: Certifica\u00e7\u00e3o ISO\/FSC, produ\u00e7\u00e3o di\u00e1ria de mais de 200.000 caixas normalizadas, resposta a encomendas de emerg\u00eancia em 72 horas.<\/li>\n<li><strong>Sem custos ocultos<\/strong>: A cota\u00e7\u00e3o inclui taxas de molde e taxas de log\u00edstica, e suporta liquida\u00e7\u00e3o RMB\/USD.<\/li>\n<\/ul>","protected":false},"excerpt":{"rendered":"<p>Caixa de roupa dobr\u00e1vel com fecho magn\u00e9tico, adequada para armazenamento de roupas de alta qualidade, material ecol\u00f3gico de papel revestido, suporta personaliza\u00e7\u00e3o de design de tamanho ilimitado. Cota\u00e7\u00e3o de 20 minutos da f\u00e1brica chinesa, amostra de 3 dias<\/p>","protected":false},"featured_media":8036,"template":"","meta":[],"product_brand":[],"product_cat":[31,30,414,424],"product_tag":[480,482,481],"class_list":{"0":"post-8035","1":"product","2":"type-product","3":"status-publish","4":"has-post-thumbnail","6":"product_cat-paper-box-style","7":"product_cat-by-industry","8":"product_cat-custom-apparel-boxes","9":"product_cat-magnetic-closure-boxes","10":"product_tag-apparel-boxes","11":"product_tag-bikini-boxes-wholesale","12":"product_tag-luxury-clothes-boxes","14":"first","15":"instock","16":"shipping-taxable","17":"product-type-simple"},"_links":{"self":[{"href":"https:\/\/zojopackaging.com\/pt\/wp-json\/wp\/v2\/product\/8035","targetHints":{"allow":["GET"]}}],"collection":[{"href":"https:\/\/zojopackaging.com\/pt\/wp-json\/wp\/v2\/product"}],"about":[{"href":"https:\/\/zojopackaging.com\/pt\/wp-json\/wp\/v2\/types\/product"}],"version-history":[{"count":3,"href":"https:\/\/zojopackaging.com\/pt\/wp-json\/wp\/v2\/product\/8035\/revisions"}],"predecessor-version":[{"id":8060,"href":"https:\/\/zojopackaging.com\/pt\/wp-json\/wp\/v2\/product\/8035\/revisions\/8060"}],"wp:featuredmedia":[{"embeddable":true,"href":"https:\/\/zojopackaging.com\/pt\/wp-json\/wp\/v2\/media\/8036"}],"wp:attachment":[{"href":"https:\/\/zojopackaging.com\/pt\/wp-json\/wp\/v2\/media?parent=8035"}],"wp:term":[{"taxonomy":"product_brand","embeddable":true,"href":"https:\/\/zojopackaging.com\/pt\/wp-json\/wp\/v2\/product_brand?post=8035"},{"taxonomy":"product_cat","embeddable":true,"href":"https:\/\/zojopackaging.com\/pt\/wp-json\/wp\/v2\/product_cat?post=8035"},{"taxonomy":"product_tag","embeddable":true,"href":"https:\/\/zojopackaging.com\/pt\/wp-json\/wp\/v2\/product_tag?post=8035"}],"curies":[{"name":"wp","href":"https:\/\/api.w.org\/{rel}","templated":true}]}}