{"id":8044,"date":"2025-03-23T13:26:13","date_gmt":"2025-03-23T05:26:13","guid":{"rendered":"https:\/\/zojopackaging.com\/?post_type=product&#038;p=8044"},"modified":"2025-03-23T16:13:21","modified_gmt":"2025-03-23T08:13:21","slug":"custom-high-quality-pen-packaging-box-factory-wholesale","status":"publish","type":"product","link":"https:\/\/zojopackaging.com\/pt\/product\/custom-high-quality-pen-packaging-box-factory-wholesale\/","title":{"rendered":"Caixa de embalagem de caneta de alta qualidade personalizada por atacado da f\u00e1brica"},"content":{"rendered":"<h3 id=\"customized-high-quality-pen-packaging-factory-wholesale-instructions\">Instru\u00e7\u00f5es personalizadas da f\u00e1brica de embalagens de canetas de alta qualidade por atacado<\/h3>\n<h4 id=\"1-minimalist-design-and-environmental-sustainability\">1. Design minimalista e sustentabilidade ambiental<\/h4>\n<p>O conceito central da embalagem personalizada de alta qualidade para canetas \u00e9 a integra\u00e7\u00e3o de\u00a0<strong>design minimalista<\/strong>\u00a0e\u00a0<strong>sustentabilidade ambiental<\/strong>. A utiliza\u00e7\u00e3o de materiais degrad\u00e1veis (como o PLA e o papel ecol\u00f3gico) e de tecnologia ligeira pode n\u00e3o s\u00f3 reduzir o desperd\u00edcio de recursos, mas tamb\u00e9m reduzir os custos de transporte. Por exemplo, a utiliza\u00e7\u00e3o de 300 gramas de cart\u00e3o cinzento branco ou de material de pasta reciclada n\u00e3o s\u00f3 satisfaz a exig\u00eancia de prote\u00e7\u00e3o ambiental do consumidor moderno, como tamb\u00e9m melhora a rela\u00e7\u00e3o custo-efic\u00e1cia, simplificando a conce\u00e7\u00e3o estrutural (como a redu\u00e7\u00e3o de revestimentos redundantes).<\/p>\n<h4 id=\"2-classic-color-matching-white-and-gray\">2. Combina\u00e7\u00e3o cl\u00e1ssica de cores: branco e cinzento<\/h4>\n<p>O esquema de cores branco e cinzento \u00e9 um\u00a0<strong>cl\u00e1ssico e multi-cen\u00e1rio<\/strong>\u00a0escolha. O branco simboliza a pureza e a simplicidade, e o cinzento representa a estabilidade e o sentimento de topo de gama. A combina\u00e7\u00e3o dos dois pode ser adaptada a presentes de neg\u00f3cios, artigos de papelaria para estudantes e outros cen\u00e1rios. Por exemplo, o tipo de caixa de tampa superior e inferior \u00e9 combinado com um fundo cinzento mate e um LOGOTIPO branco de estampagem a quente, o que pode n\u00e3o s\u00f3 aumentar o reconhecimento da marca, mas tamb\u00e9m transmitir um tom de marca discreto e luxuoso.<\/p>\n<h4 id=\"3-diversified-box-customization\">3. Personaliza\u00e7\u00e3o diversificada da caixa<\/h4>\n<p>A f\u00e1brica suporta\u00a0<strong>v\u00e1rios modelos de caixas<\/strong>, incluindo:<\/p>\n<ul>\n<li><strong>Caixas com tampa superior e inferior<\/strong>: adequado para canetas topo de gama, refor\u00e7ando a sensa\u00e7\u00e3o de cerim\u00f3nia de abertura da caixa;<\/li>\n<li><strong>Caixas extra\u00edveis<\/strong>: conveniente para apresentar v\u00e1rios conjuntos de canetas, melhorando o efeito de visualiza\u00e7\u00e3o;<\/li>\n<li><strong>Caixas de ventosas magn\u00e9ticas flip-top<\/strong>: combinado com um mecanismo de fecho magn\u00e9tico, simplificando a a\u00e7\u00e3o de abertura e fecho;<\/li>\n<li><strong>Caixas de formato especial<\/strong>O design das caixas pode ser feito de v\u00e1rias formas: como caixas cil\u00edndricas ou hexagonais, para satisfazer as necessidades das marcas criativas. Atrav\u00e9s de um design de caixa diferenciado, os pontos de mem\u00f3ria da marca podem ser refor\u00e7ados.<\/li>\n<\/ul>\n<h4 id=\"4-magnetic-suction-closing-mechanism\">4. Mecanismo de fecho por suc\u00e7\u00e3o magn\u00e9tica<\/h4>\n<p><strong>Design com fecho magn\u00e9tico<\/strong>\u00a0n\u00e3o s\u00f3 proporciona uma experi\u00eancia de utiliza\u00e7\u00e3o conveniente, como tamb\u00e9m melhora a intera\u00e7\u00e3o com o consumidor atrav\u00e9s do som de \"clique\" da adsor\u00e7\u00e3o magn\u00e9tica. Por exemplo, a utiliza\u00e7\u00e3o de \u00edmanes de neod\u00edmio ferro boro incorporados, que s\u00e3o altamente ocultos e t\u00eam uma for\u00e7a de adsor\u00e7\u00e3o est\u00e1vel, \u00e9 adequada para caixas flip-top ou estruturas de caixa dividida. Este design tem sido amplamente utilizado em caixas de embalagem de instrumentos de beleza para reduzir a taxa de perda de abertura e fecho.<\/p>\n<h4 id=\"5-material-selection-and-value-enhancement\">5. Sele\u00e7\u00e3o de materiais e aumento do valor<\/h4>\n<p>A f\u00e1brica fornece\u00a0<strong>diversos materiais<\/strong>\u00a0personaliza\u00e7\u00e3o:<\/p>\n<ul>\n<li><strong>Papel<\/strong>: cart\u00e3o branco, papel cart\u00e3o cinzento, adequado ao estilo minimalista empresarial;<\/li>\n<li><strong>Pl\u00e1stico<\/strong>: Caixa transparente PP, PETG, design do corpo da caneta para apresenta\u00e7\u00e3o;<\/li>\n<li><strong>Material comp\u00f3sito<\/strong>: forro em EVA flocado + revestimento r\u00edgido, tendo em conta a prote\u00e7\u00e3o e o tato;<\/li>\n<li><strong>Prote\u00e7\u00e3o do ambiente<\/strong>: Material PLA biodegrad\u00e1vel, em conformidade com a imagem de marca verde.<\/li>\n<\/ul>\n<h4 id=\"6-inner-tray-customization-and-protection-function\">6. Fun\u00e7\u00e3o de personaliza\u00e7\u00e3o e prote\u00e7\u00e3o do tabuleiro interior<\/h4>\n<p><strong>Tabuleiro interior personalizado<\/strong>\u00a0\u00e9 a chave para a prote\u00e7\u00e3o e exibi\u00e7\u00e3o:<\/p>\n<ul>\n<li><strong>Espuma EVA<\/strong>: moldado de acordo com a forma da caneta, \u00e0 prova de choque e resistente \u00e0 press\u00e3o;<\/li>\n<li><strong>Forro flocado<\/strong>: toque de realce, adequado para presentes de alta qualidade;<\/li>\n<li><strong>Design amov\u00edvel em camadas<\/strong>: c\u00f3modo para classificar e guardar v\u00e1rias canetas.<\/li>\n<\/ul>\n<h4 id=\"vii-advantages-of-the-source-factory\">VII. Vantagens da f\u00e1brica de mat\u00e9rias-primas<\/h4>\n<p>Como\u00a0<strong>f\u00e1brica de origem<\/strong>A nossa empresa presta os seguintes servi\u00e7os:<\/p>\n<ul>\n<li><strong>Prova e conce\u00e7\u00e3o gratuitas<\/strong>: suporta estampagem a quente do LOGOTIPO, serigrafia e outros processos;<\/li>\n<li><strong>Qualidade control\u00e1vel<\/strong>: inspe\u00e7\u00e3o de qualidade total desde a aquisi\u00e7\u00e3o de mat\u00e9rias-primas at\u00e9 \u00e0 entrega do produto acabado;<\/li>\n<li><strong>Resposta r\u00e1pida<\/strong>: a personaliza\u00e7\u00e3o \u00e9 conclu\u00edda num prazo de 7 a 15 dias \u00fateis.<\/li>\n<\/ul>\n<h4 id=\"viii-fully-automatic-production-and-delivery-guarantee\">VIII. Produ\u00e7\u00e3o totalmente autom\u00e1tica e garantia de entrega<\/h4>\n<p>A f\u00e1brica est\u00e1 equipada com\u00a0<strong>linhas de produ\u00e7\u00e3o totalmente autom\u00e1ticas<\/strong>, incluindo:<\/p>\n<ul>\n<li><strong>M\u00e1quina de corte e vinco CNC<\/strong>: erro de exatid\u00e3o \u22640,2 mm;<\/li>\n<li><strong>M\u00e1quina de moldagem por inje\u00e7\u00e3o de alta velocidade<\/strong>: capacidade de produ\u00e7\u00e3o di\u00e1ria superior a 1 milh\u00e3o de pe\u00e7as;<\/li>\n<li><strong>Sistema log\u00edstico inteligente<\/strong>empilhamento e embalagem autom\u00e1ticos, reduzindo a interven\u00e7\u00e3o manual.<\/li>\n<\/ul>\n<h3 id=\"summary\">Resumo<\/h3>\n<p>A personaliza\u00e7\u00e3o de caixas de embalagem de canetas de alta qualidade exige que se tenha em conta o design, a fun\u00e7\u00e3o e a efici\u00eancia. Atrav\u00e9s de conceitos minimalistas de prote\u00e7\u00e3o ambiental, correspond\u00eancia cl\u00e1ssica de cores, tipos diversificados de caixas e fecho magn\u00e9tico e outros designs inovadores, combinados com a produ\u00e7\u00e3o em grande escala e o rigoroso controlo de qualidade da f\u00e1brica de origem, pode ser criada uma solu\u00e7\u00e3o de embalagem que \u00e9 simultaneamente pr\u00e1tica e bonita para a marca. Desde amostras gratuitas at\u00e9 \u00e0 entrega totalmente autom\u00e1tica, o servi\u00e7o de balc\u00e3o \u00fanico da f\u00e1brica ajuda as marcas a aproveitarem as oportunidades de mercado.<\/p>","protected":false},"excerpt":{"rendered":"<p>Atrav\u00e9s de conceitos minimalistas de prote\u00e7\u00e3o ambiental, combina\u00e7\u00e3o cl\u00e1ssica de cores, tipos diversificados de caixas e fecho magn\u00e9tico e outros designs inovadores.<\/p>","protected":false},"featured_media":8047,"template":"","meta":[],"product_brand":[],"product_cat":[31,30,413,424],"product_tag":[487,488,486],"class_list":{"0":"post-8044","1":"product","2":"type-product","3":"status-publish","4":"has-post-thumbnail","6":"product_cat-paper-box-style","7":"product_cat-by-industry","8":"product_cat-consumer-electronics-boxes","9":"product_cat-magnetic-closure-boxes","10":"product_tag-custom-pen-packaging","11":"product_tag-pen-box-wholesale","12":"product_tag-pen-packaging-factory","14":"first","15":"instock","16":"shipping-taxable","17":"product-type-simple"},"_links":{"self":[{"href":"https:\/\/zojopackaging.com\/pt\/wp-json\/wp\/v2\/product\/8044","targetHints":{"allow":["GET"]}}],"collection":[{"href":"https:\/\/zojopackaging.com\/pt\/wp-json\/wp\/v2\/product"}],"about":[{"href":"https:\/\/zojopackaging.com\/pt\/wp-json\/wp\/v2\/types\/product"}],"version-history":[{"count":1,"href":"https:\/\/zojopackaging.com\/pt\/wp-json\/wp\/v2\/product\/8044\/revisions"}],"predecessor-version":[{"id":8059,"href":"https:\/\/zojopackaging.com\/pt\/wp-json\/wp\/v2\/product\/8044\/revisions\/8059"}],"wp:featuredmedia":[{"embeddable":true,"href":"https:\/\/zojopackaging.com\/pt\/wp-json\/wp\/v2\/media\/8047"}],"wp:attachment":[{"href":"https:\/\/zojopackaging.com\/pt\/wp-json\/wp\/v2\/media?parent=8044"}],"wp:term":[{"taxonomy":"product_brand","embeddable":true,"href":"https:\/\/zojopackaging.com\/pt\/wp-json\/wp\/v2\/product_brand?post=8044"},{"taxonomy":"product_cat","embeddable":true,"href":"https:\/\/zojopackaging.com\/pt\/wp-json\/wp\/v2\/product_cat?post=8044"},{"taxonomy":"product_tag","embeddable":true,"href":"https:\/\/zojopackaging.com\/pt\/wp-json\/wp\/v2\/product_tag?post=8044"}],"curies":[{"name":"wp","href":"https:\/\/api.w.org\/{rel}","templated":true}]}}