{"id":8050,"date":"2025-03-23T14:37:18","date_gmt":"2025-03-23T06:37:18","guid":{"rendered":"https:\/\/zojopackaging.com\/?post_type=product&#038;p=8050"},"modified":"2025-03-23T14:47:26","modified_gmt":"2025-03-23T06:47:26","slug":"high-quality-low-moq-car-fragrance-packaging-box-gift-package","status":"publish","type":"product","link":"https:\/\/zojopackaging.com\/pt\/product\/high-quality-low-moq-car-fragrance-packaging-box-gift-package\/","title":{"rendered":"Caixa de embalagem de fragr\u00e2ncia de carro de alta qualidade e baixo MOQ Pacote de presente"},"content":{"rendered":"<h2 id=\"high-end-car-perfume-packaging-customization-guide-7-innovations-in-environmental-protection-texture-and-experience\">Guia de personaliza\u00e7\u00e3o de embalagens de perfumes para autom\u00f3veis topo de gama: 7 inova\u00e7\u00f5es em termos de prote\u00e7\u00e3o ambiental, textura e experi\u00eancia<\/h2>\n<h3 id=\"introduction\">Introdu\u00e7\u00e3o<\/h3>\n<p>Impulsionadas pelo duplo impulso da moderniza\u00e7\u00e3o do consumo e da prote\u00e7\u00e3o ambiental, as embalagens de perfumes para autom\u00f3veis est\u00e3o a sofrer uma mudan\u00e7a qualitativa de \"contentor funcional\" para \"suporte da marca\". Os dados mostram que a taxa de recompra das marcas de perfumes para autom\u00f3veis que utilizam embalagens sustent\u00e1veis aumentou 37%, e os designs com elevada experi\u00eancia de desembalagem podem aumentar a capacidade de pr\u00e9mio em 50%. Este artigo combina as tend\u00eancias da ind\u00fastria e as pr\u00e1ticas de produ\u00e7\u00e3o para analisar como alcan\u00e7ar um equil\u00edbrio entre a prote\u00e7\u00e3o ambiental, a fun\u00e7\u00e3o e o valor da marca atrav\u00e9s de solu\u00e7\u00f5es de personaliza\u00e7\u00e3o de baixo MOQ.<\/p>\n<h3 id=\"1-minimalist-design-pioneer-practice-of-sustainable-packaging\">1. Design minimalista: Pr\u00e1tica pioneira de embalagem sustent\u00e1vel<\/h3>\n<p><strong>Inova\u00e7\u00e3o em materiais amigos do ambiente<\/strong><\/p>\n<ul>\n<li><strong>Sistema recicl\u00e1vel<\/strong>: Utilizando cart\u00e3o canelado certificado pelo FSC e pl\u00e1stico PET reciclado, a taxa de reciclagem das caixas de embalagem pode atingir 92%, e as emiss\u00f5es de carbono do transporte podem ser reduzidas em 30% (consultar\u00a0<a href=\"https:\/\/sustainablepackaging.org\/\" target=\"_blank\" rel=\"noopener\">Norma de Certifica\u00e7\u00e3o Sustent\u00e1vel SEA<\/a>).<\/li>\n<li><strong>Solu\u00e7\u00e3o degrad\u00e1vel<\/strong>: Tabuleiro interior de material misto PLA+PBAT, completamente decomposto em 120 dias em ambiente de compostagem industrial, evitando a polui\u00e7\u00e3o por micropl\u00e1sticos.<\/li>\n<li><strong>Conce\u00e7\u00e3o da redu\u00e7\u00e3o<\/strong>: Atrav\u00e9s da engenharia estrutural, o volume da embalagem \u00e9 comprimido em 18%, e \u00e9 utilizado um tipo de caixa de encaixe sem cola (como caixa de avi\u00e3o, caixa de fundo de gancho) para reduzir o desperd\u00edcio de material.<\/li>\n<\/ul>\n<p><strong>Minimalismo visual<\/strong><\/p>\n<ul>\n<li>Base de cor s\u00f3lida de estilo n\u00f3rdico com LOGOTIPO em ouro mate quente, mostrando um sentido de tecnologia como a caixa de disseca\u00e7\u00e3o transparente Dyson;<\/li>\n<li>O design parcial da janela utiliza acr\u00edlico de base biol\u00f3gica, que n\u00e3o s\u00f3 mostra a forma do frasco de perfume como tamb\u00e9m reduz a utiliza\u00e7\u00e3o de tinta.<\/li>\n<\/ul>\n<h3 id=\"2-box-matrix-8-major-structures-to-adapt-to-all-scene-needs\">2. Matriz de caixas: 8 estruturas principais para se adaptar a todas as necessidades da cena<\/h3>\n<ol>\n<li><strong>Caixa de cabe\u00e7a e tampa<\/strong>\u00a0(linha topo de gama): Cart\u00e3o cinzento com 2 mm de espessura coberto com pel\u00edcula t\u00e1til, amortecimento de abertura e fecho compar\u00e1vel ao dos produtos Apple, adequado para cenas de presentes comerciais.<\/li>\n<li><strong>Caixa de gavetas<\/strong>\u00a0(cole\u00e7\u00e3o): encaixe de camada dupla + pista magn\u00e9tica, erro de suavidade de extra\u00e7\u00e3o &lt;0,3 mm, adequado para conjuntos de perfumes de edi\u00e7\u00e3o limitada.<\/li>\n<li><strong>Caixa em forma de livro<\/strong>\u00a0(articula\u00e7\u00e3o IP cultural): estrutura magn\u00e9tica de abertura lateral + estampagem a quente em relevo, pode ser incorporada com chip AR para mostrar a hist\u00f3ria da marca.<\/li>\n<li><strong>Caixa com formato especial<\/strong>\u00a0(mercado jovem): Caixa laser hexagonal com verniz local UV, reconhecimento refletor noturno aumentado por 60%.<\/li>\n<li><strong>Caixa combinada modular<\/strong>\u00a0(embalagem com v\u00e1rias garrafas): 3-6 garrafas podem ser livremente combinadas atrav\u00e9s de fivelas para reduzir os custos de armazenamento.<\/li>\n<\/ol>\n<h3 id=\"3-the-revolution-of-inner-support-4-types-of-materials-protect-product-safety\">3. A revolu\u00e7\u00e3o do suporte interno: 4 tipos de materiais protegem a seguran\u00e7a do produto<\/h3>\n<table>\n<thead>\n<tr>\n<th>Tipo de material<\/th>\n<th>Carater\u00edsticas<\/th>\n<th>Cen\u00e1rios aplic\u00e1veis<\/th>\n<\/tr>\n<\/thead>\n<tbody>\n<tr>\n<td><strong>Perfura\u00e7\u00e3o em EVA<\/strong><\/td>\n<td>Amortecimento de densidade 30D, resist\u00eancia ao choque superior ao algod\u00e3o p\u00e9rola<\/td>\n<td>Transporte de garrafas de vidro\/garrafas com formas especiais<\/td>\n<\/tr>\n<tr>\n<td><strong>Moldagem de pasta alveolar<\/strong><\/td>\n<td>Rolamento 8kg\/m\u00b2, tingimento de fibra vegetal personaliz\u00e1vel<\/td>\n<td>Edi\u00e7\u00e3o limitada sobre o tema da prote\u00e7\u00e3o do ambiente<\/td>\n<\/tr>\n<tr>\n<td><strong>Espuma de mem\u00f3ria<\/strong><\/td>\n<td>Curva adapt\u00e1vel do corpo da garrafa, precis\u00e3o de abertura do molde \u00b10,1mm<\/td>\n<td>Frasco de corte de cristal de alta qualidade<\/td>\n<\/tr>\n<tr>\n<td><strong>Veludo coberto de seda<\/strong><\/td>\n<td>Microfibra de 300 mesh, resistente a riscos e que melhora a sensa\u00e7\u00e3o de abertura da caixa<\/td>\n<td>Modelo de junta de luxo<\/td>\n<\/tr>\n<\/tbody>\n<\/table>\n<h3 id=\"4-brand-imprint-texture-upgrade-of-hot-stamping-process\">4. Impress\u00e3o da marca: Atualiza\u00e7\u00e3o da textura do processo de estampagem a quente<\/h3>\n<ul>\n<li><strong>Estampagem a quente tridimensional<\/strong>: Utilize uma folha de alum\u00ednio eletroqu\u00edmica ultra-fina de 0,1 mm para obter um efeito de relevo 3D (como a estampagem a quente axadrezada da BURBERRY);<\/li>\n<li><strong>Laser colorido<\/strong>: Atrav\u00e9s da tecnologia de nano-transfer\u00eancia, o LOGO pode apresentar um gradiente iridescente com a luz;<\/li>\n<li><strong>UV t\u00e1til<\/strong>: Revestimento mate com serigrafia parcial, fric\u00e7\u00e3o com as pontas dos dedos para produzir uma textura tipo camur\u00e7a.\u00a0<em>Caso<\/em>: Uma marca alem\u00e3 de fragr\u00e2ncias para autom\u00f3veis utiliza a tecnologia de estampagem a quente + grava\u00e7\u00e3o em relevo para aumentar o reconhecimento da marca em 43%.<\/li>\n<\/ul>\n<h3 id=\"5-unboxing-experience-5-major-accessories-to-create-memory-points\">5. Experi\u00eancia de desembalagem: 5 acess\u00f3rios principais para criar pontos de mem\u00f3ria<\/h3>\n<ol>\n<li><strong>Fita magn\u00e9tica<\/strong>Fita de 6 mm de largura com \u00edmanes de neod\u00edmio, pode ser embalada repetidamente e suportar at\u00e9 2 kg;<\/li>\n<li><strong>Cart\u00e3o eco-fragr\u00e2ncia<\/strong>: Cart\u00f5es de sementes impressos com tinta de soja, regador para cultivar plantas como a lavanda;<\/li>\n<li><strong>Anel de tra\u00e7\u00e3o inteligente<\/strong>: Chip NFC incorporado no punho, digitaliza\u00e7\u00e3o direta para a p\u00e1gina de ades\u00e3o \u00e0 marca;<\/li>\n<li><strong>Suporte dobr\u00e1vel<\/strong>: A caixa de embalagem transforma-se imediatamente num expositor de autom\u00f3veis e o revestimento UV resiste ao amarelecimento provocado pela luz solar;<\/li>\n<li><strong>Selo de cheiro<\/strong>: As microc\u00e1psulas s\u00e3o pr\u00e9-colocadas na caixa e a fragr\u00e2ncia de madeira de cedro \u00e9 libertada quando a caixa \u00e9 aberta.<\/li>\n<\/ol>\n<h3 id=\"vi-flexible-customization-3-major-modes-to-solve-the-minimum-order-quantity-dilemma\">6. Personaliza\u00e7\u00e3o flex\u00edvel: 3 modos principais para resolver o dilema da quantidade m\u00ednima de encomenda<\/h3>\n<ol>\n<li><strong>50 pe\u00e7as de personaliza\u00e7\u00e3o leve<\/strong>: impress\u00e3o digital + corte e vinco a laser, entrega em 72 horas, suporte de 1 imagem principal + 3 tipos de caixa;<\/li>\n<li><strong>Sistema de pre\u00e7os din\u00e2mico<\/strong>: utilizar a cota\u00e7\u00e3o escalonada para menos de 500 pe\u00e7as e reduzir a taxa de abertura de moldes em 30% atrav\u00e9s de moldes partilhados;<\/li>\n<li><strong>Colabora\u00e7\u00e3o na conce\u00e7\u00e3o da IA<\/strong>: carregue o tamanho da garrafa para gerar automaticamente solu\u00e7\u00f5es de embalagem em 3D, com mais de 200 combina\u00e7\u00f5es de materiais e processos.<\/li>\n<\/ol>\n<h3 id=\"vii-factory-direct-sales-4-fold-guarantee-to-build-a-closed-loop-of-trust\">7. Venda direta na f\u00e1brica: garantia de 4 vezes para criar um c\u00edrculo fechado de confian\u00e7a<\/h3>\n<ol>\n<li><strong>Custo zero de tentativa e erro<\/strong>: 3 amostras brancas + 2 amostras coloridas s\u00e3o fornecidas gratuitamente, apoiando testes destrutivos de transporte;<\/li>\n<li><strong>Produ\u00e7\u00e3o transparente<\/strong>: transmiss\u00e3o em direto do semin\u00e1rio durante 24 horas, WeChat para acompanhar os progressos nos pontos-chave;<\/li>\n<li><strong>Compromisso de qualidade<\/strong>: 21 processos de inspe\u00e7\u00e3o de qualidade, compromisso de indemniza\u00e7\u00e3o total por taxa de danos de transporte&gt;1%;<\/li>\n<li><strong>Financiamento verde<\/strong>: acesso \u00e0 plataforma de financiamento da cadeia de abastecimento, o pagamento antecipado do 30% pode iniciar a produ\u00e7\u00e3o<\/li>\n<\/ol>\n<h3 id=\"conclusion\">Conclus\u00e3o<\/h3>\n<p>Quando a prote\u00e7\u00e3o ambiental deixa de ser um encargo e quando o unboxing \u00e9 sublimado num ritual de marca, a embalagem de perfume para autom\u00f3veis est\u00e1 a tornar-se um consultor de vendas silencioso. Dos tabuleiros interiores em favo de mel degrad\u00e1veis \u00e0s fitas magn\u00e9ticas, da estampagem a laser colorida \u00e0 personaliza\u00e7\u00e3o inteligente com IA, todas as inova\u00e7\u00f5es est\u00e3o a redefinir o limite de valor da \"embalagem\". A escolha de uma solu\u00e7\u00e3o de embalagem que esteja em sintonia com a tecnologia de ponta n\u00e3o \u00e9 apenas uma decis\u00e3o comercial, mas tamb\u00e9m um compromisso respons\u00e1vel com um futuro sustent\u00e1vel.<\/p>","protected":false},"excerpt":{"rendered":"<p>Quando a prote\u00e7\u00e3o do ambiente j\u00e1 n\u00e3o \u00e9 um encargo e quando o unboxing \u00e9 sublimado num ritual de marca, a embalagem de perfume para autom\u00f3veis est\u00e1 a tornar-se um consultor de vendas silencioso.<\/p>","protected":false},"featured_media":8051,"template":"","meta":[],"product_brand":[],"product_cat":[31,30,417,425],"product_tag":[483,485,484],"class_list":{"0":"post-8050","1":"product","2":"type-product","3":"status-publish","4":"has-post-thumbnail","6":"product_cat-paper-box-style","7":"product_cat-by-industry","8":"product_cat-custom-perfume-boxes-by-industry","9":"product_cat-lid-and-base-gift-box","10":"product_tag-car-fragrance-box","11":"product_tag-fragrance-gift-packaging","12":"product_tag-fragrance-packaging-box","14":"first","15":"instock","16":"shipping-taxable","17":"product-type-simple"},"_links":{"self":[{"href":"https:\/\/zojopackaging.com\/pt\/wp-json\/wp\/v2\/product\/8050","targetHints":{"allow":["GET"]}}],"collection":[{"href":"https:\/\/zojopackaging.com\/pt\/wp-json\/wp\/v2\/product"}],"about":[{"href":"https:\/\/zojopackaging.com\/pt\/wp-json\/wp\/v2\/types\/product"}],"version-history":[{"count":1,"href":"https:\/\/zojopackaging.com\/pt\/wp-json\/wp\/v2\/product\/8050\/revisions"}],"predecessor-version":[{"id":8057,"href":"https:\/\/zojopackaging.com\/pt\/wp-json\/wp\/v2\/product\/8050\/revisions\/8057"}],"wp:featuredmedia":[{"embeddable":true,"href":"https:\/\/zojopackaging.com\/pt\/wp-json\/wp\/v2\/media\/8051"}],"wp:attachment":[{"href":"https:\/\/zojopackaging.com\/pt\/wp-json\/wp\/v2\/media?parent=8050"}],"wp:term":[{"taxonomy":"product_brand","embeddable":true,"href":"https:\/\/zojopackaging.com\/pt\/wp-json\/wp\/v2\/product_brand?post=8050"},{"taxonomy":"product_cat","embeddable":true,"href":"https:\/\/zojopackaging.com\/pt\/wp-json\/wp\/v2\/product_cat?post=8050"},{"taxonomy":"product_tag","embeddable":true,"href":"https:\/\/zojopackaging.com\/pt\/wp-json\/wp\/v2\/product_tag?post=8050"}],"curies":[{"name":"wp","href":"https:\/\/api.w.org\/{rel}","templated":true}]}}