{"id":8220,"date":"2025-03-25T17:19:48","date_gmt":"2025-03-25T09:19:48","guid":{"rendered":"https:\/\/zojopackaging.com\/?post_type=product&#038;p=8220"},"modified":"2025-03-25T17:19:50","modified_gmt":"2025-03-25T09:19:50","slug":"premium-custom-made-headphone-packaging-boxes-wholesale","status":"publish","type":"product","link":"https:\/\/zojopackaging.com\/pt\/product\/premium-custom-made-headphone-packaging-boxes-wholesale\/","title":{"rendered":"Caixas de embalagem de auscultadores Premium personalizadas por atacado"},"content":{"rendered":"<h1>Caixas de embalagem de auscultadores Premium personalizadas por atacado<\/h1>\n<h3 id=\"-1-double-sided-printed-airplane-box-environmental-protection-and-brand-dual-effect-empowerment-\"><strong>1. Caixa de correio impressa de dupla face: prote\u00e7\u00e3o ambiental e refor\u00e7o do duplo efeito da marca<\/strong><\/h3>\n<p>A caixa de correio impressa de dupla face produzida com papel ecol\u00f3gico baseia-se em papel de polpa crua certificado pelo FSC e cumpre a norma de prote\u00e7\u00e3o ambiental RoHS da UE. A tecnologia de impress\u00e3o de dupla face pode apresentar simultaneamente o LOGOTIPO da marca, os pontos de venda do produto e o design visual art\u00edstico, formando uma cobertura de informa\u00e7\u00e3o da marca de 360\u00b0. Por exemplo, a embalagem moldada em pasta de papel dos auscultadores Sony WF-1000XM4 reduz a utiliza\u00e7\u00e3o de tinta atrav\u00e9s da tecnologia de grava\u00e7\u00e3o em relevo, conseguindo um equil\u00edbrio entre a prote\u00e7\u00e3o ambiental e a est\u00e9tica. Este design pode aumentar o reconhecimento da marca em 20%-30%, especialmente adequado para produtos electr\u00f3nicos de consumo topo de gama.<\/p>\n<h3 id=\"-2-tearable-unboxing-design-extremely-fast-experience-upgrade-\"><strong>2. Design de rasgo com fecho de correr: Atualiza\u00e7\u00e3o extremamente r\u00e1pida da experi\u00eancia<\/strong><\/h3>\n<p>Estrutura inovadora destac\u00e1vel (como linha pr\u00e9-cortada + design de tira de rasgo com fecho de correr f\u00e1cil) para obter 1 segundo de desembalagem, os utilizadores podem aceder rapidamente aos produtos sem ferramentas. Este design refere-se ao conceito de processo de \"camada hidrof\u00f3bica de folha de l\u00f3tus\" da capa protetora Donglaiye AirPods e melhora a efici\u00eancia da intera\u00e7\u00e3o atrav\u00e9s da otimiza\u00e7\u00e3o da estrutura f\u00edsica. De acordo com as estat\u00edsticas, este tipo de design pode aumentar a satisfa\u00e7\u00e3o do utilizador com o unboxing em 35%, especialmente em linha com as necessidades de cen\u00e1rios de consumo acelerados.<\/p>\n<h3 id=\"-three-full-size-customization-service-precise-adaptation-to-multiple-categories-\"><strong>3. Servi\u00e7o de personaliza\u00e7\u00e3o em tamanho real: adapta\u00e7\u00e3o exacta a v\u00e1rias categorias<\/strong><\/h3>\n<p>Suporta a personaliza\u00e7\u00e3o de tamanho de categoria completa de produtos electr\u00f3nicos de consumo, abrangendo:<\/p>\n<ul>\n<li><strong>Auscultadores<\/strong>: Adaptar-se aos auriculares TWS (150\u00d7100\u00d740mm a 300\u00d7200\u00d7100mm)<\/li>\n<li><strong>Acess\u00f3rios<\/strong>como caixas de carregamento, caixas de armazenamento de cabos de dados<\/li>\n<li><strong>Extens\u00f5es<\/strong>: Solu\u00e7\u00f5es de embalagem compostas, tais como rel\u00f3gios inteligentes e altifalantes Bluetooth Atrav\u00e9s da tecnologia de modela\u00e7\u00e3o de digitaliza\u00e7\u00e3o 3D, garante-se que o erro de espa\u00e7o da cavidade interior \u00e9 \u22640,3 mm, cumprindo o elevado padr\u00e3o da ind\u00fastria de compress\u00e3o de volume 66% para embalagens de telem\u00f3veis Sony Xperia.<\/li>\n<\/ul>\n<h3 id=\"-fourth-matte-film-coating-process-triple-protection-system-\"><strong>4. Processo de revestimento de pel\u00edcula mate: sistema de prote\u00e7\u00e3o tripla<\/strong><\/h3>\n<p>Ado\u00e7\u00e3o da tecnologia de revestimento de pel\u00edcula mate \u00e0 base de \u00e1gua importada da Alemanha para alcan\u00e7ar:<\/p>\n<ul>\n<li><strong>Prote\u00e7\u00e3o f\u00edsica<\/strong>: O n\u00edvel de impermeabilidade atinge IPX4 e o desempenho anti-\u00f3leo passa no teste padr\u00e3o ASTM D618<\/li>\n<li><strong>Otimiza\u00e7\u00e3o visual<\/strong>Superf\u00edcie de dureza 7H anti-riscos, mantendo a diferen\u00e7a de cor de impress\u00e3o da marca \u0394E\u22641,5<\/li>\n<li><strong>Melhoria t\u00e1til<\/strong>: Textura mate semelhante \u00e0 da pele, formando uma concorr\u00eancia diferenciada com o toque de silicone l\u00edquido da capa protetora Apple AirPods Pro<\/li>\n<\/ul>\n<h3 id=\"-five-smart-lining-customization-brand-and-function-resonance-\"><strong>5. Personaliza\u00e7\u00e3o inteligente do forro: resson\u00e2ncia da marca e da fun\u00e7\u00e3o<\/strong><\/h3>\n<p>Fornecer uma solu\u00e7\u00e3o passo a passo:<\/p>\n<ol>\n<li><strong>Vers\u00e3o b\u00e1sica<\/strong>: Revestimento em EVA \u00e0 prova de choque (redu\u00e7\u00e3o de custo de 15%-20%)<\/li>\n<li><strong>Vers\u00e3o avan\u00e7ada<\/strong>: Corte especial em algod\u00e3o flocado\/p\u00e9rola (adaptando-se ao contorno dos auriculares curvos)<\/li>\n<li><strong>Vers\u00e3o definitiva<\/strong>: Estrutura magn\u00e9tica inteligente em camadas (fun\u00e7\u00e3o de armazenamento de acess\u00f3rios integrada) Apoio \u00e0 implanta\u00e7\u00e3o da cor da marca (taxa de cobertura de cor direta Pantone 98%), concretizando a experi\u00eancia imersiva de \"fora da caixa \u00e9 marca\"<\/li>\n<\/ol>\n<h3 id=\"-sixth-corrugated-material-application-cost-and-protection-\"><strong>6. Aplica\u00e7\u00e3o do material ondulado: custo e prote\u00e7\u00e3o<\/strong><\/h3>\n<p>\u00c9 selecionado o cart\u00e3o ondulado duplo BC (espessura 3,5-5 mm), que tem as seguintes carater\u00edsticas<\/p>\n<ul>\n<li><strong>Econ\u00f3mico<\/strong>: 30% custo mais baixo do que a embalagem em blister tradicional<\/li>\n<li><strong>Prote\u00e7\u00e3o<\/strong>: Resist\u00eancia \u00e0 press\u00e3o no bordo \u22658KN\/m, em conformidade com as normas de ensaio de transporte ISTA 3A<\/li>\n<li><strong>Ambiental<\/strong>: A taxa de reciclagem de materiais excede 95%, as emiss\u00f5es de carbono s\u00e3o reduzidas em 62% em compara\u00e7\u00e3o com as embalagens de pl\u00e1stico Atrav\u00e9s da conce\u00e7\u00e3o da estrutura em favo de mel, a taxa de danos no transporte \u00e9 inferior a 0,5%.<\/li>\n<\/ul>\n<h3 id=\"-seventh-all-black-minimalist-aesthetics-high-end-visual-language-\"><strong>7. Est\u00e9tica minimalista totalmente negra: linguagem visual topo de gama<\/strong><\/h3>\n<p>Adoptando a tecnologia de impress\u00e3o UV de 8 cores, pode alcan\u00e7ar:<\/p>\n<ul>\n<li><strong>Desempenho da cor<\/strong>: Valor L* de pureza do preto \u22642,5, atingindo o padr\u00e3o de cart\u00e3o de cor RAL 9005<\/li>\n<li><strong>Combina\u00e7\u00e3o de processos<\/strong>: Prata mate parcial a quente + grava\u00e7\u00e3o em relevo (por exemplo, processamento tridimensional do log\u00f3tipo da marca)<\/li>\n<li><strong>Extens\u00e3o de estilo<\/strong>: Remeter para o conceito de design minimalista da embalagem dos auscultadores Huawei para refor\u00e7ar a associa\u00e7\u00e3o da marca \"preto tecnol\u00f3gico\" e \"luxo leve\".<\/li>\n<\/ul>\n<h3 id=\"-eight-china-smart-manufacturing-service-zero-risk-cooperation-model-\"><strong>8. Servi\u00e7o de fabrico inteligente da China: Modelo de coopera\u00e7\u00e3o de risco zero<\/strong><\/h3>\n<p>As f\u00e1bricas diretamente exploradas na Cintura Industrial do Delta do Rio das P\u00e9rolas fornecem:<\/p>\n<ul>\n<li><strong>Apoio gratuito<\/strong>: Or\u00e7amento r\u00e1pido em 48 horas + prova em 72 horas + conce\u00e7\u00e3o original (incluindo 3 conjuntos de propostas)<\/li>\n<li><strong>Sistema de controlo da qualidade<\/strong>: Certifica\u00e7\u00e3o ISO9001\/BSCI aprovada, taxa de qualifica\u00e7\u00e3o do lote de produ\u00e7\u00e3o em massa \u2265 99,3%<\/li>\n<li><strong>Garantia de capacidade<\/strong>20 linhas de produ\u00e7\u00e3o automatizadas, suportando 500.000 pe\u00e7as\/m\u00eas de encomendas flex\u00edveis Baseando-nos na experi\u00eancia madura de empresas locais como a Chengguang Color Printing, fornecemos uma solu\u00e7\u00e3o \u00fanica desde o design \u00e0 log\u00edstica.<\/li>\n<\/ul>\n<p><strong>A\u00e7\u00e3o imediata<\/strong>:<\/p>\n<ol>\n<li>Relat\u00f3rio exclusivo de otimiza\u00e7\u00e3o de custos<\/li>\n<li>Efeito de maquete 3D<\/li>\n<li>Servi\u00e7o de entrega de amostras em 48 horas<\/li>\n<\/ol>\n<p>Atrav\u00e9s de embalagens personalizadas, o pr\u00e9mio da marca \u00e9 aumentado em 40%+, tornando cada momento de desembalagem um ponto de contacto de ouro para a comunica\u00e7\u00e3o da marca.<\/p>","protected":false},"excerpt":{"rendered":"<p>Caixa de correio de papel ondulado com fecho de correr para auscultadores, personaliza\u00e7\u00e3o de tamanho ilimitado, fornecimento direto de f\u00e1bricas chinesas, transporte plano poupa 60% de espa\u00e7o, marca de impress\u00e3o de dupla face \u00e9 mais atraente.<\/p>","protected":false},"featured_media":8222,"template":"","meta":[],"product_brand":[],"product_cat":[413,433],"product_tag":[625,626,627],"class_list":{"0":"post-8220","1":"product","2":"type-product","3":"status-publish","4":"has-post-thumbnail","6":"product_cat-consumer-electronics-boxes","7":"product_cat-shipping-mailer-boxes","8":"product_tag-custom-headphone-packaging","9":"product_tag-headphone-packaging-boxes","10":"product_tag-premium-headphone-boxes-wholesale","12":"first","13":"instock","14":"shipping-taxable","15":"product-type-simple"},"_links":{"self":[{"href":"https:\/\/zojopackaging.com\/pt\/wp-json\/wp\/v2\/product\/8220","targetHints":{"allow":["GET"]}}],"collection":[{"href":"https:\/\/zojopackaging.com\/pt\/wp-json\/wp\/v2\/product"}],"about":[{"href":"https:\/\/zojopackaging.com\/pt\/wp-json\/wp\/v2\/types\/product"}],"version-history":[{"count":2,"href":"https:\/\/zojopackaging.com\/pt\/wp-json\/wp\/v2\/product\/8220\/revisions"}],"predecessor-version":[{"id":8230,"href":"https:\/\/zojopackaging.com\/pt\/wp-json\/wp\/v2\/product\/8220\/revisions\/8230"}],"wp:featuredmedia":[{"embeddable":true,"href":"https:\/\/zojopackaging.com\/pt\/wp-json\/wp\/v2\/media\/8222"}],"wp:attachment":[{"href":"https:\/\/zojopackaging.com\/pt\/wp-json\/wp\/v2\/media?parent=8220"}],"wp:term":[{"taxonomy":"product_brand","embeddable":true,"href":"https:\/\/zojopackaging.com\/pt\/wp-json\/wp\/v2\/product_brand?post=8220"},{"taxonomy":"product_cat","embeddable":true,"href":"https:\/\/zojopackaging.com\/pt\/wp-json\/wp\/v2\/product_cat?post=8220"},{"taxonomy":"product_tag","embeddable":true,"href":"https:\/\/zojopackaging.com\/pt\/wp-json\/wp\/v2\/product_tag?post=8220"}],"curies":[{"name":"wp","href":"https:\/\/api.w.org\/{rel}","templated":true}]}}