{"id":8241,"date":"2025-03-25T17:56:39","date_gmt":"2025-03-25T09:56:39","guid":{"rendered":"https:\/\/zojopackaging.com\/?post_type=product&#038;p=8241"},"modified":"2025-03-25T18:34:06","modified_gmt":"2025-03-25T10:34:06","slug":"premium-aquarius-crystal-healing-stones-gift-set-box-factory","status":"publish","type":"product","link":"https:\/\/zojopackaging.com\/pt\/product\/premium-aquarius-crystal-healing-stones-gift-set-box-factory\/","title":{"rendered":"Conjunto de Pedras de Cura de Cristal de Aqu\u00e1rio Premium Caixa de F\u00e1brica"},"content":{"rendered":"<h2 id=\"-customized-plan-for-aquarius-crystal-healing-stone-gift-set-box\">Plano personalizado para caixa de presente de pedra de cura de cristal de aqu\u00e1rio<\/h2>\n<h3><strong>1. fecho magn\u00e9tico <\/strong><strong>caixa: est\u00e9tica simples e sentido ritual<\/strong><\/h3>\n<ul>\n<li><strong>Caixa com fecho magn\u00e9tico <\/strong>: O corpo da caixa adopta um design de \u00edman invis\u00edvel, sem acess\u00f3rios met\u00e1licos expostos, abertura e fecho suaves e silenciosos, evitando o problema de desgaste das fivelas magn\u00e9ticas tradicionais, real\u00e7ando a qualidade dos detalhes.<\/li>\n<li><strong>Significado do fecho magn\u00e9tico<\/strong>: Caixa de imita\u00e7\u00e3o de capa dura com fecho magn\u00e9tico, em conson\u00e2ncia com as carater\u00edsticas da constela\u00e7\u00e3o de Aqu\u00e1rio \"sabedoria e espiritualidade\", o processo de abertura \u00e9 como folhear um livro, refor\u00e7ando o sentido ritual da experi\u00eancia do utilizador.<\/li>\n<li><strong>Combina\u00e7\u00e3o est\u00e1vel de materiais<\/strong>: Cart\u00e3o cinzento de 1200 GSM + papel art\u00edstico revestido de 157 GSM, resistente \u00e0 press\u00e3o e \u00e0s quedas, utiliza\u00e7\u00e3o a longo prazo sem deforma\u00e7\u00e3o, adequado para a prote\u00e7\u00e3o da armazenagem e do transporte de cristais preciosos.<\/li>\n<\/ul>\n<h3 id=\"-2-double-sided-high-definition-printing-macaron-healing-color-system-\"><strong>2. Sistema de cores de cura de macaron para impress\u00e3o de dupla face em alta defini\u00e7\u00e3o<\/strong><\/h3>\n<ul>\n<li><strong>Impress\u00e3o frente e verso de alta precis\u00e3o<\/strong>A tecnologia de impress\u00e3o \u00e9 utilizada em ambos os lados, a resolu\u00e7\u00e3o do padr\u00e3o atinge 300 dpi, a transi\u00e7\u00e3o de cores \u00e9 natural e os elementos do Aqu\u00e1rio, como o c\u00e9u estrelado e o fluxo de \u00e1gua, s\u00e3o v\u00edvidos na superf\u00edcie da caixa, com um forte impacto visual.<\/li>\n<li><strong>Correspond\u00eancia de cores do gradiente Macaron<\/strong>: O azul claro, o roxo claro, o cinzento nevoeiro e outras cores de baixa satura\u00e7\u00e3o s\u00e3o os tons principais, que aliviam suavemente a fadiga visual e transmitem a conota\u00e7\u00e3o do produto de \"aliviar as emo\u00e7\u00f5es e purificar a energia\".<\/li>\n<li><strong>Tecnologia de pel\u00edcula mate de superf\u00edcie<\/strong>: Anti-impress\u00e3o digital, anti-riscos, toque delicado, garante que o padr\u00e3o impresso \u00e9 duradouro e claro, sem diferen\u00e7a de cor, e a sensa\u00e7\u00e3o de qualidade aumenta o espa\u00e7o premium da marca.<\/li>\n<\/ul>\n<h3 id=\"-3-deep-customization-service-exclusive-adaptation-from-lining-to-outer-box-\"><strong>3. Servi\u00e7o de personaliza\u00e7\u00e3o profunda: adapta\u00e7\u00e3o exclusiva do forro \u00e0 caixa exterior<\/strong><\/h3>\n<ol>\n<li><strong>Conce\u00e7\u00e3o flex\u00edvel do revestimento<\/strong><\/li>\n<li><strong>Forro fixo<\/strong>: Personaliza\u00e7\u00e3o da esponja EPE ou da ranhura de flanela, adapta\u00e7\u00e3o precisa \u00e0 forma das pedras de cura (como pir\u00e2mides, p\u00eandulos e pedras brutas), reduzindo o desgaste por vibra\u00e7\u00e3o.<\/li>\n<li><strong>Revestimento do ecr\u00e3<\/strong>: suporte em acr\u00edlico transparente + estrutura em camadas, apresenta\u00e7\u00e3o tridimensional da textura e do brilho do cristal, refor\u00e7ando o ponto de venda \"visualiza\u00e7\u00e3o de energia\".<\/li>\n<li><strong>Decora\u00e7\u00e3o personalizada da caixa exterior<\/strong><\/li>\n<li><strong>S\u00edmbolo de constela\u00e7\u00e3o personalizado<\/strong>: estampagem a quente\/impress\u00e3o em prata quente do mapa da constela\u00e7\u00e3o de Aqu\u00e1rio ou do amuleto guardi\u00e3o da constela\u00e7\u00e3o, acrescentando mist\u00e9rio.<\/li>\n<li><strong>Acess\u00f3rios adicionais<\/strong>O conjunto pode ser acompanhado de marcadores de livros met\u00e1licos e cart\u00f5es de interpreta\u00e7\u00e3o de constela\u00e7\u00f5es, para aumentar o valor acrescentado do conjunto.<\/li>\n<\/ol>\n<h3 id=\"-fourth-the-core-advantages-of-china-s-source-factory-\"><strong>4. As principais vantagens da f\u00e1brica de origem chinesa<\/strong><\/h3>\n<ul>\n<li><strong>Amostra a custo zero<\/strong>: desenho de renderiza\u00e7\u00e3o 3D gratuito, entrega de amostras de material, ap\u00f3s confirma\u00e7\u00e3o, produ\u00e7\u00e3o, risco zero para iniciar a coopera\u00e7\u00e3o.<\/li>\n<li><strong>Redu\u00e7\u00e3o de pre\u00e7o do 40%<\/strong>: fornecimento direto da f\u00e1brica sem diferen\u00e7a de pre\u00e7o interm\u00e9dio, 500 pe\u00e7as de pre\u00e7o de encomenda t\u00e3o baixo quanto XX yuan, apoio \u00e0 encomenda flex\u00edvel de pequenos lotes.<\/li>\n<li><strong>15 dias de entrega r\u00e1pida<\/strong>: linha de produ\u00e7\u00e3o pr\u00f3pria + armazenagem inteligente, encomendas nacionais expedidas no prazo de 7 dias, solu\u00e7\u00f5es log\u00edsticas globais (DHL\/FedEx) opcionais.<\/li>\n<\/ul>\n<h3 id=\"-highlights-of-commercial-value-\"><strong>Destaques do valor comercial<\/strong><\/h3>\n<p>\u2705\u00a0<strong>Aumentar a taxa de recompra<\/strong>: As caixas de oferta de elevado valor estimulam o desejo de colecionar dos utilizadores e promovem a estrat\u00e9gia de marketing \"cole\u00e7\u00e3o de conjuntos\". \u2705\u00a0<strong>Reduzir os custos p\u00f3s-venda<\/strong>: Tipo de caixa resistente \u00e0 press\u00e3o + forro personalizado controla a taxa de danos de transporte abaixo de 0,5%. \u2705\u00a0<strong>Cis\u00e3o da comunica\u00e7\u00e3o social<\/strong>: A cor do macaron + o design de cura facilmente leva os utilizadores a tirar fotografias e a partilh\u00e1-las, aumentando a exposi\u00e7\u00e3o da marca.<\/p>\n<p><strong>Tome medidas agora para conquistar o mercado do tema Aquarius!\u00a0<\/strong>Forne\u00e7a o tamanho do seu produto, o conceito de design e a quantidade m\u00ednima de encomenda, e receba planos de design e or\u00e7amentos gratuitos no prazo de 24 horas. Com pre\u00e7os e artesanato de origem, d\u00ea \u00e0s suas pedras curativas um \"contentor de energia\" insubstitu\u00edvel!<\/p>\n<p><strong>Cen\u00e1rios de aplica\u00e7\u00e3o de aterragem<\/strong><\/p>\n<ol>\n<li><strong>Caixa de oferta de produto \u00fanico topo de gama<\/strong>: Emparelhado com uma \u00fanica pedra de cura de alta energia (como a \u00e1gua-marinha, a ametista), centra-se no mercado dos presentes de anivers\u00e1rio\/zod\u00edaco.<\/li>\n<li><strong>Combina\u00e7\u00e3o de conjuntos de cura<\/strong>: Cont\u00e9m 7 cristais com diferentes fun\u00e7\u00f5es (conjunto de chakras), com um manual de instru\u00e7\u00f5es adicional, destinado aos entusiastas do corpo, da mente e do esp\u00edrito.<\/li>\n<li><strong>Artigos de marca conjunta<\/strong>: Cooperar com astr\u00f3logos e bloggers de energia para lan\u00e7ar caixas de oferta de edi\u00e7\u00e3o limitada, acrescentando o efeito econ\u00f3mico de f\u00e3 IP.<\/li>\n<\/ol>","protected":false},"excerpt":{"rendered":"<p>Caixa de presente com fecho magn\u00e9tico impresso a cores de alta defini\u00e7\u00e3o e dupla face, cores de cura macaron adaptadas \u00e0s pedras de cura de cristal, fornecimento direto da f\u00e1brica suporta um design exclusivo, abertura e fecho visualmente simples e suave!<\/p>","protected":false},"featured_media":8242,"template":"","meta":[],"product_brand":[],"product_cat":[30,423,424],"product_tag":[633,632,631],"class_list":{"0":"post-8241","1":"product","2":"type-product","3":"status-publish","4":"has-post-thumbnail","6":"product_cat-by-industry","7":"product_cat-custom-presentation-boxes-by-industry","8":"product_cat-magnetic-closure-boxes","9":"product_tag-crystal-gift-box-factory","10":"product_tag-crystal-healing-gift-set-box","11":"product_tag-crystal-healing-stones-box","13":"first","14":"instock","15":"shipping-taxable","16":"product-type-simple"},"_links":{"self":[{"href":"https:\/\/zojopackaging.com\/pt\/wp-json\/wp\/v2\/product\/8241","targetHints":{"allow":["GET"]}}],"collection":[{"href":"https:\/\/zojopackaging.com\/pt\/wp-json\/wp\/v2\/product"}],"about":[{"href":"https:\/\/zojopackaging.com\/pt\/wp-json\/wp\/v2\/types\/product"}],"version-history":[{"count":1,"href":"https:\/\/zojopackaging.com\/pt\/wp-json\/wp\/v2\/product\/8241\/revisions"}],"predecessor-version":[{"id":8247,"href":"https:\/\/zojopackaging.com\/pt\/wp-json\/wp\/v2\/product\/8241\/revisions\/8247"}],"wp:featuredmedia":[{"embeddable":true,"href":"https:\/\/zojopackaging.com\/pt\/wp-json\/wp\/v2\/media\/8242"}],"wp:attachment":[{"href":"https:\/\/zojopackaging.com\/pt\/wp-json\/wp\/v2\/media?parent=8241"}],"wp:term":[{"taxonomy":"product_brand","embeddable":true,"href":"https:\/\/zojopackaging.com\/pt\/wp-json\/wp\/v2\/product_brand?post=8241"},{"taxonomy":"product_cat","embeddable":true,"href":"https:\/\/zojopackaging.com\/pt\/wp-json\/wp\/v2\/product_cat?post=8241"},{"taxonomy":"product_tag","embeddable":true,"href":"https:\/\/zojopackaging.com\/pt\/wp-json\/wp\/v2\/product_tag?post=8241"}],"curies":[{"name":"wp","href":"https:\/\/api.w.org\/{rel}","templated":true}]}}