{"id":8261,"date":"2025-03-25T19:04:36","date_gmt":"2025-03-25T11:04:36","guid":{"rendered":"https:\/\/zojopackaging.com\/?post_type=product&#038;p=8261"},"modified":"2025-03-25T19:08:32","modified_gmt":"2025-03-25T11:08:32","slug":"custom-printed-quality-pen-packaging-gift-boxes-wholesale","status":"publish","type":"product","link":"https:\/\/zojopackaging.com\/pt\/product\/custom-printed-quality-pen-packaging-gift-boxes-wholesale\/","title":{"rendered":"Caixas de presente com impress\u00e3o personalizada de qualidade para caneta por atacado"},"content":{"rendered":"<h2 id=\"-wholesale-instructions-for-customized-gift-boxes-for-high-end-pens-dual-empowerment-of-craftsmanship-and-brand-value-\"><strong>Instru\u00e7\u00f5es por grosso para caixas de oferta personalizadas para canetas topo de gama<\/strong><\/h2>\n<h3 id=\"-1-environmentally-friendly-and-sturdy-materials-laying-a-high-end-tone-\"><strong>1. Materiais resistentes e amigos do ambiente, com um tom de alta qualidade<\/strong><\/h3>\n<ul>\n<li><strong>Cart\u00e3o cinzento de 1200 GSM + papel de arte revestido de 157 GSM<\/strong>: Os materiais duplos de elevado peso garantem que o corpo da caixa \u00e9 resistente \u00e0 press\u00e3o e \u00e0 queda, com uma capacidade de carga superior a 5 kg, resistindo eficazmente ao impacto externo durante o transporte e reduzindo a taxa de danos na carga.<\/li>\n<li><strong>Certifica\u00e7\u00e3o ambiental<\/strong>: O papel obteve a certifica\u00e7\u00e3o FSC, a tinta cumpre a norma REACH da UE, \u00e9 recicl\u00e1vel e degrad\u00e1vel e est\u00e1 em conformidade com a estrat\u00e9gia de desenvolvimento sustent\u00e1vel da empresa.<\/li>\n<\/ul>\n<h3 id=\"-2-magnetic-book-shaped-box-design-luxury-in-simplicity-\"><strong>2. Design de caixa com fecho magn\u00e9tico: luxo na simplicidade<\/strong><\/h3>\n<ul>\n<li><strong>Fecho magn\u00e9tico invis\u00edvel<\/strong>: Design sem fecho magn\u00e9tico exposto, abertura e fecho suaves e silenciosos, evitando o problema de desgaste e queda da fivela magn\u00e9tica tradicional, e a vida \u00fatil \u00e9 aumentada em mais de 3 vezes.<\/li>\n<li><strong>Estrutura da caixa com fecho magn\u00e9tico<\/strong>: Abrir a caixa \u00e9 como folhear um livro, dando aos utilizadores uma sensa\u00e7\u00e3o de ritual, e o corpo da caixa pode ser reutilizado como caixa de arruma\u00e7\u00e3o e caixa de exposi\u00e7\u00e3o para prolongar o ciclo de exposi\u00e7\u00e3o da marca.<\/li>\n<li><strong>Fundo preto mate completo<\/strong>: Impress\u00e3o Pantone a preto, sobreposta com part\u00edculas peroladas finas, discreta e texturada, adequada para neg\u00f3cios, luxo ligeiro, arte e outros tons de marca.<\/li>\n<\/ul>\n<h3 id=\"-three-high-definition-printing-deep-customization-accurate-delivery-of-brand-value-\"><strong>Tr\u00eas, impress\u00e3o de alta defini\u00e7\u00e3o + personaliza\u00e7\u00e3o profunda, entrega exacta do valor da marca<\/strong><\/h3>\n<ol>\n<li><strong>Impress\u00e3o com dupla diferen\u00e7a de cor zero<\/strong><\/li>\n<li>Utilizando uma m\u00e1quina de impress\u00e3o UV de 8 cores, a precis\u00e3o do padr\u00e3o atinge 300 dpi, as linhas de texto s\u00e3o claras e sem rebarbas e a transi\u00e7\u00e3o de gradiente \u00e9 natural, garantindo a apresenta\u00e7\u00e3o perfeita de detalhes como o LOGOTIPO da marca e a textura de estampagem a quente.<\/li>\n<li>A superf\u00edcie \u00e9 coberta por uma pel\u00edcula mate\/filme t\u00e1til, que \u00e9 resistente a riscos e ao desgaste e n\u00e3o se desvanece ap\u00f3s uma utiliza\u00e7\u00e3o prolongada.<\/li>\n<li><strong>Prote\u00e7\u00e3o personalizada do forro em EVA<\/strong><\/li>\n<li><strong>Tamp\u00e3o anti-choque<\/strong>: Material EVA de alta densidade (dureza 40\u00b0-50\u00b0) corpo de caneta fixo com ranhuras, adequado para v\u00e1rios conjuntos, como canetas de tinta permanente, frascos de tinta, certificados, etc., e a taxa de danos no transporte \u00e9 pr\u00f3xima de zero.<\/li>\n<li><strong>Atualiza\u00e7\u00e3o visual<\/strong>: revestimento opcional em seda, para aumentar a sensa\u00e7\u00e3o de luxo ao abrir a caixa, ou suporte em acr\u00edlico transparente para real\u00e7ar os pormenores artesanais, como o entalhe da ponta da caneta.<\/li>\n<\/ol>\n<h3 id=\"-fourth-direct-supply-from-chinese-factories-0-risk-customized-service-\"><strong>4. Fornecimento direto das f\u00e1bricas chinesas, servi\u00e7o personalizado de risco 0<\/strong><\/h3>\n<ul>\n<li><strong>Apoio gratuito \u00e0 conce\u00e7\u00e3o<\/strong>: Fornecer renderiza\u00e7\u00f5es em 3D, provas f\u00edsicas, apoiar solu\u00e7\u00f5es personalizadas, tais como estampagem a quente do LOGO, textura em relevo, correspond\u00eancia de cores de fitas, etc., e colocar em produ\u00e7\u00e3o 72 horas ap\u00f3s a confirma\u00e7\u00e3o.<\/li>\n<li><strong>Redu\u00e7\u00e3o de pre\u00e7o de 35%<\/strong>: A f\u00e1brica de origem elimina a diferen\u00e7a de pre\u00e7os dos intermedi\u00e1rios, e o pre\u00e7o de encomenda de 500 pe\u00e7as \u00e9 t\u00e3o baixo quanto XX yuan, e 10.000 pe\u00e7as de encomendas gozam de um desconto escalonado.<\/li>\n<li><strong>Entrega global em 15 dias<\/strong>: As encomendas dom\u00e9sticas s\u00e3o entregues em 7 dias, apoiam a log\u00edstica internacional da DHL\/FedEx e t\u00eam um seguro de transporte completo.<\/li>\n<\/ul>\n<h3 id=\"-highlights-of-cooperation-value-\"><strong>Destaques do valor da coopera\u00e7\u00e3o<\/strong><\/h3>\n<p>\u2705\u00a0<strong>Pr\u00e9mio de marca<\/strong>: A embalagem topo de gama aumenta o pre\u00e7o unit\u00e1rio das canetas em 20%-50%, especialmente adequada para edi\u00e7\u00f5es limitadas e marketing de co-marca; \u2705\u00a0<strong>Fidelidade do utilizador<\/strong>: A sensa\u00e7\u00e3o de abrir a caixa + design de reutiliza\u00e7\u00e3o estimula a partilha social dos utilizadores e forma uma divulga\u00e7\u00e3o secund\u00e1ria; \u2705\u00a0<strong>Custo control\u00e1vel<\/strong>: Os materiais resistentes a alta press\u00e3o reduzem as perdas de transporte e a reutiliza\u00e7\u00e3o do revestimento EVA reduz o custo de aquisi\u00e7\u00e3o de acess\u00f3rios.<\/p>\n<p><strong>Obtenha solu\u00e7\u00f5es exclusivas agora!\u00a0<\/strong>Forne\u00e7a o tamanho da caneta, o estilo de design e a quantidade m\u00ednima de encomenda e receba gratuitamente apresenta\u00e7\u00f5es e or\u00e7amentos no prazo de 24 horas. Com a melhor qualidade artesanal e o melhor pre\u00e7o, deixe a sua caneta conquistar o mercado topo de gama a partir da embalagem!<\/p>\n<p><strong>Escolha-nos e deixe que a embalagem se torne o seu vendedor silencioso!<\/strong><\/p>","protected":false},"excerpt":{"rendered":"<p>A caixa de presente para caneta com fecho magn\u00e9tico \u00e9 feita de material ecol\u00f3gico de 1200GSM gary board, impress\u00e3o preta de alta defini\u00e7\u00e3o sem cor, forro personaliz\u00e1vel, fornecimento direto de f\u00e1bricas chinesas, design gratuito!<\/p>","protected":false},"featured_media":8255,"template":"","meta":[],"product_brand":[],"product_cat":[30,413,424],"product_tag":[487,634,635],"class_list":{"0":"post-8261","1":"product","2":"type-product","3":"status-publish","4":"has-post-thumbnail","6":"product_cat-by-industry","7":"product_cat-consumer-electronics-boxes","8":"product_cat-magnetic-closure-boxes","9":"product_tag-custom-pen-packaging","10":"product_tag-pen-boxes-wholesale","11":"product_tag-pen-packaging-gift-boxes","13":"first","14":"instock","15":"shipping-taxable","16":"product-type-simple"},"_links":{"self":[{"href":"https:\/\/zojopackaging.com\/pt\/wp-json\/wp\/v2\/product\/8261","targetHints":{"allow":["GET"]}}],"collection":[{"href":"https:\/\/zojopackaging.com\/pt\/wp-json\/wp\/v2\/product"}],"about":[{"href":"https:\/\/zojopackaging.com\/pt\/wp-json\/wp\/v2\/types\/product"}],"version-history":[{"count":1,"href":"https:\/\/zojopackaging.com\/pt\/wp-json\/wp\/v2\/product\/8261\/revisions"}],"predecessor-version":[{"id":8262,"href":"https:\/\/zojopackaging.com\/pt\/wp-json\/wp\/v2\/product\/8261\/revisions\/8262"}],"wp:featuredmedia":[{"embeddable":true,"href":"https:\/\/zojopackaging.com\/pt\/wp-json\/wp\/v2\/media\/8255"}],"wp:attachment":[{"href":"https:\/\/zojopackaging.com\/pt\/wp-json\/wp\/v2\/media?parent=8261"}],"wp:term":[{"taxonomy":"product_brand","embeddable":true,"href":"https:\/\/zojopackaging.com\/pt\/wp-json\/wp\/v2\/product_brand?post=8261"},{"taxonomy":"product_cat","embeddable":true,"href":"https:\/\/zojopackaging.com\/pt\/wp-json\/wp\/v2\/product_cat?post=8261"},{"taxonomy":"product_tag","embeddable":true,"href":"https:\/\/zojopackaging.com\/pt\/wp-json\/wp\/v2\/product_tag?post=8261"}],"curies":[{"name":"wp","href":"https:\/\/api.w.org\/{rel}","templated":true}]}}