{"id":8264,"date":"2025-03-25T19:09:07","date_gmt":"2025-03-25T11:09:07","guid":{"rendered":"https:\/\/zojopackaging.com\/?post_type=product&#038;p=8264"},"modified":"2025-03-25T20:35:58","modified_gmt":"2025-03-25T12:35:58","slug":"custom-printed-comb-accessories-packaging-boxes-wholesale","status":"publish","type":"product","link":"https:\/\/zojopackaging.com\/pt\/product\/custom-printed-comb-accessories-packaging-boxes-wholesale\/","title":{"rendered":"Caixas de embalagem de acess\u00f3rios para pentes com impress\u00e3o personalizada por atacado"},"content":{"rendered":"<h2 id=\"-magnetic-book-shaped-healing-comb-packaging-box-customization-plan\">Caixa de fecho magn\u00e9tico plano de personaliza\u00e7\u00e3o da caixa de embalagem do pente de cura<\/h2>\n<h3 id=\"-1-high-weight-environmentally-friendly-materials-both-safe-and-textured-\"><strong>1. Materiais ecol\u00f3gicos de elevado peso, seguros e texturados<\/strong><\/h3>\n<ul>\n<li><strong>Cart\u00e3o cinzento de 1200 GSM + papel de arte revestido de 157 GSM<\/strong>: Resistente \u00e0 compress\u00e3o e ao desgaste, suporta at\u00e9 3 kg de carga, sendo ideal para pentes, acess\u00f3rios para o cabelo, ferramentas de beleza e outras combina\u00e7\u00f5es de produtos.<\/li>\n<li><strong>Papel certificado FSC + tinta \u00e0 base de \u00e1gua<\/strong>: Cumpre as normas ambientais REACH da UE, \u00e9 recicl\u00e1vel e degrad\u00e1vel, ajudando a criar uma imagem de marca ecol\u00f3gica.<\/li>\n<\/ul>\n<h3 id=\"-2-magnetic-book-box-design-simple-and-practical-long-term-exposure-\"><strong>2. Design da caixa com fecho magn\u00e9tico: simples e pr\u00e1tico, exposi\u00e7\u00e3o a longo prazo<\/strong><\/h3>\n<ul>\n<li><strong>Fecho magn\u00e9tico invis\u00edvel<\/strong>: N\u00e3o h\u00e1 desgaste das pe\u00e7as met\u00e1licas expostas, a abertura e o fecho s\u00e3o suaves e silenciosos, e a vida \u00fatil \u00e9 200% mais longa do que a das caixas de fivelas magn\u00e9ticas tradicionais.<\/li>\n<li><strong>M\u00faltiplos cen\u00e1rios de reutiliza\u00e7\u00e3o<\/strong>: As caixas vazias podem ser utilizadas como caixas de armazenamento de j\u00f3ias e ornamentos de secret\u00e1ria para refor\u00e7ar continuamente a mem\u00f3ria da marca.<\/li>\n<\/ul>\n<h3 id=\"-three-double-sided-color-printing-macaron-healing-color-system-igniting-the-hearts-of-girls-\"><strong>3. Impress\u00e3o a cores de dupla face + sistema de cores de cura de macarr\u00e3o, acendendo os cora\u00e7\u00f5es das raparigas<\/strong><\/h3>\n<ul>\n<li><strong>Impress\u00e3o UV de alta defini\u00e7\u00e3o frente e verso<\/strong>: impress\u00e3o completa de flores de cerejeira, nuvens e outros padr\u00f5es de cura em ambos os lados, com uma resolu\u00e7\u00e3o de 300 dpi, sem diferen\u00e7a de cor e sem desfocagem.<\/li>\n<li><strong>Correspond\u00eancia de cores do gradiente Macaron<\/strong>: os tons de baixa satura\u00e7\u00e3o, como o rosa claro, o roxo claro e o verde menta, reduzem a fadiga visual, atingem com precis\u00e3o as clientes do sexo feminino com idades compreendidas entre os 18 e os 35 anos e adaptam-se \u00e0s necessidades de comunica\u00e7\u00e3o das redes sociais.<\/li>\n<\/ul>\n<h3 id=\"-four-eva-lining-deep-customization-protecting-product-safety-\"><strong>4. Forro em EVA + personaliza\u00e7\u00e3o profunda, prote\u00e7\u00e3o da seguran\u00e7a do produto<\/strong><\/h3>\n<ol>\n<li><strong>Solu\u00e7\u00e3o de revestimento antiss\u00edsmico<\/strong><\/li>\n<li><strong>Ranhura em EVA de alta densidade<\/strong>: Ranhura precisa de 5 mm de espessura, dentes de pente fixos, lentes e outras partes vulner\u00e1veis, e a taxa de danos no transporte \u00e9 pr\u00f3xima de zero.<\/li>\n<li><strong>Compatibilidade com v\u00e1rias categorias<\/strong>: Apoia o design do revestimento combinado de pente + frasco de \u00f3leo essencial + manual de instru\u00e7\u00f5es para aumentar o valor acrescentado do conjunto.<\/li>\n<li><strong>Flexibilidade de personaliza\u00e7\u00e3o do aspeto<\/strong><\/li>\n<li><strong>Estampagem a quente\/ecr\u00e3 de seda LOGO<\/strong>: O log\u00f3tipo da marca pode ser implantado tanto na superf\u00edcie da caixa como no forro;<\/li>\n<li><strong>Transforma\u00e7\u00e3o da caixa de forma especial<\/strong>: Op\u00e7\u00e3o de caixas circulares, em forma de cora\u00e7\u00e3o e outras formas especiais, e prateleiras de exposi\u00e7\u00e3o diferenciadas.<\/li>\n<\/ol>\n<h3 id=\"-v-direct-supply-from-chinese-factories-0-cost-to-start-cooperation-\"><strong>5. Fornecimento direto das f\u00e1bricas chinesas, custo 0 para iniciar a coopera\u00e7\u00e3o<\/strong><\/h3>\n<ul>\n<li><strong>Apoio gratuito \u00e0 conce\u00e7\u00e3o<\/strong>: Fornecer renderiza\u00e7\u00f5es em 3D e provas f\u00edsicas, e colocar em produ\u00e7\u00e3o no prazo de 72 horas ap\u00f3s a confirma\u00e7\u00e3o;<\/li>\n<li><strong>Pre\u00e7o baixo e transpar\u00eancia<\/strong>: O pre\u00e7o de encomenda de 1.000 unidades \u00e9 t\u00e3o baixo quanto XX yuan, o que \u00e9 40% inferior ao pre\u00e7o de mercado;<\/li>\n<li><strong>Entrega extrema<\/strong>: Entrega em 10-15 dias, com apoio da entrega direta global da DHL\/FedEx.<\/li>\n<\/ul>\n<h3 id=\"-commercial-value-analysis-\"><strong>An\u00e1lise do valor comercial<\/strong><\/h3>\n<p>\u2705\u00a0<strong>Aumentar o espa\u00e7o premium<\/strong>: A embalagem de cura aumenta o pre\u00e7o unit\u00e1rio do pente em 30%-100%, especialmente adequado para produtos de gama m\u00e9dia a alta, tais como pentes de madeira de estilo chin\u00eas e pentes de airbag port\u00e1teis; \u2705\u00a0<strong>Reduzir os custos de funcionamento<\/strong>: A taxa de reutiliza\u00e7\u00e3o do revestimento EVA \u00e9 t\u00e3o alta quanto 90%, reduzindo as compras secund\u00e1rias; o tipo de caixa resistente \u00e0 press\u00e3o reduz a compensa\u00e7\u00e3o de transporte; \u2705\u00a0<strong>Ferramenta de cis\u00e3o do utilizador<\/strong>: O design ao estilo do Instagram estimula o conte\u00fado UGC e traz o seu pr\u00f3prio tr\u00e1fego de comunica\u00e7\u00e3o.<\/p>\n<p><strong>Obtenha solu\u00e7\u00f5es exclusivas agora!\u00a0<\/strong>Envie o tamanho do produto e os requisitos de design e obtenha renderiza\u00e7\u00f5es e or\u00e7amentos gratuitos no prazo de 24 horas. Com pre\u00e7os de origem e extrema habilidade, deixe o seu pente destacar-se da embalagem!<\/p>","protected":false},"excerpt":{"rendered":"<p>A caixa de dupla face com fecho magn\u00e9tico impresso a cores de alta defini\u00e7\u00e3o \u00e9 combinada com cores de cura macaron e forro de flocagem personaliz\u00e1vel, que \u00e9 compat\u00edvel com pedras de cura de cristal. Permite uma visualiza\u00e7\u00e3o sem perdas e aumenta o valor da marca e a experi\u00eancia do utilizador.<\/p>","protected":false},"featured_media":8265,"template":"","meta":[],"product_brand":[],"product_cat":[30,390,424],"product_tag":[637,636,638],"class_list":{"0":"post-8264","1":"product","2":"type-product","3":"status-publish","4":"has-post-thumbnail","6":"product_cat-by-industry","7":"product_cat-custom-cosmetics-boxes","8":"product_cat-magnetic-closure-boxes","9":"product_tag-comb-boxes-wholesale","10":"product_tag-custom-comb-packaging","11":"product_tag-printed-comb-packaging","13":"first","14":"instock","15":"shipping-taxable","16":"product-type-simple"},"_links":{"self":[{"href":"https:\/\/zojopackaging.com\/pt\/wp-json\/wp\/v2\/product\/8264","targetHints":{"allow":["GET"]}}],"collection":[{"href":"https:\/\/zojopackaging.com\/pt\/wp-json\/wp\/v2\/product"}],"about":[{"href":"https:\/\/zojopackaging.com\/pt\/wp-json\/wp\/v2\/types\/product"}],"version-history":[{"count":1,"href":"https:\/\/zojopackaging.com\/pt\/wp-json\/wp\/v2\/product\/8264\/revisions"}],"predecessor-version":[{"id":8270,"href":"https:\/\/zojopackaging.com\/pt\/wp-json\/wp\/v2\/product\/8264\/revisions\/8270"}],"wp:featuredmedia":[{"embeddable":true,"href":"https:\/\/zojopackaging.com\/pt\/wp-json\/wp\/v2\/media\/8265"}],"wp:attachment":[{"href":"https:\/\/zojopackaging.com\/pt\/wp-json\/wp\/v2\/media?parent=8264"}],"wp:term":[{"taxonomy":"product_brand","embeddable":true,"href":"https:\/\/zojopackaging.com\/pt\/wp-json\/wp\/v2\/product_brand?post=8264"},{"taxonomy":"product_cat","embeddable":true,"href":"https:\/\/zojopackaging.com\/pt\/wp-json\/wp\/v2\/product_cat?post=8264"},{"taxonomy":"product_tag","embeddable":true,"href":"https:\/\/zojopackaging.com\/pt\/wp-json\/wp\/v2\/product_tag?post=8264"}],"curies":[{"name":"wp","href":"https:\/\/api.w.org\/{rel}","templated":true}]}}