{"id":8271,"date":"2025-03-25T20:36:16","date_gmt":"2025-03-25T12:36:16","guid":{"rendered":"https:\/\/zojopackaging.com\/?post_type=product&#038;p=8271"},"modified":"2025-03-25T21:06:13","modified_gmt":"2025-03-25T13:06:13","slug":"custom-glitter-fake-press-on-nail-packaging-box-wholesale","status":"publish","type":"product","link":"https:\/\/zojopackaging.com\/pt\/product\/custom-glitter-fake-press-on-nail-packaging-box-wholesale\/","title":{"rendered":"Caixa de embalagem de pregos com brilho falso por atacado"},"content":{"rendered":"<h2 id=\"-customized-flashing-false-nails-magnetic-book-shaped-packaging-box-wholesale-instructions\">Caixa de embalagem com fecho magn\u00e9tico para unhas posti\u00e7as personalizadas instru\u00e7\u00f5es para venda por grosso<\/h2>\n<h3 id=\"-1-military-grade-material-sturdy-and-durable-worry-free-transportation-\"><strong>1. Material de qualidade militar: robusto e dur\u00e1vel, transporte sem preocupa\u00e7\u00f5es<\/strong><\/h3>\n<ul>\n<li><strong>Cart\u00e3o cinzento de 1200 GSM + papel revestido de 157 GSM<\/strong>: O corpo da caixa pode suportar at\u00e9 5 kg, e a resist\u00eancia \u00e0 compress\u00e3o excede a norma nacional em 2 vezes, resistindo eficazmente \u00e0 extrus\u00e3o e colis\u00e3o no transporte, e \u00e9 adequado para embalar objectos pesados, tais como conjuntos de pregos falsos e conjuntos de ferramentas de v\u00e1rias especifica\u00e7\u00f5es.<\/li>\n<li><strong>Papel revestido perolado<\/strong>: A superf\u00edcie adopta a tecnologia de revestimento perolado, que apresenta um delicado efeito de estrela sob a luz, e a atra\u00e7\u00e3o visual \u00e9 aumentada em 60% em compara\u00e7\u00e3o com o papel normal, que pode rapidamente captar a aten\u00e7\u00e3o dos consumidores quando exposto nas prateleiras.<\/li>\n<\/ul>\n<h3 id=\"-2-magnetic-book-box-design-simple-and-practical-long-term-reuse-\"><strong>2. Design da caixa com fecho magn\u00e9tico: simples e pr\u00e1tico, reutiliza\u00e7\u00e3o a longo prazo<\/strong><\/h3>\n<ul>\n<li><strong>Fecho magn\u00e9tico invis\u00edvel<\/strong>: Sem fecho magn\u00e9tico exposto, a tampa da caixa abre-se e fecha-se de forma suave e silenciosa, evitando os problemas de vincos e rupturas das caixas de flip tradicionais, e a vida \u00fatil de abertura e fecho \u00e9 superior a 1000 vezes.<\/li>\n<li><strong>Reutiliza\u00e7\u00e3o multifun\u00e7\u00f5es<\/strong>: A caixa vazia pode ser utilizada como caixa de arruma\u00e7\u00e3o de j\u00f3ias e caixa de arruma\u00e7\u00e3o de cosm\u00e9ticos de secret\u00e1ria para aumentar continuamente a exposi\u00e7\u00e3o da marca e a ader\u00eancia do utilizador.<\/li>\n<\/ul>\n<h3 id=\"-three-pink-healing-aesthetics-window-function-design-igniting-the-hearts-of-girls-\"><strong>3. Est\u00e9tica de cura cor-de-rosa + design de fun\u00e7\u00e3o de janela, acendendo o cora\u00e7\u00e3o das raparigas<\/strong><\/h3>\n<ol>\n<li><strong>Plano de personaliza\u00e7\u00e3o visual<\/strong><\/li>\n<li><strong>Sistema de cor-de-rosa<\/strong>: cores principais de baixa satura\u00e7\u00e3o, como o rosa flor de cerejeira e o p\u00farpura taro, sobrepostas a uma textura perolada gradiente, reduzem a fadiga visual e atingem com precis\u00e3o as clientes do sexo feminino com idades compreendidas entre os 18 e os 30 anos.<\/li>\n<li><strong>Adi\u00e7\u00e3o de fita\/pendente<\/strong>A caixa pode ser combinada com fitas, correntes de metal ou pingentes de acr\u00edlico da mesma cor. A abertura da caixa aumenta instantaneamente a sensa\u00e7\u00e3o de cerim\u00f3nia e a taxa de partilha nas redes sociais aumenta em 45%.<\/li>\n<li><strong>Estrutura transparente da janela<\/strong><\/li>\n<li><strong>Janela parcial<\/strong>: A superf\u00edcie da caixa \u00e9 revestida com uma placa de PVC ou acr\u00edlico de alta transpar\u00eancia para apresentar intuitivamente os pontos de venda, como os estilos de unhas posti\u00e7as e as decora\u00e7\u00f5es com strass, mantendo a integridade do corpo da caixa.<\/li>\n<li><strong>Design de janela com formato especial<\/strong>: suporta formas criativas de janelas, tais como em forma de cora\u00e7\u00e3o e de estrela, para melhorar o reconhecimento da prateleira.<\/li>\n<\/ol>\n<h3 id=\"-fourth-environmentally-friendly-inner-tray-deep-customization-protect-products-and-the-earth-\"><strong>4. Tabuleiro interior amigo do ambiente + personaliza\u00e7\u00e3o profunda, protege os produtos e a terra<\/strong><\/h3>\n<ul>\n<li><strong>Tabuleiro interior de pl\u00e1stico recicl\u00e1vel<\/strong>: Fabricado em material PET\/PP de qualidade alimentar, cada unha posti\u00e7a tem uma ranhura para fixa\u00e7\u00e3o, \u00e9 resistente aos choques e aos riscos, reutiliz\u00e1vel ap\u00f3s a limpeza e 30% menos pl\u00e1stico do que o revestimento em EVA.<\/li>\n<li><strong>Regime de adapta\u00e7\u00e3o flex\u00edvel<\/strong>: \u2705\u00a0<strong>Compatibilidade com v\u00e1rios tamanhos<\/strong>: tabuleiro de exposi\u00e7\u00e3o de pregos simples, tabuleiro combinado de 10 pe\u00e7as, tabuleiro de camadas de ferramentas podem ser livremente combinados; \u2705\u00a0<strong>Impress\u00e3o da marca<\/strong>: LOGOTIPO em serigrafia ou guia de cuidados na superf\u00edcie do tabuleiro interior para refor\u00e7ar a imagem profissional da marca.<\/li>\n<\/ul>\n<h3 id=\"-five-direct-supply-from-chinese-factories-high-end-customization-for-0-yuan-\"><strong>5. Fornecimento direto das f\u00e1bricas chinesas, personaliza\u00e7\u00e3o topo de gama por 0 yuan<\/strong><\/h3>\n<ul>\n<li><strong>Servi\u00e7o de conce\u00e7\u00e3o gratuito<\/strong>: A equipa profissional fornece renderiza\u00e7\u00f5es em 3D, provas em tempo real, suporta mais de 20 combina\u00e7\u00f5es de processos, tais como estampagem a quente, serigrafia, esvaziamento, etc., e confirma o plano no prazo de 72 horas.<\/li>\n<li><strong>Redu\u00e7\u00e3o de pre\u00e7o de 50%<\/strong>: O pre\u00e7o de encomenda de 1.000 unidades \u00e9 t\u00e3o baixo como XX yuan, e a encomenda de 10.000 unidades beneficia de descontos adicionais, sem intermedi\u00e1rios que acrescentem pre\u00e7o.<\/li>\n<li><strong>Entrega global em 15 dias<\/strong>: As encomendas nacionais s\u00e3o enviadas no prazo de 7 dias, apoiam a log\u00edstica transfronteiri\u00e7a da DHL\/FedEx e a indemniza\u00e7\u00e3o por danos.<\/li>\n<\/ul>\n<h3 id=\"-commercial-value-analysis-\"><strong>An\u00e1lise do valor comercial<\/strong><\/h3>\n<p>\u2705\u00a0<strong>Melhoria do espa\u00e7o premium<\/strong>: A embalagem topo de gama aumenta o pre\u00e7o unit\u00e1rio dos conjuntos de unhas posti\u00e7as em 50%-120%, especialmente adequado para edi\u00e7\u00f5es limitadas de f\u00e9rias e modelos de marca conjunta IP; \u2705\u00a0<strong>Reduzir os custos de funcionamento<\/strong>: O tipo de caixa resistente \u00e0 press\u00e3o + tabuleiro interior de pl\u00e1stico controla a taxa de perda de transporte abaixo de 0,3%; \u2705\u00a0<strong>Divulga\u00e7\u00e3o espont\u00e2nea do utilizador<\/strong>: O design de estilo INS impulsiona a cis\u00e3o do conte\u00fado UGC e obt\u00e9m tr\u00e1fego natural a baixo custo.<\/p>\n<p><strong>Obtenha j\u00e1 o plano mais vendido!\u00a0<\/strong>Envie o tamanho do seu produto e os seus requisitos de design e obtenha gratuitamente renderiza\u00e7\u00f5es e or\u00e7amentos no prazo de 24 horas. Com a melhor rela\u00e7\u00e3o custo-benef\u00edcio e qualidade de origem, deixe que as suas unhas posti\u00e7as conquistem o mercado a partir da embalagem!<\/p>\n<hr \/>\n<h3 id=\"-technical-parameters-\"><strong>Par\u00e2metros t\u00e9cnicos<\/strong><\/h3>\n<table>\n<thead>\n<tr>\n<th><strong>Projeto<\/strong><\/th>\n<th><strong>Especifica\u00e7\u00f5es<\/strong><\/th>\n<\/tr>\n<\/thead>\n<tbody>\n<tr>\n<td>Processo de impress\u00e3o<\/td>\n<td>Revestimento perolado + impress\u00e3o a cores diretas \/ verniz local UV<\/td>\n<\/tr>\n<tr>\n<td>Material da janela<\/td>\n<td>PVC de alta transpar\u00eancia de 0,5 mm \/ acr\u00edlico de 2 mm<\/td>\n<\/tr>\n<tr>\n<td>Quantidade m\u00ednima de encomenda<\/td>\n<td>1000 pe\u00e7as (suporta 100 amostras)<\/td>\n<\/tr>\n<tr>\n<td>Certifica\u00e7\u00e3o ambiental<\/td>\n<td>FSC, REACH, FDA (tabuleiro interior de qualidade alimentar)<\/td>\n<\/tr>\n<tr>\n<td>Ciclo de personaliza\u00e7\u00e3o<\/td>\n<td>5 dias para a prova + 10 dias para o volume<\/td>\n<\/tr>\n<\/tbody>\n<\/table>","protected":false},"excerpt":{"rendered":"<p>Caixa de fecho magn\u00e9tico em cart\u00e3o cinzento 1200GSM + 157 papel de arte revestido C2S, abertura e fecho magn\u00e9tico invis\u00edvel, dur\u00e1vel e resistente a danos, fita com acabamento perolado real\u00e7a a textura da marca, tabuleiro interior ecol\u00f3gico \u00e9 recicl\u00e1vel, a primeira escolha para embalagens de luxo ligeiras.<\/p>","protected":false},"featured_media":8272,"template":"","meta":[],"product_brand":[],"product_cat":[30,390,424],"product_tag":[640,641,639],"class_list":{"0":"post-8271","1":"product","2":"type-product","3":"status-publish","4":"has-post-thumbnail","6":"product_cat-by-industry","7":"product_cat-custom-cosmetics-boxes","8":"product_cat-magnetic-closure-boxes","9":"product_tag-custom-press-on-nail-boxes","10":"product_tag-fake-nails-packaging","11":"product_tag-press-on-nail-packaging","13":"first","14":"instock","15":"shipping-taxable","16":"product-type-simple"},"_links":{"self":[{"href":"https:\/\/zojopackaging.com\/pt\/wp-json\/wp\/v2\/product\/8271","targetHints":{"allow":["GET"]}}],"collection":[{"href":"https:\/\/zojopackaging.com\/pt\/wp-json\/wp\/v2\/product"}],"about":[{"href":"https:\/\/zojopackaging.com\/pt\/wp-json\/wp\/v2\/types\/product"}],"version-history":[{"count":1,"href":"https:\/\/zojopackaging.com\/pt\/wp-json\/wp\/v2\/product\/8271\/revisions"}],"predecessor-version":[{"id":8278,"href":"https:\/\/zojopackaging.com\/pt\/wp-json\/wp\/v2\/product\/8271\/revisions\/8278"}],"wp:featuredmedia":[{"embeddable":true,"href":"https:\/\/zojopackaging.com\/pt\/wp-json\/wp\/v2\/media\/8272"}],"wp:attachment":[{"href":"https:\/\/zojopackaging.com\/pt\/wp-json\/wp\/v2\/media?parent=8271"}],"wp:term":[{"taxonomy":"product_brand","embeddable":true,"href":"https:\/\/zojopackaging.com\/pt\/wp-json\/wp\/v2\/product_brand?post=8271"},{"taxonomy":"product_cat","embeddable":true,"href":"https:\/\/zojopackaging.com\/pt\/wp-json\/wp\/v2\/product_cat?post=8271"},{"taxonomy":"product_tag","embeddable":true,"href":"https:\/\/zojopackaging.com\/pt\/wp-json\/wp\/v2\/product_tag?post=8271"}],"curies":[{"name":"wp","href":"https:\/\/api.w.org\/{rel}","templated":true}]}}