{"id":8279,"date":"2025-03-25T21:06:31","date_gmt":"2025-03-25T13:06:31","guid":{"rendered":"https:\/\/zojopackaging.com\/?post_type=product&#038;p=8279"},"modified":"2025-03-25T21:27:58","modified_gmt":"2025-03-25T13:27:58","slug":"custom-luxury-hair-extension-gift-packaging-boxes-wholesale","status":"publish","type":"product","link":"https:\/\/zojopackaging.com\/pt\/product\/custom-luxury-hair-extension-gift-packaging-boxes-wholesale\/","title":{"rendered":"Caixas de embalagem personalizadas para presentes de extens\u00e3o de cabelo de luxo por atacado"},"content":{"rendered":"<h2 id=\"customized-luxury-hair-extension-gift-box-wholesale-instructions\">Caixa de oferta personalizada para extens\u00e3o de cabelo de luxo instru\u00e7\u00f5es para venda por atacado<\/h2>\n<h3 id=\"-1-military-grade-material-strong-and-load-bearing-fearless-of-transportation-challenges-\"><strong>1. Material de qualidade militar: forte e resistente, sem medo de desafios de transporte<\/strong><\/h3>\n<ul>\n<li><strong>Cart\u00e3o cinzento de 1200 GSM + papel de arte revestido de 157 GSM<\/strong>\u2705 O corpo da caixa pode suportar at\u00e9 8 kg, e a resist\u00eancia \u00e0 compress\u00e3o excede o padr\u00e3o nacional em 3 vezes, o que \u00e9 adequado para produtos de grande volume, como conjuntos de extens\u00e3o de cabelo comprido e conjuntos de ferramentas pesadas; \u2705 A superf\u00edcie \u00e9 coberta com filme fosco \/ filme brilhante, que \u00e9 \u00e0 prova d'\u00e1gua, \u00e0 prova de \u00f3leo e resistente a arranh\u00f5es, e pode resistir a riscos como umidade de armazenamento e respingos de log\u00edstica, garantindo que a impress\u00e3o da superf\u00edcie da caixa seja dur\u00e1vel e nova.<\/li>\n<\/ul>\n<hr \/>\n<h3 id=\"-2-magnetic-book-box-design-the-pinnacle-combination-of-visual-aesthetics-and-practicality-\"><strong>2. Design da caixa com fecho magn\u00e9tico: a combina\u00e7\u00e3o perfeita entre est\u00e9tica visual e car\u00e1cter pr\u00e1tico<\/strong><\/h3>\n<ul>\n<li><strong>Sistema de fecho magn\u00e9tico invis\u00edvel<\/strong>: Os \u00edmanes incorporados evitam o desgaste e o problema de degomagem das fivelas magn\u00e9ticas tradicionais e a vida \u00fatil de abertura e fecho \u00e9 superior a 5000 vezes, sendo silenciosa e suave como antes;<\/li>\n<li><strong>Aspeto minimalista de estilo empresarial<\/strong>: Sem interfer\u00eancia de acess\u00f3rios redundantes, base de cor s\u00f3lida + design de log\u00f3tipo de estampagem a quente, em conformidade com o tom de luxo discreto das marcas de perucas topo de gama.<\/li>\n<\/ul>\n<h3 id=\"-three-deep-customization-service-precise-adaptation-from-size-to-inner-tray-\"><strong>3. Servi\u00e7o de personaliza\u00e7\u00e3o profunda: adapta\u00e7\u00e3o exacta do tamanho ao tabuleiro interior<\/strong><\/h3>\n<ol>\n<li><strong>Personaliza\u00e7\u00e3o flex\u00edvel em tamanho real<\/strong><\/li>\n<li>Suporta a personaliza\u00e7\u00e3o de caixas de extens\u00e3o de cabelo com comprimentos de 30cm-150cm, com estruturas de camada \u00fanica, porta dupla e tipo gaveta para escolher livremente;<\/li>\n<li>Compat\u00edvel com v\u00e1rias pe\u00e7as: os tabuleiros interiores em camadas podem ser concebidos para guardar extens\u00f5es de cabelo, solu\u00e7\u00f5es de tratamento, ferramentas de utiliza\u00e7\u00e3o e outros acess\u00f3rios ao mesmo tempo.<\/li>\n<li><strong>Solu\u00e7\u00e3o de topo de gama para tabuleiros interiores<\/strong><\/li>\n<li><strong>Tabuleiro interior antiss\u00edsmico em EPE<\/strong>: Ranhuras precisas esculpidas em 3D para fixar a curvatura das extens\u00f5es de cabelo e evitar a deforma\u00e7\u00e3o durante o transporte;<\/li>\n<li><strong>Tabuleiro de exposi\u00e7\u00e3o com flocagem<\/strong>Forro de veludo preto\/bord\u00f4 para aumentar a sensa\u00e7\u00e3o de cerim\u00f3nia ao abrir a caixa, adequado para produtos de extens\u00e3o capilar de gama alta com pre\u00e7o superior a 1.000 yuan.<\/li>\n<li><strong>Tecnologia de melhoramento visual<\/strong><\/li>\n<li><strong>Tecnologia de estampagem a quente\/prata quente<\/strong>: Estampagem a quente local do LOGOTIPO da marca, fivela de fita, etc., refractando um brilho met\u00e1lico subtil sob uma fonte de luz;<\/li>\n<li><strong>Atualiza\u00e7\u00e3o dos acess\u00f3rios para fitas<\/strong>: Pode ser combinado com fita de seda, pendente com placa de identifica\u00e7\u00e3o em metal, a embalagem para oferta estimula diretamente a recompra.<\/li>\n<\/ol>\n<h3 id=\"-fourth-china-s-smart-manufacturing-strength-extremely-fast-response-and-production-capacity-guarantee-\"><strong>4. A for\u00e7a do fabrico inteligente da China: resposta extremamente r\u00e1pida e garantia de capacidade de produ\u00e7\u00e3o<\/strong><\/h3>\n<ul>\n<li><strong>Cota\u00e7\u00e3o exacta em 10 minutos<\/strong>: Apresentar os requisitos (dimens\u00e3o, processo, quantidade) em linha, o sistema de IA calcula os custos em tempo real, pre\u00e7os transparentes sem taxas ocultas;<\/li>\n<li><strong>Linha de produ\u00e7\u00e3o totalmente autom\u00e1tica<\/strong>: M\u00e1quina de impress\u00e3o alem\u00e3 Heidelberg + m\u00e1quina de corte e vinco inteligente, capacidade de produ\u00e7\u00e3o di\u00e1ria de 1 milh\u00e3o de pe\u00e7as, apoio \u00e0 entrega de encomendas de emerg\u00eancia em 72 horas;<\/li>\n<li><strong>Garantia de tripla inspe\u00e7\u00e3o de qualidade<\/strong>: inspe\u00e7\u00e3o da entrada da mat\u00e9ria-prima, inspe\u00e7\u00e3o da amostragem do processo de produ\u00e7\u00e3o, inspe\u00e7\u00e3o completa da expedi\u00e7\u00e3o do produto acabado, taxa de defeitos controlada abaixo de 0,1%.<\/li>\n<\/ul>\n<h3 id=\"-v-commercial-value-empowerment-\"><strong>5. Capacita\u00e7\u00e3o para o valor comercial<\/strong><\/h3>\n<p>\u2705\u00a0<strong>Aumento do pr\u00e9mio da marca<\/strong>: As embalagens de luxo aumentam o pre\u00e7o m\u00e9dio dos produtos de extens\u00e3o capilar em 30%-80%, especialmente para as linhas topo de gama, como as vers\u00f5es preta e dourada e os estilos de celebridades; \u2705\u00a0<strong>Redu\u00e7\u00e3o dos custos de transporte<\/strong>: O tipo de caixa resistente \u00e0 press\u00e3o + revestimento \u00e0 prova de \u00e1gua reduz a taxa de danos na carga para 0,5%, reduzindo os lit\u00edgios p\u00f3s-venda; \u2705\u00a0<strong>Propaga\u00e7\u00e3o espont\u00e2nea do utilizador<\/strong>: A sensa\u00e7\u00e3o de ritual de unboxing impulsiona a publica\u00e7\u00e3o nas redes sociais, atraindo especialmente bloggers de beleza e cabeleireiros KOL para promo\u00e7\u00e3o gratuita.<\/p>\n<p><strong>Comece j\u00e1 a coopera\u00e7\u00e3o de alto n\u00edvel!\u00a0<\/strong>Forne\u00e7a os requisitos de tamanho e design dos produtos de extens\u00e3o capilar e obtenha um or\u00e7amento + renderiza\u00e7\u00e3o 3D em 10 minutos. Com uma capacidade de produ\u00e7\u00e3o de um milh\u00e3o de unidades e uma qualidade militar, as f\u00e1bricas chinesas ajud\u00e1-lo-\u00e3o a conquistar as alturas do mercado de perucas topo de gama!<\/p>\n<h2 id=\"-technical-parameters-\"><strong>Par\u00e2metros t\u00e9cnicos<\/strong><\/h2>\n<table>\n<thead>\n<tr>\n<th><strong>Projeto<\/strong><\/th>\n<th><strong>Especifica\u00e7\u00f5es<\/strong><\/th>\n<\/tr>\n<\/thead>\n<tbody>\n<tr>\n<td>Capacidade m\u00e1xima de carga<\/td>\n<td>8 kg (vers\u00e3o melhorada personaliz\u00e1vel at\u00e9 12 kg)<\/td>\n<\/tr>\n<tr>\n<td>Processo de lamina\u00e7\u00e3o<\/td>\n<td>Pel\u00edcula mate\/Filme brilhante\/Filme t\u00e1til (anti-impress\u00e3o digital)<\/td>\n<\/tr>\n<tr>\n<td>Precis\u00e3o de estampagem a quente<\/td>\n<td>Carimbo a quente de linha fina de 0,3 mm sem borr\u00f5es<\/td>\n<\/tr>\n<tr>\n<td>Quantidade m\u00ednima de encomenda<\/td>\n<td>500 pe\u00e7as (50 pe\u00e7as de suporte para prototipagem)<\/td>\n<\/tr>\n<tr>\n<td>Ciclo de entrega<\/td>\n<td>7-12 dias (3 dias para encomendas urgentes)<\/td>\n<\/tr>\n<\/tbody>\n<\/table>\n<p><strong>Escolha-nos e deixe que cada cabeleira tenha um \"casaco de luxo\" que corresponda ao seu valor!<\/strong><\/p>","protected":false},"excerpt":{"rendered":"<p>Caixa de fecho magn\u00e9tico em cart\u00e3o cinzento 1200GSM + 157 papel de arte revestido, fecho magn\u00e9tico invis\u00edvel para evitar o desgaste, revestido com pel\u00edcula para resistir \u00e0 \u00e1gua e ao \u00f3leo, personaliza\u00e7\u00e3o do tabuleiro interior com fita de tamanho normal, solu\u00e7\u00e3o profissional para embalagem de perucas<\/p>","protected":false},"featured_media":8280,"template":"","meta":[],"product_brand":[],"product_cat":[30,421,424],"product_tag":[643,644,642],"class_list":{"0":"post-8279","1":"product","2":"type-product","3":"status-publish","4":"has-post-thumbnail","6":"product_cat-by-industry","7":"product_cat-custom-hair-extension-boxes","8":"product_cat-magnetic-closure-boxes","9":"product_tag-custom-hair-extension-boxes","10":"product_tag-hair-extension-packaging-wholesale","11":"product_tag-luxury-hair-extension-packaging","13":"first","14":"instock","15":"shipping-taxable","16":"product-type-simple"},"_links":{"self":[{"href":"https:\/\/zojopackaging.com\/pt\/wp-json\/wp\/v2\/product\/8279","targetHints":{"allow":["GET"]}}],"collection":[{"href":"https:\/\/zojopackaging.com\/pt\/wp-json\/wp\/v2\/product"}],"about":[{"href":"https:\/\/zojopackaging.com\/pt\/wp-json\/wp\/v2\/types\/product"}],"version-history":[{"count":1,"href":"https:\/\/zojopackaging.com\/pt\/wp-json\/wp\/v2\/product\/8279\/revisions"}],"predecessor-version":[{"id":8286,"href":"https:\/\/zojopackaging.com\/pt\/wp-json\/wp\/v2\/product\/8279\/revisions\/8286"}],"wp:featuredmedia":[{"embeddable":true,"href":"https:\/\/zojopackaging.com\/pt\/wp-json\/wp\/v2\/media\/8280"}],"wp:attachment":[{"href":"https:\/\/zojopackaging.com\/pt\/wp-json\/wp\/v2\/media?parent=8279"}],"wp:term":[{"taxonomy":"product_brand","embeddable":true,"href":"https:\/\/zojopackaging.com\/pt\/wp-json\/wp\/v2\/product_brand?post=8279"},{"taxonomy":"product_cat","embeddable":true,"href":"https:\/\/zojopackaging.com\/pt\/wp-json\/wp\/v2\/product_cat?post=8279"},{"taxonomy":"product_tag","embeddable":true,"href":"https:\/\/zojopackaging.com\/pt\/wp-json\/wp\/v2\/product_tag?post=8279"}],"curies":[{"name":"wp","href":"https:\/\/api.w.org\/{rel}","templated":true}]}}