{"id":8318,"date":"2025-03-26T20:58:19","date_gmt":"2025-03-26T12:58:19","guid":{"rendered":"https:\/\/zojopackaging.com\/?post_type=product&#038;p=8318"},"modified":"2025-03-26T21:47:04","modified_gmt":"2025-03-26T13:47:04","slug":"custom-bakery-cupcake-cookie-packaging-box-manufacturer","status":"publish","type":"product","link":"https:\/\/zojopackaging.com\/pt\/product\/custom-bakery-cupcake-cookie-packaging-box-manufacturer\/","title":{"rendered":"Fabricante de caixas de embalagem de bolachas e cupcakes para padaria personalizadas"},"content":{"rendered":"<h1 id=\"-customized-solution-for-high-end-art-baking-packaging-box-\"><strong>Solu\u00e7\u00e3o personalizada para caixa de embalagem para pastelaria de arte topo de gama<\/strong><\/h1>\n<h2 id=\"-1-innovative-box-design-the-craft-aesthetics-of-book-shaped-magnetic-suction-box-\"><strong>1. Design inovador da caixa: a est\u00e9tica artesanal da caixa com fecho magn\u00e9tico<\/strong><\/h2>\n<p>O design patenteado das caixas de fecho magn\u00e9tico \u00e9 adotado, e o sistema de fecho magn\u00e9tico incorporado \u00e9 utilizado para realizar a experi\u00eancia de abertura \"page-turning\", e o sentido de amortecimento de abertura e fecho \u00e9 controlado com precis\u00e3o dentro do intervalo de 0,5N-m. O design de propor\u00e7\u00e3o dourada do corpo da caixa, combinado com o processo de bainha em bisel de 45\u00b0, faz com que a caixa de embalagem tamb\u00e9m tenha a fun\u00e7\u00e3o de um expositor de arte. De acordo com testes de laborat\u00f3rio, a resist\u00eancia \u00e0 compress\u00e3o da estrutura atinge 120kg\/\u33a1, que \u00e9 40% superior \u00e0 das caixas tradicionais.<\/p>\n<h2 id=\"-2-visual-experience-upgrade-macaron-color-double-sided-printing-system-\"><strong>2. Atualiza\u00e7\u00e3o da experi\u00eancia visual: sistema de impress\u00e3o dupla face a cores macaron<\/strong><\/h2>\n<p>Com base no equipamento de impress\u00e3o UV de 8 cores da Heidelberg alem\u00e3, realiza impress\u00e3o a cores de dupla face e processo de sobreposi\u00e7\u00e3o de verniz UV local, e o grau de reprodu\u00e7\u00e3o de cor \u0394E\u22641.2 (a norma internacional \u0394E\u22643 \u00e9 qualificada). A \"biblioteca de cores de macaron de baixa satura\u00e7\u00e3o\" especialmente desenvolvida cont\u00e9m 12 cores principais de cura + 24 cores de transi\u00e7\u00e3o. O teste do \u00edndice de fadiga visual mostra que este sistema de cores pode prolongar o tempo de olhar dos consumidores em 30%. A superf\u00edcie \u00e9 feita de papel atr revestido de 157GSM coberto com uma pel\u00edcula mate amiga do ambiente, e o valor de turbidez \u00e9 controlado na gama de 28-32GU, equilibrando perfeitamente a textura e a clareza da impress\u00e3o.<\/p>\n<h2 id=\"-three-military-grade-material-system-structural-protection-solution-\"><strong>3. Sistema de materiais de qualidade militar: solu\u00e7\u00e3o de prote\u00e7\u00e3o estrutural<\/strong><\/h2>\n<p>O material de base adota uma estrutura composta de placa cinza de grau alimentar 1200GSM (densidade 0,85g\/cm\u00b3, \u00edndice de press\u00e3o do anel \u226518kN\/m) e papel revestido \u00e0 prova de umidade. Foi certificado pelo teste de transporte ISTA 3A e pode suportar mudan\u00e7as de temperatura de -20 \u2103 a 50 \u2103. O sistema de revestimento fornece tr\u00eas solu\u00e7\u00f5es de buffer de moldagem CNC 3D EPE \/ EVA \/ PETG e personaliza slots de cart\u00e3o exclusivos do produto por meio da an\u00e1lise de elementos finitos FEA. O teste de queda mostra que a taxa de prote\u00e7\u00e3o dos cupcakes \u00e9 de 99,7%.<\/p>\n<h2 id=\"-fourth-flexible-intelligent-manufacturing-system-unlimited-customization-driven-by-mes-\"><strong>4. Sistema de fabrico inteligente e flex\u00edvel: personaliza\u00e7\u00e3o ilimitada impulsionada pelo MES<\/strong><\/h2>\n<p>-\u00a0<strong>Flexibilidade de tamanho<\/strong>: suporta o desenvolvimento de qualquer tipo de caixa, de 10 mm a 600 mm, e o sistema original de modela\u00e7\u00e3o param\u00e9trica pode concluir a prova 3D em 24 horas -.\u00a0<strong>Visualiza\u00e7\u00e3o da produ\u00e7\u00e3o<\/strong>: A oficina implementa um painel de controlo inteligente 5G+MES, os clientes podem ver o progresso das encomendas em 12 processos em tempo real, e a taxa de utiliza\u00e7\u00e3o do equipamento \u00e9 aumentada para 92% -\u00a0<strong>Fabrico inteligente e ecol\u00f3gico<\/strong>Equipada com um sistema de corte inteligente alimentado por energia fotovoltaica, a taxa de utiliza\u00e7\u00e3o de material atinge 98,5%, o que \u00e9 15% superior \u00e0 m\u00e9dia da ind\u00fastria<\/p>\n<h2 id=\"-five-source-factory-service-advantages-\"><strong>5. Vantagens do servi\u00e7o de f\u00e1brica de origem<\/strong><\/h2>\n<p>Como uma empresa central no cintur\u00e3o da ind\u00fastria de embalagens de panifica\u00e7\u00e3o da China, n\u00f3s fornecemos: \u221a Servi\u00e7o de design gratuito: 10 equipes profissionais respondem dentro de 48 horas, com mais de 2000 casos de design por ano \u221a Sistema de pre\u00e7os de escada: aproveite o pre\u00e7o de f\u00e1brica para pedidos de 500 pe\u00e7as, e o custo de pedidos de mais de 5000 pe\u00e7as \u00e9 reduzido em 18% \u221a Compromisso de qualidade: Passou a certifica\u00e7\u00e3o dupla ISO22000 \/ BRCGS, prometeu prova r\u00e1pida de 72 horas, rastreabilidade de qualidade ultralonga de 30 dias<\/p>\n<h2 id=\"-technical-parameter-comparison-table-\"><strong>Tabela de compara\u00e7\u00e3o de par\u00e2metros t\u00e9cnicos<\/strong><\/h2>\n<table>\n<thead>\n<tr>\n<th>\u00cdndice<\/th>\n<th>Este produto<\/th>\n<th>Norma da ind\u00fastria<\/th>\n<th>Taxa de melhoria<\/th>\n<\/tr>\n<\/thead>\n<tbody>\n<tr>\n<td>Ciclo de entrega<\/td>\n<td>7-12 dias \u00fateis<\/td>\n<td>15-25 dias \u00fateis<\/td>\n<td>40%<\/td>\n<\/tr>\n<tr>\n<td>Estabilidade da cor<\/td>\n<td>\u00b12% diferen\u00e7a de cor<\/td>\n<td>\u00b15% diferen\u00e7a de cor<\/td>\n<td>60%<\/td>\n<\/tr>\n<tr>\n<td>Resist\u00eancia \u00e0 compress\u00e3o<\/td>\n<td>120kg\/\u33a1<\/td>\n<td>85kg\/\u33a1<\/td>\n<td>41%<\/td>\n<\/tr>\n<tr>\n<td>Quantidade m\u00ednima de encomenda<\/td>\n<td>100 pe\u00e7as<\/td>\n<td>500 pe\u00e7as<\/td>\n<td>80%<\/td>\n<\/tr>\n<\/tbody>\n<\/table>","protected":false},"excerpt":{"rendered":"<p>Caixa de embalagem com fecho magn\u00e9tico de alta qualidade, impress\u00e3o a cores de macaron de dupla face, estilo feminino, log\u00f3tipo claro da marca, estilo flex\u00edvel de tamanho personalizado, especialmente concebida para criar caixas de oferta apelativas para bolos e biscoitos.<\/p>","protected":false},"featured_media":8319,"template":"","meta":[],"product_brand":[],"product_cat":[30,422,424,31],"product_tag":[653,652,651],"class_list":{"0":"post-8318","1":"product","2":"type-product","3":"status-publish","4":"has-post-thumbnail","6":"product_cat-by-industry","7":"product_cat-custom-gourmet-boxes-by-industry","8":"product_cat-magnetic-closure-boxes","9":"product_cat-paper-box-style","10":"product_tag-cookie-packaging-box","11":"product_tag-cupcake-box-manufacturer","12":"product_tag-custom-bakery-packaging","14":"first","15":"instock","16":"shipping-taxable","17":"product-type-simple"},"_links":{"self":[{"href":"https:\/\/zojopackaging.com\/pt\/wp-json\/wp\/v2\/product\/8318","targetHints":{"allow":["GET"]}}],"collection":[{"href":"https:\/\/zojopackaging.com\/pt\/wp-json\/wp\/v2\/product"}],"about":[{"href":"https:\/\/zojopackaging.com\/pt\/wp-json\/wp\/v2\/types\/product"}],"version-history":[{"count":1,"href":"https:\/\/zojopackaging.com\/pt\/wp-json\/wp\/v2\/product\/8318\/revisions"}],"predecessor-version":[{"id":8324,"href":"https:\/\/zojopackaging.com\/pt\/wp-json\/wp\/v2\/product\/8318\/revisions\/8324"}],"wp:featuredmedia":[{"embeddable":true,"href":"https:\/\/zojopackaging.com\/pt\/wp-json\/wp\/v2\/media\/8319"}],"wp:attachment":[{"href":"https:\/\/zojopackaging.com\/pt\/wp-json\/wp\/v2\/media?parent=8318"}],"wp:term":[{"taxonomy":"product_brand","embeddable":true,"href":"https:\/\/zojopackaging.com\/pt\/wp-json\/wp\/v2\/product_brand?post=8318"},{"taxonomy":"product_cat","embeddable":true,"href":"https:\/\/zojopackaging.com\/pt\/wp-json\/wp\/v2\/product_cat?post=8318"},{"taxonomy":"product_tag","embeddable":true,"href":"https:\/\/zojopackaging.com\/pt\/wp-json\/wp\/v2\/product_tag?post=8318"}],"curies":[{"name":"wp","href":"https:\/\/api.w.org\/{rel}","templated":true}]}}