{"id":8325,"date":"2025-03-26T21:47:14","date_gmt":"2025-03-26T13:47:14","guid":{"rendered":"https:\/\/zojopackaging.com\/?post_type=product&#038;p=8325"},"modified":"2025-03-26T22:26:07","modified_gmt":"2025-03-26T14:26:07","slug":"personalized-custom-wedding-keepsake-gift-boxes-wholesale","status":"publish","type":"product","link":"https:\/\/zojopackaging.com\/pt\/product\/personalized-custom-wedding-keepsake-gift-boxes-wholesale\/","title":{"rendered":"Caixas de oferta personalizadas para lembran\u00e7as de casamento por atacado"},"content":{"rendered":"<h3 id=\"-1-high-end-material-the-cornerstone-of-solid-protection-and-brand-presentation-\"><strong>Caixas de oferta personalizadas para lembran\u00e7as de casamento por atacado<br \/>\n<\/strong><strong>1. Material topo de gama: a pedra angular da prote\u00e7\u00e3o s\u00f3lida e da apresenta\u00e7\u00e3o da marca<\/strong><\/h3>\n<ul>\n<li><strong>Cart\u00e3o cinzento de 1200 GSM + papel de arte revestido de 157 GSM<\/strong>\u2705 A resist\u00eancia \u00e0 compress\u00e3o atinge 10 kg, adequada para lembran\u00e7as fr\u00e1geis, como copos de cristal, \u00e1lbuns de fotos personalizados, velas perfumadas, etc.; \u2705 A superf\u00edcie do papel \u00e9 lisa e a taxa de restaura\u00e7\u00e3o da impress\u00e3o em cores especiais Pantone atinge 98%, transmitindo com precis\u00e3o informa\u00e7\u00f5es personalizadas, como LOGO da marca, data do nome do casal, etc.<\/li>\n<\/ul>\n<h3 id=\"-second-the-box-shaped-design-of-the-top-and-bottom-lid-the-first-act-of-happiness-\"><strong>2. A caixa de fecho magn\u00e9tico da tampa e da base: o primeiro ato de felicidade<\/strong><\/h3>\n<ul>\n<li><strong>Estrutura incorporada das p\u00e1lpebras superior e inferior<\/strong>: Tem uma sensa\u00e7\u00e3o de amortecimento ao abrir e fechar, simulando a experi\u00eancia de abertura de uma caixa de j\u00f3ias e refor\u00e7ando a associa\u00e7\u00e3o emocional de \"momentos preciosos\";<\/li>\n<li><strong>Atualiza\u00e7\u00e3o da pega em pele humanizada<\/strong>: \u2705\u00a0<strong>Camada superior de couro de vaca ecol\u00f3gico PU<\/strong>: A largura da pega \u00e9 de 3 cm, o que se adapta \u00e0 curvatura da palma da m\u00e3o e n\u00e3o aperta a m\u00e3o quando levantada durante muito tempo; \u2705\u00a0<strong>Anel decorativo em metal<\/strong>: A fivela dourada em ouro rosa liga o corpo da caixa, com uma capacidade de carga de 15 kg, e \u00e9 simultaneamente dur\u00e1vel e requintada.<\/li>\n<\/ul>\n<h3 id=\"-three-macaron-healing-color-system-the-secret-weapon-of-visual-stickiness-\"><strong>3. Sistema de cores de cura do macaron: a arma secreta da fixa\u00e7\u00e3o visual<\/strong><\/h3>\n<ul>\n<li><strong>Correspond\u00eancia de cores de luz suave de baixa satura\u00e7\u00e3o<\/strong>: As cores azul n\u00e9voa, rosa nude, branco baunilha e outras cores passaram a certifica\u00e7\u00e3o SGS, visualiza\u00e7\u00e3o a longo prazo sem fadiga, adequado para floresta, coreano, retro e outros temas de casamento;<\/li>\n<li><strong>Processo de cor de dois canais<\/strong>: \u2705\u00a0<strong>Base mate<\/strong>: \u00c9 utilizada tinta \u00e0 base de \u00e1gua amiga do ambiente, com um toque delicado e sem reflexos; \u2705\u00a0<strong>Al\u00edvio parcial dos raios UV<\/strong>: A silhueta dos noivos e os votos podem ser gravados na tampa da caixa, e um efeito tridimensional de luz e sombra pode ser apresentado sob a fonte de luz.<\/li>\n<\/ul>\n<h3 id=\"-four-environmentally-friendly-lining-high-definition-printing-a-balance-between-sustainability-and-aesthetics-\"><strong>4. Forro ecol\u00f3gico e impress\u00e3o de alta defini\u00e7\u00e3o: um equil\u00edbrio entre sustentabilidade e est\u00e9tica<\/strong><\/h3>\n<ol>\n<li><strong>Revestimento de fibra vegetal<\/strong>:<\/li>\n<li>Tabuleiro interior moldado em baga\u00e7o de cana-de-a\u00e7\u00facar\/polpa de bambu, 100% degrad\u00e1vel, a profundidade e a curvatura das ranhuras s\u00e3o personalizadas de acordo com a forma da lembran\u00e7a, e o desempenho antiss\u00edsmico \u00e9 compar\u00e1vel ao EVA;<\/li>\n<li>Op\u00e7\u00e3o de embrulho em seda para aumentar a sensa\u00e7\u00e3o de luxo ao desembalar.<\/li>\n<li><strong>Garantia de impress\u00e3o com zero diferen\u00e7a de cor<\/strong>:<\/li>\n<li>M\u00e1quina de impress\u00e3o alem\u00e3 Heidelberg de 8 cores, precis\u00e3o m\u00ednima de impress\u00e3o de 0,1 mm, transi\u00e7\u00e3o de blocos de cores gradientes sem descontinuidade;<\/li>\n<li>Pel\u00edcula mate\/filme t\u00e1til na superf\u00edcie, anti-impress\u00e3o digital e resistente a riscos, garantindo que permanece t\u00e3o brilhante e limpa como nova depois de ter circulado por muitas pessoas na cena do casamento.<\/li>\n<\/ol>\n<h3 id=\"-v-china-s-smart-manufacturing-strength-extremely-fast-response-and-ultimate-cost-effectiveness-\"><strong>5. A for\u00e7a do fabrico inteligente da China: resposta extremamente r\u00e1pida e uma \u00f3ptima rela\u00e7\u00e3o custo-efic\u00e1cia<\/strong><\/h3>\n<ul>\n<li><strong>Cota\u00e7\u00e3o exacta em 10 minutos<\/strong>: Envie os requisitos (tamanho, cor, processo) em linha e o sistema de IA gerar\u00e1 uma cota\u00e7\u00e3o em tempo real, com uma descida de pre\u00e7o de 40% em rela\u00e7\u00e3o ao mercado;<\/li>\n<li><strong>Linha de produ\u00e7\u00e3o totalmente autom\u00e1tica<\/strong>: m\u00e1quina de corte e vinco inteligente + equipamento de grava\u00e7\u00e3o a laser, com uma capacidade de produ\u00e7\u00e3o di\u00e1ria de 1 milh\u00e3o de pe\u00e7as, suportando a entrega de encomendas urgentes em 72 horas;<\/li>\n<li><strong>Tripla linha de defesa para a inspe\u00e7\u00e3o da qualidade<\/strong>inspe\u00e7\u00e3o de lotes de mat\u00e9rias-primas, inspe\u00e7\u00e3o completa do processo de produ\u00e7\u00e3o e inspe\u00e7\u00e3o por amostragem da expedi\u00e7\u00e3o de produtos acabados, com uma taxa de defeitos inferior a 0,3%.<\/li>\n<\/ul>\n<h3 id=\"-six-commercial-empowerment-highlights-\"><strong>6, Destaques da capacita\u00e7\u00e3o comercial<\/strong><\/h3>\n<p>\u2705\u00a0<strong>Aumento do pr\u00e9mio<\/strong>: As caixas de presente de alta qualidade aumentam o pre\u00e7o dos conjuntos de lembran\u00e7as em 50%-150%, adequadas para cen\u00e1rios de alto lucro, como lembran\u00e7as de casamento e lembran\u00e7as de anivers\u00e1rio; \u2705\u00a0<strong>Impress\u00e3o da marca<\/strong>: Os rec\u00e9m-casados partilham caixas de presente personalizadas como moeda social, o que traz o seu pr\u00f3prio tr\u00e1fego de cis\u00e3o; \u2705\u00a0<strong>B\u00ean\u00e7\u00e3o de certifica\u00e7\u00e3o ambiental<\/strong>: A certifica\u00e7\u00e3o FSC+ISO14001 ajuda as marcas a entrar no mercado de casamentos de luxo na Europa e nos Estados Unidos.<\/p>\n<p><strong>Comece j\u00e1 a personaliza\u00e7\u00e3o rom\u00e2ntica!\u00a0<\/strong>Forne\u00e7a o tamanho do presente e a inspira\u00e7\u00e3o para o design, e obtenha renderiza\u00e7\u00f5es em 3D + listas de custos em 10 minutos. Com milh\u00f5es de capacidade de produ\u00e7\u00e3o e artesanato art\u00edstico, as f\u00e1bricas chinesas fazem com que cada lembran\u00e7a de casamento seja digna de uma cole\u00e7\u00e3o eterna!<\/p>\n<h3 id=\"-technical-parameters-\"><strong>Par\u00e2metros t\u00e9cnicos<\/strong><\/h3>\n<table>\n<thead>\n<tr>\n<th><strong>Projeto<\/strong><\/th>\n<th><strong>Especifica\u00e7\u00f5es<\/strong><\/th>\n<\/tr>\n<\/thead>\n<tbody>\n<tr>\n<td>Carga da pega<\/td>\n<td>15kg (pele de vaca) \/ 10kg (PU)<\/td>\n<\/tr>\n<tr>\n<td>Resolu\u00e7\u00e3o de impress\u00e3o<\/td>\n<td>300dpi (padr\u00e3o), 600dpi (texto)<\/td>\n<\/tr>\n<tr>\n<td>Quantidade m\u00ednima de encomenda<\/td>\n<td>300 pe\u00e7as (suporte 50 amostras)<\/td>\n<\/tr>\n<tr>\n<td>Ciclo de personaliza\u00e7\u00e3o<\/td>\n<td>5 dias para a prova + 7 dias para o volume (apoio \u00e0 entrega r\u00e1pida)<\/td>\n<\/tr>\n<tr>\n<td>Certifica\u00e7\u00e3o ambiental<\/td>\n<td>FSC, SGS, ISO14001<\/td>\n<\/tr>\n<\/tbody>\n<\/table>\n<hr \/>\n<p><strong>Escolha-nos, deixe que a do\u00e7ura do casamento se espalhe a partir do momento em que abre a caixa de presente!<\/strong><\/p>","protected":false},"excerpt":{"rendered":"<p>Cores de macaron de baixa satura\u00e7\u00e3o, lembran\u00e7as personalizadas, garantia de pre\u00e7o direto de f\u00e1brica e entrega precisa no prazo de 7-12 dias.<\/p>","protected":false},"featured_media":8293,"template":"","meta":[],"product_brand":[],"product_cat":[30,423,425,31],"product_tag":[656,655,654],"class_list":{"0":"post-8325","1":"product","2":"type-product","3":"status-publish","4":"has-post-thumbnail","6":"product_cat-by-industry","7":"product_cat-custom-presentation-boxes-by-industry","8":"product_cat-lid-and-base-gift-box","9":"product_cat-paper-box-style","10":"product_tag-custom-wedding-gift-boxes","11":"product_tag-keepsake-boxes-wholesale","12":"product_tag-wedding-gift-boxes","14":"first","15":"instock","16":"shipping-taxable","17":"product-type-simple"},"_links":{"self":[{"href":"https:\/\/zojopackaging.com\/pt\/wp-json\/wp\/v2\/product\/8325","targetHints":{"allow":["GET"]}}],"collection":[{"href":"https:\/\/zojopackaging.com\/pt\/wp-json\/wp\/v2\/product"}],"about":[{"href":"https:\/\/zojopackaging.com\/pt\/wp-json\/wp\/v2\/types\/product"}],"version-history":[{"count":1,"href":"https:\/\/zojopackaging.com\/pt\/wp-json\/wp\/v2\/product\/8325\/revisions"}],"predecessor-version":[{"id":8326,"href":"https:\/\/zojopackaging.com\/pt\/wp-json\/wp\/v2\/product\/8325\/revisions\/8326"}],"wp:featuredmedia":[{"embeddable":true,"href":"https:\/\/zojopackaging.com\/pt\/wp-json\/wp\/v2\/media\/8293"}],"wp:attachment":[{"href":"https:\/\/zojopackaging.com\/pt\/wp-json\/wp\/v2\/media?parent=8325"}],"wp:term":[{"taxonomy":"product_brand","embeddable":true,"href":"https:\/\/zojopackaging.com\/pt\/wp-json\/wp\/v2\/product_brand?post=8325"},{"taxonomy":"product_cat","embeddable":true,"href":"https:\/\/zojopackaging.com\/pt\/wp-json\/wp\/v2\/product_cat?post=8325"},{"taxonomy":"product_tag","embeddable":true,"href":"https:\/\/zojopackaging.com\/pt\/wp-json\/wp\/v2\/product_tag?post=8325"}],"curies":[{"name":"wp","href":"https:\/\/api.w.org\/{rel}","templated":true}]}}