{"id":8328,"date":"2025-03-27T09:28:32","date_gmt":"2025-03-27T01:28:32","guid":{"rendered":"https:\/\/zojopackaging.com\/?post_type=product&#038;p=8328"},"modified":"2025-03-27T10:44:18","modified_gmt":"2025-03-27T02:44:18","slug":"custom-boutique-garment-swimwear-underwear-box-wholesale","status":"publish","type":"product","link":"https:\/\/zojopackaging.com\/pt\/product\/custom-boutique-garment-swimwear-underwear-box-wholesale\/","title":{"rendered":"Roupa de banho personalizada Boutique Roupa interior Caixa por atacado"},"content":{"rendered":"<h3 id=\"customized-boutique-clothing-swimwear-lingerie-box-wholesale-product-description\">Caixa de lingerie para roupa de banho personalizada por atacado descri\u00e7\u00e3o do produto<\/h3>\n<h4 id=\"-i-core-materials-and-craftsmanship-\"><strong>I. Materiais de base e artesanato<\/strong><\/h4>\n<ol>\n<li><strong>Estrutura composta de cart\u00e3o cinzento de 1200 GSM + papel de arte revestido de 157 GSM<\/strong><\/li>\n<li>O cart\u00e3o cinzento de elevada gramagem (como o cart\u00e3o cinzento de 1200 g de material de grau K5 mencionado na p\u00e1gina Web 2) e a tecnologia de comp\u00f3sito de papel revestido s\u00e3o utilizados para ter em conta a rigidez e a textura de impress\u00e3o da superf\u00edcie, com um excelente desempenho de suporte de carga por compress\u00e3o, adequado para o transporte a longa dist\u00e2ncia e para as necessidades de armazenamento por empilhamento.<\/li>\n<li>O papel revestido de 157 GSM proporciona uma superf\u00edcie de impress\u00e3o delicada, que pode apresentar os efeitos finos do LOGOTIPO e dos padr\u00f5es da marca, melhorando simultaneamente o desempenho \u00e0 prova de \u00e1gua e de humidade.<\/li>\n<\/ol>\n<h4 id=\"-ii-humanized-design-highlights-\"><strong>2. Destaques do design humanizado<\/strong><\/h4>\n<ol>\n<li><strong>Combina\u00e7\u00e3o de cores preto e azul para reduzir a ansiedade visual<\/strong><\/li>\n<li>A cor principal \u00e9 uma combina\u00e7\u00e3o de azul-marinho profundo e preto mate, referindo-se \u00e0 teoria da psicologia da cor, criando uma impress\u00e3o visual calma e profissional, aliviando o nervosismo dos consumidores quando desembalam e aumentando a confian\u00e7a na marca.<\/li>\n<li><strong>caixa de fecho magn\u00e9tico + abertura e fecho magn\u00e9ticos incorporados<\/strong><\/li>\n<li>Estrutura dobr\u00e1vel inovadora em forma de livro, com design de fivela magn\u00e9tica incorporada (consulte o processo de moldagem tridimensional da caixa mundial na p\u00e1gina web 2), f\u00e1cil de abrir e fechar e art\u00edstica.<\/li>\n<li>Embalagem plana ap\u00f3s dobragem (semelhante ao conceito de otimiza\u00e7\u00e3o log\u00edstica da caixa de avi\u00e3o na p\u00e1gina web 3), reduzindo o volume de transporte, aumentando a utiliza\u00e7\u00e3o do espa\u00e7o por 50% e reduzindo consideravelmente os custos de transporte.<\/li>\n<li><strong>Papel de revestimento grav\u00e1vel amigo do ambiente<\/strong><\/li>\n<li>Constru\u00edda em cart\u00e3o reciclado amigo do ambiente, a superf\u00edcie pode ser escrita \u00e0 m\u00e3o com b\u00ean\u00e7\u00e3os ou informa\u00e7\u00f5es sobre o produto (como a ideia de personaliza\u00e7\u00e3o de acess\u00f3rios com fitas na p\u00e1gina web 2), apoia a reutiliza\u00e7\u00e3o e enquadra-se na tend\u00eancia das embalagens ecol\u00f3gicas.<\/li>\n<\/ol>\n<h4 id=\"-three-flexible-customization-service-\"><strong>3. Servi\u00e7o de personaliza\u00e7\u00e3o flex\u00edvel<\/strong><\/h4>\n<ol>\n<li><strong>Adapta\u00e7\u00e3o multidimensional da dimens\u00e3o<\/strong><\/li>\n<li>Suportar a personaliza\u00e7\u00e3o em tamanho real (como as especifica\u00e7\u00f5es flex\u00edveis de 23<em>16<\/em>7,5 cm na p\u00e1gina web 3), abrangendo diferentes categorias, como roupa interior, fatos de banho, vestidos, etc., para satisfazer as necessidades de embalagem independente ou combina\u00e7\u00e3o de conjuntos.<\/li>\n<li><strong>Personaliza\u00e7\u00e3o do forro com a marca<\/strong><\/li>\n<li>Fornecer esponja EVA, seda, flanela e outras op\u00e7\u00f5es de forro (alargar o servi\u00e7o de personaliza\u00e7\u00e3o de acess\u00f3rios na p\u00e1gina 2), fixar com precis\u00e3o o produto e melhorar a sensa\u00e7\u00e3o de cerim\u00f3nia de desembalagem, adaptar-se ao tom de marca topo de gama.<\/li>\n<\/ol>\n<h4 id=\"-fourth-factory-advantages-and-service-commitments-\"><strong>4. Vantagens da f\u00e1brica e compromissos de servi\u00e7o<\/strong><\/h4>\n<ol>\n<li><strong>Garantia de uma cadeia de abastecimento \u00fanica<\/strong><\/li>\n<li><strong>Amostras gr\u00e1tis<\/strong>: Apoiar a prova no prazo de 3 dias (consultar o servi\u00e7o eficaz de \"ciclo de prova 3 dias\" na p\u00e1gina 3) para garantir a visualiza\u00e7\u00e3o dos efeitos de conce\u00e7\u00e3o.<\/li>\n<li><strong>Pre\u00e7o e prazo de entrega<\/strong>: A produ\u00e7\u00e3o em grande escala reduz os custos (como a vantagem do lote de \"10 yuan\/100.000 pe\u00e7as\" na p\u00e1gina 1), as encomendas regulares s\u00e3o entregues no prazo de 7 dias e as necessidades urgentes podem ser aceleradas para 5 dias.<\/li>\n<li><strong>Garantia de qualidade<\/strong>: Abrangendo todo o processo de impress\u00e3o, laminagem e corte e vinco (descri\u00e7\u00e3o do equipamento de processamento na p\u00e1gina 3), promete um controlo de risco de todo o processo, como a compensa\u00e7\u00e3o por erros de impress\u00e3o e a compensa\u00e7\u00e3o por atrasos na entrega.<\/li>\n<\/ol>\n<h4 id=\"-v-application-scenarios-and-competitiveness-\"><strong>5. Cen\u00e1rios de aplica\u00e7\u00e3o e competitividade<\/strong><\/h4>\n<ul>\n<li><strong>Objectos aplic\u00e1veis<\/strong>: marcas transfronteiri\u00e7as (como as compat\u00edveis com a Amazon, s\u00edtios independentes e outras plataformas na p\u00e1gina web 2), retalho f\u00edsico e mercados de presentes de alta gama.<\/li>\n<li><strong>Competitividade de base<\/strong>: Atrav\u00e9s de actualiza\u00e7\u00f5es de materiais, otimiza\u00e7\u00e3o estrutural e personaliza\u00e7\u00e3o profunda, equilibrar o controlo de custos e a experi\u00eancia do utilizador para ajudar a marca a ser premium.<\/li>\n<\/ul>","protected":false},"excerpt":{"rendered":"<p>A caixa com fecho magn\u00e9tico pode ser dobrada para poupar 68% nos custos de envio, forro grav\u00e1vel com certifica\u00e7\u00e3o FSC, personaliza\u00e7\u00e3o de vestu\u00e1rio em tamanho real, entrega em 15 dias<\/p>","protected":false},"featured_media":8329,"template":"","meta":[],"product_brand":[],"product_cat":[30,414,424,31],"product_tag":[657,658,659],"class_list":{"0":"post-8328","1":"product","2":"type-product","3":"status-publish","4":"has-post-thumbnail","6":"product_cat-by-industry","7":"product_cat-custom-apparel-boxes","8":"product_cat-magnetic-closure-boxes","9":"product_cat-paper-box-style","10":"product_tag-custom-garment-box","11":"product_tag-swimwear-box-wholesale","12":"product_tag-underwear-box-wholesale","14":"first","15":"instock","16":"shipping-taxable","17":"product-type-simple"},"_links":{"self":[{"href":"https:\/\/zojopackaging.com\/pt\/wp-json\/wp\/v2\/product\/8328","targetHints":{"allow":["GET"]}}],"collection":[{"href":"https:\/\/zojopackaging.com\/pt\/wp-json\/wp\/v2\/product"}],"about":[{"href":"https:\/\/zojopackaging.com\/pt\/wp-json\/wp\/v2\/types\/product"}],"version-history":[{"count":3,"href":"https:\/\/zojopackaging.com\/pt\/wp-json\/wp\/v2\/product\/8328\/revisions"}],"predecessor-version":[{"id":8337,"href":"https:\/\/zojopackaging.com\/pt\/wp-json\/wp\/v2\/product\/8328\/revisions\/8337"}],"wp:featuredmedia":[{"embeddable":true,"href":"https:\/\/zojopackaging.com\/pt\/wp-json\/wp\/v2\/media\/8329"}],"wp:attachment":[{"href":"https:\/\/zojopackaging.com\/pt\/wp-json\/wp\/v2\/media?parent=8328"}],"wp:term":[{"taxonomy":"product_brand","embeddable":true,"href":"https:\/\/zojopackaging.com\/pt\/wp-json\/wp\/v2\/product_brand?post=8328"},{"taxonomy":"product_cat","embeddable":true,"href":"https:\/\/zojopackaging.com\/pt\/wp-json\/wp\/v2\/product_cat?post=8328"},{"taxonomy":"product_tag","embeddable":true,"href":"https:\/\/zojopackaging.com\/pt\/wp-json\/wp\/v2\/product_tag?post=8328"}],"curies":[{"name":"wp","href":"https:\/\/api.w.org\/{rel}","templated":true}]}}