{"id":8338,"date":"2025-03-27T10:44:33","date_gmt":"2025-03-27T02:44:33","guid":{"rendered":"https:\/\/zojopackaging.com\/?post_type=product&#038;p=8338"},"modified":"2025-03-27T11:06:25","modified_gmt":"2025-03-27T03:06:25","slug":"oem-luxury-hair-tie-accessories-scrunchies-packaging-box","status":"publish","type":"product","link":"https:\/\/zojopackaging.com\/pt\/product\/oem-luxury-hair-tie-accessories-scrunchies-packaging-box\/","title":{"rendered":"Caixa de embalagem de el\u00e1stico de cabelo de acess\u00f3rios de la\u00e7o de cabelo de luxo OEM"},"content":{"rendered":"<h3 id=\"oem-luxury-headband-accessories-packaging-box-product-description\">Caixa de embalagem de acess\u00f3rios para bandoletes de luxo OEM descri\u00e7\u00e3o do produto<\/h3>\n<h4 id=\"-i-core-materials-and-process-guarantee-\"><strong>I. Materiais de base e garantia do processo<\/strong><\/h4>\n<ol>\n<li><strong>Estrutura composta de cart\u00e3o cinzento de 1200 GSM + papel de arte revestido de 157 GSM<\/strong><\/li>\n<li>Adoptando o cart\u00e3o cinzento de alta densidade de 1200 GSM e o processo composto de papel art\u00edstico revestido de 157 GSM, o cart\u00e3o cinzento oferece uma excelente resist\u00eancia \u00e0 compress\u00e3o e ao desgaste, e pode suportar mais de 5 kg, satisfazendo as necessidades de transporte de longa dist\u00e2ncia e empilhamento de armazenamento.<\/li>\n<li>A superf\u00edcie do papel revestido \u00e9 revestida com uma pel\u00edcula brilhante para obter uma impress\u00e3o a preto total de alta precis\u00e3o, com uma satura\u00e7\u00e3o de preto superior a 98%, sem manchas, sem diferen\u00e7as de cor, e apresenta perfeitamente o LOGOTIPO da marca e os pormenores do design.<\/li>\n<\/ol>\n<h4 id=\"-ii-luxury-design-and-functional-innovation-\"><strong>2. Design de luxo e inova\u00e7\u00e3o funcional<\/strong><\/h4>\n<ol>\n<li><strong>Impress\u00e3o a preto, interpretando uma est\u00e9tica de luxo<\/strong><\/li>\n<li>Todo o corpo adopta a tecnologia de preto mate ou preto brilhante, combinada com folha de ouro, relevo e outras decora\u00e7\u00f5es (personaliz\u00e1veis), transmitindo um tom de marca de luxo discreto, que se enquadra no posicionamento do produto de acess\u00f3rios para a cabe\u00e7a topo de gama.<\/li>\n<li><strong>Caixa com fecho magn\u00e9tico, bonita e pr\u00e1tica<\/strong><\/li>\n<li>O design da caixa com fecho magn\u00e9tico \u00e9 combinado com uma fivela magn\u00e9tica incorporada, que abre e fecha suavemente sem encravar. A posi\u00e7\u00e3o magn\u00e9tica est\u00e1 escondida no interior da caixa para evitar o desgaste externo e melhorar a integridade visual geral.<\/li>\n<li>A espessura ap\u00f3s a dobragem \u00e9 de apenas 1 cm, e a embalagem plana reduz o volume de transporte, poupando mais de 40% de custos log\u00edsticos.<\/li>\n<\/ol>\n<h4 id=\"-three-full-dimensional-customization-service-\"><strong>3. Servi\u00e7o de personaliza\u00e7\u00e3o de dimens\u00f5es completas<\/strong><\/h4>\n<ol>\n<li><strong>Adapta\u00e7\u00e3o flex\u00edvel do tamanho e do tipo de caixa<\/strong><\/li>\n<li>Suporta a personaliza\u00e7\u00e3o de caixas rectangulares, quadradas e outras, com uma gama de tamanhos de 5x5x3cm a 50x30x15cm (expans\u00edvel), adequada para v\u00e1rios acess\u00f3rios, como fitas para a cabe\u00e7a, acess\u00f3rios para o cabelo, fitas para a cabe\u00e7a, etc.<\/li>\n<li><strong>Sistema exclusivo de prote\u00e7\u00e3o do forro<\/strong><\/li>\n<li>Fornecer materiais de revestimento, tais como esponja EVA, flanela, papel de flocagem, etc., abrir e personalizar ranhuras de acordo com a forma do produto, fixar acess\u00f3rios para evitar aban\u00f5es, e a taxa de danos no transporte \u00e9 inferior a 0,5%.<\/li>\n<li>Suporte para impress\u00e3o no forro de slogans ou padr\u00f5es da marca para melhorar a experi\u00eancia de desembalagem.<\/li>\n<li><strong>Impress\u00e3o de alta precis\u00e3o e melhoramento do log\u00f3tipo da marca<\/strong><\/li>\n<li>Usando a tecnologia de impress\u00e3o em cores especiais CMYK + Pantone, controle de diferen\u00e7a de cor \u0394E\u22641.5, clareza de borda LOGO at\u00e9 300dpi, para garantir alto reconhecimento do logotipo da marca.<\/li>\n<\/ol>\n<h4 id=\"-fourth-factory-advantages-and-service-commitments-\"><strong>4. Vantagens da f\u00e1brica e compromissos de servi\u00e7o<\/strong><\/h4>\n<ol>\n<li><strong>Produ\u00e7\u00e3o em grande escala e entrega extremamente r\u00e1pida<\/strong><\/li>\n<li><strong>Linha de produ\u00e7\u00e3o totalmente autom\u00e1tica<\/strong>A nossa empresa est\u00e1 equipada com equipamento integrado de corte e vinco, lamina\u00e7\u00e3o e estampagem a quente, com uma capacidade de produ\u00e7\u00e3o di\u00e1ria de 1.000.000 de pe\u00e7as, suportando sem problemas grandes encomendas e encomendas urgentes.<\/li>\n<li><strong>Amostras gr\u00e1tis e garantia de pre\u00e7o baixo<\/strong>: A prova \u00e9 conclu\u00edda no prazo de 3 dias \u00fateis, as encomendas normais s\u00e3o entregues no prazo de 7 dias ap\u00f3s a confirma\u00e7\u00e3o e as encomendas urgentes podem ser encurtadas para 5 dias.<\/li>\n<li><strong>Compromisso de custo-efic\u00e1cia<\/strong>: O pre\u00e7o de encomenda para 10.000 pe\u00e7as \u00e9 t\u00e3o baixo quanto US$0.5\/pe\u00e7a, suportando v\u00e1rios termos comerciais como FOB e EXW.<\/li>\n<\/ol>\n<h4 id=\"-v-application-scenarios-and-competitiveness-\"><strong>5. Cen\u00e1rios de aplica\u00e7\u00e3o e competitividade<\/strong><\/h4>\n<ul>\n<li><strong>Dom\u00ednios aplic\u00e1veis<\/strong>: com\u00e9rcio eletr\u00f3nico transfronteiri\u00e7o (como a Amazon, Shopify, esta\u00e7\u00e3o independente), retalho de luxo, embalagens de acess\u00f3rios para o cabelo com a marca de celebridades.<\/li>\n<li><strong>Principais vantagens<\/strong>: Atrav\u00e9s de actualiza\u00e7\u00f5es de materiais, design est\u00e9tico totalmente preto e personaliza\u00e7\u00e3o flex\u00edvel, ajuda as marcas a diferenciarem-se de produtos semelhantes e a aumentarem o espa\u00e7o premium em 20%-30%.<\/li>\n<\/ul>","protected":false},"excerpt":{"rendered":"<p>Caixa de fecho magn\u00e9tico de luxo totalmente preta, suc\u00e7\u00e3o magn\u00e9tica para evitar o desgaste. Design de forro de tamanho personalizado, adequado para prote\u00e7\u00e3o do transporte de acess\u00f3rios para o cabelo<\/p>","protected":false},"featured_media":8339,"template":"","meta":[],"product_brand":[],"product_cat":[30,414,424,31],"product_tag":[660,662,661],"class_list":{"0":"post-8338","1":"product","2":"type-product","3":"status-publish","4":"has-post-thumbnail","6":"product_cat-by-industry","7":"product_cat-custom-apparel-boxes","8":"product_cat-magnetic-closure-boxes","9":"product_cat-paper-box-style","10":"product_tag-hair-tie-packaging","11":"product_tag-oem-scrunchies-packaging","12":"product_tag-tie-accessories-packaging","14":"first","15":"instock","16":"shipping-taxable","17":"product-type-simple"},"_links":{"self":[{"href":"https:\/\/zojopackaging.com\/pt\/wp-json\/wp\/v2\/product\/8338","targetHints":{"allow":["GET"]}}],"collection":[{"href":"https:\/\/zojopackaging.com\/pt\/wp-json\/wp\/v2\/product"}],"about":[{"href":"https:\/\/zojopackaging.com\/pt\/wp-json\/wp\/v2\/types\/product"}],"version-history":[{"count":1,"href":"https:\/\/zojopackaging.com\/pt\/wp-json\/wp\/v2\/product\/8338\/revisions"}],"predecessor-version":[{"id":8345,"href":"https:\/\/zojopackaging.com\/pt\/wp-json\/wp\/v2\/product\/8338\/revisions\/8345"}],"wp:featuredmedia":[{"embeddable":true,"href":"https:\/\/zojopackaging.com\/pt\/wp-json\/wp\/v2\/media\/8339"}],"wp:attachment":[{"href":"https:\/\/zojopackaging.com\/pt\/wp-json\/wp\/v2\/media?parent=8338"}],"wp:term":[{"taxonomy":"product_brand","embeddable":true,"href":"https:\/\/zojopackaging.com\/pt\/wp-json\/wp\/v2\/product_brand?post=8338"},{"taxonomy":"product_cat","embeddable":true,"href":"https:\/\/zojopackaging.com\/pt\/wp-json\/wp\/v2\/product_cat?post=8338"},{"taxonomy":"product_tag","embeddable":true,"href":"https:\/\/zojopackaging.com\/pt\/wp-json\/wp\/v2\/product_tag?post=8338"}],"curies":[{"name":"wp","href":"https:\/\/api.w.org\/{rel}","templated":true}]}}