{"id":8346,"date":"2025-03-27T11:06:35","date_gmt":"2025-03-27T03:06:35","guid":{"rendered":"https:\/\/zojopackaging.com\/?post_type=product&#038;p=8346"},"modified":"2025-03-27T11:33:11","modified_gmt":"2025-03-27T03:33:11","slug":"custom-magnetic-closure-jewelry-gift-rigid-boxes-wholesale","status":"publish","type":"product","link":"https:\/\/zojopackaging.com\/pt\/product\/custom-magnetic-closure-jewelry-gift-rigid-boxes-wholesale\/","title":{"rendered":"Caixas r\u00edgidas para presentes de j\u00f3ias com fecho magn\u00e9tico personalizado por atacado"},"content":{"rendered":"<h3 id=\"customized-magnetic-closure-jewelry-gift-hard-box-wholesale-product-instructions\">Caixa r\u00edgida para presente de j\u00f3ias com fecho magn\u00e9tico personalizado por atacado<\/h3>\n<h4 id=\"-i-core-materials-and-environmental-certification-\"><strong>I. Materiais de base e certifica\u00e7\u00e3o ambiental<\/strong><\/h4>\n<ol>\n<li>Cart\u00e3o cinzento de 1200 GSM + papel art\u00edstico revestido de 157 GSM Processo composto<\/li>\n<li>Utilizando 1200 GSM de cart\u00e3o cinzento de alta densidade como estrutura principal, com processo de lamina\u00e7\u00e3o de papel de arte revestido de 157 GSM, a dureza do corpo da caixa atinge Shaw D80 ou superior, a capacidade de carga excede 8 kg e pode ser empilhada em 5 camadas sem deforma\u00e7\u00e3o.<\/li>\n<li>O material passou a certifica\u00e7\u00e3o florestal FSC e as normas de prote\u00e7\u00e3o ambiental RoHS. A superf\u00edcie do papel revestido \u00e9 impressa com tinta \u00e0 base de \u00e1gua e n\u00e3o h\u00e1 res\u00edduos de solvente de benzeno, o que cumpre os requisitos de prote\u00e7\u00e3o ambiental dos regulamentos REACH da UE para embalagens de j\u00f3ias.<\/li>\n<\/ol>\n<h4 id=\"-ii-double-sided-visual-system-design-\"><strong>2. Conce\u00e7\u00e3o do sistema visual de dupla face<\/strong><\/h4>\n<ol>\n<li>Solu\u00e7\u00e3o de impress\u00e3o frente e verso ecol\u00f3gica e amiga do ambiente<\/li>\n<li>A cor principal \u00e9 uma combina\u00e7\u00e3o gradiente de verde Morandi e verde relva claro, com um valor de diferen\u00e7a de cor de \u0394E\u22641,2 (calibra\u00e7\u00e3o do cart\u00e3o de cor Pantone), e a impress\u00e3o de p\u00e1gina inteira em frente e verso reduz o contraste visual. Ap\u00f3s testes de engenharia de factores humanos, pode reduzir o \u00edndice de fadiga do olhar do consumidor em 37%.<\/li>\n<li>O processo de impress\u00e3o utiliza verniz local UV + cobertura de pel\u00edcula mate, que n\u00e3o s\u00f3 real\u00e7a o brilho tridimensional do LOGOTIPO da marca, como tamb\u00e9m transmite o conceito de prote\u00e7\u00e3o ambiental atrav\u00e9s da textura mate.<\/li>\n<\/ol>\n<h4 id=\"-three-branded-package-system-construction-\"><strong>3. Constru\u00e7\u00e3o de um sistema de embalagem com marca<\/strong><\/h4>\n<ol>\n<li>Design combinado de caixa de oferta + saco de oferta<\/li>\n<li>Desenvolver um sistema de caixas escalonadas (por exemplo, 1 pe\u00e7a\/3 pe\u00e7as\/5 pe\u00e7as), combinando a mesma s\u00e9rie de sacos de oferta em n\u00e3o-tecido, e imprimir gr\u00e1ficos auxiliares da marca e declara\u00e7\u00f5es de prote\u00e7\u00e3o ambiental no corpo do saco para formar uma exposi\u00e7\u00e3o completa da marca desde o desempacotamento at\u00e9 ao transporte.<\/li>\n<li>Suporta a personaliza\u00e7\u00e3o simult\u00e2nea de tipos de caixas e sacos, tais como uma caixa magn\u00e9tica flip-top com um saco de m\u00e3o tipo envelope, ou uma caixa em forma de livro com um saco de cord\u00e3o, o que \u00e9 adequado para diferentes cen\u00e1rios, tais como casamentos e neg\u00f3cios.<\/li>\n<\/ol>\n<h4 id=\"-four-high-recognition-detail-upgrade-\"><strong>4. Atualiza\u00e7\u00e3o dos detalhes de alto reconhecimento<\/strong><\/h4>\n<ol>\n<li>Sistema de fitas personaliz\u00e1vel<\/li>\n<li>Fornece 6 tipos de materiais de fitas, tais como cetim, fio de neve e fibra reciclada, suporta a personaliza\u00e7\u00e3o gratuita de larguras de 3 mm a 50 mm e pode gravar nomes de marcas a laser ou gravar padr\u00f5es escuros, o que aumenta o reconhecimento por 200%.<\/li>\n<li>O design original da \"fivela de posicionamento da fita\" garante que a fita permanece direita ap\u00f3s a dobragem, resolvendo o problema de a fita de embalagem tradicional se soltar facilmente.<\/li>\n<\/ol>\n<h4 id=\"-v-all-dimensional-protection-system-\"><strong>5. Sistema de prote\u00e7\u00e3o multidimensional<\/strong><\/h4>\n<ol>\n<li>Sistema de revestimento de esponja antiss\u00edsmico<\/li>\n<li>O forro de esponja EVA dividido \u00e9 adotado com uma densidade de 45D\u00b12, e as ranhuras s\u00e3o personalizadas de acordo com o contorno da joia. O teste de vibra\u00e7\u00e3o mostra que pode suportar o impacto do valor G 0,5, e a taxa de danos no transporte \u00e9 inferior a 0,3%.<\/li>\n<li>O forro suporta um design de estrutura de camada dupla: a camada superior de tecido de flocagem \u00e9 \u00e0 prova de riscos e a camada inferior de cart\u00e3o alveolar \u00e9 absorvente de choques, o que \u00e9 adequado para j\u00f3ias fr\u00e1geis e produtos de metais preciosos.<\/li>\n<\/ol>\n<h4 id=\"-sixth-factory-direct-supply-advantages-\"><strong>6. Vantagens do fornecimento direto da f\u00e1brica<\/strong><\/h4>\n<ol>\n<li><strong>Refor\u00e7o do agrupamento industrial do Delta do Rio das P\u00e9rolas<\/strong><\/li>\n<li>Apoiando-se em cintur\u00f5es industriais de embalagens como Dongguan e Yiwu (como Dongguan Zhongkai Packaging na p\u00e1gina 3 e Yiwu Rongshan Packaging na p\u00e1gina 6), todo o processo de conce\u00e7\u00e3o-prova-produ\u00e7\u00e3o em massa pode ser respondido no prazo de 72 horas, o que \u00e9 5 dias \u00fateis mais curto do que o modo tradicional.<\/li>\n<li>O pre\u00e7o m\u00ednimo de encomenda para 10.000 unidades \u00e9 t\u00e3o baixo quanto 1,2 yuan\/conjunto (incluindo o corpo da caixa + forro + fita), apoiando os servi\u00e7os de log\u00edstica transfronteiri\u00e7a DDP, e o ciclo de transporte porta-a-porta na Am\u00e9rica do Norte \u00e9 encurtado para 12 dias.<\/li>\n<\/ol>\n<h4 id=\"-vii-customized-service-process-\"><strong>7. Processo de servi\u00e7o personalizado<\/strong><\/h4>\n<ul>\n<li><strong>Colabora\u00e7\u00e3o na conce\u00e7\u00e3o<\/strong>: A marca fornece imagens de inspira\u00e7\u00e3o ou palavras-chave e a equipa de design apresenta 3 conjuntos de solu\u00e7\u00f5es (incluindo representa\u00e7\u00f5es em 3D) no prazo de 48 horas.<\/li>\n<li><strong>Produ\u00e7\u00e3o flex\u00edvel<\/strong>: M\u00e1quina de corte e vinco totalmente autom\u00e1tica + linha de montagem de suc\u00e7\u00e3o magn\u00e9tica, com uma capacidade de produ\u00e7\u00e3o di\u00e1ria de 50.000 conjuntos, suportando encomendas flex\u00edveis de 500-100.000 pe\u00e7as.<\/li>\n<li><strong>Normas de controlo de qualidade<\/strong>: Certifica\u00e7\u00e3o do sistema de qualidade ISO9001, equipado com um espetrofot\u00f3metro e um aparelho de teste de gotas para garantir a consist\u00eancia dos lotes.<\/li>\n<\/ul>","protected":false},"excerpt":{"rendered":"<p>Impress\u00e3o frente e verso ecol\u00f3gica em papel reciclado com certifica\u00e7\u00e3o FSC, o conjunto de caixas de oferta cont\u00e9m uma fita LOGO serigrafada para reduzir a fadiga visual e suporta a personaliza\u00e7\u00e3o em tamanho real.<\/p>","protected":false},"featured_media":8350,"template":"","meta":[],"product_brand":[],"product_cat":[30,415,424,31],"product_tag":[575,663,664],"class_list":{"0":"post-8346","1":"product","2":"type-product","3":"status-publish","4":"has-post-thumbnail","6":"product_cat-by-industry","7":"product_cat-custom-jewelry-boxes-by-industry","8":"product_cat-magnetic-closure-boxes","9":"product_cat-paper-box-style","10":"product_tag-jewelry-boxes-wholesale","11":"product_tag-jewelry-gift-boxes","12":"product_tag-jewelry-rigid-boxes","14":"first","15":"instock","16":"shipping-taxable","17":"product-type-simple"},"_links":{"self":[{"href":"https:\/\/zojopackaging.com\/pt\/wp-json\/wp\/v2\/product\/8346","targetHints":{"allow":["GET"]}}],"collection":[{"href":"https:\/\/zojopackaging.com\/pt\/wp-json\/wp\/v2\/product"}],"about":[{"href":"https:\/\/zojopackaging.com\/pt\/wp-json\/wp\/v2\/types\/product"}],"version-history":[{"count":1,"href":"https:\/\/zojopackaging.com\/pt\/wp-json\/wp\/v2\/product\/8346\/revisions"}],"predecessor-version":[{"id":8353,"href":"https:\/\/zojopackaging.com\/pt\/wp-json\/wp\/v2\/product\/8346\/revisions\/8353"}],"wp:featuredmedia":[{"embeddable":true,"href":"https:\/\/zojopackaging.com\/pt\/wp-json\/wp\/v2\/media\/8350"}],"wp:attachment":[{"href":"https:\/\/zojopackaging.com\/pt\/wp-json\/wp\/v2\/media?parent=8346"}],"wp:term":[{"taxonomy":"product_brand","embeddable":true,"href":"https:\/\/zojopackaging.com\/pt\/wp-json\/wp\/v2\/product_brand?post=8346"},{"taxonomy":"product_cat","embeddable":true,"href":"https:\/\/zojopackaging.com\/pt\/wp-json\/wp\/v2\/product_cat?post=8346"},{"taxonomy":"product_tag","embeddable":true,"href":"https:\/\/zojopackaging.com\/pt\/wp-json\/wp\/v2\/product_tag?post=8346"}],"curies":[{"name":"wp","href":"https:\/\/api.w.org\/{rel}","templated":true}]}}