{"id":8354,"date":"2025-03-27T11:34:12","date_gmt":"2025-03-27T03:34:12","guid":{"rendered":"https:\/\/zojopackaging.com\/?post_type=product&#038;p=8354"},"modified":"2025-03-27T12:08:41","modified_gmt":"2025-03-27T04:08:41","slug":"custom-lotion-foundation-cosmetic-makeup-set-box-wholesale","status":"publish","type":"product","link":"https:\/\/zojopackaging.com\/pt\/product\/custom-lotion-foundation-cosmetic-makeup-set-box-wholesale\/","title":{"rendered":"Caixa de conjunto de maquilhagem para cosm\u00e9ticos com base em lo\u00e7\u00e3o personalizada por atacado"},"content":{"rendered":"<h3 id=\"customized-lotion-foundation-makeup-set-box-wholesale-product-instructions\">Caixa de maquilhagem personalizada para lo\u00e7\u00e3o de base por atacado<\/h3>\n<h4 id=\"-i-innovative-structural-design-and-functional-optimization-\"><strong>I. Conce\u00e7\u00e3o estrutural inovadora e otimiza\u00e7\u00e3o funcional<\/strong><\/h4>\n<ol>\n<li><strong>Sistema de gaveta para caixa de papel<\/strong><\/li>\n<li>Adopta uma estrutura em camadas do tipo gaveta, com um coeficiente de resist\u00eancia ao deslizamento de \u22640,15N, e a suavidade de abertura e fecho \u00e9 aumentada em 60%. A opera\u00e7\u00e3o de recolha de objectos pode ser conclu\u00edda com uma m\u00e3o, o que \u00e9 perfeitamente adequado para produtos cil\u00edndricos, como frascos de lo\u00e7\u00e3o e frascos de base.<\/li>\n<li>Uma fivela antiderrapante \u00e9 colocada no interior do corpo da caixa, que n\u00e3o apresenta qualquer deforma\u00e7\u00e3o ap\u00f3s 5000 testes de papel de gaveta e tem uma capacidade de carga de 3 kg, podendo ser empilhada para armazenar v\u00e1rios artigos de maquilhagem.<\/li>\n<li><strong>Sistema de prote\u00e7\u00e3o do revestimento mate<\/strong><\/li>\n<li>A superf\u00edcie adopta um processo de pel\u00edcula mate \u00e0 base de \u00e1gua para formar uma camada hidrof\u00f3bica \u00e0 escala nanom\u00e9trica. Foi testado para resistir \u00e0 penetra\u00e7\u00e3o de l\u00edquidos, como \u00f3leo comest\u00edvel e suor, e n\u00e3o apresenta desbotamento ou deforma\u00e7\u00e3o ap\u00f3s ser armazenado em um ambiente de umidade de 40 \u2103 \/ 75% por 12 meses.<\/li>\n<li>Combinada com a impress\u00e3o de tinta de soja amiga do ambiente, passou as normas de seguran\u00e7a de qualidade alimentar certificadas pela SGS e pode entrar em contacto direto com a embalagem exterior de cosm\u00e9ticos.<\/li>\n<\/ol>\n<h4 id=\"-second-brand-visual-system-construction-\"><strong>2. Constru\u00e7\u00e3o do sistema visual Drand<\/strong><\/h4>\n<ol>\n<li><strong>Impress\u00e3o de visualiza\u00e7\u00e3o de ingredientes de alta precis\u00e3o<\/strong><\/li>\n<li>Utilizando a tecnologia de impress\u00e3o offset a seis cores (CMYK+ cor direta), a diferen\u00e7a de cor \u00e9 controlada para \u0394E\u22641,0, e o diagrama da estrutura molecular e a descri\u00e7\u00e3o da efic\u00e1cia dos ingredientes activos (como o \u00e1cido hialur\u00f3nico e a niacinamida) s\u00e3o impressos diretamente na superf\u00edcie da caixa, o que aumenta a confian\u00e7a do consumidor em 45%.<\/li>\n<li>O design original do \"r\u00f3tulo de ingredientes com janela transparente\" abre uma janela transparente na parte lateral da caixa para apresentar simultaneamente os dados reais do produto e dos ingredientes no interior.<\/li>\n<li><strong>Sistema de identifica\u00e7\u00e3o de fitas personalizado<\/strong><\/li>\n<li>Fornece 8 tipos de materiais de fita, tais como cetim, fio de neve e pel\u00edcula laser, suporta a personaliza\u00e7\u00e3o da largura de 3 mm-30 mm e pode gravar slogans de marca a laser ou gravar padr\u00f5es escuros anti-falsifica\u00e7\u00e3o.<\/li>\n<li>Estrutura inovadora de \"ranhura para cart\u00e3o de posicionamento da fita\" para garantir que a taxa de reten\u00e7\u00e3o da rigidez da fita ap\u00f3s a dobragem \u00e9 \u226590%, resolvendo o problema de f\u00e1cil enrugamento das fitas de embalagem tradicionais.<\/li>\n<\/ol>\n<h4 id=\"-three-full-dimensional-protection-and-customization-services-\"><strong>3. Servi\u00e7os de prote\u00e7\u00e3o integral e de personaliza\u00e7\u00e3o<\/strong><\/h4>\n<ol>\n<li><strong>Sistema de revestimento antiss\u00edsmico em EVA<\/strong><\/li>\n<li>Adotar o revestimento EVA dividido (densidade 35D\u00b12) e personalizar a camada tamp\u00e3o em favo de mel de acordo com a forma do produto. O teste de vibra\u00e7\u00e3o mostra que pode suportar o impacto do valor G 0,7, e a taxa de danos no transporte \u00e9 inferior a 0,2%.<\/li>\n<li>O forro suporta uma estrutura composta de camada dupla: a camada superior de tecido de flocagem \u00e9 \u00e0 prova de riscos (coeficiente de fric\u00e7\u00e3o \u2264 0,3) e a camada inferior de almofada de silicone \u00e9 antiderrapante, adequada para produtos fr\u00e1geis como a ess\u00eancia de garrafas de vidro.<\/li>\n<li><strong>Solu\u00e7\u00e3o de fabrico inteligente e flex\u00edvel<\/strong><\/li>\n<li><strong>Adapta\u00e7\u00e3o flex\u00edvel do tamanho<\/strong>: Suporta a personaliza\u00e7\u00e3o de tamanhos completos de 5x5x3cm a 30x20x15cm, cobrindo as necessidades de conjuntos de batons individuais a caixas de oferta de maquilhagem de dez pe\u00e7as.<\/li>\n<\/ol>\n<h4 id=\"-fourth-factory-direct-supply-service-guarantee-\"><strong>4. Garantia de servi\u00e7o de fornecimento direto da f\u00e1brica<\/strong><\/h4>\n<ol>\n<li><strong>Capacita\u00e7\u00e3o da cadeia de abastecimento integrada<\/strong><\/li>\n<li><strong>Resposta r\u00e1pida<\/strong>: A equipa de design produz representa\u00e7\u00f5es 3D em 24 horas, conclui a prova em 72 horas e o ciclo de produ\u00e7\u00e3o em massa \u00e9 reduzido para 7 dias \u00fateis.<\/li>\n<li><strong>Sistema de controlo da qualidade<\/strong>: Certifica\u00e7\u00e3o de qualidade ISO9001 aprovada.<\/li>\n<\/ol>","protected":false},"excerpt":{"rendered":"<p>1. O design da gaveta da caixa de papel e a abertura deslizante facilitam a abertura e o fecho pelos utilizadores, o que pode reduzir o tempo de opera\u00e7\u00e3o do utilizador e melhorar a experi\u00eancia de desembalagem<br \/>\n2. A superf\u00edcie \u00e9 coberta por uma pel\u00edcula mate, que \u00e9 imperme\u00e1vel e \u00e0 prova de \u00f3leo, para que o seu produto possa estar intacto mesmo ap\u00f3s um armazenamento prolongado<br \/>\n3. Os acess\u00f3rios com fitas real\u00e7am a beleza e o reconhecimento da marca e refor\u00e7am a impress\u00e3o que os consumidores t\u00eam da sua marca<br \/>\n4. O revestimento em EVA pode amortecer e resistir a choques durante o transporte, protegendo os seus produtos para que possam ser entregues em seguran\u00e7a nas suas m\u00e3os.<\/p>","protected":false},"featured_media":8357,"template":"","meta":[],"product_brand":[],"product_cat":[30,390,31,426],"product_tag":[667,665,666],"class_list":{"0":"post-8354","1":"product","2":"type-product","3":"status-publish","4":"has-post-thumbnail","6":"product_cat-by-industry","7":"product_cat-custom-cosmetics-boxes","8":"product_cat-paper-box-style","9":"product_cat-paper-drawer-boxes","10":"product_tag-cosmetic-makeup-set-box","11":"product_tag-custom-lotion-box","12":"product_tag-foundation-box-wholesale","14":"first","15":"instock","16":"shipping-taxable","17":"product-type-simple"},"_links":{"self":[{"href":"https:\/\/zojopackaging.com\/pt\/wp-json\/wp\/v2\/product\/8354","targetHints":{"allow":["GET"]}}],"collection":[{"href":"https:\/\/zojopackaging.com\/pt\/wp-json\/wp\/v2\/product"}],"about":[{"href":"https:\/\/zojopackaging.com\/pt\/wp-json\/wp\/v2\/types\/product"}],"version-history":[{"count":1,"href":"https:\/\/zojopackaging.com\/pt\/wp-json\/wp\/v2\/product\/8354\/revisions"}],"predecessor-version":[{"id":8361,"href":"https:\/\/zojopackaging.com\/pt\/wp-json\/wp\/v2\/product\/8354\/revisions\/8361"}],"wp:featuredmedia":[{"embeddable":true,"href":"https:\/\/zojopackaging.com\/pt\/wp-json\/wp\/v2\/media\/8357"}],"wp:attachment":[{"href":"https:\/\/zojopackaging.com\/pt\/wp-json\/wp\/v2\/media?parent=8354"}],"wp:term":[{"taxonomy":"product_brand","embeddable":true,"href":"https:\/\/zojopackaging.com\/pt\/wp-json\/wp\/v2\/product_brand?post=8354"},{"taxonomy":"product_cat","embeddable":true,"href":"https:\/\/zojopackaging.com\/pt\/wp-json\/wp\/v2\/product_cat?post=8354"},{"taxonomy":"product_tag","embeddable":true,"href":"https:\/\/zojopackaging.com\/pt\/wp-json\/wp\/v2\/product_tag?post=8354"}],"curies":[{"name":"wp","href":"https:\/\/api.w.org\/{rel}","templated":true}]}}