{"id":8362,"date":"2025-03-27T12:10:51","date_gmt":"2025-03-27T04:10:51","guid":{"rendered":"https:\/\/zojopackaging.com\/?post_type=product&#038;p=8362"},"modified":"2025-03-27T13:49:20","modified_gmt":"2025-03-27T05:49:20","slug":"high-quality-custom-drawer-paper-jewellery-boxes-wholesale","status":"publish","type":"product","link":"https:\/\/zojopackaging.com\/pt\/product\/high-quality-custom-drawer-paper-jewellery-boxes-wholesale\/","title":{"rendered":"Caixas de j\u00f3ias de papel de gaveta personalizadas de alta qualidade por atacado"},"content":{"rendered":"<h3 id=\"high-end-custom-drawer-type-jewelry-box-wholesale-product-instructions\">Caixa de j\u00f3ias de papel de gaveta personalizada de alta qualidade por atacado<\/h3>\n<h4 id=\"-i-innovative-structure-and-material-technology-\"><strong>I. Estrutura inovadora e tecnologia de materiais<\/strong><\/h4>\n<ol>\n<li><strong>Sistema de caixa deslizante de papel de gaveta<\/strong>\u00a0Adopta uma estrutura de extra\u00e7\u00e3o em camadas, com um coeficiente de resist\u00eancia ao deslizamento de \u22640,15N, e pode ser aberta e fechada suavemente com uma m\u00e3o. O corpo da caixa est\u00e1 equipado com um design de fivela anti-queda. N\u00e3o apresenta deforma\u00e7\u00f5es ap\u00f3s 5000 testes de tra\u00e7\u00e3o e a capacidade de carga atinge os 3 kg. \u00c9 adequada para an\u00e9is, colares, pulseiras e outras j\u00f3ias.<\/li>\n<li><strong>Refor\u00e7o de materiais<\/strong>: 1200 GSM de cart\u00e3o cinzento de alta densidade e 157 GSM de processo composto de papel de arte revestido, a dureza do corpo da caixa atinge Shaw D85, passou a certifica\u00e7\u00e3o florestal FSC e as normas de prote\u00e7\u00e3o ambiental RoHS, e suporta o armazenamento de empilhamento de 5 camadas.<\/li>\n<li><strong>Tecnologia de cura de alta efici\u00eancia Spot UV<\/strong>\u00a0O processo de verniz UV local pode atingir 3 segundos de cura r\u00e1pida. Combinado com a linha de lamina\u00e7\u00e3o totalmente autom\u00e1tica, a efici\u00eancia de secagem \u00e9 aumentada em 70%, e suporta impress\u00e3o cont\u00ednua, estampagem a quente e grava\u00e7\u00e3o em relevo. A opera\u00e7\u00e3o de sincroniza\u00e7\u00e3o p\u00f3s-processo, a capacidade de produ\u00e7\u00e3o di\u00e1ria excede 50.000 pe\u00e7as.<\/li>\n<\/ol>\n<h4 id=\"-2-brand-identification-and-protection-system-\"><strong>2. Sistema de identifica\u00e7\u00e3o e prote\u00e7\u00e3o da marca<\/strong><\/h4>\n<ol>\n<li><strong>Sistema visual de fitas personalizado<\/strong>\u00a0Fornece 8 tipos de materiais de fita, como cetim, fio de neve, filme a laser, etc., suporta personaliza\u00e7\u00e3o gratuita de 3 mm-50 mm de largura, pode gravar a laser o LOGO da marca ou gravar um padr\u00e3o escuro anti-falsifica\u00e7\u00e3o, design original de \"slot de cart\u00e3o de posicionamento de fita\" e a taxa de reten\u00e7\u00e3o de rigidez ap\u00f3s a dobragem \u00e9 \u226590%.<\/li>\n<li><strong>Revestimento antiss\u00edsmico em EVA<\/strong>\u00a0O forro de flocagem EVA dividido (densidade 45D\u00b12), ranhuras personalizadas de acordo com o molde de contorno de j\u00f3ias, pode suportar a for\u00e7a de impacto do valor G 0,7, e a taxa de danos de transporte \u00e9 inferior a 0,3%. O coeficiente de atrito da camada de flocagem da superf\u00edcie \u00e9 \u22640,3 para evitar arranh\u00f5es em metais preciosos e pedras preciosas.<\/li>\n<\/ol>\n<h4 id=\"-iii-printing-technology-and-environmental-protection-adaptation-\"><strong>3. Adapta\u00e7\u00e3o da tecnologia de impress\u00e3o e da prote\u00e7\u00e3o do ambiente<\/strong><\/h4>\n<ol>\n<li><strong>Impress\u00e3o CMYK de alta precis\u00e3o<\/strong>\u00a0\u00c9 utilizada a tecnologia de impress\u00e3o offset de seis cores (CMYK + cor spot), e o controlo da diferen\u00e7a de cor \u0394E\u22641.0 suporta a impress\u00e3o de diagramas de estrutura molecular de ingredientes activos e design de gradiente, e \u00e9 combinado com tinta de soja amiga do ambiente. Passou a certifica\u00e7\u00e3o de seguran\u00e7a de grau alimentar SGS e pode contactar diretamente com j\u00f3ias.<\/li>\n<li><strong>Tinta amiga do ambiente e processo degrad\u00e1vel<\/strong>\u00a0A tinta \u00e0 base de \u00e1gua representa mais de 80%, as emiss\u00f5es de COV s\u00e3o inferiores a 50g\/L, em conformidade com os regulamentos REACH da UE, e o material de revestimento suporta a biodegrada\u00e7\u00e3o, praticando o conceito de embalagem ecol\u00f3gica.<\/li>\n<\/ol>\n<h4 id=\"-iv-flexible-customization-and-production-guarantee-\"><strong>4. Personaliza\u00e7\u00e3o flex\u00edvel e garantia de produ\u00e7\u00e3o<\/strong><\/h4>\n<ol>\n<li><strong>Servi\u00e7o de personaliza\u00e7\u00e3o dimensional ilimitado<\/strong><\/li>\n<li><strong>Adapta\u00e7\u00e3o do tamanho<\/strong>: Abrangendo todas as especifica\u00e7\u00f5es de 5x5x3cm a 30x20x15cm, suportando o desenvolvimento simult\u00e2neo de v\u00e1rios tipos de caixas, tais como tipo livro, capa flip e capa superior e inferior;<\/li>\n<li><strong>Colabora\u00e7\u00e3o na conce\u00e7\u00e3o<\/strong>: A marca fornece imagens de inspira\u00e7\u00e3o ou palavras-chave, e a equipa de design produz renderiza\u00e7\u00f5es em 3D 24 horas por dia, suportando a personaliza\u00e7\u00e3o total do LOGOTIPO, padr\u00f5es e texto.<\/li>\n<li><strong>Entrega extremamente r\u00e1pida e vantagem em termos de custos<\/strong><\/li>\n<li><strong>Fornecimento direto da f\u00e1brica de origem<\/strong>: Baseando-se no cluster industrial do Delta do Rio das P\u00e9rolas, o pre\u00e7o unit\u00e1rio de 10.000 pe\u00e7as de encomendas \u00e9 t\u00e3o baixo quanto 1,2 yuan\/conjunto, poupando 30% do custo em compara\u00e7\u00e3o com o modelo tradicional;<\/li>\n<li><strong>Sistema de verifica\u00e7\u00e3o de amostras<\/strong>: A prototipagem e a inspe\u00e7\u00e3o de qualidade s\u00e3o conclu\u00eddas no prazo de 3 dias \u00fateis, e a entrega da produ\u00e7\u00e3o em massa \u00e9 conclu\u00edda no prazo de 5-7 dias \u00fateis ap\u00f3s a confirma\u00e7\u00e3o, e as encomendas aceleradas podem ser encurtadas para 72 horas.<\/li>\n<\/ol>\n<h4 id=\"-v-application-scenarios-and-competitiveness-\"><strong>5. Cen\u00e1rios de aplica\u00e7\u00e3o e competitividade<\/strong><\/h4>\n<ul>\n<li><strong>Valor essencial<\/strong>: Atrav\u00e9s da inova\u00e7\u00e3o da caixa de gavetas, do sistema de fitas de marca e do revestimento antiss\u00edsmico, ajudam as marcas de j\u00f3ias a aumentar o seu pr\u00e9mio em 20%-30%;<\/li>\n<li><strong>Dom\u00ednios aplic\u00e1veis<\/strong>: com\u00e9rcio eletr\u00f3nico transfronteiri\u00e7o, balc\u00f5es de luxo, personaliza\u00e7\u00e3o de j\u00f3ias de casamento.<\/li>\n<\/ul>","protected":false},"excerpt":{"rendered":"<p>1. O design da caixa de papel com gaveta, deslizante para abrir, facilita a abertura e o fecho, melhorando a experi\u00eancia de desembalagem do utilizador<br \/>\n2. Acess\u00f3rios para fitas As fitas real\u00e7am a beleza e o reconhecimento da marca e refor\u00e7am a impress\u00e3o que os consumidores t\u00eam da sua marca<br \/>\n3. Spot UV, totalmente curado em poucos segundos, encurtando consideravelmente o tempo de secagem, suportando a impress\u00e3o cont\u00ednua e o p\u00f3s-processamento, melhorando significativamente a efici\u00eancia da produ\u00e7\u00e3o<\/p>","protected":false},"featured_media":8365,"template":"","meta":[],"product_brand":[],"product_cat":[30,415,31,426],"product_tag":[669,668,670],"class_list":{"0":"post-8362","1":"product","2":"type-product","3":"status-publish","4":"has-post-thumbnail","6":"product_cat-by-industry","7":"product_cat-custom-jewelry-boxes-by-industry","8":"product_cat-paper-box-style","9":"product_cat-paper-drawer-boxes","10":"product_tag-custom-jewellery-boxes","11":"product_tag-jewellery-boxes-wholesale","12":"product_tag-jewellery-drawer-paper-boxes","14":"first","15":"instock","16":"shipping-taxable","17":"product-type-simple"},"_links":{"self":[{"href":"https:\/\/zojopackaging.com\/pt\/wp-json\/wp\/v2\/product\/8362","targetHints":{"allow":["GET"]}}],"collection":[{"href":"https:\/\/zojopackaging.com\/pt\/wp-json\/wp\/v2\/product"}],"about":[{"href":"https:\/\/zojopackaging.com\/pt\/wp-json\/wp\/v2\/types\/product"}],"version-history":[{"count":1,"href":"https:\/\/zojopackaging.com\/pt\/wp-json\/wp\/v2\/product\/8362\/revisions"}],"predecessor-version":[{"id":8369,"href":"https:\/\/zojopackaging.com\/pt\/wp-json\/wp\/v2\/product\/8362\/revisions\/8369"}],"wp:featuredmedia":[{"embeddable":true,"href":"https:\/\/zojopackaging.com\/pt\/wp-json\/wp\/v2\/media\/8365"}],"wp:attachment":[{"href":"https:\/\/zojopackaging.com\/pt\/wp-json\/wp\/v2\/media?parent=8362"}],"wp:term":[{"taxonomy":"product_brand","embeddable":true,"href":"https:\/\/zojopackaging.com\/pt\/wp-json\/wp\/v2\/product_brand?post=8362"},{"taxonomy":"product_cat","embeddable":true,"href":"https:\/\/zojopackaging.com\/pt\/wp-json\/wp\/v2\/product_cat?post=8362"},{"taxonomy":"product_tag","embeddable":true,"href":"https:\/\/zojopackaging.com\/pt\/wp-json\/wp\/v2\/product_tag?post=8362"}],"curies":[{"name":"wp","href":"https:\/\/api.w.org\/{rel}","templated":true}]}}