{"id":8370,"date":"2025-03-27T13:49:35","date_gmt":"2025-03-27T05:49:35","guid":{"rendered":"https:\/\/zojopackaging.com\/?post_type=product&#038;p=8370"},"modified":"2025-03-27T14:26:28","modified_gmt":"2025-03-27T06:26:28","slug":"custom-face-cleanser-skin-care-packaging-boxes-wholesale","status":"publish","type":"product","link":"https:\/\/zojopackaging.com\/pt\/product\/custom-face-cleanser-skin-care-packaging-boxes-wholesale\/","title":{"rendered":"Caixas de embalagem personalizadas para produtos de limpeza facial para cuidados com a pele por atacado"},"content":{"rendered":"<h3 id=\"high-end-customized-cleanser-skin-care-product-box-with-lid-and-top-cover-wholesale-product-manual\">Caixa de produtos de limpeza da pele personalizada de alta qualidade com tampa e base por atacado<\/h3>\n<h4 id=\"-i-innovative-box-type-and-protection-system-\"><strong>1. Tipo de caixa e sistema de prote\u00e7\u00e3o inovadores<\/strong><\/h4>\n<ol>\n<li><strong>Tampa e caixa de base <\/strong>\u00a0Adopta um design de precis\u00e3o da tampa superior e inferior, com toler\u00e2ncia controlada de \u00b10,3mm, coeficiente de resist\u00eancia de abertura e fecho \u22640,2N e sem deforma\u00e7\u00e3o ap\u00f3s 5000 testes de abertura e fecho. As ranhuras para cart\u00f5es anti-colis\u00e3o s\u00e3o colocadas na caixa para reduzir a taxa de colis\u00e3o dos produtos durante o transporte por 90%.<\/li>\n<li><strong>Refor\u00e7o do material<\/strong>: Cart\u00e3o r\u00edgido de 1200 GSM e processo composto de papel de arte revestido de 157 GSM, a dureza do corpo da caixa atinge Shaw D85, a suavidade da superf\u00edcie \u2265300 segundos (m\u00e9todo Bekk) e suporta a impress\u00e3o precisa de cores diretas Pantone e cores gradientes.<\/li>\n<li><strong>Sistema de suporte interior em cart\u00e3o amigo do ambiente<\/strong>\u00a0Adotar o forro cortado de cart\u00e3o reciclado 450 GSM certificado pelo FSC, personalizado de acordo com a forma da garrafa de limpeza, e bordas chanfradas para evitar arranh\u00f5es. Combinado com a camada de flocagem EVA (coeficiente de atrito \u2264 0,3), a prote\u00e7\u00e3o de amortecimento duplo \u00e9 alcan\u00e7ada, e o teste de vibra\u00e7\u00e3o mostra que ele pode suportar o impacto do valor G 0,6.<\/li>\n<\/ol>\n<h4 id=\"-ii-visual-technology-and-brand-recognition-\"><strong>2. Tecnologia visual e reconhecimento da marca<\/strong><\/h4>\n<ol>\n<li><strong>Atualiza\u00e7\u00e3o da tecnologia de estampagem a quente<\/strong>\u00a0Adoptando a tecnologia de estampagem a quente por transfer\u00eancia t\u00e9rmica, a espessura da folha de ouro \u00e9 de 0,15 mm, a resolu\u00e7\u00e3o m\u00ednima do texto \u00e9 de 0,2 mm, combinada com a tecnologia de cobertura de pel\u00edcula mate, a resist\u00eancia ao desgaste \u00e9 superior a 500 vezes. Suporte para estampagem a quente em relevo 3D, a profundidade tridimensional \u00e9 de 0,5 mm e a mem\u00f3ria t\u00e1til do LOGOTIPO da marca \u00e9 melhorada.<\/li>\n<li><strong>Esquema de cores amigo do ambiente<\/strong>\u00a0Utilizando tinta \u00e0 base de \u00e1gua com tecnologia de cura UV, o controlo da diferen\u00e7a de cor \u0394E\u22641,0 (calibra\u00e7\u00e3o por espetrofot\u00f3metro), as emiss\u00f5es de COV s\u00e3o inferiores a 50g\/L, em conformidade com os regulamentos REACH da UE. Suporta impress\u00e3o de alta defini\u00e7\u00e3o de diagramas de estrutura molecular de componentes, melhora a confian\u00e7a do consumidor por 45%.<\/li>\n<\/ol>\n<h4 id=\"-three-flexible-intelligent-manufacturing-and-production-efficiency-\"><strong>3. Fabrico inteligente e flex\u00edvel e efici\u00eancia da produ\u00e7\u00e3o<\/strong><\/h4>\n<ol>\n<li><strong>Servi\u00e7o de personaliza\u00e7\u00e3o de dimens\u00f5es completas<\/strong><\/li>\n<li><strong>Adapta\u00e7\u00e3o do tamanho<\/strong>: Cobrindo especifica\u00e7\u00f5es de produtos de limpeza de 50ml-200ml, suportando garrafas cil\u00edndricas, garrafas quadradas, mangueiras e outras embalagens multi-forma;<\/li>\n<li><strong>Desenvolvimento do tipo caixa<\/strong>: Fornecer 12 tipos b\u00e1sicos de caixas, tais como caixas em forma de livro, caixas de gavetas, caixas com formas especiais, apoiar a modela\u00e7\u00e3o 3D e a prova r\u00e1pida, e entregar amostras f\u00edsicas no prazo de 72 horas.<\/li>\n<li><strong>Sistema de gest\u00e3o da produ\u00e7\u00e3o MES<\/strong>\u00a0A oficina est\u00e1 equipada com um m\u00f3dulo de programa\u00e7\u00e3o de produ\u00e7\u00e3o inteligente para conseguir a sincroniza\u00e7\u00e3o em tempo real dos dados de encomenda-programa\u00e7\u00e3o-produ\u00e7\u00e3o, encurtar o tempo de mudan\u00e7a de molde para 15 minutos e exceder as 30.000 pe\u00e7as por dia. Atrav\u00e9s da monitoriza\u00e7\u00e3o do equipamento IoT, a taxa de rendimento dos principais processos foi aumentada para 99,6%.<\/li>\n<\/ol>\n<h4 id=\"-fourth-direct-supply-from-the-source-and-cost-advantage-\"><strong>4. Fornecimento direto da fonte e vantagem em termos de custos<\/strong><\/h4>\n<ol>\n<li><strong>Sistema de garantia de qualidade<\/strong>\u00a0Aprovado na certifica\u00e7\u00e3o ISO9001, equipado com testador de queda (transporte simulado de 1,2m de altura) e c\u00e2mara de temperatura e umidade constantes (teste ambiental 40 \u2103 \/ 75%RH), taxa de qualifica\u00e7\u00e3o de lote \u226599,8%.<\/li>\n<\/ol>\n<h4 id=\"-five-application-scenarios-and-competitiveness-\"><strong>5. Cen\u00e1rios de aplica\u00e7\u00e3o e competitividade<\/strong><\/h4>\n<ul>\n<li><strong>Valor essencial<\/strong>: Atrav\u00e9s da estrutura de prote\u00e7\u00e3o da tampa superior e inferior, do processo de estampagem a quente e da produ\u00e7\u00e3o flex\u00edvel, ajuda a aumentar o pr\u00e9mio da marca em 25%-40%;<\/li>\n<li><strong>Categorias aplic\u00e1veis<\/strong>: Frasco de creme de limpeza, mousse de limpeza para mangueira, gel de limpeza para viagem;<\/li>\n<li><strong>Verifica\u00e7\u00e3o do mercado<\/strong>: Tem servido marcas emergentes como UNNY e AOEO, e a taxa de recompra de com\u00e9rcio eletr\u00f3nico transfronteiri\u00e7o excede 82%.<\/li>\n<\/ul>","protected":false},"excerpt":{"rendered":"<p>1. O tipo de caixa com tampa e base adopta as estruturas de tampa superior e inferior, o que pode impedir eficazmente que os artigos na embalagem colidam uns com os outros e causem danos na superf\u00edcie do produto<br \/>\n2. Fabricado em cart\u00e3o r\u00edgido de 1200 GSM e papel de arte revestido de 157 GSM, a superf\u00edcie \u00e9 lisa e f\u00e1cil de colorir<br \/>\n3. O processo de estampagem a quente em folha de ouro permite visualizar claramente pequenos textos, adequados para marcas de topo de gama<br \/>\n4. O cart\u00e3o fixa e protege os artigos contra danos durante o transporte, e o tabuleiro interior \u00e9 ecol\u00f3gico e bonito<\/p>","protected":false},"featured_media":8371,"template":"","meta":[],"product_brand":[],"product_cat":[30,390,425,31],"product_tag":[673,671,672],"class_list":{"0":"post-8370","1":"product","2":"type-product","3":"status-publish","4":"has-post-thumbnail","6":"product_cat-by-industry","7":"product_cat-custom-cosmetics-boxes","8":"product_cat-lid-and-base-gift-box","9":"product_cat-paper-box-style","10":"product_tag-face-cleanser-boxes-wholesale","11":"product_tag-face-cleanser-packaging","12":"product_tag-skin-care-packaging","14":"first","15":"instock","16":"shipping-taxable","17":"product-type-simple"},"_links":{"self":[{"href":"https:\/\/zojopackaging.com\/pt\/wp-json\/wp\/v2\/product\/8370","targetHints":{"allow":["GET"]}}],"collection":[{"href":"https:\/\/zojopackaging.com\/pt\/wp-json\/wp\/v2\/product"}],"about":[{"href":"https:\/\/zojopackaging.com\/pt\/wp-json\/wp\/v2\/types\/product"}],"version-history":[{"count":1,"href":"https:\/\/zojopackaging.com\/pt\/wp-json\/wp\/v2\/product\/8370\/revisions"}],"predecessor-version":[{"id":8377,"href":"https:\/\/zojopackaging.com\/pt\/wp-json\/wp\/v2\/product\/8370\/revisions\/8377"}],"wp:featuredmedia":[{"embeddable":true,"href":"https:\/\/zojopackaging.com\/pt\/wp-json\/wp\/v2\/media\/8371"}],"wp:attachment":[{"href":"https:\/\/zojopackaging.com\/pt\/wp-json\/wp\/v2\/media?parent=8370"}],"wp:term":[{"taxonomy":"product_brand","embeddable":true,"href":"https:\/\/zojopackaging.com\/pt\/wp-json\/wp\/v2\/product_brand?post=8370"},{"taxonomy":"product_cat","embeddable":true,"href":"https:\/\/zojopackaging.com\/pt\/wp-json\/wp\/v2\/product_cat?post=8370"},{"taxonomy":"product_tag","embeddable":true,"href":"https:\/\/zojopackaging.com\/pt\/wp-json\/wp\/v2\/product_tag?post=8370"}],"curies":[{"name":"wp","href":"https:\/\/api.w.org\/{rel}","templated":true}]}}