{"id":8378,"date":"2025-03-27T14:27:37","date_gmt":"2025-03-27T06:27:37","guid":{"rendered":"https:\/\/zojopackaging.com\/?post_type=product&#038;p=8378"},"modified":"2025-03-27T15:36:16","modified_gmt":"2025-03-27T07:36:16","slug":"custom-wrist-watch-packaging-gift-boxes-supplier-wholesale","status":"publish","type":"product","link":"https:\/\/zojopackaging.com\/pt\/product\/custom-wrist-watch-packaging-gift-boxes-supplier-wholesale\/","title":{"rendered":"Caixas de oferta de embalagens de rel\u00f3gios de pulso personalizadas Fornecedor por atacado"},"content":{"rendered":"<h3 id=\"high-end-customized-watch-magnetic-pull-out-packaging-box-wholesale-product-manual\">Caixa de embalagem de fecho magn\u00e9tico de rel\u00f3gio personalizado de alta qualidade por atacado<\/h3>\n<h4 id=\"-i-innovative-design-of-magnetic-pull-out-box-\"><strong>1. Design inovador da caixa de papel com gaveta magn\u00e9tica<\/strong><\/h4>\n<ol>\n<li><strong>Estrutura de fecho magn\u00e9tico<\/strong> O corpo da caixa adopta o processo de fecho com \u00edman oculto, e a for\u00e7a de atra\u00e7\u00e3o magn\u00e9tica \u00e9 controlada entre 0,8 e 1,2 N, permitindo um fecho selado sem metal exposto. Ap\u00f3s 5000 testes de abertura e fecho, o \u00edman n\u00e3o caiu nem desmagnetizou, e a vida \u00fatil aumentou em 40% em compara\u00e7\u00e3o com a caixa de suc\u00e7\u00e3o magn\u00e9tica tradicional.<\/li>\n<li><strong>Otimiza\u00e7\u00e3o do amortecimento deslizante<\/strong>: A calha de guia \u00e9 feita de policarbonato e o coeficiente de resist\u00eancia ao deslizamento \u00e9 \u22640,15N. Pode ser puxada suavemente com uma m\u00e3o e a experi\u00eancia de abertura e fecho \u00e9 compar\u00e1vel \u00e0 das embalagens de produtos electr\u00f3nicos topo de gama.<\/li>\n<li><strong>Janela panor\u00e2mica em PVC<\/strong>\u00a0Uma janela transparente de PVC com 0,2 mm de espessura (transmit\u00e2ncia de luz \u226592%) \u00e9 colocada na parte superior do corpo da caixa, suportando o corte de formas especiais (como ondulado e em forma de estrela), e os detalhes do rel\u00f3gio podem ser observados a 360\u00b0 sem abrir a caixa. Os testes mostram que este design reduz o tempo de decis\u00e3o dos clientes de lojas offline em 28%.<\/li>\n<\/ol>\n<h4 id=\"-second-sensory-experience-and-brand-recognition-\"><strong>2. Experi\u00eancia sensorial e reconhecimento da marca<\/strong><\/h4>\n<ol>\n<li><strong>Design de descompress\u00e3o totalmente rosa<\/strong>\u00a0Utilizar o Pantone 13-1404 TCX (p\u00f3 mate suave) para cobrir toda a caixa, com controlo da diferen\u00e7a de cor \u0394E\u22640,5, que foi verificado pela psicologia da cor para reduzir o \u00edndice de ansiedade do utilizador em 15%. A superf\u00edcie \u00e9 revestida com uma pel\u00edcula t\u00e1til mate com um coeficiente de fric\u00e7\u00e3o de 0,3-0,5, que \u00e9 anti-impress\u00e3o digital e n\u00e3o prejudica a pele.<\/li>\n<li><strong>Sistema de forro de apoio tridimensional<\/strong>\u00a0Utiliza um forro de almofada de espuma EVA de densidade 45D (r\u00e1cio de espuma 8:1), moldado de acordo com a curvatura do rel\u00f3gio, e a for\u00e7a de suporte atinge 5kg\/cm\u00b2. A superf\u00edcie do forro \u00e9 composta por flanela de microfibra (coeficiente de fric\u00e7\u00e3o \u22640,2), o que pode evitar que a caixa de metal precioso seja arranhada e, ao mesmo tempo, resistir ao impacto do transporte do valor G 0,7 atrav\u00e9s do teste de vibra\u00e7\u00e3o.<\/li>\n<li><strong>Sistema de reconhecimento de marca com fita<\/strong>\u00a0Fornece fita de cetim com 3mm-30mm de largura, suporta grava\u00e7\u00e3o a laser do LOGOTIPO da marca (largura m\u00ednima da linha 0,1mm) ou padr\u00e3o escuro de estampagem a quente. O design exclusivo do \"suporte de fita magn\u00e9tica\" garante que a taxa de reten\u00e7\u00e3o da rigidez da fita seja \u226585% e que ela caia naturalmente quando puxada para formar o foco visual da marca.<\/li>\n<\/ol>\n<h4 id=\"-three-environmentally-friendly-materials-and-flexible-intelligent-manufacturing-\"><strong>3. Materiais amigos do ambiente e fabrico inteligente e flex\u00edvel<\/strong><\/h4>\n<ol>\n<li><strong>Sistema de materiais sustent\u00e1vel<\/strong>\u00a0O corpo da caixa adopta uma estrutura composta de cart\u00e3o cinzento de 1200 GSM certificado pelo FSC + papel revestido de 157 GSM, com uma dureza de Shaw D85 e passou o teste de transporte ISTA 3A. A tinta UV \u00e0 base de \u00e1gua \u00e9 utilizada para a impress\u00e3o (emiss\u00f5es de COV &lt;50g\/L), que cumpre as certifica\u00e7\u00f5es duplas REACH e RoHS da UE.<\/li>\n<li><strong>Servi\u00e7o de personaliza\u00e7\u00e3o ilimitado<\/strong><\/li>\n<li><strong>Adapta\u00e7\u00e3o do tamanho<\/strong>: Cobre um di\u00e2metro de rel\u00f3gio de 20mm-80mm, suportando o desenvolvimento de caixas de rel\u00f3gio quadradas, em forma de barril e de formato especial<\/li>\n<li><strong>Expans\u00e3o da fun\u00e7\u00e3o<\/strong>: Pode integrar a implanta\u00e7\u00e3o de chips NFC, janela de visualiza\u00e7\u00e3o de temperatura e humidade e outros m\u00f3dulos inteligentes<\/li>\n<li><strong>Resposta r\u00e1pida<\/strong>: Fornecer servi\u00e7o de pr\u00e9-visualiza\u00e7\u00e3o de modela\u00e7\u00e3o 3D, entregar amostras f\u00edsicas no prazo de 72 horas e comprimir o ciclo de produ\u00e7\u00e3o em massa para 7-10 dias<\/li>\n<\/ol>\n<h4 id=\"-fourth-application-scenarios-and-competitiveness-\"><strong>4. Cen\u00e1rios de aplica\u00e7\u00e3o e competitividade<\/strong><\/h4>\n<ul>\n<li><strong>Valor essencial<\/strong>: Atrav\u00e9s da estrutura inovadora de suc\u00e7\u00e3o magn\u00e9tica e extra\u00e7\u00e3o, design rosa de descompress\u00e3o e sistema de exibi\u00e7\u00e3o tridimensional, ajuda as marcas de rel\u00f3gios a aumentar o seu pr\u00e9mio em 30%-50%<\/li>\n<li><strong>Categorias aplic\u00e1veis<\/strong>: Rel\u00f3gios mec\u00e2nicos, rel\u00f3gios inteligentes, rel\u00f3gios de j\u00f3ias<\/li>\n<li><strong>Verifica\u00e7\u00e3o do mercado<\/strong>: Serviu marcas como a Tianwang Watch e a Seagull Watch, e a taxa de recompra de com\u00e9rcio eletr\u00f3nico transfronteiri\u00e7o atingiu 89%<\/li>\n<\/ul>","protected":false},"excerpt":{"rendered":"<p>1. O design exclusivo da caixa de papel de gaveta com fecho magn\u00e9tico \u00e9 novo e \u00fanico. Tem as vantagens do design com \u00edman incorporado para evitar o desgaste externo, e a abertura deslizante torna conveniente para os utilizadores abrirem e fecharem, melhorando a experi\u00eancia de desembalagem.<br \/>\n2. O design da janela em PVC permite que os clientes vejam os produtos no interior de forma mais intuitiva sem tocar nos artigos, o que pode reduzir os custos de comunica\u00e7\u00e3o.<br \/>\n3. O corpo da caixa foi concebido em cor-de-rosa para reduzir a ansiedade e criar uma atmosfera relaxante.<br \/>\n4. O forro das almofadas tem um forte suporte e pode apresentar os seus produtos de relojoaria em tr\u00eas dimens\u00f5es.<\/p>","protected":false},"featured_media":8379,"template":"","meta":[],"product_brand":[],"product_cat":[30,413,424,31],"product_tag":[675,676,674],"class_list":{"0":"post-8378","1":"product","2":"type-product","3":"status-publish","4":"has-post-thumbnail","6":"product_cat-by-industry","7":"product_cat-consumer-electronics-boxes","8":"product_cat-magnetic-closure-boxes","9":"product_cat-paper-box-style","10":"product_tag-watch-gift-boxes","11":"product_tag-watch-packaging-wholesale","12":"product_tag-wrist-watch-packaging","14":"first","15":"instock","16":"shipping-taxable","17":"product-type-simple"},"_links":{"self":[{"href":"https:\/\/zojopackaging.com\/pt\/wp-json\/wp\/v2\/product\/8378","targetHints":{"allow":["GET"]}}],"collection":[{"href":"https:\/\/zojopackaging.com\/pt\/wp-json\/wp\/v2\/product"}],"about":[{"href":"https:\/\/zojopackaging.com\/pt\/wp-json\/wp\/v2\/types\/product"}],"version-history":[{"count":1,"href":"https:\/\/zojopackaging.com\/pt\/wp-json\/wp\/v2\/product\/8378\/revisions"}],"predecessor-version":[{"id":8385,"href":"https:\/\/zojopackaging.com\/pt\/wp-json\/wp\/v2\/product\/8378\/revisions\/8385"}],"wp:featuredmedia":[{"embeddable":true,"href":"https:\/\/zojopackaging.com\/pt\/wp-json\/wp\/v2\/media\/8379"}],"wp:attachment":[{"href":"https:\/\/zojopackaging.com\/pt\/wp-json\/wp\/v2\/media?parent=8378"}],"wp:term":[{"taxonomy":"product_brand","embeddable":true,"href":"https:\/\/zojopackaging.com\/pt\/wp-json\/wp\/v2\/product_brand?post=8378"},{"taxonomy":"product_cat","embeddable":true,"href":"https:\/\/zojopackaging.com\/pt\/wp-json\/wp\/v2\/product_cat?post=8378"},{"taxonomy":"product_tag","embeddable":true,"href":"https:\/\/zojopackaging.com\/pt\/wp-json\/wp\/v2\/product_tag?post=8378"}],"curies":[{"name":"wp","href":"https:\/\/api.w.org\/{rel}","templated":true}]}}