{"id":8386,"date":"2025-03-27T15:36:36","date_gmt":"2025-03-27T07:36:36","guid":{"rendered":"https:\/\/zojopackaging.com\/?post_type=product&#038;p=8386"},"modified":"2025-03-27T16:01:14","modified_gmt":"2025-03-27T08:01:14","slug":"custom-food-supplements-gift-packaging-boxes-wholesale","status":"publish","type":"product","link":"https:\/\/zojopackaging.com\/pt\/product\/custom-food-supplements-gift-packaging-boxes-wholesale\/","title":{"rendered":"Caixas de embalagem para presentes de suplementos alimentares personalizados por atacado"},"content":{"rendered":"<h3 id=\"high-end-customized-food-supplement-gift-packaging-box-wholesale-products\">Caixa de embalagem para presente de suplemento alimentar personalizada de alta qualidade produtos por atacado<\/h3>\n<h4 id=\"-i-box-structure-and-protection-system-\"><strong>I. Estrutura da caixa e sistema de prote\u00e7\u00e3o<\/strong><\/h4>\n<ol>\n<li><strong>Sistema de prote\u00e7\u00e3o dupla da tampa e da base<\/strong> Adoptando uma estrutura de precis\u00e3o da tampa e da base da tampa, a toler\u00e2ncia \u00e9 controlada a \u00b10,3mm, e o corpo da caixa forma uma prote\u00e7\u00e3o de embalagem completa de 360\u00b0 quando fechada. Ap\u00f3s o teste de transporte ISTA 3A, pode suportar a for\u00e7a de impacto do valor G 0,7, e a resist\u00eancia \u00e0 compress\u00e3o \u00e9 aumentada em 50% em compara\u00e7\u00e3o com o tipo de caixa tradicional.<\/li>\n<li><strong>Refor\u00e7o do material<\/strong>: 157g C2S papel de arte revestido + 1200g processo composto de papel\u00e3o r\u00edgido, suavidade de superf\u00edcie \u2265300 segundos, diferen\u00e7a de cor de impress\u00e3o \u0394E\u22641.0, suporte Pantone cor spot e restaura\u00e7\u00e3o precisa do diagrama de estrutura molecular.<\/li>\n<li><strong>Forro antiss\u00edsmico inteligente em EVA<\/strong>\u00a0Adote o forro de espuma EVA de densidade 45D (propor\u00e7\u00e3o de espuma 8:1), de acordo com a ranhura personalizada do molde do tipo de garrafa de suplemento, taxa de absor\u00e7\u00e3o de impacto \u226585%. A superf\u00edcie \u00e9 composta com flanela de microfibra para evitar que as garrafas de vidro sejam arranhadas, e passou no teste de queda de 1,2m.<\/li>\n<\/ol>\n<h4 id=\"-second-sensory-design-and-production-efficiency-\"><strong>2. Conce\u00e7\u00e3o sensorial e efic\u00e1cia da produ\u00e7\u00e3o<\/strong><\/h4>\n<ol>\n<li><strong>Sistema de descompress\u00e3o rosa dopamina<\/strong>\u00a0Toda a caixa est\u00e1 coberta com Pantone 13-1404 TCX (p\u00f3 de n\u00e9voa suave), que foi verificado pela psicologia da cor para reduzir o \u00edndice de ansiedade do utilizador em 18%. A superf\u00edcie \u00e9 combinada com uma pel\u00edcula t\u00e1til mate para alcan\u00e7ar as fun\u00e7\u00f5es duplas de anti-impress\u00e3o digital e textura agrad\u00e1vel \u00e0 pele, com um coeficiente de fric\u00e7\u00e3o de 0,3-0,5, e a experi\u00eancia de desembalagem \u00e9 compar\u00e1vel \u00e0 das embalagens de cosm\u00e9ticos topo de gama.<\/li>\n<li><strong>Gest\u00e3o inteligente da produ\u00e7\u00e3o MES<\/strong>\u00a0A oficina est\u00e1 equipada com dispositivos IoT e ligada ao sistema MES para realizar a visualiza\u00e7\u00e3o em tempo real da programa\u00e7\u00e3o de encomendas, troca de moldes e dados de inspe\u00e7\u00e3o de qualidade. O tempo de mudan\u00e7a de molde \u00e9 reduzido para 15 minutos, a taxa de rendimento dos principais processos \u00e9 aumentada para 99,6% e a taxa de atraso na entrega \u00e9 reduzida para 0,3%.<\/li>\n<\/ol>\n<h4 id=\"-three-flexible-customization-and-production-capacity-guarantee-\"><strong>3. Personaliza\u00e7\u00e3o flex\u00edvel e garantia de capacidade de produ\u00e7\u00e3o<\/strong><\/h4>\n<ol>\n<li><strong>Servi\u00e7o de personaliza\u00e7\u00e3o de dimens\u00f5es completas<\/strong><\/li>\n<li><strong>Adapta\u00e7\u00e3o do tamanho<\/strong>: Cobrindo especifica\u00e7\u00f5es de suplementos de 5ml-500ml, suportando embalagens multi-forma, tais como frascos conta-gotas, frascos de c\u00e1psulas, c\u00e1psulas moles, etc;<\/li>\n<li><strong>Desenvolvimento do tipo caixa<\/strong>: Fornecer 12 tipos b\u00e1sicos de caixas, tais como caixas em forma de livro, caixas de gavetas, caixas com formas especiais, etc., apoiar a modela\u00e7\u00e3o 3D e a entrega de amostras f\u00edsicas em 72 horas.<\/li>\n<li><strong>Sistema de fabrico inteligente automatizado<\/strong>\u00a0Equipada com m\u00e1quinas de corte e vinco totalmente autom\u00e1ticas (precis\u00e3o \u00b10,1mm) e linhas de liga\u00e7\u00e3o de impress\u00e3o offset de seis cores, a capacidade de produ\u00e7\u00e3o di\u00e1ria excede 1.000.000 de pe\u00e7as. Passou a certifica\u00e7\u00e3o dupla ISO22000 e FSC, a taxa de qualifica\u00e7\u00e3o do lote \u00e9 \u226599.8%.<\/li>\n<\/ol>\n<h4 id=\"-four-market-competitiveness-and-cost-advantages-\"><strong>4. Competitividade no mercado e vantagens em termos de custos<\/strong><\/h4>\n<ol>\n<li><strong>Modelo de fornecimento direto da f\u00e1brica<\/strong>\u00a0Com base na cadeia de abastecimento do Cluster Industrial do Delta do Rio das P\u00e9rolas (Dongguan\/Guangzhou), o pre\u00e7o unit\u00e1rio de 10 000 encomendas \u00e9 t\u00e3o baixo como 0,8 yuan\/conjunto, o que reduz os custos em 40% em compara\u00e7\u00e3o com o modelo tradicional. Apoio \u00e0 log\u00edstica transfronteiri\u00e7a DDP, e o ciclo de transporte porta-a-porta na Europa e nos Estados Unidos \u00e9 reduzido para 7 dias.<\/li>\n<li><strong>Mecanismo de resposta r\u00e1pida<\/strong><\/li>\n<li><strong>Cota\u00e7\u00e3o r\u00e1pida<\/strong>: Sistema de cota\u00e7\u00e3o inteligente AI an\u00e1lise de custos de feedback dentro de 1 hora;<\/li>\n<li><strong>Amostra gr\u00e1tis<\/strong>: Realiza\u00e7\u00e3o de provas no prazo de 3 dias \u00fateis e apoio \u00e0 inspe\u00e7\u00e3o de qualidade.<\/li>\n<\/ol>\n<h4 id=\"-v-application-scenarios-and-verification-data-\"><strong>5. Cen\u00e1rios de aplica\u00e7\u00e3o e dados de verifica\u00e7\u00e3o<\/strong><\/h4>\n<ul>\n<li><strong>Valor essencial<\/strong>: Atrav\u00e9s da prote\u00e7\u00e3o da tampa superior e inferior, do design rosa dopamina e do sistema de produ\u00e7\u00e3o inteligente, ajuda as marcas de nutri\u00e7\u00e3o a aumentar o seu pr\u00e9mio em 25%-35%;<\/li>\n<li><strong>Categorias aplic\u00e1veis<\/strong>: Gomas de vitaminas, c\u00e1psulas de probi\u00f3ticos, l\u00edquido oral de colag\u00e9nio;<\/li>\n<\/ul>","protected":false},"excerpt":{"rendered":"<p>1. O tipo de caixa com tampa e base forma uma estrutura de prote\u00e7\u00e3o dupla para evitar eficazmente a compress\u00e3o durante o transporte e a armazenagem<br \/>\n2. Fabricado com papel de arte revestido C2S de 157g + cart\u00e3o r\u00edgido de 1200g, a impress\u00e3o da superf\u00edcie \u00e9 clara e n\u00e3o tem diferen\u00e7a de cor<br \/>\n3. O corpo da caixa foi concebido totalmente em cor-de-rosa para promover a secre\u00e7\u00e3o de dopamina e aliviar a ansiedade<br \/>\n4. O revestimento personalizado em EVA dispersa eficazmente a for\u00e7a de impacto externa, absorve as vibra\u00e7\u00f5es e protege o produto contra danos durante o transporte<br \/>\n5. Tamanho personalizado e design de caixa para se adaptar a diferentes s\u00e9ries de produtos de suplemento alimentar<\/p>","protected":false},"featured_media":8387,"template":"","meta":[],"product_brand":[],"product_cat":[30,422,425,31],"product_tag":[677,678,679],"class_list":{"0":"post-8386","1":"product","2":"type-product","3":"status-publish","4":"has-post-thumbnail","6":"product_cat-by-industry","7":"product_cat-custom-gourmet-boxes-by-industry","8":"product_cat-lid-and-base-gift-box","9":"product_cat-paper-box-style","10":"product_tag-food-packaging-boxes","11":"product_tag-supplements-boxes-wholesale","12":"product_tag-supplements-gift-boxes","14":"first","15":"instock","16":"shipping-taxable","17":"product-type-simple"},"_links":{"self":[{"href":"https:\/\/zojopackaging.com\/pt\/wp-json\/wp\/v2\/product\/8386","targetHints":{"allow":["GET"]}}],"collection":[{"href":"https:\/\/zojopackaging.com\/pt\/wp-json\/wp\/v2\/product"}],"about":[{"href":"https:\/\/zojopackaging.com\/pt\/wp-json\/wp\/v2\/types\/product"}],"version-history":[{"count":1,"href":"https:\/\/zojopackaging.com\/pt\/wp-json\/wp\/v2\/product\/8386\/revisions"}],"predecessor-version":[{"id":8393,"href":"https:\/\/zojopackaging.com\/pt\/wp-json\/wp\/v2\/product\/8386\/revisions\/8393"}],"wp:featuredmedia":[{"embeddable":true,"href":"https:\/\/zojopackaging.com\/pt\/wp-json\/wp\/v2\/media\/8387"}],"wp:attachment":[{"href":"https:\/\/zojopackaging.com\/pt\/wp-json\/wp\/v2\/media?parent=8386"}],"wp:term":[{"taxonomy":"product_brand","embeddable":true,"href":"https:\/\/zojopackaging.com\/pt\/wp-json\/wp\/v2\/product_brand?post=8386"},{"taxonomy":"product_cat","embeddable":true,"href":"https:\/\/zojopackaging.com\/pt\/wp-json\/wp\/v2\/product_cat?post=8386"},{"taxonomy":"product_tag","embeddable":true,"href":"https:\/\/zojopackaging.com\/pt\/wp-json\/wp\/v2\/product_tag?post=8386"}],"curies":[{"name":"wp","href":"https:\/\/api.w.org\/{rel}","templated":true}]}}