{"id":8394,"date":"2025-03-27T16:04:37","date_gmt":"2025-03-27T08:04:37","guid":{"rendered":"https:\/\/zojopackaging.com\/?post_type=product&#038;p=8394"},"modified":"2025-03-27T16:26:19","modified_gmt":"2025-03-27T08:26:19","slug":"custom-luxury-adult-sex-toys-packaging-boxes-manufacturer","status":"publish","type":"product","link":"https:\/\/zojopackaging.com\/pt\/product\/custom-luxury-adult-sex-toys-packaging-boxes-manufacturer\/","title":{"rendered":"Caixas de embalagem personalizadas para brinquedos sexuais para adultos de luxo Fabricante"},"content":{"rendered":"<h3 id=\"high-end-customized-luxury-adult-sex-toy-packaging-box-product-manual\">Caixa de embalagem personalizada de luxo para brinquedos sexuais para adultos<\/h3>\n<h4 id=\"-i-magnetic-box-system-and-visual-aesthetics-\"><strong>I. Sistema de fecho magn\u00e9tico da caixa e est\u00e9tica visual<\/strong><\/h4>\n<ol>\n<li><strong>Tecnologia de fecho magn\u00e9tico invis\u00edvel<\/strong>\u00a0Adoptando o design incorporado de \u00edmanes de neod\u00edmio ferro boro, a for\u00e7a de atra\u00e7\u00e3o magn\u00e9tica \u00e9 controlada com precis\u00e3o na gama de 1,0-1,5N, realizando uma estrutura fechada minimalista sem metal exposto. Ap\u00f3s 5000 testes de abertura e fecho, o \u00edman n\u00e3o apresenta qualquer fen\u00f3meno de deslocamento ou desmagnetiza\u00e7\u00e3o e a vida \u00fatil \u00e9 aumentada em 45% em compara\u00e7\u00e3o com a caixa de suc\u00e7\u00e3o magn\u00e9tica tradicional.<\/li>\n<li><strong>Otimiza\u00e7\u00e3o do amortecimento deslizante<\/strong>: A calha de guia \u00e9 feita de material de policarbonato e o coeficiente de resist\u00eancia ao deslizamento \u00e9 \u22640,15N. Pode ser aberta suavemente com uma m\u00e3o, e a experi\u00eancia de funcionamento \u00e9 compar\u00e1vel \u00e0 das embalagens de luxo.<\/li>\n<li><strong>Linguagem de design de luxo totalmente em preto<\/strong>\u00a0Adoptando a cobertura total da caixa Pantone Black 7 C, a superf\u00edcie \u00e9 composta por uma pel\u00edcula t\u00e1til mate (coeficiente de fric\u00e7\u00e3o 0,3-0,5), combinada com o processo de estampagem a quente com tinta branca, a precis\u00e3o m\u00ednima do texto da estampagem a quente \u00e9 de 0,2 mm. De acordo com a verifica\u00e7\u00e3o da psicologia da cor, a embalagem preta pode aumentar a perce\u00e7\u00e3o de alta qualidade dos produtos pelos consumidores em 35%.<\/li>\n<\/ol>\n<h4 id=\"-2-environmentally-friendly-materials-and-intelligent-protection-\"><strong>2. Materiais amigos do ambiente e prote\u00e7\u00e3o inteligente<\/strong><\/h4>\n<ol>\n<li><strong>Sistema de materiais sustent\u00e1vel<\/strong> O corpo da caixa adopta papel art\u00edstico revestido de C2S de 157g certificado pelo FSC + estrutura composta de cart\u00e3o r\u00edgido de 1200g, com uma dureza de Shaw D85 e passou o teste de transporte ISTA 3A. Para a impress\u00e3o, \u00e9 utilizada tinta UV \u00e0 base de \u00e1gua (emiss\u00e3o de COV &lt;50g\/L), que cumpre a dupla certifica\u00e7\u00e3o REACH e RoHS da UE.<\/li>\n<li><strong>Sistema de revestimento antiss\u00edsmico inteligente<\/strong>\u00a0Fornecer revestimento de espuma EVA de densidade 45D, tabuleiro de blister PS, tabuleiro moldado em fibra reciclada e outras solu\u00e7\u00f5es:<\/li>\n<li><strong>Camada de espuma EVA<\/strong>: moldado de acordo com o contorno do produto, taxa de absor\u00e7\u00e3o de impacto \u226585%, superf\u00edcie composta de flanela de microfibra (coeficiente de fric\u00e7\u00e3o \u22640,2);<\/li>\n<li><strong>Bandeja de blister<\/strong>Janela transparente de PVC com 0,5 mm de espessura, transmit\u00e2ncia de luz \u226592%, pode ver atrav\u00e9s dos detalhes do produto.<\/li>\n<\/ol>\n<h4 id=\"-three-flexible-intelligent-manufacturing-and-global-services-\"><strong>3. Fabrico inteligente e flex\u00edvel e servi\u00e7os globais<\/strong><\/h4>\n<ol>\n<li><strong>Dimens\u00f5es de personaliza\u00e7\u00e3o ilimitadas<\/strong><\/li>\n<li><strong>Adapta\u00e7\u00e3o do tamanho<\/strong>: Cobrindo toda a gama de especifica\u00e7\u00f5es de 10cm a 50cm, apoiando o desenvolvimento de 12 tipos de caixas, tais como caixas com formas especiais, caixas de gavetas e caixas em forma de livro;<\/li>\n<li><strong>Processo de impress\u00e3o<\/strong>: Fornecer 20 solu\u00e7\u00f5es de tratamento de superf\u00edcie, tais como estampagem a quente em relevo 3D (profundidade tridimensional de 0,5 mm), verniz UV local e lamina\u00e7\u00e3o de pel\u00edcula a laser.<\/li>\n<li><strong>Sistema de fabrico inteligente de Shenzhen<\/strong>\u00a0Apoiando-se nas vantagens do cluster industrial do Delta do Rio das P\u00e9rolas, a oficina est\u00e1 equipada com um sistema de gest\u00e3o MES para realizar a visualiza\u00e7\u00e3o de todo o processo de produ\u00e7\u00e3o:<\/li>\n<li><strong>Garantia de controlo de qualidade<\/strong>: Aprovado na certifica\u00e7\u00e3o ISO9001, equipado com um testador de queda de 1,2 m e uma c\u00e2mara de temperatura e humidade constantes, com uma taxa de qualifica\u00e7\u00e3o de lote de \u226599,8%;<\/li>\n<li><strong>Vantagem de produtividade<\/strong>: M\u00e1quina de corte e vinco totalmente autom\u00e1tica (precis\u00e3o \u00b10,1mm) e linha de liga\u00e7\u00e3o de impress\u00e3o offset de seis cores, com uma capacidade de produ\u00e7\u00e3o di\u00e1ria de mais de 50.000 pe\u00e7as.<\/li>\n<\/ol>\n<h4 id=\"-fourth-application-scenarios-and-market-verification-\"><strong>4, Cen\u00e1rios de aplica\u00e7\u00e3o e verifica\u00e7\u00e3o do mercado<\/strong><\/h4>\n<ul>\n<li><strong>Valor essencial<\/strong>: Atrav\u00e9s do design magn\u00e9tico minimalista, do sistema est\u00e9tico preto e do sistema de produ\u00e7\u00e3o flex\u00edvel, ajuda as marcas para adultos a aumentar o seu pr\u00e9mio em 40%-60%;<\/li>\n<li><strong>Categorias aplic\u00e1veis<\/strong>: brinquedos sexuais inteligentes, bonecas sexuais de silicone, caixas de oferta de preservativos de alta qualidade;<\/li>\n<li><strong>Casos de sucesso<\/strong>: Serviu o principal fornecedor da Durex, a Dingfu Plastic, o com\u00e9rcio eletr\u00f3nico transfronteiri\u00e7o, os produtos acabados da Chunmeng e outras marcas, com uma taxa de recompra de 89%.<\/li>\n<\/ul>","protected":false},"excerpt":{"rendered":"<p>1. Caixa de embalagem com fecho magn\u00e9tico, design com \u00edman incorporado para evitar o desgaste externo, simplicidade visual, pode real\u00e7ar as carater\u00edsticas do produto em maior medida<br \/>\n2. O corpo da caixa foi concebido totalmente em preto, o que combina na perfei\u00e7\u00e3o o s\u00edmbolo do luxo e da modernidade<br \/>\n3. Fabricado em papel de arte revestido C2S de 157 g + cart\u00e3o r\u00edgido de 1200 g, materiais sustent\u00e1veis e amigos do ambiente para proteger o ambiente da polui\u00e7\u00e3o<br \/>\n4. Personalizar o revestimento de produto adequado para si, de acordo com o seu produto e o posicionamento de mercado da sua marca<\/p>","protected":false},"featured_media":8395,"template":"","meta":[],"product_brand":[],"product_cat":[30,413,424,31],"product_tag":[682,680,681],"class_list":{"0":"post-8394","1":"product","2":"type-product","3":"status-publish","4":"has-post-thumbnail","6":"product_cat-by-industry","7":"product_cat-consumer-electronics-boxes","8":"product_cat-magnetic-closure-boxes","9":"product_cat-paper-box-style","10":"product_tag-adult-sex-toy-packaging","11":"product_tag-custom-sex-toy-boxes","12":"product_tag-sex-toys-packaging","14":"first","15":"instock","16":"shipping-taxable","17":"product-type-simple"},"_links":{"self":[{"href":"https:\/\/zojopackaging.com\/pt\/wp-json\/wp\/v2\/product\/8394","targetHints":{"allow":["GET"]}}],"collection":[{"href":"https:\/\/zojopackaging.com\/pt\/wp-json\/wp\/v2\/product"}],"about":[{"href":"https:\/\/zojopackaging.com\/pt\/wp-json\/wp\/v2\/types\/product"}],"version-history":[{"count":1,"href":"https:\/\/zojopackaging.com\/pt\/wp-json\/wp\/v2\/product\/8394\/revisions"}],"predecessor-version":[{"id":8400,"href":"https:\/\/zojopackaging.com\/pt\/wp-json\/wp\/v2\/product\/8394\/revisions\/8400"}],"wp:featuredmedia":[{"embeddable":true,"href":"https:\/\/zojopackaging.com\/pt\/wp-json\/wp\/v2\/media\/8395"}],"wp:attachment":[{"href":"https:\/\/zojopackaging.com\/pt\/wp-json\/wp\/v2\/media?parent=8394"}],"wp:term":[{"taxonomy":"product_brand","embeddable":true,"href":"https:\/\/zojopackaging.com\/pt\/wp-json\/wp\/v2\/product_brand?post=8394"},{"taxonomy":"product_cat","embeddable":true,"href":"https:\/\/zojopackaging.com\/pt\/wp-json\/wp\/v2\/product_cat?post=8394"},{"taxonomy":"product_tag","embeddable":true,"href":"https:\/\/zojopackaging.com\/pt\/wp-json\/wp\/v2\/product_tag?post=8394"}],"curies":[{"name":"wp","href":"https:\/\/api.w.org\/{rel}","templated":true}]}}