{"id":8401,"date":"2025-03-27T16:26:34","date_gmt":"2025-03-27T08:26:34","guid":{"rendered":"https:\/\/zojopackaging.com\/?post_type=product&#038;p=8401"},"modified":"2025-03-27T17:04:04","modified_gmt":"2025-03-27T09:04:04","slug":"oem-custom-drawer-mini-fragrance-perfume-gift-paper-box","status":"publish","type":"product","link":"https:\/\/zojopackaging.com\/pt\/product\/oem-custom-drawer-mini-fragrance-perfume-gift-paper-box\/","title":{"rendered":"Caixa de papel para oferta de perfume com mini gaveta personalizada OEM"},"content":{"rendered":"<h3 id=\"oem-customized-drawer-style-mini-perfume-gift-box\">Caixa de presente de papel para gaveta personalizada OEM para mini perfumes<\/h3>\n<h4 id=\"-i-innovative-box-type-and-user-experience-\"><strong>I. Tipo de caixa inovador e experi\u00eancia do utilizador<\/strong><\/h4>\n<ol>\n<li><strong>Sistema de tipo de caixa de gavetas<\/strong>\u00a0Adopta uma estrutura de tra\u00e7\u00e3o de carris de precis\u00e3o, coeficiente de resist\u00eancia ao deslizamento \u22640,15N, e pode ser aberta e fechada suavemente com uma m\u00e3o. A fivela anti-queda \u00e9 colocada dentro do corpo da caixa, que n\u00e3o tem deforma\u00e7\u00e3o ap\u00f3s 5000 testes de tra\u00e7\u00e3o, e a capacidade de carga \u00e9 de 2kg, adequada para frascos de perfume de 1ml-50ml.<\/li>\n<li><strong>Refor\u00e7o de materiais<\/strong>: Cart\u00e3o cinzento de alta densidade de 1200 GSM e processo composto de papel revestido de 157 GSM, a dureza atinge Shaw D80, passou o teste de transporte ISTA 3A e pode ser empilhado em 5 camadas sem deforma\u00e7\u00e3o.<\/li>\n<li><strong>Dopamina Cor Sistema visual<\/strong>\u00a0Toda a caixa est\u00e1 coberta com a cor anual Pantone (como 13-0755 TCX amarelo creme, 16-1546 TPX rosa coral), e o controlo da diferen\u00e7a de cor \u0394E\u22640,8. Verificado pela psicologia da cor, o sistema de cores Macron pode aumentar o \u00edndice de prazer do utilizador em 25%. A superf\u00edcie \u00e9 composta por uma pel\u00edcula t\u00e1til mate (coeficiente de fric\u00e7\u00e3o 0,3-0,5), que \u00e9 anti-impress\u00e3o digital e n\u00e3o prejudica a pele.<\/li>\n<\/ol>\n<h4 id=\"-second-protection-system-and-brand-recognition-\"><strong>2. Sistema de prote\u00e7\u00e3o e reconhecimento da marca<\/strong><\/h4>\n<ol>\n<li><strong>Forro antiss\u00edsmico inteligente em EVA<\/strong>\u00a0Usando o forro de espuma EVA de densidade 45D, a ranhura \u00e9 personalizada de acordo com o contorno do frasco de perfume, e a taxa de absor\u00e7\u00e3o de impacto \u00e9 \u226585%. A superf\u00edcie \u00e9 composta com flanela de microfibra (coeficiente de atrito \u22640,2), e a taxa de dano de transporte \u00e9 inferior a 0,3% ap\u00f3s um teste de queda de 1,2m.<\/li>\n<li><strong>Sistema de fitas altamente reconhec\u00edvel<\/strong>\u00a0Fornece 6 tipos de materiais de fita, tais como cetim, fio de neve e pel\u00edcula de laser, e suporta a personaliza\u00e7\u00e3o gratuita de 3mm-30mm de largura. O design original do \"localizador de fita magn\u00e9tica\" pode gravar a laser o LOGOTIPO da marca (largura m\u00ednima da linha 0,1 mm). Quando puxada, a fita cai naturalmente para formar um foco visual, e o reconhecimento da marca \u00e9 aumentado em 200%.<\/li>\n<\/ol>\n<h4 id=\"-iii-printing-technology-and-flexible-intelligent-manufacturing-\"><strong>3. Tecnologia de impress\u00e3o e fabrico inteligente e flex\u00edvel<\/strong><\/h4>\n<ol>\n<li><strong>Impress\u00e3o CMYK de alta precis\u00e3o<\/strong>\u00a0Usando a tecnologia de impress\u00e3o offset de seis cores (CMYK + cor spot), controle de diferen\u00e7a de cor \u0394E\u22641.0, apoiando a impress\u00e3o de alta defini\u00e7\u00e3o de diagramas de estrutura molecular de ingredientes de perfume e padr\u00f5es art\u00edsticos. Utilizando tinta de soja amiga do ambiente, passando as normas de seguran\u00e7a de qualidade alimentar certificadas pela SGS, pode entrar em contacto direto com o produto.<\/li>\n<li><strong>Dimens\u00f5es personalizadas ilimitadas<\/strong><\/li>\n<li><strong>Adapta\u00e7\u00e3o do tamanho<\/strong>: Abrange toda a gama de especifica\u00e7\u00f5es de 5ml a 100ml, apoiando o desenvolvimento de garrafas cil\u00edndricas, garrafas quadradas e garrafas com formas especiais (como em forma de cora\u00e7\u00e3o e em forma de diamante);<\/li>\n<li><strong>Tecnologia de superf\u00edcie<\/strong>: Fornecer 15 op\u00e7\u00f5es de processo, tais como estampagem a quente em relevo 3D (profundidade tridimensional de 0,5 mm), verniz UV local e lamina\u00e7\u00e3o de pel\u00edcula a laser;<\/li>\n<li><strong>Resposta extrema<\/strong>: A modela\u00e7\u00e3o 3D est\u00e1 dispon\u00edvel em 24 horas, as amostras f\u00edsicas s\u00e3o entregues em 72 horas e o ciclo de produ\u00e7\u00e3o em massa \u00e9 reduzido para 7 dias \u00fateis.<\/li>\n<\/ol>\n<h4 id=\"-fourth-shenzhen-smart-manufacturing-and-cost-advantages-\"><strong>4. Vantagens do fabrico inteligente e dos custos de Shenzhen<\/strong><\/h4>\n<ol>\n<li><strong>Sistema de abastecimento direto da f\u00e1brica de origem<\/strong><\/li>\n<li><strong>Garantia de capacidade<\/strong>: A capacidade de produ\u00e7\u00e3o di\u00e1ria excede as 80.000 pe\u00e7as, suportando encomendas flex\u00edveis de 50-100.000 pe\u00e7as;<\/li>\n<li><strong>Vantagem de pre\u00e7o<\/strong>: O pre\u00e7o unit\u00e1rio de 10.000 pe\u00e7as \u00e9 t\u00e3o baixo quanto 1,2 yuan\/conjunto, poupando 40% do custo em compara\u00e7\u00e3o com o modelo tradicional.<\/li>\n<\/ol>\n<h4 id=\"-five-market-competitiveness-and-verification-data-\"><strong>5. Competitividade do mercado e dados de verifica\u00e7\u00e3o<\/strong><\/h4>\n<ul>\n<li><strong>Valor essencial<\/strong>: Atrav\u00e9s da inova\u00e7\u00e3o do tipo de caixa extra\u00edvel, do design da cor da dopamina e da produ\u00e7\u00e3o flex\u00edvel, ajuda as marcas de perfumes a aumentar o seu pr\u00e9mio em 30%-50%;<\/li>\n<li><strong>Categorias aplic\u00e1veis<\/strong>: EDP perfume ligeiro, EDT perfume ligeiro, perfume s\u00f3lido, perfume em rolo;<\/li>\n<li><strong>Casos de sucesso<\/strong>: Serviu marcas como Jo Malone OEM e Bing Xili, e a taxa de recompra de com\u00e9rcio eletr\u00f3nico transfronteiri\u00e7o excede 85%.<\/li>\n<\/ul>","protected":false},"excerpt":{"rendered":"<p>1. O design da gaveta da caixa de papel desliza para abrir, facilitando a abertura e o fecho, reduzindo o tempo de opera\u00e7\u00e3o do utilizador<br \/>\n2. Com a fita acess\u00f3ria, \u00e9 f\u00e1cil desenhar e melhorar o reconhecimento da marca<br \/>\n3. O revestimento em EVA pode amortecer e resistir aos choques durante o transporte, protegendo o produto de danos<\/p>","protected":false},"featured_media":8407,"template":"","meta":[],"product_brand":[],"product_cat":[30,417,31,426],"product_tag":[683,685,684],"class_list":{"0":"post-8401","1":"product","2":"type-product","3":"status-publish","4":"has-post-thumbnail","6":"product_cat-by-industry","7":"product_cat-custom-perfume-boxes-by-industry","8":"product_cat-paper-box-style","9":"product_cat-paper-drawer-boxes","10":"product_tag-mini-fragrance-box","11":"product_tag-oem-perfume-packaging","12":"product_tag-perfume-gift-paper-box","14":"first","15":"instock","16":"shipping-taxable","17":"product-type-simple"},"_links":{"self":[{"href":"https:\/\/zojopackaging.com\/pt\/wp-json\/wp\/v2\/product\/8401","targetHints":{"allow":["GET"]}}],"collection":[{"href":"https:\/\/zojopackaging.com\/pt\/wp-json\/wp\/v2\/product"}],"about":[{"href":"https:\/\/zojopackaging.com\/pt\/wp-json\/wp\/v2\/types\/product"}],"version-history":[{"count":1,"href":"https:\/\/zojopackaging.com\/pt\/wp-json\/wp\/v2\/product\/8401\/revisions"}],"predecessor-version":[{"id":8408,"href":"https:\/\/zojopackaging.com\/pt\/wp-json\/wp\/v2\/product\/8401\/revisions\/8408"}],"wp:featuredmedia":[{"embeddable":true,"href":"https:\/\/zojopackaging.com\/pt\/wp-json\/wp\/v2\/media\/8407"}],"wp:attachment":[{"href":"https:\/\/zojopackaging.com\/pt\/wp-json\/wp\/v2\/media?parent=8401"}],"wp:term":[{"taxonomy":"product_brand","embeddable":true,"href":"https:\/\/zojopackaging.com\/pt\/wp-json\/wp\/v2\/product_brand?post=8401"},{"taxonomy":"product_cat","embeddable":true,"href":"https:\/\/zojopackaging.com\/pt\/wp-json\/wp\/v2\/product_cat?post=8401"},{"taxonomy":"product_tag","embeddable":true,"href":"https:\/\/zojopackaging.com\/pt\/wp-json\/wp\/v2\/product_tag?post=8401"}],"curies":[{"name":"wp","href":"https:\/\/api.w.org\/{rel}","templated":true}]}}