{"id":8490,"date":"2025-03-28T17:50:25","date_gmt":"2025-03-28T09:50:25","guid":{"rendered":"https:\/\/zojopackaging.com\/?post_type=product&#038;p=8490"},"modified":"2025-03-28T17:55:33","modified_gmt":"2025-03-28T09:55:33","slug":"luxury-custom-nail-polish-packaging-gift-boxes-wholesale","status":"publish","type":"product","link":"https:\/\/zojopackaging.com\/pt\/product\/luxury-custom-nail-polish-packaging-gift-boxes-wholesale\/","title":{"rendered":"Caixas para oferta de embalagens de verniz para unhas personalizadas de luxo por atacado"},"content":{"rendered":"<h3 id=\"-luxury-customized-nail-polish-packaging-gift-box-wholesale-product-description-\"><strong>Caixa de presente de embalagem de esmalte de unha personalizada de luxo por atacado<\/strong><\/h3>\n<h4 id=\"-i-magnetic-embedded-packaging-box-design-a-double-breakthrough-of-convenience-and-aesthetics-\"><strong>I. Design da caixa de embalagem com fecho magn\u00e9tico: Uma dupla descoberta de conveni\u00eancia e est\u00e9tica<\/strong><\/h4>\n<ol>\n<li><strong>Estrutura de fecho magn\u00e9tico<\/strong>: Adoptando um sistema de abertura e fecho magn\u00e9tico oculto, o \u00edman \u00e9 completamente incorporado no corpo da caixa e na placa de cobertura para evitar os problemas de desgaste ou oxida\u00e7\u00e3o causados pela exposi\u00e7\u00e3o dos \u00edmanes tradicionais e prolongar a vida \u00fatil. O som de \"clique\" quando a tampa da caixa \u00e9 fechada d\u00e1 uma sensa\u00e7\u00e3o de ritual, e a suavidade de abertura e fecho \u00e9 melhorada pelo 300%, podendo os utilizadores oper\u00e1-lo com uma m\u00e3o.<\/li>\n<li><strong>Propriedades circulares e amigas do ambiente<\/strong>: A estrutura magn\u00e9tica permite uma abertura e fecho ilimitados sem danos. Com o design do forro substitu\u00edvel, a caixa de embalagem pode ser transformada numa caixa de j\u00f3ias, caixa de arruma\u00e7\u00e3o de artigos de papelaria, etc., concretizando o conceito de atualiza\u00e7\u00e3o do consumidor de \"a embalagem \u00e9 o produto\".<\/li>\n<\/ol>\n<h4 id=\"-ii-environmentally-friendly-material-system-sustainable-development-from-raw-materials-to-process-\"><strong>2. Sistema de materiais amigo do ambiente: desenvolvimento sustent\u00e1vel desde as mat\u00e9rias-primas at\u00e9 ao processo<\/strong><\/h4>\n<ol>\n<li><strong>Esquema de combina\u00e7\u00e3o de materiais<\/strong>:<\/li>\n<li><strong>Camada exterior<\/strong>: Papel art\u00edstico revestido C2S de 157 g (papel revestido de dupla face), com toque de seda e elevada reprodu\u00e7\u00e3o de cores<\/li>\n<li><strong>Camada interior<\/strong>: Cart\u00e3o r\u00edgido de 1200g (cart\u00e3o cinzento de alta resist\u00eancia), resist\u00eancia \u00e0 compress\u00e3o de 15kg\/cm\u00b2<\/li>\n<li><strong>Norma de certifica\u00e7\u00e3o<\/strong>: Certifica\u00e7\u00e3o florestal FSC, impressa com tinta ecol\u00f3gica \u00e0 base de \u00e1gua, em conformidade com a diretiva ambiental REACH da UE<\/li>\n<li><strong>Log\u00f3tipo visual de prote\u00e7\u00e3o ambiental<\/strong>:<\/li>\n<li>O corpo da caixa utiliza como cor principal o Pantone PANTONE 17-5936 TPG (verde ecol\u00f3gico), que foi reconhecido como um s\u00edmbolo de prote\u00e7\u00e3o ambiental por 87% dos consumidores em todo o mundo<\/li>\n<li>A parte inferior da caixa \u00e9 impressa com um log\u00f3tipo degrad\u00e1vel e um c\u00f3digo QR da pegada de carbono, que pode ser digitalizado para rastrear os dados de prote\u00e7\u00e3o ambiental de todo o ciclo de vida da embalagem<\/li>\n<\/ol>\n<h4 id=\"-iii-eva-anti-seismic-lining-system-a-scientific-solution-for-transportation-safety-\"><strong>3. Sistema de revestimento antiss\u00edsmico em EVA: uma solu\u00e7\u00e3o cient\u00edfica para a seguran\u00e7a dos transportes<\/strong><\/h4>\n<ol>\n<li><strong>Desempenho de armazenamento em buffer<\/strong>:<\/li>\n<li>Forro de espuma EVA de alta densidade de 3 mm personalizado, taxa de absor\u00e7\u00e3o de impacto \u226585%<\/li>\n<li>A estrutura de ranhura moldada com precis\u00e3o pode fixar 6-12 frascos de verniz para unhas para evitar a colis\u00e3o e a desloca\u00e7\u00e3o durante o transporte<\/li>\n<li><strong>Atualiza\u00e7\u00e3o ambiental<\/strong>:<\/li>\n<li>Material EVA biodegrad\u00e1vel opcional \u00e0 base de amido de milho, a taxa de decomposi\u00e7\u00e3o natural \u00e9 superior a 90% no prazo de 180 dias<\/li>\n<li>A superf\u00edcie do forro \u00e9 coberta com tecido flocado para melhorar a sensa\u00e7\u00e3o visual de luxo e o conforto t\u00e1til ao desembalar<\/li>\n<\/ol>\n<h4 id=\"-fourth-full-dimensional-customization-service-seamless-connection-from-concept-to-finished-product-\"><strong>4. Servi\u00e7o de personaliza\u00e7\u00e3o a toda a escala: liga\u00e7\u00e3o perfeita desde o conceito ao produto acabado<\/strong><\/h4>\n<ol>\n<li><strong>Inova\u00e7\u00e3o estrutural<\/strong>:<\/li>\n<li>Suporta 27 tipos de personaliza\u00e7\u00e3o de caixas, tais como tipo gaveta, caixa em forma de livro e tampa, com uma precis\u00e3o de corte de forma especial de \u00b10,3 mm<\/li>\n<li><strong>Personaliza\u00e7\u00e3o do sistema visual<\/strong>:<\/li>\n<li>Ado\u00e7\u00e3o da m\u00e1quina de impress\u00e3o offset alem\u00e3 Heidelberg de 7 cores, diferen\u00e7a de cor \u0394E\u22641,5 (norma internacional \u0394E\u22643)<\/li>\n<li>Suporta 12 processos de superf\u00edcie, tais como estampagem a quente\/UV\/embossing, e a ader\u00eancia da estampagem a quente da textura met\u00e1lica atinge o n\u00edvel 5B (norma ASTM D3359)<\/li>\n<\/ol>\n<h3 id=\"-v-china-s-smart-manufacturing-advantages-flexible-production-capacity-of-the-source-factory-\"><strong>5. Vantagens do fabrico inteligente da China: capacidade de produ\u00e7\u00e3o flex\u00edvel da f\u00e1brica de origem<\/strong><\/h3>\n<ol>\n<li><strong>Garantia de capacidade de produ\u00e7\u00e3o<\/strong>:<\/li>\n<li>12 linhas de produ\u00e7\u00e3o totalmente autom\u00e1ticas, com uma capacidade de produ\u00e7\u00e3o di\u00e1ria de mais de 100 000 caixas, suportando uma prova ultra-r\u00e1pida de 48 horas<\/li>\n<li>Correspond\u00eancia inteligente da base de dados de 1000+SKU para reduzir o custo de desenvolvimento de novos clientes<\/li>\n<li><strong>Sistema de controlo da qualidade<\/strong>:<\/li>\n<li>Implementa\u00e7\u00e3o das normas de qualidade de impress\u00e3o GB\/T 7705-2023, 36 procedimentos de inspe\u00e7\u00e3o de qualidade ao longo de todo o processo<\/li>\n<li>Equipado com espetrofot\u00f3metro X-Rite para monitorizar a cor em tempo real e garantir a consist\u00eancia dos lotes<\/li>\n<\/ol>\n<p><strong>Valor da coopera\u00e7\u00e3o<\/strong>\u00a0Como uma empresa central na ind\u00fastria de embalagens da China, usamos o pensamento de \"embalagem como um meio\" para ajudar as marcas a alcan\u00e7ar o seguinte atrav\u00e9s de tr\u00eas m\u00f3dulos inovadores: abertura e fecho magn\u00e9ticos, materiais amigos do ambiente e revestimento antiss\u00edsmico:<\/p>\n<ul>\n<li><strong>Pr\u00e9mio do produto<\/strong>: O custo de embalagem representa \u226415%, e o pre\u00e7o terminal pode ser aumentado em 40-60%<\/li>\n<li><strong>Reten\u00e7\u00e3o de utilizadores<\/strong>: 92% dos consumidores est\u00e3o dispostos a guardar caixas de embalagens reutiliz\u00e1veis (dados do inqu\u00e9rito Nielsen de 2024)<\/li>\n<li><strong>Valor ESG<\/strong>: Reduzir as emiss\u00f5es de carbono em 3,2 toneladas por 100.000 caixas, ajudando as marcas a atingir os objectivos de neutralidade de carbono<\/li>\n<\/ul>","protected":false},"excerpt":{"rendered":"<p>1. Caixa de embalagem com fecho magn\u00e9tico, design com \u00edman incorporado para evitar o desgaste externo, f\u00e1cil de abrir e fechar, amiga do ambiente e reutiliz\u00e1vel<br \/>\n2. 157 g de papel de arte revestido C2S + 1200 g de material de cart\u00e3o r\u00edgido, caixa de embalagem de desenvolvimento sustent\u00e1vel<br \/>\n3. A cor verde de prote\u00e7\u00e3o ambiental do corpo da caixa \u00e9 universal como um s\u00edmbolo de prote\u00e7\u00e3o ambiental, que pode rapidamente estabelecer marcas e desenvolvimento sustent\u00e1vel<br \/>\n4. O revestimento em EVA pode amortecer os choques durante o transporte e proteger as embalagens de verniz das unhas contra danos<br \/>\n5. O tipo de caixa, material, cor e tamanho podem ser personalizados para se adequar \u00e0 sua caixa de presente de embalagem de esmalte de unhas<\/p>","protected":false},"featured_media":8491,"template":"","meta":[],"product_brand":[],"product_cat":[30,390,424,31],"product_tag":[837,838,839],"class_list":{"0":"post-8490","1":"product","2":"type-product","3":"status-publish","4":"has-post-thumbnail","6":"product_cat-by-industry","7":"product_cat-custom-cosmetics-boxes","8":"product_cat-magnetic-closure-boxes","9":"product_cat-paper-box-style","10":"product_tag-custom-nail-polish-packaging","11":"product_tag-luxury-nail-polish-boxes","12":"product_tag-nail-polish-gift-boxes-wholesale","14":"first","15":"instock","16":"shipping-taxable","17":"product-type-simple"},"_links":{"self":[{"href":"https:\/\/zojopackaging.com\/pt\/wp-json\/wp\/v2\/product\/8490","targetHints":{"allow":["GET"]}}],"collection":[{"href":"https:\/\/zojopackaging.com\/pt\/wp-json\/wp\/v2\/product"}],"about":[{"href":"https:\/\/zojopackaging.com\/pt\/wp-json\/wp\/v2\/types\/product"}],"version-history":[{"count":2,"href":"https:\/\/zojopackaging.com\/pt\/wp-json\/wp\/v2\/product\/8490\/revisions"}],"predecessor-version":[{"id":8493,"href":"https:\/\/zojopackaging.com\/pt\/wp-json\/wp\/v2\/product\/8490\/revisions\/8493"}],"wp:featuredmedia":[{"embeddable":true,"href":"https:\/\/zojopackaging.com\/pt\/wp-json\/wp\/v2\/media\/8491"}],"wp:attachment":[{"href":"https:\/\/zojopackaging.com\/pt\/wp-json\/wp\/v2\/media?parent=8490"}],"wp:term":[{"taxonomy":"product_brand","embeddable":true,"href":"https:\/\/zojopackaging.com\/pt\/wp-json\/wp\/v2\/product_brand?post=8490"},{"taxonomy":"product_cat","embeddable":true,"href":"https:\/\/zojopackaging.com\/pt\/wp-json\/wp\/v2\/product_cat?post=8490"},{"taxonomy":"product_tag","embeddable":true,"href":"https:\/\/zojopackaging.com\/pt\/wp-json\/wp\/v2\/product_tag?post=8490"}],"curies":[{"name":"wp","href":"https:\/\/api.w.org\/{rel}","templated":true}]}}