{"id":8494,"date":"2025-03-28T17:55:43","date_gmt":"2025-03-28T09:55:43","guid":{"rendered":"https:\/\/zojopackaging.com\/?post_type=product&#038;p=8494"},"modified":"2025-03-28T21:44:01","modified_gmt":"2025-03-28T13:44:01","slug":"custom-printed-presentation-boxes-wholesale-with-logo","status":"publish","type":"product","link":"https:\/\/zojopackaging.com\/pt\/product\/custom-printed-presentation-boxes-wholesale-with-logo\/","title":{"rendered":"Caixas de apresenta\u00e7\u00e3o impressas personalizadas por atacado com log\u00f3tipo"},"content":{"rendered":"<h3 id=\"custom-printed-display-box-wholesale-with-logo-product-description\">Caixa de exposi\u00e7\u00e3o impressa personalizada por atacado com log\u00f3tipo<\/h3>\n<h4 id=\"-i-environmentally-friendly-material-system-dual-guarantee-of-sustainability-and-quality-\"><strong>I. Sistema de materiais amigos do ambiente: dupla garantia de sustentabilidade e qualidade<\/strong><\/h4>\n<ol>\n<li><strong>Combina\u00e7\u00e3o de papel revestido C2S de 157 g + cart\u00e3o cinzento de alta resist\u00eancia de 1200 g<\/strong>:<\/li>\n<li><strong>Camada exterior<\/strong>: \u00c9 utilizado papel revestido de dupla face de 157 g (papel de arte revestido C2S), a superf\u00edcie tem um toque sedoso, a reprodu\u00e7\u00e3o de cores \u00e9 t\u00e3o elevada como 98% e suporta a impress\u00e3o de alta defini\u00e7\u00e3o de log\u00f3tipos de marcas e padr\u00f5es complexos.<\/li>\n<li><strong>Camada interior<\/strong>: O cart\u00e3o cinzento de alta resist\u00eancia de 1200 g (cart\u00e3o r\u00edgido) proporciona um desempenho de compress\u00e3o super forte (\u226515 kg\/cm\u00b2), garantindo que o corpo da caixa n\u00e3o se deforma durante o transporte e o empilhamento.<\/li>\n<li><strong>Certifica\u00e7\u00e3o ambiental<\/strong>: O material passou a certifica\u00e7\u00e3o florestal FSC e a impress\u00e3o utiliza tinta ecol\u00f3gica \u00e0 base de \u00e1gua, em conformidade com a diretiva REACH da UE, tendo em conta tanto a imagem de marca como as necessidades de desenvolvimento sustent\u00e1vel.<\/li>\n<li><strong>Log\u00f3tipo visual de prote\u00e7\u00e3o ambiental<\/strong>: A cor principal da caixa pode ser selecionada a partir do azul cl\u00e1ssico Pantone. A investiga\u00e7\u00e3o demonstrou que esta cor reduz a fadiga visual e cria uma atmosfera relaxada e saud\u00e1vel para a marca. Ao mesmo tempo, \u00e9 complementada por um log\u00f3tipo degrad\u00e1vel e um c\u00f3digo QR da pegada de carbono para refor\u00e7ar a divulga\u00e7\u00e3o dos conceitos de prote\u00e7\u00e3o ambiental.<\/li>\n<\/ol>\n<h4 id=\"-second-the-design-of-the-top-and-bottom-lid-box-type-the-perfect-combination-of-ritual-sense-and-functionality-\"><strong>2. O design do tipo de caixa com tampa superior e inferior: a combina\u00e7\u00e3o perfeita de sentido ritual e funcionalidade<\/strong><\/h4>\n<ol>\n<li><strong>Otimiza\u00e7\u00e3o da estrutura da p\u00e1lpebra superior e inferior<\/strong>:<\/li>\n<li>\u00c9 adotado o tipo de caixa com tampa superior e inferior, e as tampas superior e inferior s\u00e3o fechadas com uma precis\u00e3o de \u00b10,5 mm. Ao abrir e fechar, a suc\u00e7\u00e3o magn\u00e9tica auxilia o posicionamento. Os utilizadores podem operar com uma m\u00e3o, e a experi\u00eancia de desembalagem \u00e9 mais suave com o 40%.<\/li>\n<li>O bordo do corpo da caixa adopta um design arredondado anti-riscos, combinado com uma ranhura para cart\u00f5es com 3 mm de espessura para melhorar a fixa\u00e7\u00e3o e o efeito de exposi\u00e7\u00e3o dos produtos feitos \u00e0 m\u00e3o.<\/li>\n<li><strong>Extens\u00e3o personalizada<\/strong>: Suporta 27 tipos de caixas, tais como caixas tipo gaveta, caixas em forma de livro e corte de formas especiais. A precis\u00e3o da estrutura de forma especial \u00e9 de \u00b10,3mm, que pode adaptar-se aos requisitos de tamanho e forma de diferentes produtos feitos \u00e0 m\u00e3o, como j\u00f3ias, cer\u00e2mica e tecidos.<\/li>\n<\/ol>\n<h4 id=\"-iii-eva-anti-seismic-lining-system-all-round-protection-solution-\"><strong>3. Sistema de revestimento antiss\u00edsmico EVA: solu\u00e7\u00e3o de prote\u00e7\u00e3o global<\/strong><\/h4>\n<ol>\n<li><strong>Revestimento amortecedor personalizado<\/strong>:<\/li>\n<li>Utilizando espuma EVA de alta densidade de 3 mm, a taxa de absor\u00e7\u00e3o de impacto \u00e9 \u226585%, e a ranhura precisa do molde pode fixar artigos fr\u00e1geis para evitar colis\u00f5es e desloca\u00e7\u00f5es durante o transporte.<\/li>\n<li>A superf\u00edcie do forro pode ser flocada ou coberta com uma pel\u00edcula mate, que \u00e9 delicada e antiderrapante, protegendo a superf\u00edcie dos produtos feitos \u00e0 m\u00e3o contra riscos.<\/li>\n<li><strong>Atualiza\u00e7\u00e3o ambiental<\/strong>: Fornecer material EVA biodegrad\u00e1vel \u00e0 base de amido de milho, com uma taxa de decomposi\u00e7\u00e3o natural superior a 90% no prazo de 180 dias, o que se adequa ao posicionamento de prote\u00e7\u00e3o ambiental da marca.<\/li>\n<\/ol>\n<h4 id=\"-iv-high-precision-printing-and-craftsmanship-luxurious-presentation-of-brand-vision-\"><strong>4. Impress\u00e3o e fabrico artesanal de alta precis\u00e3o: apresenta\u00e7\u00e3o luxuosa da vis\u00e3o da marca<\/strong><\/h4>\n<ol>\n<li><strong>Tecnologia de impress\u00e3o com zero diferen\u00e7a de cor<\/strong>:<\/li>\n<li>Usando a m\u00e1quina de impress\u00e3o offset alem\u00e3 Heidelberg de 7 cores, o controle de diferen\u00e7a de cor \u0394E\u22641.5 (padr\u00e3o internacional \u0394E\u22643) garante que o LOGO da marca e a impress\u00e3o do padr\u00e3o sejam claros e n\u00edtidos.<\/li>\n<li>Suporta a impress\u00e3o de cores diretas e efeitos de gradiente, e a satura\u00e7\u00e3o da cor atinge 98%, correspondendo aos cart\u00f5es de cores Pantone.<\/li>\n<li><strong>A tecnologia de estampagem a quente d\u00e1 mais for\u00e7a \u00e0 textura<\/strong>:<\/li>\n<li>A estampagem parcial a quente utiliza folha de ouro de 24K com uma ader\u00eancia de n\u00edvel 5B (norma ASTM D3359), que pode apresentar v\u00e1rias texturas, como relevo e geada, dando \u00e0 embalagem uma sensa\u00e7\u00e3o de luxo e valor de cole\u00e7\u00e3o.<\/li>\n<li>A resist\u00eancia ao desgaste da \u00e1rea de estampagem a quente \u00e9 aumentada em 50%, e n\u00e3o se desvanece ap\u00f3s uma utiliza\u00e7\u00e3o prolongada, refor\u00e7ando a imagem de topo de gama da marca.<\/li>\n<\/ol>\n<h4 id=\"-v-direct-supply-from-china-s-source-factory-flexible-production-and-efficient-response-\"><strong>5. Fornecimento direto da f\u00e1brica de origem chinesa: produ\u00e7\u00e3o flex\u00edvel e resposta eficiente<\/strong><\/h4>\n<ol>\n<li><strong>Garantia do sistema de controlo de qualidade<\/strong>:<\/li>\n<li>Implementar as normas de qualidade dos produtos impressos GB\/T 7705-2023, 36 procedimentos de inspe\u00e7\u00e3o de qualidade ao longo de todo o processo e equipado com o espetrofot\u00f3metro X-Rite para monitorizar a consist\u00eancia da cor em tempo real.<\/li>\n<li>Apoiar a inspe\u00e7\u00e3o por terceiros e o acompanhamento log\u00edstico para garantir a transpar\u00eancia e o controlo desde a produ\u00e7\u00e3o at\u00e9 \u00e0 entrega.<\/li>\n<\/ol>\n<p><strong>Valor da coopera\u00e7\u00e3o<\/strong>\u00a0Atrav\u00e9s dos quatro m\u00f3dulos principais de materiais ecol\u00f3gicos, estrutura da tampa, revestimento personalizado e tecnologia de estampagem a quente, a marca pode alcan\u00e7ar:<\/p>\n<ul>\n<li><strong>Pr\u00e9mio do produto<\/strong>: O custo de embalagem representa \u226412%, e o pre\u00e7o de venda terminal pode ser aumentado em 30-50%;<\/li>\n<li><strong>Atualiza\u00e7\u00e3o da experi\u00eancia do utilizador<\/strong>92% dos utilizadores t\u00eam pontos de mem\u00f3ria da marca para embalagens de alta qualidade;<\/li>\n<li><strong>Valor ambiental<\/strong>: Reduzir 2,8 toneladas de emiss\u00f5es de carbono por cada 100.000 caixas, ajudando a empresa a atingir os seus objectivos ESG.<\/li>\n<\/ul>","protected":false},"excerpt":{"rendered":"<p>1. 157 g de papel de arte revestido C2S + 1200 g de cart\u00e3o r\u00edgido, materiais sustent\u00e1veis e amigos do ambiente<br \/>\n2. tipo de caixa com tampa e base, com estrutura de tampa superior e inferior para melhorar a experi\u00eancia de desembalagem do cliente<br \/>\n3. Personaliza\u00e7\u00e3o ilimitada do tipo de caixa, material, cor e tamanho para se adequar \u00e0 sua caixa de presente feita \u00e0 m\u00e3o<\/p>","protected":false},"featured_media":8496,"template":"","meta":[],"product_brand":[],"product_cat":[30,423,425,31],"product_tag":[857,859,858],"class_list":{"0":"post-8494","1":"product","2":"type-product","3":"status-publish","4":"has-post-thumbnail","6":"product_cat-by-industry","7":"product_cat-custom-presentation-boxes-by-industry","8":"product_cat-lid-and-base-gift-box","9":"product_cat-paper-box-style","10":"product_tag-custom-presentation-boxes","11":"product_tag-presentation-boxes","12":"product_tag-presentation-boxes-wholesale","14":"first","15":"instock","16":"shipping-taxable","17":"product-type-simple"},"_links":{"self":[{"href":"https:\/\/zojopackaging.com\/pt\/wp-json\/wp\/v2\/product\/8494","targetHints":{"allow":["GET"]}}],"collection":[{"href":"https:\/\/zojopackaging.com\/pt\/wp-json\/wp\/v2\/product"}],"about":[{"href":"https:\/\/zojopackaging.com\/pt\/wp-json\/wp\/v2\/types\/product"}],"version-history":[{"count":1,"href":"https:\/\/zojopackaging.com\/pt\/wp-json\/wp\/v2\/product\/8494\/revisions"}],"predecessor-version":[{"id":8508,"href":"https:\/\/zojopackaging.com\/pt\/wp-json\/wp\/v2\/product\/8494\/revisions\/8508"}],"wp:featuredmedia":[{"embeddable":true,"href":"https:\/\/zojopackaging.com\/pt\/wp-json\/wp\/v2\/media\/8496"}],"wp:attachment":[{"href":"https:\/\/zojopackaging.com\/pt\/wp-json\/wp\/v2\/media?parent=8494"}],"wp:term":[{"taxonomy":"product_brand","embeddable":true,"href":"https:\/\/zojopackaging.com\/pt\/wp-json\/wp\/v2\/product_brand?post=8494"},{"taxonomy":"product_cat","embeddable":true,"href":"https:\/\/zojopackaging.com\/pt\/wp-json\/wp\/v2\/product_cat?post=8494"},{"taxonomy":"product_tag","embeddable":true,"href":"https:\/\/zojopackaging.com\/pt\/wp-json\/wp\/v2\/product_tag?post=8494"}],"curies":[{"name":"wp","href":"https:\/\/api.w.org\/{rel}","templated":true}]}}