{"id":8509,"date":"2025-03-28T21:44:24","date_gmt":"2025-03-28T13:44:24","guid":{"rendered":"https:\/\/zojopackaging.com\/?post_type=product&#038;p=8509"},"modified":"2025-03-29T10:02:44","modified_gmt":"2025-03-29T02:02:44","slug":"custom-luxury-medal-gold-coin-gift-packaging-boxes-wholesale","status":"publish","type":"product","link":"https:\/\/zojopackaging.com\/pt\/product\/custom-luxury-medal-gold-coin-gift-packaging-boxes-wholesale\/","title":{"rendered":"Caixas de embalagem personalizadas para presentes com medalhas de ouro e moedas de luxo por atacado"},"content":{"rendered":"<h3 id=\"-customized-luxury-medal-gold-coin-gift-packaging-box-wholesale-\"><strong>Medalha de luxo personalizada caixa de embalagem de presente de moeda de ouro por atacado<\/strong><\/h3>\n<h4 id=\"-1-top-and-bottom-cover-box-type-full-wrapping-structure-ultimate-protection-\"><strong>1. Tipo de caixa com tampa e base: estrutura de embalagem completa, prote\u00e7\u00e3o m\u00e1xima<\/strong><\/h4>\n<p>Adoptando o design cl\u00e1ssico do tipo tampa e caixa de base, a tampa superior e a caixa de base s\u00e3o encaixadas com precis\u00e3o para formar uma estrutura de embalagem completa, que \u00e9 eficazmente \u00e0 prova de poeira e anti-extrus\u00e3o, evitando o risco de deforma\u00e7\u00e3o ou vazamento causado por for\u00e7as externas durante o transporte ou armazenamento. O tipo de caixa \u00e9 inspirado no conceito de embalagem de boutique topo de gama, que n\u00e3o s\u00f3 satisfaz as necessidades funcionais, como tamb\u00e9m confere ao produto um sentido de dignidade. Por exemplo, o design da tampa superior pode reservar espa\u00e7o de abertura, e o design da tampa inferior utiliza a estrutura de refor\u00e7o da borda interna para garantir a estabilidade da caixa quando est\u00e1 fechada. Al\u00e9m disso, suporta boca obl\u00edqua personalizada, cintura exposta ou tipos de caixas com formas especiais (como hexagonal, circular) para satisfazer as necessidades da exposi\u00e7\u00e3o art\u00edstica.<\/p>\n<h4 id=\"-second-unlimited-customization-comprehensive-adaptation-of-materials-sizes-and-processes-\"><strong>2. Personaliza\u00e7\u00e3o ilimitada: adapta\u00e7\u00e3o abrangente de materiais, tamanhos e processos<\/strong><\/h4>\n<ol>\n<li><strong>Sele\u00e7\u00e3o flex\u00edvel de materiais<\/strong><\/li>\n<li><strong>Material de base<\/strong>: Papel Soft Touch de 120 g (toque delicado) + Cart\u00e3o de 1200 g (cart\u00e3o de alta densidade), que \u00e9 simultaneamente ecol\u00f3gico e resistente, em conformidade com a tend\u00eancia das embalagens sustent\u00e1veis.<\/li>\n<li><strong>Correspond\u00eancia exacta de tamanho e cor<\/strong>\u00a0Suporta a personaliza\u00e7\u00e3o do tamanho ao n\u00edvel do mil\u00edmetro, adaptando-se \u00e0s especifica\u00e7\u00f5es especiais de v\u00e1rias medalhas, moedas de ouro ou obras de arte. O design da caixa vermelha de alto contraste pode aumentar significativamente a atratividade da exposi\u00e7\u00e3o em prateleiras de retalho e, com o processo de lamina\u00e7\u00e3o mate, pode evitar reflexos que interferem com o foco visual.<\/li>\n<li><strong>Processo de impress\u00e3o e tratamento de superf\u00edcie<\/strong><\/li>\n<li><strong>Impress\u00e3o de alta defini\u00e7\u00e3o<\/strong>: Utilizando a grava\u00e7\u00e3o CNC e a tecnologia de impress\u00e3o offset para garantir que o padr\u00e3o e o texto s\u00e3o claros e sem fantasmas, apoiando a estampagem a quente, a grava\u00e7\u00e3o UV, a impress\u00e3o serigr\u00e1fica e outros processos, restaurando com precis\u00e3o o log\u00f3tipo da marca.<\/li>\n<li><strong>Revestimento de pel\u00edcula mate<\/strong>: A superf\u00edcie \u00e9 coberta por uma pel\u00edcula mate, imperme\u00e1vel e \u00e0 prova de \u00f3leo, que prolonga a vida \u00fatil da embalagem, mantendo a textura delicada do papel t\u00e1til.<\/li>\n<\/ol>\n<h4 id=\"-iii-eva-customized-lining-shock-resistant-cushioning-and-brand-value-added-\"><strong>3. Forro personalizado em EVA: amortecimento resistente ao choque e valor acrescentado da marca<\/strong><\/h4>\n<ol>\n<li><strong>Prote\u00e7\u00e3o do n\u00facleo<\/strong>: O forro em EVA \u00e9 padr\u00e3o na caixa, que se adapta ao contorno da medalha\/moeda atrav\u00e9s de uma abertura de molde precisa para proporcionar uma prote\u00e7\u00e3o de amortecimento resistente aos choques e evitar danos no produto causados por choques no transporte.<\/li>\n<li><strong>Personaliza\u00e7\u00e3o da marca<\/strong>: Permite a atualiza\u00e7\u00e3o para esponja de veludo, flocagem ou forro ecol\u00f3gico degrad\u00e1vel. A superf\u00edcie do forro pode ser impressa com slogans da marca ou padr\u00f5es que contam hist\u00f3rias para melhorar a sensa\u00e7\u00e3o de cerim\u00f3nia de desembalagem e os pontos de mem\u00f3ria do cliente.<\/li>\n<\/ol>\n<h4 id=\"-iv-advantages-of-china-s-source-factory-one-stop-service-guarantee-\"><strong>4. Vantagens da f\u00e1brica de origem chinesa: garantia de servi\u00e7o \u00fanico<\/strong><\/h4>\n<p>Como f\u00e1brica de caixas de embalagem de origem da China, integramos toda a cadeia de design, prova e produ\u00e7\u00e3o para fornecer uma resposta eficiente:<\/p>\n<ol>\n<li><strong>Prova r\u00e1pida<\/strong>: A modela\u00e7\u00e3o 3D e as amostras f\u00edsicas s\u00e3o paralelas e o rigoroso processo de calibra\u00e7\u00e3o de cores evita a diferen\u00e7a de cores para garantir a consist\u00eancia dos projectos de design e dos produtos acabados.<\/li>\n<li><strong>Produ\u00e7\u00e3o em massa<\/strong>: Baseando-se em linhas de produ\u00e7\u00e3o automatizadas e cadeias de abastecimento flex\u00edveis, suporta 500 pe\u00e7as de encomenda m\u00ednima e entrega expresso em 72 horas para satisfazer as necessidades urgentes dos clientes grossistas.<\/li>\n<li><strong>Compromisso ambiental<\/strong>: Utilizar papel certificado FSC e tinta \u00e0 base de \u00e1gua, cumprir as normas de exporta\u00e7\u00e3o e ajudar as marcas a praticar a responsabilidade social.<\/li>\n<\/ol>\n<h4 id=\"-v-application-scenarios-and-successful-cases-\"><strong>5. Cen\u00e1rios de aplica\u00e7\u00e3o e casos de sucesso<\/strong><\/h4>\n<ul>\n<li><strong>Honras empresariais<\/strong>: Personaliza\u00e7\u00e3o de uma caixa hexagonal preta mate para uma empresa tecnol\u00f3gica de renome, com uma estrutura magn\u00e9tica de abertura e fecho incorporada e um LOGOTIPO em prata quente, para a atribui\u00e7\u00e3o anual de medalhas aos funcion\u00e1rios.<\/li>\n<li><strong>Cole\u00e7\u00e3o de arte<\/strong>: Personaliza\u00e7\u00e3o de uma caixa redonda de acr\u00edlico para uma exposi\u00e7\u00e3o de moedas, com uma tampa superior transparente que mostra intuitivamente os pormenores da moeda de ouro, e o forro de veludo inferior \u00e9 impresso com o n\u00famero da cole\u00e7\u00e3o.<\/li>\n<li><strong>Expositor para retalho<\/strong>: A caixa de oferta vermelha \u00e9 acompanhada por um selo dourado na cintura, que ajudou a s\u00e9rie de moedas de ouro de edi\u00e7\u00e3o limitada de uma marca de luxo a esgotar-se no primeiro dia do seu lan\u00e7amento.<\/li>\n<\/ul>","protected":false},"excerpt":{"rendered":"<p>1. A tampa e a base da caixa est\u00e3o bem encaixadas para formar uma estrutura totalmente embrulhada, que \u00e9 eficaz na preven\u00e7\u00e3o do p\u00f3 e da extrus\u00e3o e na prote\u00e7\u00e3o do conte\u00fado contra fugas<br \/>\n2. O tipo de caixa, o material, a cor, o tamanho e o processo de impress\u00e3o da superf\u00edcie podem ser personalizados para se adequarem \u00e0 sua medalha, moeda de ouro, presente e embalagem de obras de arte<br \/>\n3. Somos a f\u00e1brica de caixas de embalagem de origem na China, principalmente envolvidos em v\u00e1rias caixas de presente, caixas de cor, caixas de cart\u00e3o, latas de papel cil\u00edndricas, bolsas de etiqueta e outros produtos de embalagem de papel<\/p>","protected":false},"featured_media":8511,"template":"","meta":[],"product_brand":[],"product_cat":[30,423,425,31],"product_tag":[871,872,873],"class_list":{"0":"post-8509","1":"product","2":"type-product","3":"status-publish","4":"has-post-thumbnail","6":"product_cat-by-industry","7":"product_cat-custom-presentation-boxes-by-industry","8":"product_cat-lid-and-base-gift-box","9":"product_cat-paper-box-style","10":"product_tag-custom-medal-packaging-boxes","11":"product_tag-gold-coin-boxes-wholesale","12":"product_tag-medal-gold-coin-packaging","14":"first","15":"instock","16":"shipping-taxable","17":"product-type-simple"},"_links":{"self":[{"href":"https:\/\/zojopackaging.com\/pt\/wp-json\/wp\/v2\/product\/8509","targetHints":{"allow":["GET"]}}],"collection":[{"href":"https:\/\/zojopackaging.com\/pt\/wp-json\/wp\/v2\/product"}],"about":[{"href":"https:\/\/zojopackaging.com\/pt\/wp-json\/wp\/v2\/types\/product"}],"version-history":[{"count":2,"href":"https:\/\/zojopackaging.com\/pt\/wp-json\/wp\/v2\/product\/8509\/revisions"}],"predecessor-version":[{"id":8523,"href":"https:\/\/zojopackaging.com\/pt\/wp-json\/wp\/v2\/product\/8509\/revisions\/8523"}],"wp:featuredmedia":[{"embeddable":true,"href":"https:\/\/zojopackaging.com\/pt\/wp-json\/wp\/v2\/media\/8511"}],"wp:attachment":[{"href":"https:\/\/zojopackaging.com\/pt\/wp-json\/wp\/v2\/media?parent=8509"}],"wp:term":[{"taxonomy":"product_brand","embeddable":true,"href":"https:\/\/zojopackaging.com\/pt\/wp-json\/wp\/v2\/product_brand?post=8509"},{"taxonomy":"product_cat","embeddable":true,"href":"https:\/\/zojopackaging.com\/pt\/wp-json\/wp\/v2\/product_cat?post=8509"},{"taxonomy":"product_tag","embeddable":true,"href":"https:\/\/zojopackaging.com\/pt\/wp-json\/wp\/v2\/product_tag?post=8509"}],"curies":[{"name":"wp","href":"https:\/\/api.w.org\/{rel}","templated":true}]}}