{"id":8532,"date":"2025-03-29T10:26:01","date_gmt":"2025-03-29T02:26:01","guid":{"rendered":"https:\/\/zojopackaging.com\/?post_type=product&#038;p=8532"},"modified":"2025-03-29T10:51:54","modified_gmt":"2025-03-29T02:51:54","slug":"custom-printed-hair-extension-packaging-boxes-wholesale","status":"publish","type":"product","link":"https:\/\/zojopackaging.com\/pt\/product\/custom-printed-hair-extension-packaging-boxes-wholesale\/","title":{"rendered":"Caixas de embalagem de extens\u00f5es de cabelo impressas personalizadas por atacado"},"content":{"rendered":"<h2 id=\"product-description-of-printed-hair-extension-packaging-box-wholesale-\">Caixa de embalagem de extens\u00e3o de cabelo impressa personalizada por atacado<\/h2>\n<h3 id=\"-1-350g-high-weight-white-card-substrate-double-guarantee-of-printing-accuracy-and-protection-\"><strong>1. Substrato de cart\u00e3o branco de 350 g de peso elevado: dupla garantia de precis\u00e3o e prote\u00e7\u00e3o da impress\u00e3o<\/strong><\/h3>\n<p>Utilizando cart\u00e3o branco de 350g como material principal, a superf\u00edcie \u00e9 polida com precis\u00e3o e a suavidade atinge o padr\u00e3o de n\u00edvel de impress\u00e3o (brilho \u226590%), que pode apresentar perfeitamente gr\u00e1ficos de alta defini\u00e7\u00e3o e cores gradientes. As suas carater\u00edsticas incluem:<\/p>\n<ul>\n<li><strong>Elevada capacidade de carga<\/strong>: Adequado para o peso de produtos de peruca (peso de extens\u00e3o de cabelo convencional 0,1-0,5 kg), a resist\u00eancia \u00e0 compress\u00e3o atinge 1,2 vezes o padr\u00e3o da ind\u00fastria, garantindo que o corpo da caixa n\u00e3o se deforma durante o transporte.<\/li>\n<li><strong>Certifica\u00e7\u00e3o ambiental<\/strong>: Aprovado na certifica\u00e7\u00e3o de gest\u00e3o florestal FSC, cumpre as normas de exporta\u00e7\u00e3o europeias e americanas e responde \u00e0s necessidades de desenvolvimento sustent\u00e1vel da marca.<\/li>\n<li><strong>Reprodu\u00e7\u00e3o de cores<\/strong>: Suporta impress\u00e3o em cores diretas Pantone, controlo da diferen\u00e7a de cores \u22643%, corresponde com precis\u00e3o \u00e0 s\u00e9rie verde macaron (como Pantone 13-0110 Green Ash), reduz a fadiga visual e cria uma atmosfera de cura natural.<\/li>\n<\/ul>\n<h3 id=\"-second-window-design-macaron-color-system-a-deep-combination-of-aesthetics-and-function-\"><strong>2. Design de janelas + sistema de cores macaron: uma combina\u00e7\u00e3o profunda de est\u00e9tica e fun\u00e7\u00e3o<\/strong><\/h3>\n<ol>\n<li><strong>A janela transparente optimiza a experi\u00eancia do consumidor<\/strong><\/li>\n<li><strong>Material das janelas<\/strong>: Pel\u00edcula transparente de PVC personaliz\u00e1vel ou cobertura de acr\u00edlico, espessura opcional de 0,5-1,2 mm, transmit\u00e2ncia de luz \u226590%, exibindo intuitivamente a cor e a textura dos produtos de extens\u00e3o de cabelo.<\/li>\n<li><strong>Forma da janela<\/strong>: Suporta desenhos circulares, em forma de cora\u00e7\u00e3o e ocos com formas especiais, e o rebordo da janela adopta a tecnologia de estampagem a quente\/vermelhos para melhorar a resist\u00eancia ao rasgamento e a sofistica\u00e7\u00e3o visual.<\/li>\n<li><strong>A psicologia da cor d\u00e1 poder \u00e0s marcas<\/strong><\/li>\n<li><strong>Tom principal verde macaron<\/strong>: Atrav\u00e9s da combina\u00e7\u00e3o do verde de baixa satura\u00e7\u00e3o e do gradiente branco marfim, simula a imagem visual da \"barra de oxig\u00e9nio da floresta\" e enquadra-se no conceito de cuidados capilares saud\u00e1veis.<\/li>\n<li><strong>Processo de impress\u00e3o din\u00e2mico<\/strong>: Utilizando a impress\u00e3o em offset + tecnologia UV local para obter um relevo da textura da folha verde ou um efeito de contraste mate, melhora a narrativa da embalagem e a atra\u00e7\u00e3o nas prateleiras.<\/li>\n<\/ol>\n<h3 id=\"-three-full-dimensional-customized-services-exclusive-adaptation-from-box-type-to-lining-\"><strong>3. Servi\u00e7os personalizados de dimens\u00e3o total: adapta\u00e7\u00e3o exclusiva do tipo de caixa ao revestimento<\/strong><\/h3>\n<ol>\n<li><strong>Tipo de caixa e inova\u00e7\u00e3o estrutural<\/strong><\/li>\n<li><strong>Tipo de caixa b\u00e1sica<\/strong>: tampa superior e inferior (\u00e0 prova de p\u00f3 e de compress\u00e3o), caixa de gavetas (acesso c\u00f3modo), caixa em forma de livro (forte sentido de cerim\u00f3nia), design de gancho de apoio para se adaptar \u00e0 exposi\u00e7\u00e3o vertical nos supermercados.<\/li>\n<li><strong>Desenvolvimento de formas especiais<\/strong>O tamanho milim\u00e9trico corresponde exatamente \u00e0s especifica\u00e7\u00f5es dos produtos de extens\u00e3o capilar: hex\u00e1gono (estilo retro), trap\u00e9zio arredondado (pega ergon\u00f3mica), tampa magn\u00e9tica (experi\u00eancia de abertura e fecho de alta qualidade).<\/li>\n<li><strong>Matriz do processo de superf\u00edcie<\/strong><\/li>\n<li><strong>Camada protetora<\/strong>Revestimento de pel\u00edcula brilhante (anti-riscos), pel\u00edcula t\u00e1til mate (anti-impress\u00e3o digital), revestimento nano imperme\u00e1vel opcional para prolongar a vida \u00fatil da embalagem.<\/li>\n<li><strong>Processo de valor acrescentado<\/strong>: estampagem a quente do LOGOTIPO, padr\u00e3o de marca em relevo, slogan fluorescente serigrafado, suporte de implanta\u00e7\u00e3o de c\u00f3digo QR\/chip NFC para obter rastreabilidade anti-contrafa\u00e7\u00e3o.<\/li>\n<\/ol>\n<h3 id=\"-fourth-branded-lining-system-an-advanced-solution-from-protection-to-value-added-\"><strong>4. Sistema de revestimento de marca: uma solu\u00e7\u00e3o avan\u00e7ada da prote\u00e7\u00e3o ao valor acrescentado<\/strong><\/h3>\n<ol>\n<li><strong>Configura\u00e7\u00e3o da prote\u00e7\u00e3o do n\u00facleo<\/strong><\/li>\n<li><strong>Revestimento antiss\u00edsmico<\/strong>: O molde de precis\u00e3o EVA adapta-se ao contorno da extens\u00e3o do cabelo e o desempenho do amortecimento cumpre a norma ASTM D4169, que \u00e9 adequada para as necessidades de transporte transfronteiri\u00e7o.<\/li>\n<li><strong>Tratamento anti-est\u00e1tico<\/strong>: A resist\u00eancia da superf\u00edcie do revestimento de flocagem \u00e9 \u226410^6\u03a9, o que impede a adsor\u00e7\u00e3o est\u00e1tica das fibras de peruca devido \u00e0 fric\u00e7\u00e3o.<\/li>\n<li><strong>Extens\u00e3o do valor da marca<\/strong><\/li>\n<li><strong>Posicionamento ambiental<\/strong>: Forro de papel alveolar degrad\u00e1vel + impress\u00e3o com tinta de soja, em conformidade com a certifica\u00e7\u00e3o ambiental REACH da UE.<\/li>\n<li><strong>Posicionamento topo de gama<\/strong>: Forro de algod\u00e3o aveludado + ilustra\u00e7\u00e3o da hist\u00f3ria da marca em prata quente, para melhorar a sensa\u00e7\u00e3o de cerim\u00f3nia de desembalagem e o ponto de mem\u00f3ria do cliente.<\/li>\n<\/ol>\n<h3 id=\"-five-china-s-source-factory-advantages-extreme-cost-effectiveness-and-agile-delivery-\"><strong>5. Vantagens da f\u00e1brica de origem chinesa: extrema rentabilidade e entrega \u00e1gil<\/strong><\/h3>\n<p>Como f\u00e1brica de origem da faixa central da ind\u00fastria de embalagens no Delta do Rio das P\u00e9rolas, integramos os recursos de toda a cadeia:<\/p>\n<ol>\n<li><strong>Vantagem em termos de custos<\/strong>: Com base numa linha de produ\u00e7\u00e3o automatizada com uma capacidade de produ\u00e7\u00e3o anual de mais de 5.000 toneladas, o pre\u00e7o da mesma qualidade \u00e9 15%-20% inferior ao pre\u00e7o m\u00e9dio do mercado.<\/li>\n<li><strong>Resposta \u00e1gil<\/strong><\/li>\n<li><strong>Ciclo de verifica\u00e7\u00e3o<\/strong>: As representa\u00e7\u00f5es em 3D + caixas de amostras f\u00edsicas s\u00e3o fornecidas no prazo de 48 horas e a inspe\u00e7\u00e3o AR remota \u00e9 suportada.<\/li>\n<li><strong>Produ\u00e7\u00e3o em massa<\/strong>: Encomenda m\u00ednima de 1.000 unidades, 72 horas de entrega extremamente r\u00e1pida e expedi\u00e7\u00e3o log\u00edstica transfronteiri\u00e7a FOB\/DDP s\u00e3o suportadas.<\/li>\n<li><strong>Sistema de controlo da qualidade<\/strong><\/li>\n<li>Testes de controlo de qualidade de processo completo (color\u00edmetro, testador de gotas), taxa de rendimento \u2265 99,5%.<\/li>\n<li>Fornecer documentos de certifica\u00e7\u00e3o ISO9001 e relat\u00f3rios de materiais da SGS para ajudar as marcas a irem para o estrangeiro em conformidade.<\/li>\n<\/ol>\n<p><strong>Casos de sucesso e adapta\u00e7\u00e3o de cen\u00e1rios<\/strong><\/p>\n<ul>\n<li><strong>O com\u00e9rcio eletr\u00f3nico transfronteiri\u00e7o foi atingido<\/strong>: Caixa de gancho com janela verde macaron personalizada para uma marca de perucas norte-americana, com forro EVA \u00e0 prova de choque, a taxa de recompra da mesma categoria da Amazon aumentou 35%.<\/li>\n<li><strong>Exclusivamente para sal\u00f5es de beleza de luxo<\/strong>: Caixa de suc\u00e7\u00e3o magn\u00e9tica hexagonal + forro de flocagem + LOGOTIPO de estampagem a quente, ajudando as marcas nacionais de extens\u00f5es capilares a alcan\u00e7ar um pr\u00e9mio terminal de 40%.<\/li>\n<li><strong>Conceito de produto amigo do ambiente<\/strong>: forro de papel alveolar biodegrad\u00e1vel + impress\u00e3o com tinta de soja, aprovado para compra a granel por marcas europeias certificadas pela B Corp.<\/li>\n<\/ul>","protected":false},"excerpt":{"rendered":"<p>1. Cartolina branca de 350 g, superf\u00edcie lisa adequada para impress\u00e3o de alta qualidade<br \/>\n2. A conce\u00e7\u00e3o da janela permite aos consumidores observar diretamente os produtos internos,<br \/>\n3. A cor verde macaron reduz a fadiga visual e cria uma atmosfera relaxante e curativa<br \/>\n4. O tipo de caixa, material, cor, tamanho e processo de impress\u00e3o de superf\u00edcie podem ser infinitamente personalizados para se adequar \u00e0 sua embalagem de peruca de extens\u00e3o de cabelo<\/p>","protected":false},"featured_media":8533,"template":"","meta":[],"product_brand":[],"product_cat":[30,421,430,31],"product_tag":[877,879,878],"class_list":{"0":"post-8532","1":"product","2":"type-product","3":"status-publish","4":"has-post-thumbnail","6":"product_cat-by-industry","7":"product_cat-custom-hair-extension-boxes","8":"product_cat-folding-cartons","9":"product_cat-paper-box-style","10":"product_tag-custom-hair-extension-packaging","11":"product_tag-hair-extension-boxes-wholesale","12":"product_tag-hair-extension-packaging","14":"first","15":"instock","16":"shipping-taxable","17":"product-type-simple"},"_links":{"self":[{"href":"https:\/\/zojopackaging.com\/pt\/wp-json\/wp\/v2\/product\/8532","targetHints":{"allow":["GET"]}}],"collection":[{"href":"https:\/\/zojopackaging.com\/pt\/wp-json\/wp\/v2\/product"}],"about":[{"href":"https:\/\/zojopackaging.com\/pt\/wp-json\/wp\/v2\/types\/product"}],"version-history":[{"count":1,"href":"https:\/\/zojopackaging.com\/pt\/wp-json\/wp\/v2\/product\/8532\/revisions"}],"predecessor-version":[{"id":8539,"href":"https:\/\/zojopackaging.com\/pt\/wp-json\/wp\/v2\/product\/8532\/revisions\/8539"}],"wp:featuredmedia":[{"embeddable":true,"href":"https:\/\/zojopackaging.com\/pt\/wp-json\/wp\/v2\/media\/8533"}],"wp:attachment":[{"href":"https:\/\/zojopackaging.com\/pt\/wp-json\/wp\/v2\/media?parent=8532"}],"wp:term":[{"taxonomy":"product_brand","embeddable":true,"href":"https:\/\/zojopackaging.com\/pt\/wp-json\/wp\/v2\/product_brand?post=8532"},{"taxonomy":"product_cat","embeddable":true,"href":"https:\/\/zojopackaging.com\/pt\/wp-json\/wp\/v2\/product_cat?post=8532"},{"taxonomy":"product_tag","embeddable":true,"href":"https:\/\/zojopackaging.com\/pt\/wp-json\/wp\/v2\/product_tag?post=8532"}],"curies":[{"name":"wp","href":"https:\/\/api.w.org\/{rel}","templated":true}]}}