{"id":8548,"date":"2025-03-29T11:18:27","date_gmt":"2025-03-29T03:18:27","guid":{"rendered":"https:\/\/zojopackaging.com\/?post_type=product&#038;p=8548"},"modified":"2025-03-29T11:36:38","modified_gmt":"2025-03-29T03:36:38","slug":"custom-vitamin-nutritional-dietary-supplement-packaging-box","status":"publish","type":"product","link":"https:\/\/zojopackaging.com\/pt\/product\/custom-vitamin-nutritional-dietary-supplement-packaging-box\/","title":{"rendered":"Caixa de embalagem de suplemento diet\u00e9tico nutricional vitam\u00ednico personalizado"},"content":{"rendered":"<h2 id=\"product-description-of-vitamin-nutrition-dietary-supplement-packaging-box-\">Caixa de embalagem personalizada de suplemento diet\u00e9tico para nutri\u00e7\u00e3o de vitaminas<\/h2>\n<h3 id=\"-1-fsc-certified-environmentally-friendly-material-system-industrial-grade-protection-and-green-commitment-\"><strong>1. Sistema de materiais ecol\u00f3gicos com certifica\u00e7\u00e3o FSC: prote\u00e7\u00e3o de n\u00edvel industrial e compromisso ecol\u00f3gico<\/strong><\/h3>\n<p>Adotar\u00a0<strong>Papel art\u00edstico revestido C2S de 157 g + cart\u00e3o duro de 1200 g<\/strong>\u00a0estrutura composta para alcan\u00e7ar avan\u00e7os duplos em termos de prote\u00e7\u00e3o ambiental e funcionalidade:<\/p>\n<ul>\n<li><strong>Carater\u00edsticas do material<\/strong>: A suavidade da superf\u00edcie do papel revestido C2S atinge o padr\u00e3o de grau de impress\u00e3o (brilho \u226590%), restaura com precis\u00e3o cores de alta satura\u00e7\u00e3o; a resist\u00eancia \u00e0 compress\u00e3o do cart\u00e3o duro de 1200g atinge 1,8 vezes o padr\u00e3o da ind\u00fastria e pode suportar a press\u00e3o de empilhamento de transporte (&gt; 50kg \/ m\u00b2), adequado para vitaminas engarrafadas, ensacadas e outras formas de produto.<\/li>\n<li><strong>Certifica\u00e7\u00e3o ambiental<\/strong>: Aprovado na certifica\u00e7\u00e3o de gest\u00e3o florestal FSC, a taxa de reciclabilidade do material \u00e9 superior a 95%, o que cumpre os requisitos regulamentares dos mercados europeu e americano para embalagens sustent\u00e1veis.<\/li>\n<\/ul>\n<h3 id=\"-second-the-box-design-of-the-top-and-bottom-cover-full-protection-and-ritual-experience-\"><strong>2. O design da caixa da tampa superior e inferior: prote\u00e7\u00e3o total e experi\u00eancia ritual<\/strong><\/h3>\n<ol>\n<li><strong>Estrutura de prote\u00e7\u00e3o de camada dupla<\/strong><\/li>\n<li><strong>Processo de coloca\u00e7\u00e3o de precis\u00e3o<\/strong>: A tampa superior e a caixa inferior s\u00e3o controladas por uma toler\u00e2ncia milim\u00e9trica e, ap\u00f3s o fecho, forma-se uma estrutura totalmente embrulhada, o que melhora a resist\u00eancia ao p\u00f3 e \u00e0 humidade em 40% e \u00e9 adequada para o transporte transfronteiri\u00e7o e para as necessidades de armazenamento.<\/li>\n<li><strong>Otimiza\u00e7\u00e3o ergon\u00f3mica<\/strong>: Suporta tampa flip magn\u00e9tica (posicionamento topo de gama) ou calhas deslizantes do tipo gaveta (acesso c\u00f3modo), com uma vida \u00fatil de abertura e fecho de mais de 5000 vezes, satisfazendo cen\u00e1rios de utiliza\u00e7\u00e3o de elevada frequ\u00eancia.<\/li>\n<li><strong>Integra\u00e7\u00e3o visual e funcional<\/strong><\/li>\n<li><strong>O tipo de caixa da tampa superior e inferior<\/strong>\u00a0pode ser embutido com uma janela de acr\u00edlico transparente (transmit\u00e2ncia de luz \u2265 90%), que pode exibir intuitivamente o r\u00f3tulo da garrafa ou a cor da c\u00e1psula e aumentar a confian\u00e7a do consumidor.<\/li>\n<\/ol>\n<h3 id=\"-three-emboss-hot-stamping-silver-process-luxurious-texture-and-brand-recognition-\"><strong>3. Processo de grava\u00e7\u00e3o + estampagem a quente em prata: textura luxuosa e reconhecimento da marca<\/strong><\/h3>\n<ol>\n<li><strong>Processo de relevo tridimensional (Emboss)<\/strong><\/li>\n<li>Atrav\u00e9s da tecnologia de grava\u00e7\u00e3o CNC, \u00e9 poss\u00edvel obter efeitos de relevo em 3D, como o log\u00f3tipo da marca, a estrutura molecular das vitaminas, etc., com um toque delicado e um aumento da resist\u00eancia ao desgaste 60%, em conformidade com o posicionamento dos produtos de sa\u00fade topo de gama.<\/li>\n<li><strong>Capacita\u00e7\u00e3o do processo de estampagem a quente em prata<\/strong><\/li>\n<li>Usando a tecnologia de estampagem a quente de folha de prata espelhada, controle de diferen\u00e7a de cor \u22643%, sistema VI de correspond\u00eancia de cor especial Pantone, como gradiente cinza-prata pode melhorar o \"senso de tecnologia\", estampagem a quente de ouro \u00e9 adequado para o conceito de \"org\u00e2nico natural\".<\/li>\n<li><strong>Sistema de prote\u00e7\u00e3o de superf\u00edcies<\/strong><\/li>\n<li>Revestimento de pel\u00edcula brilhante (anti-riscos) combinado com revestimento nano imperme\u00e1vel para prolongar a vida \u00fatil da embalagem, adequado para produtos em p\u00f3 que s\u00e3o facilmente afectados pela humidade.<\/li>\n<\/ol>\n<h3 id=\"-fourth-full-dimensional-customization-solution-precise-adaptation-from-box-type-to-lining-\"><strong>4. Solu\u00e7\u00e3o de personaliza\u00e7\u00e3o a toda a dimens\u00e3o: adapta\u00e7\u00e3o exacta do tipo de caixa ao revestimento<\/strong><\/h3>\n<ol>\n<li><strong>Matriz de inova\u00e7\u00e3o do tipo caixa<\/strong><\/li>\n<li><strong>Tipo de caixa b\u00e1sica<\/strong>: tampa superior e inferior, aba em forma de livro, caixa de suc\u00e7\u00e3o magn\u00e9tica hexagonal, design de gancho de suporte para otimizar a taxa de utiliza\u00e7\u00e3o do espa\u00e7o de exposi\u00e7\u00e3o vertical nos supermercados.<\/li>\n<li><strong>Desenvolvimento de formas especiais<\/strong>Caixa bi\u00f3nica com contorno de c\u00e1psula, embalagem de viagem dobr\u00e1vel, tamanho milim\u00e9trico adequado para um conjunto de combina\u00e7\u00e3o de uma garrafa ou de v\u00e1rias garrafas.<\/li>\n<li><strong>Matriz do processo de impress\u00e3o<\/strong><\/li>\n<li>Suporta relevo parcial UV, slogan fluorescente em serigrafia, implanta\u00e7\u00e3o de chip NFC (rastreabilidade anti-contrafa\u00e7\u00e3o) e at\u00e9 c\u00f3digo QR personalizado com liga\u00e7\u00e3o \u00e0 p\u00e1gina de servi\u00e7o do nutricionista.<\/li>\n<li><strong>Atualiza\u00e7\u00e3o do sistema de revestimento<\/strong><\/li>\n<li><strong>Prote\u00e7\u00e3o do n\u00facleo<\/strong>: Forro em molde de precis\u00e3o EVA, o desempenho de amortecimento cumpre a norma ASTM D4169, adequado para garrafas de vidro ou c\u00e1psulas moles fr\u00e1geis.<\/li>\n<li><strong>Valor acrescentado da marca<\/strong>: Forro de flocagem (anti-est\u00e1tico) impresso com ilustra\u00e7\u00f5es da hist\u00f3ria da marca, ou forro de papel alveolar degrad\u00e1vel com impress\u00e3o de tinta de soja, em conformidade com o conceito de prote\u00e7\u00e3o ambiental.<\/li>\n<\/ol>\n<h3 id=\"-v-advantages-of-china-s-source-factory-extreme-cost-effectiveness-and-agile-service-\"><strong>5. Vantagens da f\u00e1brica de origem chinesa: extrema efic\u00e1cia em termos de custos e servi\u00e7o \u00e1gil<\/strong><\/h3>\n<p>Como f\u00e1brica na faixa industrial central do Delta do Rio das P\u00e9rolas, integramos os recursos de toda a cadeia:<\/p>\n<ol>\n<li><strong>Arranque a custo zero<\/strong><\/li>\n<li><strong>Prova gratuita<\/strong>: As representa\u00e7\u00f5es 3D + caixas de amostras f\u00edsicas s\u00e3o fornecidas no prazo de 48 horas e a inspe\u00e7\u00e3o remota AR \u00e9 suportada.<\/li>\n<li><strong>Conce\u00e7\u00e3o livre<\/strong>: A equipa profissional fornece solu\u00e7\u00f5es de fus\u00e3o VI, como o gradiente azul e branco para reduzir a fadiga visual ou a cor macaron para criar uma sensa\u00e7\u00e3o de cura.<\/li>\n<li><strong>Vantagem em termos de custos<\/strong><\/li>\n<li>A capacidade de produ\u00e7\u00e3o anual excede as 8.000 toneladas e a aquisi\u00e7\u00e3o em grande escala torna o pre\u00e7o 15%-20% inferior ao pre\u00e7o m\u00e9dio do mercado, suportando uma encomenda m\u00ednima de 1.000 unidades.<\/li>\n<li><strong>Entrega \u00e1gil<\/strong><\/li>\n<li>Produ\u00e7\u00e3o em massa r\u00e1pida de 72 horas, apoio \u00e0 expedi\u00e7\u00e3o transfronteiri\u00e7a FOB\/DDP e fornecimento de relat\u00f3rios de teste SGS e documentos de conformidade de exporta\u00e7\u00e3o.<\/li>\n<\/ol>\n<p><strong>Cen\u00e1rios de aplica\u00e7\u00e3o e casos de sucesso<\/strong><\/p>\n<ul>\n<li><strong>Produtos mais vendidos no com\u00e9rcio eletr\u00f3nico transfronteiras<\/strong>: Caixas de suc\u00e7\u00e3o magn\u00e9tica hexagonais prateadas personalizadas para uma marca norte-americana, com revestimento em flocagem, a taxa de recompra da Amazon aumentou 35%.<\/li>\n<li><strong>Exclusivamente para cl\u00ednicas de topo de gama<\/strong>: Caixa com relevo + forro biodegrad\u00e1vel, ajudando as marcas europeias de vitaminas biol\u00f3gicas a obter um pr\u00e9mio terminal 50%.<\/li>\n<li><strong>Servi\u00e7o de assinatura<\/strong>: As tampas superior e inferior das caixas est\u00e3o equipadas com chips NFC, e pode digitalizar o c\u00f3digo para obter diretamente um plano de nutri\u00e7\u00e3o personalizado e fazer compras a granel a marcas personalizadas como a HandLove.<\/li>\n<\/ul>","protected":false},"excerpt":{"rendered":"<p>1. 157 g de papel art\u00edstico revestido C2S + 1200 g de cart\u00e3o r\u00edgido com certifica\u00e7\u00e3o FSC<br \/>\n2. O tipo de caixa com tampa e base utiliza a tampa superior e a caixa inferior para serem encaixadas de modo a formar uma estrutura totalmente embrulhada, e a camada dupla protege o produto contra danos<br \/>\n3. A tecnologia de relevo confere \u00e0 embalagem uma sensa\u00e7\u00e3o de luxo e uma apresenta\u00e7\u00e3o visual de alta qualidade<br \/>\n4. A tecnologia de folha de prata para estampagem a quente tem uma excelente express\u00e3o visual e pode real\u00e7ar o luxo da caixa<\/p>","protected":false},"featured_media":8550,"template":"","meta":[],"product_brand":[],"product_cat":[30,422,425,31],"product_tag":[882,883,884],"class_list":{"0":"post-8548","1":"product","2":"type-product","3":"status-publish","4":"has-post-thumbnail","6":"product_cat-by-industry","7":"product_cat-custom-gourmet-boxes-by-industry","8":"product_cat-lid-and-base-gift-box","9":"product_cat-paper-box-style","10":"product_tag-custom-vitamin-packaging","11":"product_tag-nutritional-packaging-box","12":"product_tag-supplement-packaging-box","14":"first","15":"instock","16":"shipping-taxable","17":"product-type-simple"},"_links":{"self":[{"href":"https:\/\/zojopackaging.com\/pt\/wp-json\/wp\/v2\/product\/8548","targetHints":{"allow":["GET"]}}],"collection":[{"href":"https:\/\/zojopackaging.com\/pt\/wp-json\/wp\/v2\/product"}],"about":[{"href":"https:\/\/zojopackaging.com\/pt\/wp-json\/wp\/v2\/types\/product"}],"version-history":[{"count":1,"href":"https:\/\/zojopackaging.com\/pt\/wp-json\/wp\/v2\/product\/8548\/revisions"}],"predecessor-version":[{"id":8554,"href":"https:\/\/zojopackaging.com\/pt\/wp-json\/wp\/v2\/product\/8548\/revisions\/8554"}],"wp:featuredmedia":[{"embeddable":true,"href":"https:\/\/zojopackaging.com\/pt\/wp-json\/wp\/v2\/media\/8550"}],"wp:attachment":[{"href":"https:\/\/zojopackaging.com\/pt\/wp-json\/wp\/v2\/media?parent=8548"}],"wp:term":[{"taxonomy":"product_brand","embeddable":true,"href":"https:\/\/zojopackaging.com\/pt\/wp-json\/wp\/v2\/product_brand?post=8548"},{"taxonomy":"product_cat","embeddable":true,"href":"https:\/\/zojopackaging.com\/pt\/wp-json\/wp\/v2\/product_cat?post=8548"},{"taxonomy":"product_tag","embeddable":true,"href":"https:\/\/zojopackaging.com\/pt\/wp-json\/wp\/v2\/product_tag?post=8548"}],"curies":[{"name":"wp","href":"https:\/\/api.w.org\/{rel}","templated":true}]}}