{"id":8571,"date":"2025-03-29T13:47:37","date_gmt":"2025-03-29T05:47:37","guid":{"rendered":"https:\/\/zojopackaging.com\/?post_type=product&#038;p=8571"},"modified":"2025-03-29T15:21:51","modified_gmt":"2025-03-29T07:21:51","slug":"elegant-vintage-custom-jewelry-necklace-packaging-ring-boxes","status":"publish","type":"product","link":"https:\/\/zojopackaging.com\/pt\/product\/elegant-vintage-custom-jewelry-necklace-packaging-ring-boxes\/","title":{"rendered":"Caixas para an\u00e9is de embalagem de colares e j\u00f3ias personalizadas vintage elegantes"},"content":{"rendered":"<h2 id=\"product-description-of-vintage-customized-jewelry-necklace-packaging-ring-box-\">Caixas para an\u00e9is de embalagem de colares e j\u00f3ias personalizadas vintage elegantes<\/h2>\n<h3 id=\"-1-environmentally-friendly-material-system-sustainability-and-luxury-coexist-\"><strong>1. Sistema de materiais amigo do ambiente: a sustentabilidade e o luxo coexistem<\/strong><\/h3>\n<p>Adotar\u00a0<strong>Papel art\u00edstico especial de 120 g + cart\u00e3o duro de 1200 g<\/strong>\u00a0estrutura comp\u00f3sita, tendo em conta a prote\u00e7\u00e3o do ambiente e as necessidades est\u00e9ticas:<\/p>\n<ul>\n<li><strong>Carater\u00edsticas do material<\/strong>: A superf\u00edcie do papel especial \u00e9 gofrada com fibras naturais para apresentar uma textura vintage (como pergaminho ou toque de seda), e \u00e9 combinada com cart\u00e3o de alta gramagem de 1200g. A resist\u00eancia \u00e0 compress\u00e3o \u00e9 1,5 vezes superior \u00e0 norma da ind\u00fastria, que pode suportar a press\u00e3o de empilhamento do transporte (&gt;50kg\/m\u00b2), adequada para a forma delicada das j\u00f3ias.<\/li>\n<li><strong>Certifica\u00e7\u00e3o ambiental<\/strong>: Aprovado na certifica\u00e7\u00e3o de gest\u00e3o florestal FSC, a taxa de reciclabilidade do material \u00e9 superior a 95%, o que cumpre os requisitos regulamentares para embalagens sustent\u00e1veis nos mercados europeu e americano.<\/li>\n<\/ul>\n<h3 id=\"-second-the-top-and-bottom-cover-box-design-ritual-sense-and-functional-innovation-\"><strong>2. O design da caixa da tampa superior e inferior: sentido ritual e inova\u00e7\u00e3o funcional<\/strong><\/h3>\n<ol>\n<li><strong>Estrutura de separa\u00e7\u00e3o da tampa superior<\/strong><\/li>\n<li>A tampa superior e a caixa inferior s\u00e3o separadas por suc\u00e7\u00e3o magn\u00e9tica ou calhas deslizantes, n\u00e3o sendo necess\u00e1rio separ\u00e1-las completamente ao abrir e fechar, o que n\u00e3o s\u00f3 evita o defeito da tampa superior e inferior tradicionais serem f\u00e1ceis de tombar, como tamb\u00e9m aumenta a sensa\u00e7\u00e3o de ritual ao abrir a caixa.<\/li>\n<li>Controlo de toler\u00e2ncia de precis\u00e3o (\u00b10,3mm), ap\u00f3s o fecho, forma-se um espa\u00e7o de prote\u00e7\u00e3o totalmente envolvido e o desempenho \u00e0 prova de p\u00f3 e humidade \u00e9 melhorado por 40%.<\/li>\n<li><strong>Detalhes est\u00e9ticos retro<\/strong><\/li>\n<li>O rebordo do corpo da caixa adopta um processo de estampagem a quente para simular o estilo de encaderna\u00e7\u00e3o dos livros cl\u00e1ssicos; a parede interior pode ser revestida com um tecido de seda mate, que tem um toque delicado e reduz o risco de danificar as j\u00f3ias por fric\u00e7\u00e3o.<\/li>\n<\/ol>\n<h3 id=\"-three-full-dimensional-customization-solution-precise-adaptation-from-material-to-process-\"><strong>3. solu\u00e7\u00e3o de personaliza\u00e7\u00e3o a toda a dimens\u00e3o: adapta\u00e7\u00e3o precisa do material ao processo<\/strong><\/h3>\n<ol>\n<li><strong>Inova\u00e7\u00e3o em materiais e cores<\/strong><\/li>\n<li><strong>Sele\u00e7\u00e3o especial de papel<\/strong>: Fornece mais de 20 texturas, como papel kraft antigo, papel de seda met\u00e1lico, papel de fibra vegetal, etc., suporta a biblioteca de cores especiais Pantone (como o vinho tinto vintage Pantone 19-1655) ou impress\u00e3o gradiente, controlo da diferen\u00e7a de cores \u22643%.<\/li>\n<li><strong>Processo de superf\u00edcie<\/strong>: revestimento de pel\u00edcula mate (anti-impress\u00e3o digital), relevo UV local (como o efeito estereosc\u00f3pico 3D do totem floral) ou processo de ferrugem de cobre antigo em relevo para melhorar a textura retro.<\/li>\n<li><strong>Adapta\u00e7\u00e3o do tipo e tamanho da caixa<\/strong><\/li>\n<li>Tipo b\u00e1sico de caixa: redonda, hexagonal, tampa flip em forma de livro, suporte ao desenvolvimento de formas especiais (como a caixa de janela oca em forma de cora\u00e7\u00e3o).<\/li>\n<li>Tamanho flex\u00edvel: adapta-se a um \u00fanico anel (tamanho m\u00ednimo 5\u00d75 cm) ou a v\u00e1rios conjuntos (como uma caixa combinada de colar + brincos + pulseira).<\/li>\n<\/ol>\n<h3 id=\"-fourth-three-dimensional-display-lining-system-a-deep-combination-of-function-and-aesthetics-\"><strong>4. Sistema de revestimento de ecr\u00e3 tridimensional: uma combina\u00e7\u00e3o profunda de fun\u00e7\u00e3o e est\u00e9tica<\/strong><\/h3>\n<ol>\n<li><strong>Tecnologia de revestimento de almofadas<\/strong><\/li>\n<li>Utilizar espuma EVA de alta densidade para esculpir um suporte tridimensional, coberto com seda ou veludo na superf\u00edcie, ajustar com precis\u00e3o o contorno das j\u00f3ias (como a ranhura em arco do colar, o suporte colunar do anel) e obter um efeito de visualiza\u00e7\u00e3o \"flutuante\".<\/li>\n<li>Divis\u00f3rias personaliz\u00e1veis: adicione compartimentos independentes para guardar ferramentas de manuten\u00e7\u00e3o ou cart\u00f5es de hist\u00f3ria da marca para aumentar o valor acrescentado.<\/li>\n<li><strong>Op\u00e7\u00f5es de atualiza\u00e7\u00e3o de material<\/strong><\/li>\n<li><strong>Posicionamento ambiental<\/strong>: Forro de papel alveolar degrad\u00e1vel + impress\u00e3o com tinta de soja, em conformidade com as normas de certifica\u00e7\u00e3o B Corp.<\/li>\n<li><strong>Posicionamento topo de gama<\/strong>: Revestimento de flocagem com estampagem a quente de emblemas de fam\u00edlia ou padr\u00f5es pintados \u00e0 m\u00e3o para transmitir o patrim\u00f3nio hist\u00f3rico da marca.<\/li>\n<\/ol>\n<h3 id=\"-v-hot-stamping-technology-empowerment-luxury-vision-and-brand-narrative-\"><strong>5. Capacita\u00e7\u00e3o da tecnologia de estampagem a quente: vis\u00e3o de luxo e narrativa da marca<\/strong><\/h3>\n<ol>\n<li><strong>Tecnologia de estampagem a quente em relevo 3D<\/strong><\/li>\n<li>Atrav\u00e9s da grava\u00e7\u00e3o a alta temperatura de moldes CNC, obt\u00eam-se efeitos tridimensionais de estampagem a quente, tais como log\u00f3tipos e padr\u00f5es de vinhas. A espessura da folha met\u00e1lica \u00e9 opcional de 0,1 a 0,3 mm (como o ouro bronze e o ouro rosa), e a resist\u00eancia ao desgaste \u00e9 aumentada pelo 60%.<\/li>\n<li>Design din\u00e2mico: suporta o contraste entre a estampagem a quente e o fundo mate, tal como a estampagem a quente do padr\u00e3o de relva encaracolada europeia com base em papel antigo, restaurando a est\u00e9tica do Renascimento.<\/li>\n<li><strong>Fun\u00e7\u00f5es anti-contrafa\u00e7\u00e3o e de valor acrescentado<\/strong><\/li>\n<li>Podem ser implantadas etiquetas hologr\u00e1ficas de estampagem a quente ou chips NFC, e a autenticidade pode ser verificada digitalizando o c\u00f3digo e saltando para a p\u00e1gina da cultura da marca.<\/li>\n<\/ol>\n<h3 id=\"-vi-intelligent-manufacturing-and-service-system-transparent-delivery-and-cost-advantages-\"><strong>6. Sistema inteligente de fabrico e de servi\u00e7os: entrega transparente e vantagens em termos de custos<\/strong><\/h3>\n<ol>\n<li><strong>Sistema de gest\u00e3o MES<\/strong><\/li>\n<li>Acompanhamento digital de todo o processo: desde a entrada da encomenda at\u00e9 \u00e0 inspe\u00e7\u00e3o de qualidade e embalagem, sincroniza\u00e7\u00e3o em tempo real do progresso da produ\u00e7\u00e3o para garantir a entrega atempada no prazo de 7-12 dias \u00fateis.<\/li>\n<li>Controlo de qualidade: Atrav\u00e9s de color\u00edmetro (\u0394E\u22642), testador de queda (1,2m de altura n\u00e3o destrutivo) e outros equipamentos, a taxa de rendimento \u00e9 \u226599,5%.<\/li>\n<li><strong>Apoio ao arranque a custo zero<\/strong><\/li>\n<li><strong>Conce\u00e7\u00e3o livre<\/strong>: Renderiza\u00e7\u00f5es 3D + inspe\u00e7\u00e3o virtual AR s\u00e3o fornecidas no prazo de 48 horas, apoiando propostas retro rococ\u00f3, Art Nouveau e outros estilos.<\/li>\n<li><strong>Amostra de 3 dias<\/strong>: Adotar uma linha de produ\u00e7\u00e3o flex\u00edvel de pequenos lotes e entregar caixas de amostras f\u00edsicas num prazo de 72 horas.<\/li>\n<li><strong>Vantagem de pre\u00e7o<\/strong><\/li>\n<li>Com base na capacidade de produ\u00e7\u00e3o em grande escala da cintura industrial do Delta do Rio das P\u00e9rolas, o pre\u00e7o da mesma qualidade \u00e9 15%-20% inferior ao pre\u00e7o m\u00e9dio do mercado, com uma encomenda m\u00ednima de 1 000 unidades.<\/li>\n<\/ol>\n<p><strong>Cen\u00e1rios de aplica\u00e7\u00e3o e casos de sucesso<\/strong><\/p>\n<ul>\n<li><strong>Marca de j\u00f3ias de luxo leve<\/strong>: Caixa em forma de livro com estampagem a quente em vermelho vinho personalizada para uma marca europeia, forrada com um suporte tridimensional para expor colares antigos, e o pr\u00e9mio do terminal aumentou em 50%.<\/li>\n<li><strong>O com\u00e9rcio eletr\u00f3nico transfronteiri\u00e7o \u00e9 um produto muito vendido<\/strong>: Caixa de cobre antigo com textura de ferrugem e forro degrad\u00e1vel, ganhou 10.000 encomendas de marcas norte-americanas de prote\u00e7\u00e3o ambiental.<\/li>\n<li><strong>Personaliza\u00e7\u00e3o do casamento<\/strong>: Caixa de janela em forma de cora\u00e7\u00e3o + emblema da fam\u00edlia gravado a ouro, tornando-se a caixa de oferta padr\u00e3o para as marcas de alian\u00e7as de casamento topo de gama.<\/li>\n<\/ul>\n<p><strong>Atuar agora<\/strong>\u00a0Desde a conce\u00e7\u00e3o at\u00e9 \u00e0 entrega, fornecemos uma solu\u00e7\u00e3o de embalagem \u00fanica, permitindo que cada pe\u00e7a de joalharia conte a hist\u00f3ria da marca atrav\u00e9s da embalagem definitiva!<\/p>","protected":false},"excerpt":{"rendered":"<p>1. 120g de papel especial + 1200g de cart\u00e3o - material amigo do ambiente<br \/>\n2. A caixa da tampa e da base adopta o m\u00e9todo de separa\u00e7\u00e3o da tampa superior para melhorar a experi\u00eancia de desembalagem do utilizador<br \/>\n3. O material de papel especial torna a caixa simples, mas com um toque de luxo topo de gama<br \/>\n4. Altamente personaliz\u00e1vel, material, cor, tamanho, processo de impress\u00e3o de superf\u00edcie para se adequar \u00e0 sua embalagem de anel de colar de j\u00f3ias<\/p>","protected":false},"featured_media":8573,"template":"","meta":[],"product_brand":[],"product_cat":[30,415,425,31],"product_tag":[890,892,891],"class_list":{"0":"post-8571","1":"product","2":"type-product","3":"status-publish","4":"has-post-thumbnail","6":"product_cat-by-industry","7":"product_cat-custom-jewelry-boxes-by-industry","8":"product_cat-lid-and-base-gift-box","9":"product_cat-paper-box-style","10":"product_tag-custom-jewelry-packaging","11":"product_tag-elegant-necklace-packaging","12":"product_tag-vintage-ring-boxes","14":"first","15":"instock","16":"shipping-taxable","17":"product-type-simple"},"_links":{"self":[{"href":"https:\/\/zojopackaging.com\/pt\/wp-json\/wp\/v2\/product\/8571","targetHints":{"allow":["GET"]}}],"collection":[{"href":"https:\/\/zojopackaging.com\/pt\/wp-json\/wp\/v2\/product"}],"about":[{"href":"https:\/\/zojopackaging.com\/pt\/wp-json\/wp\/v2\/types\/product"}],"version-history":[{"count":1,"href":"https:\/\/zojopackaging.com\/pt\/wp-json\/wp\/v2\/product\/8571\/revisions"}],"predecessor-version":[{"id":8579,"href":"https:\/\/zojopackaging.com\/pt\/wp-json\/wp\/v2\/product\/8571\/revisions\/8579"}],"wp:featuredmedia":[{"embeddable":true,"href":"https:\/\/zojopackaging.com\/pt\/wp-json\/wp\/v2\/media\/8573"}],"wp:attachment":[{"href":"https:\/\/zojopackaging.com\/pt\/wp-json\/wp\/v2\/media?parent=8571"}],"wp:term":[{"taxonomy":"product_brand","embeddable":true,"href":"https:\/\/zojopackaging.com\/pt\/wp-json\/wp\/v2\/product_brand?post=8571"},{"taxonomy":"product_cat","embeddable":true,"href":"https:\/\/zojopackaging.com\/pt\/wp-json\/wp\/v2\/product_cat?post=8571"},{"taxonomy":"product_tag","embeddable":true,"href":"https:\/\/zojopackaging.com\/pt\/wp-json\/wp\/v2\/product_tag?post=8571"}],"curies":[{"name":"wp","href":"https:\/\/api.w.org\/{rel}","templated":true}]}}