{"id":8587,"date":"2025-03-29T14:41:35","date_gmt":"2025-03-29T06:41:35","guid":{"rendered":"https:\/\/zojopackaging.com\/?post_type=product&#038;p=8587"},"modified":"2025-03-29T15:21:23","modified_gmt":"2025-03-29T07:21:23","slug":"custom-printed-candle-packaging-boxes-wholesale","status":"publish","type":"product","link":"https:\/\/zojopackaging.com\/pt\/product\/custom-printed-candle-packaging-boxes-wholesale\/","title":{"rendered":"Caixas de embalagem de velas impressas personalizadas por atacado"},"content":{"rendered":"<h3 id=\"custom-printed-candle-packaging-box-wholesale\">Caixa de embalagem de velas com impress\u00e3o personalizada por atacado<\/h3>\n<h4 id=\"-i-environmentally-friendly-materials-and-recyclable-design-\"><strong>1. Materiais amigos do ambiente e design recicl\u00e1vel<\/strong><\/h4>\n<ol>\n<li><strong>Cart\u00e3o canelado<\/strong>\u00a0Utilizando cart\u00e3o canelado de alta resist\u00eancia como material de base, tem uma excelente resist\u00eancia \u00e0 compress\u00e3o e desempenho de amortecimento e pode ser reutilizado ou reciclado atrav\u00e9s da tecnologia de pasta reciclada. O seu ciclo de degrada\u00e7\u00e3o natural \u00e9 curto (cerca de 3-6 meses), o que cumpre as normas ambientais internacionais e reduz o peso dos res\u00edduos de embalagens no ambiente.<\/li>\n<\/ol>\n<h4 id=\"-ii-highly-customized-services-\"><strong>2. Servi\u00e7os altamente personalizados<\/strong><\/h4>\n<ol>\n<li><strong>Op\u00e7\u00f5es de personaliza\u00e7\u00e3o flex\u00edveis<\/strong><\/li>\n<li><strong>Material<\/strong>: Para al\u00e9m do papel ondulado, suporta materiais comp\u00f3sitos como o cart\u00e3o branco e o cart\u00e3o kraft para satisfazer diferentes requisitos de suporte de carga.<\/li>\n<li><strong>Cor<\/strong>: Est\u00e3o dispon\u00edveis 42 cores padr\u00e3o e cores macaron (como o rosa p\u00eassego e o roxo mirtilo). Os tons de baixa satura\u00e7\u00e3o podem reduzir a fadiga visual e aumentar a atra\u00e7\u00e3o nas prateleiras.<\/li>\n<li><strong>Tamanho<\/strong>: Suporta a personaliza\u00e7\u00e3o em tamanho real do di\u00e2metro interno\/externo (erro \u2264 0,1 mm), adequado para recipientes de vela cil\u00edndricos, quadrados e de formato especial.<\/li>\n<li><strong>Processo de impress\u00e3o<\/strong>: Impress\u00e3o offset opcional, serigrafia, lamina\u00e7\u00e3o UV, estampagem a quente\/prata, grava\u00e7\u00e3o em relevo, etc., para obter log\u00f3tipos de marca ou padr\u00f5es art\u00edsticos de alta precis\u00e3o.<\/li>\n<li><strong>Tabuleiro interior e prote\u00e7\u00e3o de superf\u00edcie amigos do ambiente<\/strong><\/li>\n<li><strong>Tabuleiro interior moldado em pasta de papel<\/strong>: O tabuleiro interior de pasta degrad\u00e1vel \u00e9 personalizado atrav\u00e9s de um processo de prensagem a seco para fixar com precis\u00e3o a posi\u00e7\u00e3o da vela e evitar danos no transporte.<\/li>\n<li><strong>Tecnologia de lamina\u00e7\u00e3o<\/strong>: A superf\u00edcie \u00e9 revestida com pel\u00edcula PET ou BOPP, que tem fun\u00e7\u00f5es \u00e0 prova de \u00e1gua e de humidade, e a cor impressa n\u00e3o desvanece durante mais de 5 anos atrav\u00e9s da tecnologia de revestimento UV.<\/li>\n<\/ol>\n<h4 id=\"-iii-intelligent-production-and-fast-delivery-\"><strong>3. Produ\u00e7\u00e3o inteligente e entrega r\u00e1pida<\/strong><\/h4>\n<ol>\n<li><strong>Linha de produ\u00e7\u00e3o totalmente autom\u00e1tica<\/strong>\u00a0A f\u00e1brica est\u00e1 equipada com m\u00e1quinas de corte e vinco totalmente autom\u00e1ticas, m\u00e1quinas de lamina\u00e7\u00e3o e equipamento de impress\u00e3o de alta velocidade, com uma capacidade de produ\u00e7\u00e3o di\u00e1ria de 1 milh\u00e3o de pe\u00e7as, suportando uma produ\u00e7\u00e3o cont\u00ednua de 24 horas. Por exemplo, a linha de produ\u00e7\u00e3o de cart\u00e3o dobr\u00e1vel da Qingdao Shimei Packaging pode atingir uma produ\u00e7\u00e3o normalizada de 100.000 pe\u00e7as por dia.<\/li>\n<li><strong>Processo de resposta r\u00e1pida<\/strong><\/li>\n<li><strong>Amostra de 3 dias<\/strong>: Depois de o cliente fornecer o projeto de design ou a amostra, a confirma\u00e7\u00e3o da amostra ser\u00e1 conclu\u00edda no prazo de 72 horas.<\/li>\n<li><strong>7-14 dias de entrega<\/strong>: Com base no sistema ERP para otimizar a programa\u00e7\u00e3o da produ\u00e7\u00e3o, s\u00e3o necess\u00e1rios apenas 7 dias \u00fateis desde a confirma\u00e7\u00e3o da encomenda at\u00e9 \u00e0 expedi\u00e7\u00e3o do lote, cumprindo os requisitos de pontualidade do com\u00e9rcio eletr\u00f3nico transfronteiri\u00e7o e das promo\u00e7\u00f5es de f\u00e9rias.<\/li>\n<\/ol>\n<h4 id=\"-iv-value-added-services-and-cost-advantages-\"><strong>4. Servi\u00e7os de valor acrescentado e vantagens em termos de custos<\/strong><\/h4>\n<ol>\n<li><strong>Apoio t\u00e9cnico gratuito<\/strong><\/li>\n<li><strong>Apoio \u00e0 conce\u00e7\u00e3o<\/strong>: A f\u00e1brica fornece uma equipa de design profissional para otimizar a estrutura da caixa, a disposi\u00e7\u00e3o e as solu\u00e7\u00f5es visuais da marca gratuitamente.<\/li>\n<li><strong>Experi\u00eancia de amostragem<\/strong>: Os clientes que fazem a primeira encomenda podem solicitar amostras gratuitas (limitadas a 3 modelos) para testar a adaptabilidade da embalagem e o desempenho da prote\u00e7\u00e3o.<\/li>\n<li><strong>Competitividade dos pre\u00e7os<\/strong>\u00a0Atrav\u00e9s da aquisi\u00e7\u00e3o em grande escala de mat\u00e9rias-primas (como a redu\u00e7\u00e3o de 15% nos custos de aquisi\u00e7\u00e3o a granel de cart\u00e3o branco) e da produ\u00e7\u00e3o automatizada, o custo por pe\u00e7a \u00e9 t\u00e3o baixo quanto 0,1 yuan (encomenda m\u00ednima de 5 000 pe\u00e7as), o que \u00e9 30% inferior ao custo global das embalagens tradicionais.<\/li>\n<\/ol>\n<h4 id=\"-v-application-scenarios-and-market-adaptation-\"><strong>5. Cen\u00e1rios de aplica\u00e7\u00e3o e adapta\u00e7\u00e3o ao mercado<\/strong><\/h4>\n<ul>\n<li><strong>Expositor para retalho<\/strong>: Esquema de cores Macaron com padr\u00f5es geom\u00e9tricos minimalistas, adequado para lojas de presentes, marcas de produtos para o lar e balc\u00f5es de fragr\u00e2ncias topo de gama.<\/li>\n<li><strong>Transporte transfronteiri\u00e7o<\/strong>: Os materiais ecol\u00f3gicos que cumprem a certifica\u00e7\u00e3o FSC s\u00e3o adaptados aos requisitos de embalagem ecol\u00f3gica da plataforma.<\/li>\n<\/ul>\n<p><strong>Resumo<\/strong>\u00a0As caixas de embalagem de velas impressas personalizadas equilibram a imagem da marca, o controlo de custos e a responsabilidade sustent\u00e1vel atrav\u00e9s de materiais amigos do ambiente, produ\u00e7\u00e3o inteligente e servi\u00e7os personalizados profundos. A otimiza\u00e7\u00e3o total da liga\u00e7\u00e3o, desde a conce\u00e7\u00e3o at\u00e9 \u00e0 entrega, proporciona aos fabricantes e retalhistas de velas solu\u00e7\u00f5es de embalagem eficientes e de baixo limiar.<\/p>","protected":false},"excerpt":{"rendered":"<p>1. Material de cart\u00e3o canelado, pode ser reutilizado ou reciclado em pasta, o ciclo de degrada\u00e7\u00e3o natural \u00e9 r\u00e1pido, amigo do ambiente<br \/>\n2. Design dobr\u00e1vel, achatado para armazenamento, reduzindo o espa\u00e7o de armazenamento<br \/>\n3. Altamente personaliz\u00e1vel, material, cor, tamanho, processo de impress\u00e3o de superf\u00edcie para se adequar \u00e0 sua embalagem de vela<\/p>","protected":false},"featured_media":8588,"template":"","meta":[],"product_brand":[],"product_cat":[30,416,430,31],"product_tag":[896,898,897],"class_list":{"0":"post-8587","1":"product","2":"type-product","3":"status-publish","4":"has-post-thumbnail","6":"product_cat-by-industry","7":"product_cat-custom-candle-boxes","8":"product_cat-folding-cartons","9":"product_cat-paper-box-style","10":"product_tag-candle-packaging","11":"product_tag-candle-packaging-boxes","12":"product_tag-custom-boxes-wholesale","14":"first","15":"instock","16":"shipping-taxable","17":"product-type-simple"},"_links":{"self":[{"href":"https:\/\/zojopackaging.com\/pt\/wp-json\/wp\/v2\/product\/8587","targetHints":{"allow":["GET"]}}],"collection":[{"href":"https:\/\/zojopackaging.com\/pt\/wp-json\/wp\/v2\/product"}],"about":[{"href":"https:\/\/zojopackaging.com\/pt\/wp-json\/wp\/v2\/types\/product"}],"version-history":[{"count":1,"href":"https:\/\/zojopackaging.com\/pt\/wp-json\/wp\/v2\/product\/8587\/revisions"}],"predecessor-version":[{"id":8594,"href":"https:\/\/zojopackaging.com\/pt\/wp-json\/wp\/v2\/product\/8587\/revisions\/8594"}],"wp:featuredmedia":[{"embeddable":true,"href":"https:\/\/zojopackaging.com\/pt\/wp-json\/wp\/v2\/media\/8588"}],"wp:attachment":[{"href":"https:\/\/zojopackaging.com\/pt\/wp-json\/wp\/v2\/media?parent=8587"}],"wp:term":[{"taxonomy":"product_brand","embeddable":true,"href":"https:\/\/zojopackaging.com\/pt\/wp-json\/wp\/v2\/product_brand?post=8587"},{"taxonomy":"product_cat","embeddable":true,"href":"https:\/\/zojopackaging.com\/pt\/wp-json\/wp\/v2\/product_cat?post=8587"},{"taxonomy":"product_tag","embeddable":true,"href":"https:\/\/zojopackaging.com\/pt\/wp-json\/wp\/v2\/product_tag?post=8587"}],"curies":[{"name":"wp","href":"https:\/\/api.w.org\/{rel}","templated":true}]}}