{"id":8595,"date":"2025-03-29T15:22:14","date_gmt":"2025-03-29T07:22:14","guid":{"rendered":"https:\/\/zojopackaging.com\/?post_type=product&#038;p=8595"},"modified":"2025-03-29T15:50:59","modified_gmt":"2025-03-29T07:50:59","slug":"premium-luxury-spirits-whisky-paper-tube-packaging-wholesale","status":"publish","type":"product","link":"https:\/\/zojopackaging.com\/pt\/product\/premium-luxury-spirits-whisky-paper-tube-packaging-wholesale\/","title":{"rendered":"Embalagem de tubo de papel de u\u00edsque de bebidas espirituosas de luxo por atacado"},"content":{"rendered":"<h3 id=\"wholesale-instructions-for-premium-luxury-spirits-whiskey-paper-tube-packaging\">Embalagem de tubo de papel para bebidas espirituosas de luxo por atacado<\/h3>\n<h4 id=\"-1-structural-advantages-scientific-pressure-bearing-all-round-protection-\"><strong>1. Vantagens estruturais: Prote\u00e7\u00e3o completa contra press\u00f5es cient\u00edficas<\/strong><\/h4>\n<p>A embalagem em tubo de papel adopta uma\u00a0<strong>conce\u00e7\u00e3o da estrutura cil\u00edndrica<\/strong>que consegue uma resist\u00eancia \u00e0 press\u00e3o de elevada efici\u00eancia, dispersando uniformemente as for\u00e7as externas, e \u00e9 especialmente adequada para bebidas espirituosas e produtos de u\u00edsque fr\u00e1geis e de elevado valor. As suas propriedades f\u00edsicas podem aliviar eficazmente a vibra\u00e7\u00e3o e o impacto da colis\u00e3o durante o transporte. A camada interior pode ser combinada com um\u00a0<strong>estrutura de revestimento personalizada<\/strong>\u00a0(como o encaixe sim\u00e9trico ou o revestimento em grelha do tipo almofada) para melhorar ainda mais o desempenho da fixa\u00e7\u00e3o e do amortecimento, garantindo que a garrafa est\u00e1 segura e intacta num ambiente log\u00edstico complexo.<\/p>\n<h4 id=\"-2-functional-innovation-sealing-and-convenience-coexist-\"><strong>2. Inova\u00e7\u00e3o funcional: Coexist\u00eancia de veda\u00e7\u00e3o e conveni\u00eancia<\/strong><\/h4>\n<p>A embalagem em tubo de papel suporta\u00a0<strong>estrutura totalmente selada ou que pode ser reaberta<\/strong>\u00a0conce\u00e7\u00e3o:<\/p>\n<ul>\n<li><strong>vers\u00e3o totalmente selada<\/strong>: utilizando tecnologia de lamina\u00e7\u00e3o de qualidade alimentar, combinada com materiais de camada interior \u00e0 prova de humidade (como papel composto de folha de alum\u00ednio), para bloquear a penetra\u00e7\u00e3o de oxig\u00e9nio e humidade e prolongar o prazo de validade do licor.<\/li>\n<li><strong>Vers\u00e3o aberta<\/strong>: Design de tampa magn\u00e9tica ou estrutura de fivela roscada, conveniente para os consumidores tomarem v\u00e1rias vezes, mantendo a veda\u00e7\u00e3o, atendendo \u00e0s necessidades de cole\u00e7\u00e3o e exibi\u00e7\u00e3o de caixas de presente de bebidas espirituosas de alta qualidade.<\/li>\n<\/ul>\n<h4 id=\"-third-environmental-sustainability-green-technology-empowers-brand-value-\"><strong>3. Sustentabilidade ambiental: a tecnologia verde refor\u00e7a o valor da marca<\/strong><\/h4>\n<p>O material de embalagem \u00e9\u00a0<strong>100% pasta recicl\u00e1vel<\/strong>\u00a0ou\u00a0<strong>Fibra de madeira certificada pelo FSC<\/strong>e o processo de produ\u00e7\u00e3o adopta a tecnologia de moldagem por dobragem sem adesivo para reduzir a polui\u00e7\u00e3o qu\u00edmica. Em combina\u00e7\u00e3o com a impress\u00e3o com tinta \u00e0 base de \u00e1gua e a tecnologia de lamina\u00e7\u00e3o biodegrad\u00e1vel, consegue-se uma prote\u00e7\u00e3o ambiental e de baixo carbono ao longo de todo o ciclo de vida, desde a produ\u00e7\u00e3o at\u00e9 \u00e0 elimina\u00e7\u00e3o, em conformidade com as normas ambientais REACH da UE.<\/p>\n<h4 id=\"-fourth-visual-impact-red-aesthetics-and-brand-memory-enhancement-\"><strong>4. Impacto visual: est\u00e9tica vermelha e refor\u00e7o da mem\u00f3ria da marca<\/strong><\/h4>\n<p>A cor principal adopta\u00a0<strong>vermelho de alta satura\u00e7\u00e3o (contabilizando o 70%)<\/strong>combinada com um tratamento mate ou brilhante, para transmitir um tom de marca luxuoso e apaixonado. O vermelho tem\u00a0<strong>atra\u00e7\u00e3o visual natural<\/strong>\u00a0na exposi\u00e7\u00e3o em prateleiras. Dados experimentais demonstram que a taxa de aten\u00e7\u00e3o do consumidor em embalagens vermelhas \u00e9 37% superior \u00e0 das cores convencionais. O design pode incorporar o LOGOTIPO de estampagem a quente, textura em relevo ou totem cultural (como padr\u00f5es de estilo bo\u00e9mio) para aprofundar o reconhecimento da marca.<\/p>\n<h4 id=\"-v-efficient-production-process-spot-uv-and-automation-empowerment-\"><strong>5. Processo de produ\u00e7\u00e3o eficiente: Spot UV e automatiza\u00e7\u00e3o<\/strong><\/h4>\n<p>Adotar\u00a0<strong>Processo de verniz local UV pontual<\/strong>A tecnologia de cura instant\u00e2nea ultravioleta permite obter um efeito de superf\u00edcie local preciso e brilhante, encurtar o tempo de cura para 0,1 segundos, suportar a impress\u00e3o cont\u00ednua e a liga\u00e7\u00e3o perfeita com o p\u00f3s-processamento e melhorar a efici\u00eancia da produ\u00e7\u00e3o em mais de 30%. Em combina\u00e7\u00e3o com a tecnologia de composi\u00e7\u00e3o digital (como a modela\u00e7\u00e3o 3D), a disposi\u00e7\u00e3o dos padr\u00f5es pode ser rapidamente ajustada para satisfazer as necessidades de encomendas personalizadas de pequenos lotes.<\/p>\n<h4 id=\"-sixth-highly-customized-service-flexible-adaptation-from-material-to-process-\"><strong>6. Servi\u00e7o altamente personalizado: adapta\u00e7\u00e3o flex\u00edvel do material ao processo<\/strong><\/h4>\n<ul>\n<li><strong>Sele\u00e7\u00e3o de materiais<\/strong>: Fornecer uma variedade de substratos, tais como papel ondulado, cart\u00e3o duro, papel composto de fibra de bambu, etc., para satisfazer diferentes requisitos de suporte de carga e textura.<\/li>\n<li><strong>Dimens\u00e3o e estrutura<\/strong>: Suporta gamas de personaliza\u00e7\u00e3o de 50 mm a 300 mm de di\u00e2metro e 200 mm a 800 mm de altura, e pode ser adaptado a garrafas de vinho individuais ou a conjuntos combinados de v\u00e1rias garrafas.<\/li>\n<li><strong>Tecnologia de superf\u00edcie<\/strong>: estampagem a quente opcional, grava\u00e7\u00e3o em relevo, grava\u00e7\u00e3o a laser, lamina\u00e7\u00e3o de pel\u00edcula a laser e outros processos, e at\u00e9 chips NFC incorporados para obter rastreabilidade anti-contrafa\u00e7\u00e3o.<\/li>\n<\/ul>\n<h4 id=\"-vii-added-value-enhancement-lamination-and-lamination-technology-upgrade-\"><strong>7. Aumento do valor acrescentado: Atualiza\u00e7\u00e3o da lamina\u00e7\u00e3o e da tecnologia de lamina\u00e7\u00e3o<\/strong><\/h4>\n<p>Atrav\u00e9s de\u00a0<strong>Lamina\u00e7\u00e3o BOPP<\/strong>\u00a0ou\u00a0<strong>Processo de lamina\u00e7\u00e3o PETG<\/strong>Com a camada de lamina\u00e7\u00e3o, a resist\u00eancia ao desgaste, a impermeabilidade e o brilho da embalagem s\u00e3o significativamente melhorados, tornando o tubo de papel compar\u00e1vel \u00e0 textura das caixas de metal e de madeira, reduzindo simultaneamente o peso total e os custos de transporte. A camada de lamina\u00e7\u00e3o tamb\u00e9m pode ser adicionada com um revestimento antibacteriano para satisfazer os elevados padr\u00f5es de higiene e seguran\u00e7a do \u00e1lcool de alta qualidade.<\/p>\n<h4 id=\"-viii-one-stop-service-support-zero-cost-cooperation-start-\"><strong>8. Apoio de servi\u00e7o \u00fanico: in\u00edcio de coopera\u00e7\u00e3o a custo zero<\/strong><\/h4>\n<p>Como uma f\u00e1brica profissional de embalagens de bebidas espirituosas, n\u00f3s fornecemos:<\/p>\n<ul>\n<li><strong>Conce\u00e7\u00e3o livre<\/strong>: Uma equipa vencedora de pr\u00e9mios internacionais de design concebe solu\u00e7\u00f5es de embalagem \u00e0 medida, integrando a cultura da marca e as tend\u00eancias do mercado.<\/li>\n<li><strong>Amostras gr\u00e1tis<\/strong>: As representa\u00e7\u00f5es em 3D e a prova f\u00edsica s\u00e3o fornecidas no prazo de 48 horas, apoiando os testes de desempenho (como a simula\u00e7\u00e3o de queda e humidade).<\/li>\n<li><strong>Apoio t\u00e9cnico<\/strong>: Orienta\u00e7\u00e3o completa desde a otimiza\u00e7\u00e3o estrutural at\u00e9 o processo de produ\u00e7\u00e3o em massa para garantir a taxa de rendimento \u2265 99,5%.<\/li>\n<li><strong>Vantagem de pre\u00e7o<\/strong>: A aquisi\u00e7\u00e3o em grande escala e a produ\u00e7\u00e3o automatizada reduzem os custos, e o pre\u00e7o de qualidade semelhante \u00e9 15%-20% inferior \u00e0 m\u00e9dia do mercado.<\/li>\n<\/ul>","protected":false},"excerpt":{"rendered":"<p>1. O tubo de papel cil\u00edndrico dispersa uniformemente as for\u00e7as externas. A estrutura \u00e9 est\u00e1vel e protetora.<br \/>\n2. Pode ser concebida como uma estrutura totalmente selada ou reabr\u00edvel de acordo com as necessidades, prevenindo eficazmente a humidade e a oxida\u00e7\u00e3o.<br \/>\n3. Pode ser altamente personalizado em termos de material, cor, tamanho e processo de impress\u00e3o de superf\u00edcie para se adequar \u00e0s suas embalagens de bebidas espirituosas, u\u00edsque e vinho tinto<\/p>","protected":false},"featured_media":8598,"template":"","meta":[],"product_brand":[],"product_cat":[30,419,31,429],"product_tag":[900,899,901],"class_list":{"0":"post-8595","1":"product","2":"type-product","3":"status-publish","4":"has-post-thumbnail","6":"product_cat-by-industry","7":"product_cat-custom-wines-spirits-boxes","8":"product_cat-paper-box-style","9":"product_cat-paper-tube-boxes","10":"product_tag-luxury-whisky-packaging-wholesale","11":"product_tag-premium-spirits-paper-tube","12":"product_tag-spirits-whisky-packaging-wholesale","14":"first","15":"instock","16":"shipping-taxable","17":"product-type-simple"},"_links":{"self":[{"href":"https:\/\/zojopackaging.com\/pt\/wp-json\/wp\/v2\/product\/8595","targetHints":{"allow":["GET"]}}],"collection":[{"href":"https:\/\/zojopackaging.com\/pt\/wp-json\/wp\/v2\/product"}],"about":[{"href":"https:\/\/zojopackaging.com\/pt\/wp-json\/wp\/v2\/types\/product"}],"version-history":[{"count":1,"href":"https:\/\/zojopackaging.com\/pt\/wp-json\/wp\/v2\/product\/8595\/revisions"}],"predecessor-version":[{"id":8602,"href":"https:\/\/zojopackaging.com\/pt\/wp-json\/wp\/v2\/product\/8595\/revisions\/8602"}],"wp:featuredmedia":[{"embeddable":true,"href":"https:\/\/zojopackaging.com\/pt\/wp-json\/wp\/v2\/media\/8598"}],"wp:attachment":[{"href":"https:\/\/zojopackaging.com\/pt\/wp-json\/wp\/v2\/media?parent=8595"}],"wp:term":[{"taxonomy":"product_brand","embeddable":true,"href":"https:\/\/zojopackaging.com\/pt\/wp-json\/wp\/v2\/product_brand?post=8595"},{"taxonomy":"product_cat","embeddable":true,"href":"https:\/\/zojopackaging.com\/pt\/wp-json\/wp\/v2\/product_cat?post=8595"},{"taxonomy":"product_tag","embeddable":true,"href":"https:\/\/zojopackaging.com\/pt\/wp-json\/wp\/v2\/product_tag?post=8595"}],"curies":[{"name":"wp","href":"https:\/\/api.w.org\/{rel}","templated":true}]}}