{"id":8603,"date":"2025-03-29T15:51:07","date_gmt":"2025-03-29T07:51:07","guid":{"rendered":"https:\/\/zojopackaging.com\/?post_type=product&#038;p=8603"},"modified":"2025-03-29T16:22:10","modified_gmt":"2025-03-29T08:22:10","slug":"custom-child-proof-1ml-vape-cartridge-packaging-boxes","status":"publish","type":"product","link":"https:\/\/zojopackaging.com\/pt\/product\/custom-child-proof-1ml-vape-cartridge-packaging-boxes\/","title":{"rendered":"Caixas de embalagem personalizadas para cartuchos Vape de 1 ml \u00e0 prova de crian\u00e7as"},"content":{"rendered":"<h3 id=\"customized-child-proof-1ml-electronic-cigarette-cartridge-packaging-box-description\">Descri\u00e7\u00e3o da caixa de embalagem de cartucho de cigarro eletr\u00f3nico de 1 ml \u00e0 prova de crian\u00e7as personalizada<\/h3>\n<h4 id=\"-2-child-proof-opening-and-humanized-design-\"><strong>1. Abertura \u00e0 prova de crian\u00e7as e design humanizado<\/strong><\/h4>\n<ol>\n<li><strong>Estrutura da caixa de papel da gaveta<\/strong>: Adopta uma\u00a0<strong>design de abertura deslizante<\/strong>O sistema de fivela de fecho preciso entre o corpo da caixa e a tampa n\u00e3o s\u00f3 garante que as crian\u00e7as tenham dificuldade em abrir com uma m\u00e3o (s\u00e3o necess\u00e1rias as duas m\u00e3os para pressionar as ranhuras de ambos os lados e deslizar ao mesmo tempo), como tamb\u00e9m proporciona uma experi\u00eancia de abertura e fecho suave para os adultos, tendo em conta a seguran\u00e7a e a comodidade.<\/li>\n<li><strong>Otimiza\u00e7\u00e3o da ranhura do polegar<\/strong>: Ergon\u00f3mico\u00a0<strong>ranhuras em arco<\/strong>\u00a0s\u00e3o colocados em ambos os lados do corpo da caixa. A profundidade e a largura s\u00e3o adaptadas ao tamanho dos polegares dos adultos, o que \u00e9 conveniente para a abertura for\u00e7ada. Ao mesmo tempo, os bordos das ranhuras s\u00e3o arredondados e sem rebarbas para evitar riscos.<\/li>\n<\/ol>\n<h4 id=\"-iii-visual-and-brand-communication-\"><strong>2. Comunica\u00e7\u00e3o visual e de marca<\/strong><\/h4>\n<ol>\n<li><strong>Aplica\u00e7\u00e3o da psicologia da cor<\/strong>: A cor principal \u00e9\u00a0<strong>amarelo vivo<\/strong>que promove a secre\u00e7\u00e3o de dopamina atrav\u00e9s de uma estimula\u00e7\u00e3o visual de elevada satura\u00e7\u00e3o, transmite vitalidade e prazer e \u00e9 especialmente adequado para aliviar as emo\u00e7\u00f5es depressivas dos utilizadores quando utilizam CBD ou vape de can\u00e1bis.<\/li>\n<li><strong>Processo UV parcial<\/strong>:\u00a0<strong>Revestimento UV parcial<\/strong>\u00a0\u00e9 utilizado em log\u00f3tipos de marcas, textos-chave e padr\u00f5es para criar um efeito de contraste entre superf\u00edcies mate e brilhantes e melhorar a textura; a \u00e1rea UV \u00e9 resistente a riscos e anti-impress\u00e3o digital, o que \u00e9 adequado para as necessidades de visualiza\u00e7\u00e3o em cen\u00e1rios de consumo de gama alta.<\/li>\n<\/ol>\n<h4 id=\"-fourth-highly-customized-services-\"><strong>3. servi\u00e7os altamente personalizados<\/strong><\/h4>\n<ol>\n<li><strong>Necessidades de adapta\u00e7\u00e3o flex\u00edveis<\/strong>: Suporta a personaliza\u00e7\u00e3o total de materiais (como papel mate, papel ondulado), cores (personaliza\u00e7\u00e3o de cart\u00f5es de cor Pantone), tamanhos (adaptando-se a cartuchos de diferentes capacidades) e processos de superf\u00edcie (estampagem a quente, grava\u00e7\u00e3o em relevo, laser), para satisfazer o posicionamento de diferencia\u00e7\u00e3o da marca.<\/li>\n<li><strong>Assist\u00eancia t\u00e9cnica de f\u00e1brica<\/strong>: A f\u00e1brica cooperativa fornece\u00a0<strong>desenho livre<\/strong>\u00a0(incluindo modela\u00e7\u00e3o 3D e otimiza\u00e7\u00e3o estrutural),\u00a0<strong>prova de amostras gr\u00e1tis<\/strong>\u00a0e\u00a0<strong>orienta\u00e7\u00e3o t\u00e9cnica do processo de produ\u00e7\u00e3o completo<\/strong>\u00a0para garantir uma implementa\u00e7\u00e3o exacta desde os desenhos at\u00e9 aos produtos acabados. Em termos de pre\u00e7o, com base na produ\u00e7\u00e3o em larga escala e nas vantagens da cadeia de fornecimento, pode fornecer a solu\u00e7\u00e3o de custo mais baixo do sector.<\/li>\n<\/ol>\n<h4 id=\"-five-compliance-and-safety-standards-\"><strong>4. Conformidade e normas de seguran\u00e7a<\/strong><\/h4>\n<ol>\n<li><strong>Certifica\u00e7\u00e3o da prote\u00e7\u00e3o das crian\u00e7as<\/strong>: A embalagem foi aprovada no teste da norma internacional ASTM e as crian\u00e7as com menos de 5 anos n\u00e3o a conseguem abrir em 5 minutos no teste de simula\u00e7\u00e3o, o que cumpre os requisitos regulamentares da FDA para embalagens resistentes a crian\u00e7as.<\/li>\n<li><strong>Resist\u00eancia qu\u00edmica e durabilidade<\/strong>: O material passou nos testes de resist\u00eancia \u00e0 corros\u00e3o, resist\u00eancia a altas temperaturas (adaptando-se ao ambiente de transporte) e resist\u00eancia \u00e0 penetra\u00e7\u00e3o de tinta para garantir a estabilidade de armazenamento a longo prazo.<\/li>\n<\/ol>\n<h4 id=\"-vi-application-scenarios-and-added-value-\"><strong>5. Cen\u00e1rios de aplica\u00e7\u00e3o e valor acrescentado<\/strong><\/h4>\n<p>Este tipo de embalagem n\u00e3o \u00e9 apenas adequado para cartuchos de cigarros electr\u00f3nicos, mas pode tamb\u00e9m ser alargado a atomizadores de CBD, medicamentos e outros dom\u00ednios que exijam a prote\u00e7\u00e3o das crian\u00e7as. Ao integrar hist\u00f3rias de marca (como conceitos de prote\u00e7\u00e3o ambiental ou alega\u00e7\u00f5es de sa\u00fade) e r\u00f3tulos inteligentes (como c\u00f3digos de rastreabilidade RFID), a confian\u00e7a do consumidor e o valor acrescentado do produto podem ser ainda mais refor\u00e7ados.<\/p>","protected":false},"excerpt":{"rendered":"<p>1. Papel art\u00edstico revestido C2S de 157 g, cart\u00e3o r\u00edgido de 1200 g, superf\u00edcie lisa, material amigo do ambiente<br \/>\n2. O Spot UV real\u00e7a o cen\u00e1rio topo de gama do log\u00f3tipo da marca e da experi\u00eancia do utilizador.<br \/>\n3. Altamente personaliz\u00e1vel, material, cor, tamanho, processo de impress\u00e3o de superf\u00edcie para se adequar \u00e0 sua embalagem de cartucho de cigarro eletr\u00f3nico de 1 ml<\/p>","protected":false},"featured_media":8606,"template":"","meta":[],"product_brand":[],"product_cat":[30,431,420,31],"product_tag":[903,902,792],"class_list":{"0":"post-8603","1":"product","2":"type-product","3":"status-publish","4":"has-post-thumbnail","6":"product_cat-by-industry","7":"product_cat-child-resistant-packaging","8":"product_cat-custom-cannabis-boxes","9":"product_cat-paper-box-style","10":"product_tag-1ml-vape-boxes","11":"product_tag-1ml-vape-cartridge-packaging","12":"product_tag-child-proof-vape-packaging","14":"first","15":"instock","16":"shipping-taxable","17":"product-type-simple"},"_links":{"self":[{"href":"https:\/\/zojopackaging.com\/pt\/wp-json\/wp\/v2\/product\/8603","targetHints":{"allow":["GET"]}}],"collection":[{"href":"https:\/\/zojopackaging.com\/pt\/wp-json\/wp\/v2\/product"}],"about":[{"href":"https:\/\/zojopackaging.com\/pt\/wp-json\/wp\/v2\/types\/product"}],"version-history":[{"count":1,"href":"https:\/\/zojopackaging.com\/pt\/wp-json\/wp\/v2\/product\/8603\/revisions"}],"predecessor-version":[{"id":8610,"href":"https:\/\/zojopackaging.com\/pt\/wp-json\/wp\/v2\/product\/8603\/revisions\/8610"}],"wp:featuredmedia":[{"embeddable":true,"href":"https:\/\/zojopackaging.com\/pt\/wp-json\/wp\/v2\/media\/8606"}],"wp:attachment":[{"href":"https:\/\/zojopackaging.com\/pt\/wp-json\/wp\/v2\/media?parent=8603"}],"wp:term":[{"taxonomy":"product_brand","embeddable":true,"href":"https:\/\/zojopackaging.com\/pt\/wp-json\/wp\/v2\/product_brand?post=8603"},{"taxonomy":"product_cat","embeddable":true,"href":"https:\/\/zojopackaging.com\/pt\/wp-json\/wp\/v2\/product_cat?post=8603"},{"taxonomy":"product_tag","embeddable":true,"href":"https:\/\/zojopackaging.com\/pt\/wp-json\/wp\/v2\/product_tag?post=8603"}],"curies":[{"name":"wp","href":"https:\/\/api.w.org\/{rel}","templated":true}]}}