{"id":8611,"date":"2025-03-29T16:22:17","date_gmt":"2025-03-29T08:22:17","guid":{"rendered":"https:\/\/zojopackaging.com\/?post_type=product&#038;p=8611"},"modified":"2025-03-29T16:55:13","modified_gmt":"2025-03-29T08:55:13","slug":"high-quality-customized-jewelry-drawer-paper-box-manufacturer","status":"publish","type":"product","link":"https:\/\/zojopackaging.com\/pt\/product\/high-quality-customized-jewelry-drawer-paper-box-manufacturer\/","title":{"rendered":"Caixa de papel para gaveta de j\u00f3ias personalizada de alta qualidade Fabricante"},"content":{"rendered":"<h2 id=\"manufacturer-s-description-of-high-quality-custom-jewelry-drawer-paper-boxes\">Descri\u00e7\u00e3o do fabricante de caixas de papel para gavetas de j\u00f3ias personalizadas de alta qualidade<\/h2>\n<h3 id=\"-1-innovative-box-design-and-environmental-sustainability-\"><strong>1. Conce\u00e7\u00e3o inovadora da caixa e sustentabilidade ambiental<\/strong><\/h3>\n<p>Como uma f\u00e1brica s\u00e9nior especializada no fabrico de caixas de embalagem de j\u00f3ias, adoptamos d<strong>conce\u00e7\u00e3o da caixa de correio<\/strong>A caixa \u00e9 uma estrutura de abertura deslizante, combinada com a ergonomia para otimizar a experi\u00eancia de abertura e fecho. O corpo da caixa e a gaveta interior est\u00e3o ligados por carris de precis\u00e3o, a abertura e o fecho s\u00e3o suaves e o amortecimento \u00e9 moderado, o que pode n\u00e3o s\u00f3 evitar deslizamentos acidentais, mas tamb\u00e9m verificar a sua durabilidade atrav\u00e9s de abertura e fecho repetidos. O material \u00e9\u00a0<strong>157 g de papel revestido C2S + 1200 g de cart\u00e3o duro<\/strong>A superf\u00edcie \u00e9 tratada com um processo de revestimento de alto brilho, o toque \u00e9 delicado e suave, e tem uma excelente ader\u00eancia de impress\u00e3o, que pode apresentar com precis\u00e3o padr\u00f5es complexos e log\u00f3tipos de marcas. Al\u00e9m disso, o cart\u00e3o passou a certifica\u00e7\u00e3o florestal FSC para garantir que a fonte de mat\u00e9rias-primas cumpre as normas de prote\u00e7\u00e3o ambiental e apoia a reciclagem.<\/p>\n<h3 id=\"-second-luxury-details-and-brand-value-enhancement-\"><strong>2. Pormenores de luxo e refor\u00e7o do valor da marca<\/strong><\/h3>\n<p>Para melhorar o atrativo visual e o reconhecimento da marca da embalagem, colocamos\u00a0<strong>p\u00e9rolas naturais ou acess\u00f3rios de imita\u00e7\u00e3o de p\u00e9rolas<\/strong> na parte superior do corpo da caixa, e fix\u00e1-las atrav\u00e9s da tecnologia de incrusta\u00e7\u00e3o manual, que n\u00e3o s\u00f3 mant\u00e9m o brilho natural como tamb\u00e9m melhora o luxo geral. A impress\u00e3o da superf\u00edcie adopta a tecnologia CMKY<strong>\u00a0tecnologia de impress\u00e3o de alta precis\u00e3o<\/strong>A tecnologia Pantone \u00e9 compat\u00edvel com a personaliza\u00e7\u00e3o de cores diretas Pantone e \u00e9 parcialmente combinada com a tecnologia de estampagem a quente, lamina\u00e7\u00e3o UV ou grava\u00e7\u00e3o em relevo. Por exemplo, s\u00e3o utilizadas protuber\u00e2ncias UV tridimensionais no log\u00f3tipo da marca para formar um ponto de mem\u00f3ria duplo de toque e vis\u00e3o. O forro \u00e9 feito de\u00a0<strong>material de flocagem personalizado<\/strong>e o contorno das j\u00f3ias \u00e9 exatamente igualado atrav\u00e9s de modela\u00e7\u00e3o 3D. Por exemplo, a ranhura do anel adopta uma ranhura de veludo ondulado e o suporte do colar adopta uma estrutura de suspens\u00e3o ajust\u00e1vel, que n\u00e3o s\u00f3 protege o produto de riscos, como tamb\u00e9m melhora a est\u00e9tica da exposi\u00e7\u00e3o.<\/p>\n<h3 id=\"-three-full-link-customized-service-capabilities-\"><strong>3. capacidades de servi\u00e7o personalizado de liga\u00e7\u00e3o total<\/strong><\/h3>\n<p>Confiar em\u00a0<strong>16 anos de experi\u00eancia no fabrico de embalagens de j\u00f3ias<\/strong>A nossa empresa oferece uma personaliza\u00e7\u00e3o completa, desde a conce\u00e7\u00e3o \u00e0 produ\u00e7\u00e3o:<\/p>\n<ol>\n<li><strong>Adapta\u00e7\u00e3o flex\u00edvel da caixa<\/strong>: Suporta uma variedade de tipos de caixas derivadas, tais como tampas superior e inferior, tampas flip, fechos magn\u00e9ticos, etc., com uma gama de tamanhos de 30 mm\u00d730 mm a 300 mm\u00d7300 mm, satisfazendo as necessidades de armazenamento de j\u00f3ias individuais a conjuntos completos de j\u00f3ias.<\/li>\n<li><strong>Solu\u00e7\u00e3o de atualiza\u00e7\u00e3o de material<\/strong>: Para al\u00e9m do cart\u00e3o normal, podem ser selecionados materiais especiais, como o cart\u00e3o dourado e prateado, o papel perolado e o papel com enchimento de couro, ou podem ser sobrepostos processos compostos, como o rebordo met\u00e1lico e o folheado de couro, para se adaptarem a cen\u00e1rios personalizados de alta qualidade.<\/li>\n<li><strong>Expans\u00e3o inteligente de fun\u00e7\u00f5es<\/strong>: Pode integrar chips RFID anti-contrafa\u00e7\u00e3o, etiquetas de dete\u00e7\u00e3o NFC, etc. Os utilizadores podem obter informa\u00e7\u00f5es sobre a rastreabilidade dos produtos tocando nos seus telem\u00f3veis para aumentar a confian\u00e7a dos consumidores.<\/li>\n<\/ol>\n<h3 id=\"-fourth-large-scale-production-and-quality-control-guarantee-\"><strong>4. Produ\u00e7\u00e3o em grande escala e garantia de controlo de qualidade<\/strong><\/h3>\n<p>A f\u00e1brica tem\u00a0<strong>20 linhas de produ\u00e7\u00e3o totalmente autom\u00e1ticas<\/strong>A nossa empresa \u00e9 constitu\u00edda por uma equipa de produ\u00e7\u00e3o, que inclui m\u00e1quinas de corte e vinco CNC, m\u00e1quinas de estampagem a quente de alta precis\u00e3o e equipamento de inspe\u00e7\u00e3o de qualidade inteligente, com uma capacidade de produ\u00e7\u00e3o di\u00e1ria m\u00e9dia de 100 000 pe\u00e7as, suportando provas ultra-r\u00e1pidas de 48 horas e entregas em grande escala no prazo de 15 dias. O sistema de controlo de qualidade foi aprovado\u00a0<strong>Certifica\u00e7\u00e3o de gest\u00e3o da qualidade ISO 9001<\/strong>\u00a0e\u00a0<strong>Certifica\u00e7\u00e3o ambiental FSC<\/strong>e implementa um processo de ensaio triplo:<\/p>\n<ul>\n<li><strong>Ensaio de mat\u00e9rias-primas<\/strong>: Testes laboratoriais de peso do cart\u00e3o, resist\u00eancia \u00e0 dobragem e teor de metais pesados da tinta;<\/li>\n<li><strong>Monitoriza\u00e7\u00e3o do processo de produ\u00e7\u00e3o<\/strong>: Utilize um color\u00edmetro para calibrar as cores de impress\u00e3o em tempo real para garantir a consist\u00eancia dos lotes;<\/li>\n<li><strong>Ensaio de press\u00e3o do produto acabado<\/strong>: Simular o ambiente de transporte para testar a caixa de embalagem quanto \u00e0 compress\u00e3o, queda e ciclos de temperatura e humidade, com uma resist\u00eancia \u00e0 carga superior a 20 kg.<\/li>\n<\/ul>\n<h4 id=\"-five-one-stop-service-and-industry-solutions-\"><strong>5. Servi\u00e7o de balc\u00e3o \u00fanico e solu\u00e7\u00f5es para o sector<\/strong><\/h4>\n<p>A nossa equipa profissional fornece\u00a0<strong>apoio gratuito \u00e0 conce\u00e7\u00e3o<\/strong>incluindo renderiza\u00e7\u00e3o estrutural em 3D, solu\u00e7\u00f5es de integra\u00e7\u00e3o da marca VI e sugest\u00f5es de otimiza\u00e7\u00e3o de custos. Visando diferentes posicionamentos de mercado:<\/p>\n<ul>\n<li><strong>Clientes de com\u00e9rcio eletr\u00f3nico transfronteiri\u00e7o<\/strong>: Fornecer embalagens leves e solu\u00e7\u00f5es log\u00edsticas \u00e0 prova de choque que satisfa\u00e7am as exig\u00eancias das plataformas Amazon e eBay;<\/li>\n<li><strong>Marcas de j\u00f3ias topo de gama<\/strong>: Cooperar com equipas de design italianas para desenvolver caixas de oferta de arte de edi\u00e7\u00e3o limitada, integrando o artesanato oriental de laca com a est\u00e9tica minimalista ocidental;<\/li>\n<li><strong>Necessidades de actividades promocionais<\/strong>: Suporta encomendas de pequenos lotes (m\u00ednimo de 500 unidades) e pode ser combinado com sacos de m\u00e3o personalizados, cart\u00f5es de garantia e outros materiais perif\u00e9ricos.<\/li>\n<\/ul>\n<p><strong>Valor da coopera\u00e7\u00e3o<\/strong>: Se nos escolher, obter\u00e1 uma solu\u00e7\u00e3o de embalagem de j\u00f3ias que combina funcionalidade, arte e responsabilidade ambiental, transmite hist\u00f3rias de marca atrav\u00e9s de suportes de embalagem e aumenta o espa\u00e7o premium do produto.<\/p>","protected":false},"excerpt":{"rendered":"<p>1. 157g C2S papel de arte revestido, 1200g material de cart\u00e3o r\u00edgido, superf\u00edcie lisa, forte ader\u00eancia, impress\u00e3o clara<br \/>\n2. Os acess\u00f3rios em p\u00e9rola aumentam a sensa\u00e7\u00e3o de luxo e de atra\u00e7\u00e3o visual e refor\u00e7am o reconhecimento da marca<br \/>\n3. O tipo de caixa, tamanho, material e impress\u00e3o de superf\u00edcie podem ser altamente personalizados para se adequar \u00e0 sua caixa de embalagem de j\u00f3ias<\/p>","protected":false},"featured_media":8612,"template":"","meta":[],"product_brand":[],"product_cat":[30,415,31,426],"product_tag":[906,904,905],"class_list":{"0":"post-8611","1":"product","2":"type-product","3":"status-publish","4":"has-post-thumbnail","6":"product_cat-by-industry","7":"product_cat-custom-jewelry-boxes-by-industry","8":"product_cat-paper-box-style","9":"product_cat-paper-drawer-boxes","10":"product_tag-customized-jewelry-box","11":"product_tag-high-quality-logo-customized-jewelry-drawer-paper-box-manufacturer-jewelry-drawer-paper-box","12":"product_tag-jewelry-box-manufacturer","14":"first","15":"instock","16":"shipping-taxable","17":"product-type-simple"},"_links":{"self":[{"href":"https:\/\/zojopackaging.com\/pt\/wp-json\/wp\/v2\/product\/8611","targetHints":{"allow":["GET"]}}],"collection":[{"href":"https:\/\/zojopackaging.com\/pt\/wp-json\/wp\/v2\/product"}],"about":[{"href":"https:\/\/zojopackaging.com\/pt\/wp-json\/wp\/v2\/types\/product"}],"version-history":[{"count":1,"href":"https:\/\/zojopackaging.com\/pt\/wp-json\/wp\/v2\/product\/8611\/revisions"}],"predecessor-version":[{"id":8623,"href":"https:\/\/zojopackaging.com\/pt\/wp-json\/wp\/v2\/product\/8611\/revisions\/8623"}],"wp:featuredmedia":[{"embeddable":true,"href":"https:\/\/zojopackaging.com\/pt\/wp-json\/wp\/v2\/media\/8612"}],"wp:attachment":[{"href":"https:\/\/zojopackaging.com\/pt\/wp-json\/wp\/v2\/media?parent=8611"}],"wp:term":[{"taxonomy":"product_brand","embeddable":true,"href":"https:\/\/zojopackaging.com\/pt\/wp-json\/wp\/v2\/product_brand?post=8611"},{"taxonomy":"product_cat","embeddable":true,"href":"https:\/\/zojopackaging.com\/pt\/wp-json\/wp\/v2\/product_cat?post=8611"},{"taxonomy":"product_tag","embeddable":true,"href":"https:\/\/zojopackaging.com\/pt\/wp-json\/wp\/v2\/product_tag?post=8611"}],"curies":[{"name":"wp","href":"https:\/\/api.w.org\/{rel}","templated":true}]}}