{"id":8637,"date":"2025-03-29T17:22:30","date_gmt":"2025-03-29T09:22:30","guid":{"rendered":"https:\/\/zojopackaging.com\/?post_type=product&#038;p=8637"},"modified":"2025-03-29T18:37:47","modified_gmt":"2025-03-29T10:37:47","slug":"custom-luxury-hair-extension-wig-packaging-boxes-wholesale","status":"publish","type":"product","link":"https:\/\/zojopackaging.com\/pt\/product\/custom-luxury-hair-extension-wig-packaging-boxes-wholesale\/","title":{"rendered":"Caixas de embalagem de peruca de extens\u00e3o de cabelo de luxo personalizadas por atacado"},"content":{"rendered":"<h3 id=\"customized-luxury-hair-extension-wig-packaging-box-wholesale-instructions\">Caixa de embalagem de peruca de extens\u00e3o de cabelo de luxo personalizada por atacado<\/h3>\n<h4 id=\"-1-environmentally-friendly-materials-and-innovative-design-\"><strong>1. Materiais amigos do ambiente e design inovador<\/strong><\/h4>\n<p>A caixa de embalagem utiliza\u00a0<strong>Papel Glitter 120g (papel colorido)<\/strong>\u00a0sobreposto com\u00a0<strong>1200g Rigid Paperboard (cart\u00e3o r\u00edgido)<\/strong>e consegue um equil\u00edbrio entre a prote\u00e7\u00e3o ambiental e o luxo atrav\u00e9s da combina\u00e7\u00e3o da inova\u00e7\u00e3o de materiais e do design \u00f3tico. A superf\u00edcie do papel brilhante \u00e9 revestida com lantejoulas ecol\u00f3gicas degrad\u00e1veis e, gra\u00e7as \u00e0 tecnologia de revestimento \u00f3tico de n\u00edvel nanom\u00e9trico, apresenta um efeito intermitente din\u00e2mico sob luz natural ou luz, assegurando simultaneamente que o material cumpre as normas de certifica\u00e7\u00e3o florestal FSC. O cart\u00e3o r\u00edgido adopta um processo de lamina\u00e7\u00e3o de alta densidade com uma resist\u00eancia \u00e0 compress\u00e3o de 50 kg\/cm\u00b2, que pode ser reciclado e reutilizado para reduzir a pegada de carbono. A camada interior \u00e9 complementada com uma camada de\u00a0<strong>forro de flocagem personalizado<\/strong>A modela\u00e7\u00e3o 3D \u00e9 utilizada para fazer corresponder com exatid\u00e3o o contorno da peruca (como a estrutura de empilhamento do cabelo encaracolado ou o suporte do feixe de cabelo liso) para evitar a deforma\u00e7\u00e3o causada pela agita\u00e7\u00e3o durante o transporte.<\/p>\n<h4 id=\"-ii-magnetic-box-type-and-intelligent-interaction-\"><strong>2. Tipo de caixa de fecho magn\u00e9tico e intera\u00e7\u00e3o inteligente<\/strong><\/h4>\n<ol>\n<li><strong>Tecnologia de fecho magn\u00e9tico<\/strong>: O corpo da caixa adopta um design de estrutura magn\u00e9tica patenteado, e a tampa da caixa e a base s\u00e3o automaticamente absorvidas e alinhadas atrav\u00e9s de um conjunto de \u00edmanes de neod\u00edmio incorporado, com um erro inferior a 0,1 mm. Ao abrir, s\u00f3 precisa de ser empurrada ligeiramente com uma m\u00e3o e a for\u00e7a magn\u00e9tica atinge 1,5 N quando fechada, garantindo que a peruca \u00e9 est\u00e1vel e n\u00e3o se dispersa durante o transporte.<\/li>\n<li><strong>Integra\u00e7\u00e3o de acess\u00f3rios multifuncionais<\/strong>: A fivela magn\u00e9tica incorporada pode fixar ferramentas de tratamento de perucas (como pentes e redes de cabelo), e a for\u00e7a de adsor\u00e7\u00e3o pode ser ajustada para se adaptar a acess\u00f3rios de diferentes pesos. Por exemplo, o pente de cabelo \u00e9 fixado por uma ranhura de suc\u00e7\u00e3o magn\u00e9tica, e a efici\u00eancia de tirar e p\u00f4r \u00e9 aumentada por 60%.<\/li>\n<\/ol>\n<h4 id=\"-iii-visual-aesthetics-and-brand-empowerment-\"><strong>3. Est\u00e9tica visual e refor\u00e7o da marca<\/strong><\/h4>\n<ol>\n<li><strong>Processo de impress\u00e3o de alta precis\u00e3o<\/strong>: A superf\u00edcie do papel brilhante adopta a impress\u00e3o offset a quatro cores sobreposta ao processo local de grava\u00e7\u00e3o UV. Por exemplo, o log\u00f3tipo da marca \u00e9 real\u00e7ado pelo processo UV tridimensional em relevo para melhorar o toque, e a \u00e1rea das lantejoulas utiliza o contraste mate e de alto brilho para formar um efeito de \"impress\u00e3o digital visual\".<\/li>\n<li><strong>Linguagem de conce\u00e7\u00e3o baseada em cen\u00e1rios<\/strong>: A cor principal suporta a personaliza\u00e7\u00e3o de cores diretas Pantone, tais como o azul estrelado com lantejoulas com gradiente para simular a textura da gal\u00e1xia, ou lantejoulas em ouro rosa para refletir o posicionamento de luxo dos produtos de peruca topo de gama. O c\u00f3digo QR da hist\u00f3ria da marca gravado a laser pode ser incorporado na parte lateral da caixa, e os utilizadores podem digitalizar o c\u00f3digo para ver o tutorial de manuten\u00e7\u00e3o da peruca ou as informa\u00e7\u00f5es de rastreabilidade da marca.<\/li>\n<\/ol>\n<h4 id=\"-fourth-full-link-customized-service-\"><strong>4. Servi\u00e7o personalizado de liga\u00e7\u00e3o total<\/strong><\/h4>\n<ol>\n<li><strong>Adapta\u00e7\u00e3o flex\u00edvel da caixa<\/strong>: Suporta uma variedade de estruturas, como coberturas superiores e inferiores, suc\u00e7\u00e3o magn\u00e9tica flip-top e tipo gaveta, com tamanhos que variam de 15cm\u00d78cm (extens\u00e3o de cabelo de feixe \u00fanico) a 40cm\u00d730cm (conjunto de peruca de cabe\u00e7a inteira). Por exemplo, o conjunto para cabelo encaracolado utiliza uma caixa de gaveta ondulada e a camada divis\u00f3ria interna pode ser desmontada e reorganizada.<\/li>\n<li><strong>M\u00f3dulo de expans\u00e3o de fun\u00e7\u00f5es<\/strong>: Etiquetas sensoriais de temperatura e humidade opcionais (monitoriza\u00e7\u00e3o em tempo real do ambiente de armazenamento), chips RFID anti-contrafa\u00e7\u00e3o (c\u00f3digo de leitura para verificar a autenticidade) ou camadas de liberta\u00e7\u00e3o lenta de fragr\u00e2ncias integradas (como o revestimento de \u00f3leo essencial de lavanda) para melhorar a experi\u00eancia de desembalagem.<\/li>\n<\/ol>\n<h4 id=\"-v-intelligent-manufacturing-and-quality-control-guarantee-\"><strong>5. Garantia de fabrico inteligente e de controlo de qualidade<\/strong><\/h4>\n<ol>\n<li><strong>Sistema de gest\u00e3o da produ\u00e7\u00e3o MES<\/strong>: Recolha de dados em tempo real da linha de produ\u00e7\u00e3o (como a precis\u00e3o do corte e a temperatura de cura UV) atrav\u00e9s de dispositivos IoT e cria\u00e7\u00e3o de um painel de progresso din\u00e2mico na nuvem. Os clientes podem ver os marcos de produ\u00e7\u00e3o (como \"composi\u00e7\u00e3o de material conclu\u00edda 70%), relat\u00f3rios de amostragem de qualidade e tempo estimado de entrega atrav\u00e9s de uma porta dedicada.<\/li>\n<li><strong>Controlo de qualidade totalmente automatizado<\/strong>: O equipamento de inspe\u00e7\u00e3o visual AI \u00e9 usado para realizar a varredura de n\u00edvel de milissegundos da uniformidade da distribui\u00e7\u00e3o de lantejoulas e a precis\u00e3o dos pontos de suc\u00e7\u00e3o magn\u00e9tica, e a taxa de classifica\u00e7\u00e3o autom\u00e1tica de produtos defeituosos \u00e9 t\u00e3o alta quanto 99,8%. O teste de estresse simula ambientes extremos de -20 \u2103 a 50 \u2103 para garantir a estabilidade das caixas de embalagem durante o transporte internacional.<\/li>\n<\/ol>\n<h4 id=\"-sixth-industry-solutions-and-added-value-\"><strong>6. Solu\u00e7\u00f5es para o sector e valor acrescentado<\/strong><\/h4>\n<p>Prestar servi\u00e7os diferenciados para diferentes posicionamentos de mercado:<\/p>\n<ul>\n<li><strong>Clientes de com\u00e9rcio eletr\u00f3nico transfronteiri\u00e7o<\/strong>: Suporte para tipos de caixas leves (reduzem o volume de envio) e solu\u00e7\u00f5es de embalagem \u00e0 prova de choque que cumprem os requisitos do Amazon FBA;<\/li>\n<li><strong>Canais de sal\u00f5es de beleza topo de gama<\/strong>: Cooperar com designers para desenvolver caixas de arte limitadas, tais como transformar formas de peruca em padr\u00f5es de estampagem a quente de linhas abstractas e utilizar materiais compostos de seda e espuma de mem\u00f3ria para o forro;<\/li>\n<li><strong>Requisitos da atividade promocional<\/strong>: Encomendas de pequenos lotes (m\u00ednimo de 500 unidades) e bolsas personalizadas e conjuntos de cart\u00f5es de garantia para aumentar a taxa de recompra dos clientes.<\/li>\n<\/ul>\n<p><strong>Valor da coopera\u00e7\u00e3o<\/strong>: Se nos escolher, obter\u00e1 uma solu\u00e7\u00e3o de embalagem que combina arte, funcionalidade e responsabilidade ambiental. Confiando em\u00a0<strong>15 anos de experi\u00eancia no fabrico de embalagens de perucas<\/strong>Desde o in\u00edcio da nossa atividade, servimos mais de 200 marcas internacionais, com uma capacidade de produ\u00e7\u00e3o m\u00e9dia di\u00e1ria de 100 pe\u00e7as e uma taxa de entrega atempada de 99,3%. Transmitir hist\u00f3rias de marcas atrav\u00e9s de suportes de embalagem, ajudando a aumentar os pr\u00e9mios dos produtos em mais de 30%.<\/p>","protected":false},"excerpt":{"rendered":"<p>1. 120g de papel brilhante + 1200g de cart\u00e3o r\u00edgido materiais amigos do ambiente<br \/>\n2. O papel Glitter \u00e9 a chave para solu\u00e7\u00f5es de embalagem sustent\u00e1veis atrav\u00e9s da combina\u00e7\u00e3o de inova\u00e7\u00e3o de materiais e design \u00f3tico<br \/>\n3. A caixa de fecho magn\u00e9tico pode efetuar o alinhamento autom\u00e1tico e a adsor\u00e7\u00e3o firme de dispositivos e acess\u00f3rios, melhorando consideravelmente a efici\u00eancia da utiliza\u00e7\u00e3o<\/p>","protected":false},"featured_media":8638,"template":"","meta":[],"product_brand":[],"product_cat":[30,421,424,31],"product_tag":[921,879,878],"class_list":{"0":"post-8637","1":"product","2":"type-product","3":"status-publish","4":"has-post-thumbnail","6":"product_cat-by-industry","7":"product_cat-custom-hair-extension-boxes","8":"product_cat-magnetic-closure-boxes","9":"product_cat-paper-box-style","10":"product_tag-custom-wig-packaging-boxes","11":"product_tag-hair-extension-boxes-wholesale","12":"product_tag-hair-extension-packaging","14":"first","15":"instock","16":"shipping-taxable","17":"product-type-simple"},"_links":{"self":[{"href":"https:\/\/zojopackaging.com\/pt\/wp-json\/wp\/v2\/product\/8637","targetHints":{"allow":["GET"]}}],"collection":[{"href":"https:\/\/zojopackaging.com\/pt\/wp-json\/wp\/v2\/product"}],"about":[{"href":"https:\/\/zojopackaging.com\/pt\/wp-json\/wp\/v2\/types\/product"}],"version-history":[{"count":1,"href":"https:\/\/zojopackaging.com\/pt\/wp-json\/wp\/v2\/product\/8637\/revisions"}],"predecessor-version":[{"id":8649,"href":"https:\/\/zojopackaging.com\/pt\/wp-json\/wp\/v2\/product\/8637\/revisions\/8649"}],"wp:featuredmedia":[{"embeddable":true,"href":"https:\/\/zojopackaging.com\/pt\/wp-json\/wp\/v2\/media\/8638"}],"wp:attachment":[{"href":"https:\/\/zojopackaging.com\/pt\/wp-json\/wp\/v2\/media?parent=8637"}],"wp:term":[{"taxonomy":"product_brand","embeddable":true,"href":"https:\/\/zojopackaging.com\/pt\/wp-json\/wp\/v2\/product_brand?post=8637"},{"taxonomy":"product_cat","embeddable":true,"href":"https:\/\/zojopackaging.com\/pt\/wp-json\/wp\/v2\/product_cat?post=8637"},{"taxonomy":"product_tag","embeddable":true,"href":"https:\/\/zojopackaging.com\/pt\/wp-json\/wp\/v2\/product_tag?post=8637"}],"curies":[{"name":"wp","href":"https:\/\/api.w.org\/{rel}","templated":true}]}}